{"id":27274,"date":"2024-04-27T01:42:37","date_gmt":"2024-04-27T01:42:37","guid":{"rendered":"https:\/\/jxgchocolate.com\/?post_type=product&#038;p=27274"},"modified":"2024-11-11T02:22:05","modified_gmt":"2024-11-11T02:22:05","slug":"wholesale-crunchy-chocolate-balls","status":"publish","type":"product","link":"https:\/\/jxgchocolate.com\/de\/produkt\/wholesale-crunchy-chocolate-balls\/","title":{"rendered":"Gro\u00dfhandel knusprige Schokoladenkugeln, Bulk-Schokoladenkugeln"},"content":{"rendered":"<div class=\"wp-block-columns is-layout-flex wp-container-core-columns-is-layout-9d6595d7 wp-block-columns-is-layout-flex\">\n<div class=\"wp-block-column is-vertically-aligned-center is-layout-flow wp-block-column-is-layout-flow\">\n<h3 class=\"wp-block-heading\">Premium Gro\u00dfhandel knusprige Schokolade Kugeln Merkmale:<\/h3>\n\n\n\n<ol class=\"wp-block-list\">\n<li><strong>Sch\u00f6ne Textur: <\/strong>Diese knusprigen Schokoladenkugeln aus dem Gro\u00dfhandel haben eine so angenehme Textur: au\u00dfen fein schokoladig, innen mollig und knusprig, gef\u00fcllt mit reichhaltigen Schichten und Aromen in jedem Bissen.<\/li>\n\n\n\n<li><strong>Vielseitig einsetzbar: <\/strong>Diese gro\u00dfen Schokoladenkugeln sind nicht nur ein k\u00f6stlicher Snack, sondern k\u00f6nnen auch zum Verzieren von Geb\u00e4ck, Eis und Desserts verwendet werden und verleihen vielen Gerichten eine interessante Optik und einen guten Geschmack.<\/li>\n\n\n\n<li><strong>Frische-Garantie: <\/strong>Wir garantieren unseren Kunden, dass jeder einzelne Einkauf von knusprigen Schokoladenkugeln bei uns frisch ist, w\u00e4hrend unsere Art der Verpackung und Lagerung von hoher Qualit\u00e4t auch einen regelm\u00e4\u00dfigen Geschmack gew\u00e4hrleistet.<\/li>\n\n\n\n<li><strong>Konkurrenzf\u00e4hige Preisgestaltung: <\/strong>Unsere qualitativ hochwertigen Schokoladenkugeln zu Gro\u00dfhandelspreisen bieten stabile Betriebsgewinne und Wettbewerbsvorteile auf dem Markt.<\/li>\n<\/ol>\n<\/div>\n\n\n\n<div class=\"wp-block-column is-layout-flow wp-block-column-is-layout-flow\">\n<figure class=\"wp-block-image size-full\"><img fetchpriority=\"high\" decoding=\"async\" width=\"750\" height=\"750\" src=\"https:\/\/jxgchocolate.com\/wp-content\/uploads\/2024\/04\/wholesale-crunchy-chocolate-balls-6_\u526f\u672c.webp\" alt=\"Gro\u00dfhandel knusprige Schokoladenkugeln, Bulk-Schokoladenkugeln\" class=\"wp-image-28393\" srcset=\"https:\/\/jxgchocolate.com\/wp-content\/uploads\/2024\/04\/wholesale-crunchy-chocolate-balls-6_\u526f\u672c.webp 750w, https:\/\/jxgchocolate.com\/wp-content\/uploads\/2024\/04\/wholesale-crunchy-chocolate-balls-6_\u526f\u672c-300x300.webp 300w, https:\/\/jxgchocolate.com\/wp-content\/uploads\/2024\/04\/wholesale-crunchy-chocolate-balls-6_\u526f\u672c-150x150.webp 150w, https:\/\/jxgchocolate.com\/wp-content\/uploads\/2024\/04\/wholesale-crunchy-chocolate-balls-6_\u526f\u672c-430x430.webp 430w, https:\/\/jxgchocolate.com\/wp-content\/uploads\/2024\/04\/wholesale-crunchy-chocolate-balls-6_\u526f\u672c-700x700.webp 700w\" sizes=\"(max-width: 750px) 100vw, 750px\" \/><\/figure>\n<\/div>\n<\/div>","protected":false},"excerpt":{"rendered":"<p>Willkommen beim Kauf von Schokoladenkugeln in gro\u00dfen Mengen. Unsere Gro\u00dfhandel knusprige Schokolade Kugeln haben einen s\u00fc\u00dfen Geschmack, mit feinen Schokoladen\u00fcberzug, um viele Verbraucher Geschmack und Bed\u00fcrfnisse zu befriedigen, damit bringen Erfolg und Expansion f\u00fcr Ihr Unternehmen.<\/p>\n<table width=\"275\">\n<tbody>\n<tr>\n<td width=\"108\">Hersteller<\/td>\n<td width=\"167\">Gl\u00fccksfrucht<\/td>\n<\/tr>\n<tr>\n<td>MODELL NR.<\/td>\n<td>JXG11<\/td>\n<\/tr>\n<tr>\n<td>Typ<\/td>\n<td>Knusprige Schokoladenkugeln<\/td>\n<\/tr>\n<tr>\n<td>Verpackung<\/td>\n<td>Verpackung der Tasche<\/td>\n<\/tr>\n<tr>\n<td>Spezifikation<\/td>\n<td>70pcs*30Beutel<\/td>\n<\/tr>\n<tr>\n<td>Gr\u00f6\u00dfe des Kartons<\/td>\n<td>53*33*39 cm<\/td>\n<\/tr>\n<tr>\n<td>N.W \/SET<\/td>\n<td>4g*70St\u00fcck*30Beutel<\/td>\n<\/tr>\n<tr>\n<td>Farbe<\/td>\n<td>Multicolor<\/td>\n<\/tr>\n<tr>\n<td>MOQ<\/td>\n<td>500 Kartons<\/td>\n<\/tr>\n<tr>\n<td>Personalisierung<\/td>\n<td>Verpackung\/LOGO<\/td>\n<\/tr>\n<\/tbody>\n<\/table>","protected":false},"featured_media":28394,"comment_status":"closed","ping_status":"closed","template":"","meta":[],"product_cat":[74],"product_tag":[],"class_list":{"0":"post-27274","1":"product","2":"type-product","3":"status-publish","4":"has-post-thumbnail","6":"product_cat-wholesale-crunchy-chocolate-balls","8":"first","9":"instock","10":"shipping-taxable","11":"product-type-simple"},"_links":{"self":[{"href":"https:\/\/jxgchocolate.com\/de\/wp-json\/wp\/v2\/product\/27274","targetHints":{"allow":["GET"]}}],"collection":[{"href":"https:\/\/jxgchocolate.com\/de\/wp-json\/wp\/v2\/product"}],"about":[{"href":"https:\/\/jxgchocolate.com\/de\/wp-json\/wp\/v2\/types\/product"}],"replies":[{"embeddable":true,"href":"https:\/\/jxgchocolate.com\/de\/wp-json\/wp\/v2\/comments?post=27274"}],"version-history":[{"count":0,"href":"https:\/\/jxgchocolate.com\/de\/wp-json\/wp\/v2\/product\/27274\/revisions"}],"wp:featuredmedia":[{"embeddable":true,"href":"https:\/\/jxgchocolate.com\/de\/wp-json\/wp\/v2\/media\/28394"}],"wp:attachment":[{"href":"https:\/\/jxgchocolate.com\/de\/wp-json\/wp\/v2\/media?parent=27274"}],"wp:term":[{"taxonomy":"product_cat","embeddable":true,"href":"https:\/\/jxgchocolate.com\/de\/wp-json\/wp\/v2\/product_cat?post=27274"},{"taxonomy":"product_tag","embeddable":true,"href":"https:\/\/jxgchocolate.com\/de\/wp-json\/wp\/v2\/product_tag?post=27274"}],"curies":[{"name":"wp","href":"https:\/\/api.w.org\/{rel}","templated":true}]}}