{"id":27290,"date":"2024-04-27T02:47:34","date_gmt":"2024-04-27T02:47:34","guid":{"rendered":"https:\/\/jxgchocolate.com\/?post_type=product&#038;p=27290"},"modified":"2024-06-28T02:44:58","modified_gmt":"2024-06-28T02:44:58","slug":"chocolate-covered-sunflower-seeds-bulk","status":"publish","type":"product","link":"https:\/\/jxgchocolate.com\/de\/produkt\/chocolate-covered-sunflower-seeds-bulk\/","title":{"rendered":"K\u00f6stliche schokoladen\u00fcberzogene Sonnenblumenkerne Bulk"},"content":{"rendered":"<div class=\"wp-block-columns is-layout-flex wp-container-core-columns-is-layout-9d6595d7 wp-block-columns-is-layout-flex\">\n<div class=\"wp-block-column is-layout-flow wp-block-column-is-layout-flow\">\n<h2 class=\"wp-block-heading\">Premium-Schokolade \u00fcberzogene Sonnenblumenkerne Bulk Features:<\/h2>\n\n\n\n<ol class=\"wp-block-list\">\n<li>Hochwertige Schokoladenh\u00fclle: Unsere schokoladen\u00fcberzogenen Sonnenblumenkerne bestehen aus hochwertiger Schokolade, die reich an Geschmack, s\u00fc\u00df und lecker ist.<\/li>\n\n\n\n<li>Frische Sonnenblumenkerne: W\u00e4hlen Sie frische Sonnenblumenkerne, um einen vollen Geschmack und einen hohen N\u00e4hrwert zu gew\u00e4hrleisten.<\/li>\n\n\n\n<li>Gesunde Snack-Option: Sonnenblumenkerne sind reich an N\u00e4hrstoffen, und mit Schokolade \u00fcberzogen sind sie noch k\u00f6stlicher, was sie zu einer gesunden Snackoption macht.<\/li>\n\n\n\n<li>Leicht zu transportieren: Unsere schokoladen\u00fcberzogenen Sonnenblumenkerne sind leicht zu transportieren und k\u00f6nnen als B\u00fcro-Snack oder als Snack f\u00fcr Outdoor-Aktivit\u00e4ten verwendet werden.<\/li>\n<\/ol>\n<\/div>\n\n\n\n<div class=\"wp-block-column is-layout-flow wp-block-column-is-layout-flow\">\n<figure class=\"wp-block-image size-full\"><img fetchpriority=\"high\" decoding=\"async\" width=\"4480\" height=\"4480\" src=\"https:\/\/jxgchocolate.com\/wp-content\/uploads\/2024\/04\/chocolate-covered-sunflower-seeds-bulk-5_\u526f\u672c.webp\" alt=\"schokolade-\u00fcberzogene-sonnenblumenkerne-bulk-5\" class=\"wp-image-28397\" srcset=\"https:\/\/jxgchocolate.com\/wp-content\/uploads\/2024\/04\/chocolate-covered-sunflower-seeds-bulk-5_\u526f\u672c.webp 4480w, https:\/\/jxgchocolate.com\/wp-content\/uploads\/2024\/04\/chocolate-covered-sunflower-seeds-bulk-5_\u526f\u672c-300x300.webp 300w, https:\/\/jxgchocolate.com\/wp-content\/uploads\/2024\/04\/chocolate-covered-sunflower-seeds-bulk-5_\u526f\u672c-150x150.webp 150w, https:\/\/jxgchocolate.com\/wp-content\/uploads\/2024\/04\/chocolate-covered-sunflower-seeds-bulk-5_\u526f\u672c-768x768.webp 768w, https:\/\/jxgchocolate.com\/wp-content\/uploads\/2024\/04\/chocolate-covered-sunflower-seeds-bulk-5_\u526f\u672c-430x430.webp 430w, https:\/\/jxgchocolate.com\/wp-content\/uploads\/2024\/04\/chocolate-covered-sunflower-seeds-bulk-5_\u526f\u672c-700x700.webp 700w\" sizes=\"(max-width: 4480px) 100vw, 4480px\" \/><\/figure>\n<\/div>\n<\/div>","protected":false},"excerpt":{"rendered":"<p>Ausgew\u00e4hlte frische Sonnenblumenkerne und eine hochwertige Schokoladenh\u00fclle sorgen f\u00fcr einen vollen Geschmack und reichhaltige N\u00e4hrstoffe. Sie sind leicht zu transportieren und k\u00f6nnen als B\u00fcro-Snack oder als Snack f\u00fcr Outdoor-Aktivit\u00e4ten verwendet werden. Unsere schokoladen\u00fcberzogenen Sonnenblumenkerne sind eine beliebte Snack-Option f\u00fcr jede Gelegenheit und jede Menge Leute.<\/p>\n<table width=\"275\">\n<tbody>\n<tr>\n<td width=\"108\">Hersteller<\/td>\n<td width=\"167\">Gl\u00fccksfrucht<\/td>\n<\/tr>\n<tr>\n<td>MODELL NR.<\/td>\n<td>JXG04<\/td>\n<\/tr>\n<tr>\n<td>Typ<\/td>\n<td>Sonnenblumenkerne Schokolade<\/td>\n<\/tr>\n<tr>\n<td>Verpackung<\/td>\n<td>Verpackung der Box<\/td>\n<\/tr>\n<tr>\n<td>Spezifikation<\/td>\n<td>4g*70St\u00fcck*30Beutel<\/td>\n<\/tr>\n<tr>\n<td>Gr\u00f6\u00dfe des Kartons<\/td>\n<td>43,5*33*33 cm<\/td>\n<\/tr>\n<tr>\n<td>N.W \/SET<\/td>\n<td>21g*12Beutel*24Kartons<\/td>\n<\/tr>\n<tr>\n<td>Farbe<\/td>\n<td>Dunkelheit<\/td>\n<\/tr>\n<tr>\n<td>MOQ<\/td>\n<td>500 Kartons<\/td>\n<\/tr>\n<tr>\n<td>Personalisierung<\/td>\n<td>Verpackung\/LOGO<\/td>\n<\/tr>\n<\/tbody>\n<\/table>","protected":false},"featured_media":28397,"comment_status":"closed","ping_status":"closed","template":"","meta":[],"product_cat":[72],"product_tag":[],"class_list":{"0":"post-27290","1":"product","2":"type-product","3":"status-publish","4":"has-post-thumbnail","6":"product_cat-wholesale-chocolate-covered-sunflower-seeds","8":"first","9":"instock","10":"shipping-taxable","11":"product-type-simple"},"_links":{"self":[{"href":"https:\/\/jxgchocolate.com\/de\/wp-json\/wp\/v2\/product\/27290","targetHints":{"allow":["GET"]}}],"collection":[{"href":"https:\/\/jxgchocolate.com\/de\/wp-json\/wp\/v2\/product"}],"about":[{"href":"https:\/\/jxgchocolate.com\/de\/wp-json\/wp\/v2\/types\/product"}],"replies":[{"embeddable":true,"href":"https:\/\/jxgchocolate.com\/de\/wp-json\/wp\/v2\/comments?post=27290"}],"version-history":[{"count":0,"href":"https:\/\/jxgchocolate.com\/de\/wp-json\/wp\/v2\/product\/27290\/revisions"}],"wp:featuredmedia":[{"embeddable":true,"href":"https:\/\/jxgchocolate.com\/de\/wp-json\/wp\/v2\/media\/28397"}],"wp:attachment":[{"href":"https:\/\/jxgchocolate.com\/de\/wp-json\/wp\/v2\/media?parent=27290"}],"wp:term":[{"taxonomy":"product_cat","embeddable":true,"href":"https:\/\/jxgchocolate.com\/de\/wp-json\/wp\/v2\/product_cat?post=27290"},{"taxonomy":"product_tag","embeddable":true,"href":"https:\/\/jxgchocolate.com\/de\/wp-json\/wp\/v2\/product_tag?post=27290"}],"curies":[{"name":"wp","href":"https:\/\/api.w.org\/{rel}","templated":true}]}}