{"id":27299,"date":"2024-04-27T02:38:14","date_gmt":"2024-04-27T02:38:14","guid":{"rendered":"https:\/\/jxgchocolate.com\/?post_type=product&#038;p=27299"},"modified":"2024-06-28T02:41:07","modified_gmt":"2024-06-28T02:41:07","slug":"wholesale-chocolate-covered-sunflower-seeds","status":"publish","type":"product","link":"https:\/\/jxgchocolate.com\/de\/produkt\/wholesale-chocolate-covered-sunflower-seeds\/","title":{"rendered":"Gro\u00dfhandel Schokolade \u00fcberzogene Sonnenblumenkerne mit Multicolor"},"content":{"rendered":"<div class=\"wp-block-columns is-layout-flex wp-container-core-columns-is-layout-9d6595d7 wp-block-columns-is-layout-flex\">\n<div class=\"wp-block-column is-layout-flow wp-block-column-is-layout-flow\">\n<h2 class=\"wp-block-heading\">Premium-Gro\u00dfhandel Schokolade \u00fcberzogene Sonnenblumenkerne Merkmale:<\/h2>\n\n\n\n<ol class=\"wp-block-list\">\n<li>Ausgew\u00e4hlte hochwertige Materialien: Wir w\u00e4hlen sorgf\u00e4ltig hochwertige Schokolade aus, um einen reichen und befriedigenden Geschmack zu gew\u00e4hrleisten. Sonnenblumenkerne sind nat\u00fcrliche und gesunde Snacks, die reich an Eiwei\u00df, Ballaststoffen und Multivitaminen sind und den Verbrauchern einen doppelten Genuss bieten: k\u00f6stlich und nahrhaft.<\/li>\n\n\n\n<li>Reichhaltige und bunte Merkmale: Unsere Gro\u00dfhandel Schokolade bedeckt Sonnenblumenkerne nehmen bunte Funktionen, die nicht nur das Auge anziehen, sondern auch bringen die Menschen eine angenehme visuelle Erfahrung, die Erh\u00f6hung der Attraktivit\u00e4t des Produkts.<\/li>\n\n\n\n<li>Geeignet f\u00fcr verschiedene Anl\u00e4sse: Ob als Snacks oder Geschenke, unsere Gro\u00dfhandel Schokolade \u00fcberzogen Sonnenblumenkerne sind sehr geeignet f\u00fcr verschiedene Anl\u00e4sse, das hei\u00dft, sie k\u00f6nnen direkt gegessen werden oder als Dekoration f\u00fcr Kuchen, Eis und andere Desserts verwendet. Es kann sowohl pers\u00f6nliche und gesch\u00e4ftliche Bed\u00fcrfnisse zu erf\u00fcllen.<\/li>\n\n\n\n<li>Hochwertige Gro\u00dfhandelsoptionen: Wir bieten hochwertige Gro\u00dfhandelsprodukte an, die den Bed\u00fcrfnissen von Kunden unterschiedlicher Gr\u00f6\u00dfe und Art entsprechen und Einzelh\u00e4ndlern und Unternehmen eine vielf\u00e4ltige Auswahl bieten.<\/li>\n<\/ol>\n<\/div>\n\n\n\n<div class=\"wp-block-column is-layout-flow wp-block-column-is-layout-flow\">\n<figure class=\"wp-block-image size-full\"><img fetchpriority=\"high\" decoding=\"async\" width=\"3688\" height=\"3689\" src=\"https:\/\/jxgchocolate.com\/wp-content\/uploads\/2024\/04\/wholesale-chocolate-covered-sunflower-seeds-with-multicolor-1.webp\" alt=\"Gro\u00dfhandel-Schokolade-\u00fcberzogene-Sonnenblumenkerne-mit-Multicolor-1\" class=\"wp-image-27304\" srcset=\"https:\/\/jxgchocolate.com\/wp-content\/uploads\/2024\/04\/wholesale-chocolate-covered-sunflower-seeds-with-multicolor-1.webp 3688w, https:\/\/jxgchocolate.com\/wp-content\/uploads\/2024\/04\/wholesale-chocolate-covered-sunflower-seeds-with-multicolor-1-300x300.webp 300w, https:\/\/jxgchocolate.com\/wp-content\/uploads\/2024\/04\/wholesale-chocolate-covered-sunflower-seeds-with-multicolor-1-150x150.webp 150w, https:\/\/jxgchocolate.com\/wp-content\/uploads\/2024\/04\/wholesale-chocolate-covered-sunflower-seeds-with-multicolor-1-768x768.webp 768w, https:\/\/jxgchocolate.com\/wp-content\/uploads\/2024\/04\/wholesale-chocolate-covered-sunflower-seeds-with-multicolor-1-430x430.webp 430w, https:\/\/jxgchocolate.com\/wp-content\/uploads\/2024\/04\/wholesale-chocolate-covered-sunflower-seeds-with-multicolor-1-700x700.webp 700w\" sizes=\"(max-width: 3688px) 100vw, 3688px\" \/><\/figure>\n<\/div>\n<\/div>","protected":false},"excerpt":{"rendered":"<p>Unsere schokoladen\u00fcberzogenen Sonnenblumenkerne f\u00fcr den Gro\u00dfhandel w\u00e4hlen hochwertige Materialien aus, um einen reichhaltigen Geschmack zu gew\u00e4hrleisten. Sie sind reich an Proteinen, Ballaststoffen und mehreren Vitaminen und bieten den Verbrauchern einen doppelten Genuss von K\u00f6stlichkeit und Ern\u00e4hrung. Es kann sowohl pers\u00f6nliche als auch gesch\u00e4ftliche Bed\u00fcrfnisse erf\u00fcllen.<\/p>\n<table width=\"275\">\n<tbody>\n<tr>\n<td width=\"108\">Hersteller<\/td>\n<td width=\"167\">Gl\u00fccksfrucht<\/td>\n<\/tr>\n<tr>\n<td>MODELL NR.<\/td>\n<td>JXG06<\/td>\n<\/tr>\n<tr>\n<td>Typ<\/td>\n<td>Sonnenblumenkerne Schokolade\u00a0<\/td>\n<\/tr>\n<tr>\n<td>Verpackung<\/td>\n<td>Verpackung der Box<\/td>\n<\/tr>\n<tr>\n<td>Spezifikation<\/td>\n<td>4g*70St\u00fcck*30Beutel<\/td>\n<\/tr>\n<tr>\n<td>Gr\u00f6\u00dfe des Kartons<\/td>\n<td>43,5*33*33 cm<\/td>\n<\/tr>\n<tr>\n<td>N.W \/SET<\/td>\n<td>21g*12Beutel*24Kartons<\/td>\n<\/tr>\n<tr>\n<td>Farbe<\/td>\n<td>Multicolor<\/td>\n<\/tr>\n<tr>\n<td>MOQ<\/td>\n<td>500 Kartons<\/td>\n<\/tr>\n<tr>\n<td>Personalisierung<\/td>\n<td>Verpackung\/LOGO<\/td>\n<\/tr>\n<\/tbody>\n<\/table>","protected":false},"featured_media":28379,"comment_status":"closed","ping_status":"closed","template":"","meta":[],"product_cat":[72],"product_tag":[],"class_list":{"0":"post-27299","1":"product","2":"type-product","3":"status-publish","4":"has-post-thumbnail","6":"product_cat-wholesale-chocolate-covered-sunflower-seeds","8":"first","9":"instock","10":"shipping-taxable","11":"product-type-simple"},"_links":{"self":[{"href":"https:\/\/jxgchocolate.com\/de\/wp-json\/wp\/v2\/product\/27299","targetHints":{"allow":["GET"]}}],"collection":[{"href":"https:\/\/jxgchocolate.com\/de\/wp-json\/wp\/v2\/product"}],"about":[{"href":"https:\/\/jxgchocolate.com\/de\/wp-json\/wp\/v2\/types\/product"}],"replies":[{"embeddable":true,"href":"https:\/\/jxgchocolate.com\/de\/wp-json\/wp\/v2\/comments?post=27299"}],"version-history":[{"count":0,"href":"https:\/\/jxgchocolate.com\/de\/wp-json\/wp\/v2\/product\/27299\/revisions"}],"wp:featuredmedia":[{"embeddable":true,"href":"https:\/\/jxgchocolate.com\/de\/wp-json\/wp\/v2\/media\/28379"}],"wp:attachment":[{"href":"https:\/\/jxgchocolate.com\/de\/wp-json\/wp\/v2\/media?parent=27299"}],"wp:term":[{"taxonomy":"product_cat","embeddable":true,"href":"https:\/\/jxgchocolate.com\/de\/wp-json\/wp\/v2\/product_cat?post=27299"},{"taxonomy":"product_tag","embeddable":true,"href":"https:\/\/jxgchocolate.com\/de\/wp-json\/wp\/v2\/product_tag?post=27299"}],"curies":[{"name":"wp","href":"https:\/\/api.w.org\/{rel}","templated":true}]}}