{"id":27314,"date":"2024-04-27T03:35:26","date_gmt":"2024-04-27T03:35:26","guid":{"rendered":"https:\/\/jxgchocolate.com\/?post_type=product&#038;p=27314"},"modified":"2024-11-02T07:55:27","modified_gmt":"2024-11-02T07:55:27","slug":"milk-chocolate-covered-sunflower-seeds-bulk","status":"publish","type":"product","link":"https:\/\/jxgchocolate.com\/de\/produkt\/milk-chocolate-covered-sunflower-seeds-bulk\/","title":{"rendered":"Gesunde Milchschokolade \u00fcberzogene Sonnenblumenkerne Bulk"},"content":{"rendered":"<div class=\"wp-block-columns is-layout-flex wp-container-core-columns-is-layout-9d6595d7 wp-block-columns-is-layout-flex\">\n<div class=\"wp-block-column is-layout-flow wp-block-column-is-layout-flow\">\n<h2 class=\"wp-block-heading\">Premium-Milchschokolade \u00fcberzogene Sonnenblumenkerne Bulk Eigenschaften:<\/h2>\n\n\n\n<ul class=\"wp-block-list\">\n<li><strong>Nat\u00fcrliche Energiequelle: <\/strong>Unsere mit Milchschokolade \u00fcberzogenen Sonnenblumenkerne sind ein nat\u00fcrlicher, gesunder Snack, der reich an Proteinen, Ballaststoffen und Multivitaminen ist und von den Verbrauchern als eine perfekte Kombination aus Gesundheit und K\u00f6stlichkeit angesehen wird. Unsere Bulk-Schokolade Sonnenblumenkerne sind sorgf\u00e4ltig von Hand gepfl\u00fcckt, und dann in der feinsten Milchschokolade erstickt, um den Reichtum und den Genuss des Geschmacks zu gew\u00e4hrleisten.<\/li>\n\n\n\n<li><strong>Vielf\u00e4ltige Nutzung: <\/strong>Diese schokoladen\u00fcberzogenen Sonnenblumenkerne k\u00f6nnen direkt als Snack verzehrt werden; au\u00dferdem k\u00f6nnen sie f\u00fcr alle Arten der Lebensmittelverarbeitung verwendet werden, z. B. zum Backen von Brot, f\u00fcr Nussmischungen und zur Herstellung von Desserts. Sie k\u00f6nnen als Snack verzehrt oder f\u00fcr kommerzielle Zwecke verwendet werden.<\/li>\n\n\n\n<li><strong>Gro\u00dfverpackungen mit gro\u00dfem Fassungsverm\u00f6gen: <\/strong>Wir bieten Gro\u00dfhandelsverpackungen f\u00fcr mit Milchschokolade \u00fcberzogene Sonnenblumenkerne in loser Sch\u00fcttung an, die f\u00fcr Einzelh\u00e4ndler, Superm\u00e4rkte und andere gewerbliche Kunden geeignet sind, um deren Gro\u00dfeinkaufsbedarf zu decken.<\/li>\n\n\n\n<li><strong>Frische-Garantie: <\/strong>Wir garantieren die Lieferung von frischen, schokoladen\u00fcberzogenen Sonnenblumenkernen in loser Sch\u00fcttung mit hervorragender Verpackungs- und Konservierungsqualit\u00e4t, so dass das Produkt einen gleichbleibenden Geschmack und Frische beh\u00e4lt.<\/li>\n\n\n\n<li><strong>Preisvorteil: <\/strong>Diese mit Milchschokolade \u00fcberzogenen Sonnenblumenkerne in loser Sch\u00fcttung sind nicht nur von guter Qualit\u00e4t, sondern haben auch einen angemessenen Preis, der Ihrem Einzelhandelsgesch\u00e4ft betr\u00e4chtliche Gewinnspannen sichert und Ihnen eine gr\u00f6\u00dfere Wettbewerbsf\u00e4higkeit auf dem Markt erm\u00f6glicht.<\/li>\n<\/ul>\n<\/div>\n\n\n\n<div class=\"wp-block-column is-layout-flow wp-block-column-is-layout-flow\">\n<figure class=\"wp-block-image size-full\"><img fetchpriority=\"high\" decoding=\"async\" width=\"4172\" height=\"4172\" src=\"https:\/\/jxgchocolate.com\/wp-content\/uploads\/2024\/04\/milk-chocolate-covered-sunflower-seeds-bulk-1.webp\" alt=\"Milch-Schokolade-Sonnenblumenkerne-Schachtel-1\" class=\"wp-image-27315\" srcset=\"https:\/\/jxgchocolate.com\/wp-content\/uploads\/2024\/04\/milk-chocolate-covered-sunflower-seeds-bulk-1.webp 4172w, https:\/\/jxgchocolate.com\/wp-content\/uploads\/2024\/04\/milk-chocolate-covered-sunflower-seeds-bulk-1-300x300.webp 300w, https:\/\/jxgchocolate.com\/wp-content\/uploads\/2024\/04\/milk-chocolate-covered-sunflower-seeds-bulk-1-150x150.webp 150w, https:\/\/jxgchocolate.com\/wp-content\/uploads\/2024\/04\/milk-chocolate-covered-sunflower-seeds-bulk-1-768x768.webp 768w, https:\/\/jxgchocolate.com\/wp-content\/uploads\/2024\/04\/milk-chocolate-covered-sunflower-seeds-bulk-1-430x430.webp 430w, https:\/\/jxgchocolate.com\/wp-content\/uploads\/2024\/04\/milk-chocolate-covered-sunflower-seeds-bulk-1-700x700.webp 700w\" sizes=\"(max-width: 4172px) 100vw, 4172px\" \/><\/figure>\n<\/div>\n<\/div>","protected":false},"excerpt":{"rendered":"<p>Willkommen zum Kauf von Sonnenblumenkernen in loser Sch\u00fcttung mit Schokoladen\u00fcberzug. Unsere mit Milchschokolade \u00fcberzogenen Sonnenblumenkerne in loser Sch\u00fcttung sind in der Lage, mit ihrem perfekten Geschmack und ihrem reichhaltigen N\u00e4hrwert eine breite Palette von Verbrauchergruppen anzusprechen und deren Geschmack und Bed\u00fcrfnisse zu befriedigen, damit Ihr Unternehmen weiterhin Erfolg und Wachstum hat.<\/p>\n<table width=\"275\">\n<tbody>\n<tr>\n<td width=\"108\">Hersteller<\/td>\n<td width=\"167\">Gl\u00fccksfrucht<\/td>\n<\/tr>\n<tr>\n<td>MODELL NR.<\/td>\n<td>JXG05<\/td>\n<\/tr>\n<tr>\n<td>Typ<\/td>\n<td>Sonnenblumenkerne Schokolade\u00a0<\/td>\n<\/tr>\n<tr>\n<td>Verpackung<\/td>\n<td>Verpackung der Box<\/td>\n<\/tr>\n<tr>\n<td>Spezifikation<\/td>\n<td>4g*70St\u00fcck*30Beutel<\/td>\n<\/tr>\n<tr>\n<td>Gr\u00f6\u00dfe des Kartons<\/td>\n<td>43,5*33*33 cm<\/td>\n<\/tr>\n<tr>\n<td>N.W \/SET<\/td>\n<td>21g*12Beutel*24Kartons<\/td>\n<\/tr>\n<tr>\n<td>Farbe<\/td>\n<td>Wei\u00df<\/td>\n<\/tr>\n<tr>\n<td>MOQ<\/td>\n<td>500 Kartons<\/td>\n<\/tr>\n<tr>\n<td>Personalisierung<\/td>\n<td>Verpackung\/LOGO<\/td>\n<\/tr>\n<\/tbody>\n<\/table>","protected":false},"featured_media":28403,"comment_status":"closed","ping_status":"closed","template":"","meta":[],"product_cat":[72],"product_tag":[],"class_list":{"0":"post-27314","1":"product","2":"type-product","3":"status-publish","4":"has-post-thumbnail","6":"product_cat-wholesale-chocolate-covered-sunflower-seeds","8":"first","9":"instock","10":"shipping-taxable","11":"product-type-simple"},"_links":{"self":[{"href":"https:\/\/jxgchocolate.com\/de\/wp-json\/wp\/v2\/product\/27314","targetHints":{"allow":["GET"]}}],"collection":[{"href":"https:\/\/jxgchocolate.com\/de\/wp-json\/wp\/v2\/product"}],"about":[{"href":"https:\/\/jxgchocolate.com\/de\/wp-json\/wp\/v2\/types\/product"}],"replies":[{"embeddable":true,"href":"https:\/\/jxgchocolate.com\/de\/wp-json\/wp\/v2\/comments?post=27314"}],"version-history":[{"count":0,"href":"https:\/\/jxgchocolate.com\/de\/wp-json\/wp\/v2\/product\/27314\/revisions"}],"wp:featuredmedia":[{"embeddable":true,"href":"https:\/\/jxgchocolate.com\/de\/wp-json\/wp\/v2\/media\/28403"}],"wp:attachment":[{"href":"https:\/\/jxgchocolate.com\/de\/wp-json\/wp\/v2\/media?parent=27314"}],"wp:term":[{"taxonomy":"product_cat","embeddable":true,"href":"https:\/\/jxgchocolate.com\/de\/wp-json\/wp\/v2\/product_cat?post=27314"},{"taxonomy":"product_tag","embeddable":true,"href":"https:\/\/jxgchocolate.com\/de\/wp-json\/wp\/v2\/product_tag?post=27314"}],"curies":[{"name":"wp","href":"https:\/\/api.w.org\/{rel}","templated":true}]}}