{"id":27324,"date":"2024-04-27T03:47:36","date_gmt":"2024-04-27T03:47:36","guid":{"rendered":"https:\/\/jxgchocolate.com\/?post_type=product&#038;p=27324"},"modified":"2024-11-02T07:59:59","modified_gmt":"2024-11-02T07:59:59","slug":"multicolored-chocolate-covered-sunflower-seeds-bulk","status":"publish","type":"product","link":"https:\/\/jxgchocolate.com\/de\/produkt\/multicolored-chocolate-covered-sunflower-seeds-bulk\/","title":{"rendered":"Leckere mehrfarbige Sonnenblumenkerne mit Schokoladen\u00fcberzug Bulk"},"content":{"rendered":"<div class=\"wp-block-columns is-layout-flex wp-container-core-columns-is-layout-9d6595d7 wp-block-columns-is-layout-flex\">\n<div class=\"wp-block-column is-layout-flow wp-block-column-is-layout-flow\">\n<h2 class=\"wp-block-heading\">Premium Multicolored Chocolate Covered Sunflower Seeds Bulk Eigenschaften:<\/h2>\n\n\n\n<ul class=\"wp-block-list\">\n<li><strong>Bunter Schokoladen\u00fcberzug:<\/strong> Unsere mehrfarbigen, mit Schokolade \u00fcberzogenen Sonnenblumenkerne sind mit farbiger Schokolade \u00fcberzogen, leuchtend und attraktiv und bieten den Verbrauchern sowohl visuellen als auch geschmacklichen Genuss.<\/li>\n\n\n\n<li><strong>Ausgewogene Ern\u00e4hrung: <\/strong>Diese schokoladenfarbenen Sonnenblumenkerne sind eine gute Quelle f\u00fcr Eiwei\u00df, Ballaststoffe und Vitamine, und die Schokoladenh\u00fclle verleiht ihnen einen k\u00f6stlichen Geschmack, der sie gesund und lecker macht.<\/li>\n\n\n\n<li><strong>Vielseitig einsetzbar: <\/strong>Diese mehrfarbigen Sonnenblumenkerne mit Schokoladen\u00fcberzug eignen sich nicht nur zum direkten Verzehr als Snack, sondern k\u00f6nnen auch zum Verzieren von Kuchen, Eiscreme, Nussmischungen usw. verwendet werden, wodurch Ihrer Kreativit\u00e4t keine Grenzen gesetzt sind.<\/li>\n\n\n\n<li><strong>Frische-Garantie: <\/strong>Wir sind bestrebt, die frischesten Schokoladen-Sonnenblumenkerne in loser Sch\u00fcttung zu liefern, und setzen hochwertige Verpackungs- und Lagerungsmethoden ein, um gleichbleibenden Geschmack und Qualit\u00e4t zu gew\u00e4hrleisten.<\/li>\n\n\n\n<li><strong>Gutes Preis-Leistungs-Verh\u00e4ltnis: <\/strong>Unsere mehrfarbigen, mit Schokolade \u00fcberzogenen Sonnenblumenkerne sind von hoher Qualit\u00e4t und dennoch erschwinglich. Sie bieten eine stabile Gewinnspanne f\u00fcr Ihren Gesch\u00e4ftsbetrieb und erm\u00f6glichen es Ihnen, auf dem Markt wettbewerbsf\u00e4hig zu sein.<\/li>\n<\/ul>\n<\/div>\n\n\n\n<div class=\"wp-block-column is-layout-flow wp-block-column-is-layout-flow\">\n<figure class=\"wp-block-image size-full\"><img fetchpriority=\"high\" decoding=\"async\" width=\"800\" height=\"800\" src=\"https:\/\/jxgchocolate.com\/wp-content\/uploads\/2024\/04\/multicolored-chocolate-covered-sunflower-seeds-bulk-2.webp\" alt=\"mehrfarbig-schokoladen\u00fcberzogene-Sonnenblumenkerne-Gro\u00dfpackung-2\" class=\"wp-image-27326\" srcset=\"https:\/\/jxgchocolate.com\/wp-content\/uploads\/2024\/04\/multicolored-chocolate-covered-sunflower-seeds-bulk-2.webp 800w, https:\/\/jxgchocolate.com\/wp-content\/uploads\/2024\/04\/multicolored-chocolate-covered-sunflower-seeds-bulk-2-300x300.webp 300w, https:\/\/jxgchocolate.com\/wp-content\/uploads\/2024\/04\/multicolored-chocolate-covered-sunflower-seeds-bulk-2-150x150.webp 150w, https:\/\/jxgchocolate.com\/wp-content\/uploads\/2024\/04\/multicolored-chocolate-covered-sunflower-seeds-bulk-2-768x768.webp 768w, https:\/\/jxgchocolate.com\/wp-content\/uploads\/2024\/04\/multicolored-chocolate-covered-sunflower-seeds-bulk-2-430x430.webp 430w, https:\/\/jxgchocolate.com\/wp-content\/uploads\/2024\/04\/multicolored-chocolate-covered-sunflower-seeds-bulk-2-700x700.webp 700w\" sizes=\"(max-width: 800px) 100vw, 800px\" \/><\/figure>\n<\/div>\n<\/div>","protected":false},"excerpt":{"rendered":"<p>Willkommen zum Kauf von Schokoladen-Sonnenblumenkernen in loser Sch\u00fcttung. Diese mehrfarbigen Sonnenblumenkerne mit Schokoladen\u00fcberzug sind bunt, gesund und lecker genug, um den Geschmack und die Bed\u00fcrfnisse der verschiedenen Verbraucher zu treffen und gro\u00dfen Erfolg und Wachstum f\u00fcr Ihr Unternehmen zu erreichen.<\/p>\n<table width=\"275\">\n<tbody>\n<tr>\n<td width=\"108\">Hersteller<\/td>\n<td width=\"167\">Gl\u00fccksfrucht<\/td>\n<\/tr>\n<tr>\n<td>MODELL NR.<\/td>\n<td>JXG07<\/td>\n<\/tr>\n<tr>\n<td>Typ<\/td>\n<td>Sonnenblumenkerne Schokolade\u00a0<\/td>\n<\/tr>\n<tr>\n<td>Verpackung<\/td>\n<td>Verpackung der Tasche<\/td>\n<\/tr>\n<tr>\n<td>Spezifikation<\/td>\n<td>20 Taschen<\/td>\n<\/tr>\n<tr>\n<td>Gr\u00f6\u00dfe des Kartons<\/td>\n<td>44*29*26 cm<\/td>\n<\/tr>\n<tr>\n<td>N.W \/SET<\/td>\n<td>280g*20Beutel<\/td>\n<\/tr>\n<tr>\n<td>Farbe<\/td>\n<td>Multicolor<\/td>\n<\/tr>\n<tr>\n<td>MOQ<\/td>\n<td>500 Kartons<\/td>\n<\/tr>\n<tr>\n<td>Personalisierung<\/td>\n<td>Verpackung\/LOGO<\/td>\n<\/tr>\n<\/tbody>\n<\/table>","protected":false},"featured_media":28404,"comment_status":"closed","ping_status":"closed","template":"","meta":[],"product_cat":[72],"product_tag":[],"class_list":{"0":"post-27324","1":"product","2":"type-product","3":"status-publish","4":"has-post-thumbnail","6":"product_cat-wholesale-chocolate-covered-sunflower-seeds","8":"first","9":"instock","10":"shipping-taxable","11":"product-type-simple"},"_links":{"self":[{"href":"https:\/\/jxgchocolate.com\/de\/wp-json\/wp\/v2\/product\/27324","targetHints":{"allow":["GET"]}}],"collection":[{"href":"https:\/\/jxgchocolate.com\/de\/wp-json\/wp\/v2\/product"}],"about":[{"href":"https:\/\/jxgchocolate.com\/de\/wp-json\/wp\/v2\/types\/product"}],"replies":[{"embeddable":true,"href":"https:\/\/jxgchocolate.com\/de\/wp-json\/wp\/v2\/comments?post=27324"}],"version-history":[{"count":0,"href":"https:\/\/jxgchocolate.com\/de\/wp-json\/wp\/v2\/product\/27324\/revisions"}],"wp:featuredmedia":[{"embeddable":true,"href":"https:\/\/jxgchocolate.com\/de\/wp-json\/wp\/v2\/media\/28404"}],"wp:attachment":[{"href":"https:\/\/jxgchocolate.com\/de\/wp-json\/wp\/v2\/media?parent=27324"}],"wp:term":[{"taxonomy":"product_cat","embeddable":true,"href":"https:\/\/jxgchocolate.com\/de\/wp-json\/wp\/v2\/product_cat?post=27324"},{"taxonomy":"product_tag","embeddable":true,"href":"https:\/\/jxgchocolate.com\/de\/wp-json\/wp\/v2\/product_tag?post=27324"}],"curies":[{"name":"wp","href":"https:\/\/api.w.org\/{rel}","templated":true}]}}