{"id":27332,"date":"2024-04-27T03:59:51","date_gmt":"2024-04-27T03:59:51","guid":{"rendered":"https:\/\/jxgchocolate.com\/?post_type=product&#038;p=27332"},"modified":"2024-11-02T08:07:29","modified_gmt":"2024-11-02T08:07:29","slug":"wholesale-milk-chocolate-covered-sunflower-seeds","status":"publish","type":"product","link":"https:\/\/jxgchocolate.com\/de\/produkt\/wholesale-milk-chocolate-covered-sunflower-seeds\/","title":{"rendered":"K\u00f6stliche Sonnenblumenkerne mit Milchschokolade im Gro\u00dfhandel"},"content":{"rendered":"<div class=\"wp-block-columns is-layout-flex wp-container-core-columns-is-layout-9d6595d7 wp-block-columns-is-layout-flex\">\n<div class=\"wp-block-column is-layout-flow wp-block-column-is-layout-flow\">\n<h2 class=\"wp-block-heading\">Premium-Gro\u00dfhandel Milchschokolade \u00fcberzogene Sonnenblumenkerne Eigenschaften:<\/h2>\n\n\n\n<ul class=\"wp-block-list\">\n<li><strong>Ein kreativer Leckerbissen: <\/strong>Diese mit Milchschokolade \u00fcberzogenen Sonnenblumenkerne bieten eine perfekte Kombination aus der S\u00fc\u00dfe der Milchschokolade und der Knusprigkeit der Sonnenblumenkerne. Dies ist eine sehr einzigartige und kreative Delikatesse, die f\u00fcr Verbraucher jeden Alters geeignet ist.<\/li>\n\n\n\n<li><strong>Reich an N\u00e4hrstoffen: <\/strong>Diese k\u00f6stlichen und gesunden Sonnenblumenkerne mit Schokoladen\u00fcberzug sind vollgepackt mit gesundem Eiwei\u00df und Ballaststoffen, die den Energiebedarf des Kunden vollst\u00e4ndig decken und somit ern\u00e4hrungsphysiologisch korrekt sind.<\/li>\n\n\n\n<li><strong>Personalisierte Anpassung: <\/strong>Wir unterst\u00fctzen personalisierte Anpassungsdienste f\u00fcr Sonnenblumenkerne mit Milchschokolade im Gro\u00dfhandel. Wir k\u00f6nnten Verpackung, Zutaten oder Produktspezifikationen entsprechend den Bed\u00fcrfnissen der verschiedenen Kunden anpassen und ein ma\u00dfgeschneidertes Schema erstellen.<\/li>\n\n\n\n<li><strong>Qualit\u00e4t zu einem erschwinglichen Preis:<\/strong> Unsere schokoladen\u00fcberzogenen Sonnenblumenkerne in loser Sch\u00fcttung sind von hoher Qualit\u00e4t und zu einem wettbewerbsf\u00e4higen Preis, um eine stabile Gewinnspanne in Ihrem Betrieb zu erzielen und Sie auf dem Markt wettbewerbsf\u00e4hig zu halten.<\/li>\n<\/ul>\n<\/div>\n\n\n\n<div class=\"wp-block-column is-layout-flow wp-block-column-is-layout-flow\">\n<figure class=\"wp-block-image size-full\"><img fetchpriority=\"high\" decoding=\"async\" width=\"800\" height=\"800\" src=\"https:\/\/jxgchocolate.com\/wp-content\/uploads\/2024\/04\/multicolored-chocolate-covered-sunflower-seeds-bulk-4.webp\" alt=\"Gro\u00dfhandel-Milch-Schokolade-\u00fcberzogene-Sonnenblumensamen-Sch\u00fcttung-4\" class=\"wp-image-27328\" srcset=\"https:\/\/jxgchocolate.com\/wp-content\/uploads\/2024\/04\/multicolored-chocolate-covered-sunflower-seeds-bulk-4.webp 800w, https:\/\/jxgchocolate.com\/wp-content\/uploads\/2024\/04\/multicolored-chocolate-covered-sunflower-seeds-bulk-4-300x300.webp 300w, https:\/\/jxgchocolate.com\/wp-content\/uploads\/2024\/04\/multicolored-chocolate-covered-sunflower-seeds-bulk-4-150x150.webp 150w, https:\/\/jxgchocolate.com\/wp-content\/uploads\/2024\/04\/multicolored-chocolate-covered-sunflower-seeds-bulk-4-768x768.webp 768w, https:\/\/jxgchocolate.com\/wp-content\/uploads\/2024\/04\/multicolored-chocolate-covered-sunflower-seeds-bulk-4-430x430.webp 430w, https:\/\/jxgchocolate.com\/wp-content\/uploads\/2024\/04\/multicolored-chocolate-covered-sunflower-seeds-bulk-4-700x700.webp 700w\" sizes=\"(max-width: 800px) 100vw, 800px\" \/><\/figure>\n<\/div>\n<\/div>\n\n\n\n<p><\/p>","protected":false},"excerpt":{"rendered":"<p>Willkommen zu kaufen Schokolade \u00fcberzogen Sonnenblumenkerne bulk. Unsere Gro\u00dfhandel Milchschokolade \u00fcberzogen Sonnenblumenkerne sind lecker und gesund, die Steigerung der Wettbewerbsf\u00e4higkeit in Ihrem Unternehmen mit einem wettbewerbsf\u00e4higen Preis, die Erf\u00fcllung hoher Anforderungen an Qualit\u00e4t und Ern\u00e4hrung Service f\u00fcr die Verbraucher.<\/p>\n<table width=\"275\">\n<tbody>\n<tr>\n<td width=\"108\">Hersteller<\/td>\n<td width=\"167\">Gl\u00fccksfrucht<\/td>\n<\/tr>\n<tr>\n<td>MODELL NR.<\/td>\n<td>JXG08<\/td>\n<\/tr>\n<tr>\n<td>Typ<\/td>\n<td>Sonnenblumenkerne Schokolade\u00a0<\/td>\n<\/tr>\n<tr>\n<td>Verpackung<\/td>\n<td>Verpackung der Tasche<\/td>\n<\/tr>\n<tr>\n<td>Spezifikation<\/td>\n<td>20pcs*24Beutel<\/td>\n<\/tr>\n<tr>\n<td>Gr\u00f6\u00dfe des Kartons<\/td>\n<td>54*29*29 cm<\/td>\n<\/tr>\n<tr>\n<td>N.W \/SET<\/td>\n<td>15g*20St\u00fcck*24Beutel<\/td>\n<\/tr>\n<tr>\n<td>Farbe<\/td>\n<td>Wei\u00df<\/td>\n<\/tr>\n<tr>\n<td>MOQ<\/td>\n<td>500 Kartons<\/td>\n<\/tr>\n<tr>\n<td>Personalisierung<\/td>\n<td>Verpackung\/LOGO<\/td>\n<\/tr>\n<\/tbody>\n<\/table>","protected":false},"featured_media":28402,"comment_status":"closed","ping_status":"closed","template":"","meta":[],"product_cat":[72],"product_tag":[],"class_list":{"0":"post-27332","1":"product","2":"type-product","3":"status-publish","4":"has-post-thumbnail","6":"product_cat-wholesale-chocolate-covered-sunflower-seeds","8":"first","9":"instock","10":"shipping-taxable","11":"product-type-simple"},"_links":{"self":[{"href":"https:\/\/jxgchocolate.com\/de\/wp-json\/wp\/v2\/product\/27332","targetHints":{"allow":["GET"]}}],"collection":[{"href":"https:\/\/jxgchocolate.com\/de\/wp-json\/wp\/v2\/product"}],"about":[{"href":"https:\/\/jxgchocolate.com\/de\/wp-json\/wp\/v2\/types\/product"}],"replies":[{"embeddable":true,"href":"https:\/\/jxgchocolate.com\/de\/wp-json\/wp\/v2\/comments?post=27332"}],"version-history":[{"count":0,"href":"https:\/\/jxgchocolate.com\/de\/wp-json\/wp\/v2\/product\/27332\/revisions"}],"wp:featuredmedia":[{"embeddable":true,"href":"https:\/\/jxgchocolate.com\/de\/wp-json\/wp\/v2\/media\/28402"}],"wp:attachment":[{"href":"https:\/\/jxgchocolate.com\/de\/wp-json\/wp\/v2\/media?parent=27332"}],"wp:term":[{"taxonomy":"product_cat","embeddable":true,"href":"https:\/\/jxgchocolate.com\/de\/wp-json\/wp\/v2\/product_cat?post=27332"},{"taxonomy":"product_tag","embeddable":true,"href":"https:\/\/jxgchocolate.com\/de\/wp-json\/wp\/v2\/product_tag?post=27332"}],"curies":[{"name":"wp","href":"https:\/\/api.w.org\/{rel}","templated":true}]}}