{"id":27346,"date":"2024-04-27T07:12:57","date_gmt":"2024-04-27T07:12:57","guid":{"rendered":"https:\/\/jxgchocolate.com\/?post_type=product&#038;p=27346"},"modified":"2024-11-02T08:15:17","modified_gmt":"2024-11-02T08:15:17","slug":"dark-chocolate-covered-sunflower-seeds-bulk","status":"publish","type":"product","link":"https:\/\/jxgchocolate.com\/de\/produkt\/dark-chocolate-covered-sunflower-seeds-bulk\/","title":{"rendered":"Sonnenblumenkerne mit Zartbitterschokolade \u00fcberzogen, lose"},"content":{"rendered":"<div class=\"wp-block-columns is-layout-flex wp-container-core-columns-is-layout-9d6595d7 wp-block-columns-is-layout-flex\">\n<div class=\"wp-block-column is-layout-flow wp-block-column-is-layout-flow\">\n<h2 class=\"wp-block-heading\">Premium dunkle Schokolade \u00fcberzogene Sonnenblumenkerne Bulk Features:<\/h2>\n\n\n\n<ul class=\"wp-block-list\">\n<li><strong>Pikanter \u00dcberzug aus dunkler Schokolade: <\/strong>Unsere individuell verpackten schokoladen\u00fcberzogenen Sonnenblumenkerne haben einen tiefen und reichen Geschmack mit einem knackigen Sonnenblumenkern, der einen in einen Rausch versetzen w\u00fcrde.<\/li>\n\n\n\n<li><strong>Gesundheit und Ern\u00e4hrung:<\/strong> Diese Bulk-Schokolade \u00fcberzogen Sonnenblumenkerne sind reich an Antioxidantien, w\u00e4hrend Sonnenblumenkerne Diese werden in nicht nur die k\u00f6stlichen Bed\u00fcrfnisse von Snacks zu essen, sondern auch in gesunde Ern\u00e4hrung Erg\u00e4nzungen helfen.<\/li>\n\n\n\n<li><strong>Verpackung f\u00fcr den Gro\u00dfhandel:<\/strong> Wir bieten Gro\u00dfhandelsverpackungen f\u00fcr Sonnenblumenkerne mit Zartbitterschokolade in loser Sch\u00fcttung f\u00fcr Einzelh\u00e4ndler, Superm\u00e4rkte und andere gewerbliche Kategorien an, um die Nachfrage nach Gro\u00dfeink\u00e4ufen zu befriedigen und ein sicheres Gesch\u00e4ft zu gew\u00e4hrleisten.<\/li>\n\n\n\n<li><strong>Frische-Garantie: <\/strong>Wir garantieren die Frische unserer schokoladen\u00fcberzogenen Sonnenblumenkerne in loser Sch\u00fcttung, indem wir hochwertige Verpackungs- und Lagermethoden verwenden, die einen gleichbleibenden Geschmack und eine gleichbleibende Qualit\u00e4t gew\u00e4hrleisten.<\/li>\n<\/ul>\n<\/div>\n\n\n\n<div class=\"wp-block-column is-layout-flow wp-block-column-is-layout-flow\">\n<figure class=\"wp-block-image size-full\"><img fetchpriority=\"high\" decoding=\"async\" width=\"750\" height=\"750\" src=\"https:\/\/jxgchocolate.com\/wp-content\/uploads\/2024\/04\/dark-chocolate-covered-sunflower-seeds-bulk-2.webp\" alt=\"Sonnenblumenkerne mit Zartbitterschokolade \u00fcberzogen - Bulk 2\" class=\"wp-image-27348\" srcset=\"https:\/\/jxgchocolate.com\/wp-content\/uploads\/2024\/04\/dark-chocolate-covered-sunflower-seeds-bulk-2.webp 750w, https:\/\/jxgchocolate.com\/wp-content\/uploads\/2024\/04\/dark-chocolate-covered-sunflower-seeds-bulk-2-300x300.webp 300w, https:\/\/jxgchocolate.com\/wp-content\/uploads\/2024\/04\/dark-chocolate-covered-sunflower-seeds-bulk-2-150x150.webp 150w, https:\/\/jxgchocolate.com\/wp-content\/uploads\/2024\/04\/dark-chocolate-covered-sunflower-seeds-bulk-2-430x430.webp 430w, https:\/\/jxgchocolate.com\/wp-content\/uploads\/2024\/04\/dark-chocolate-covered-sunflower-seeds-bulk-2-700x700.webp 700w\" sizes=\"(max-width: 750px) 100vw, 750px\" \/><\/figure>\n<\/div>\n<\/div>","protected":false},"excerpt":{"rendered":"<p>Willkommen beim Kauf von Sonnenblumenkernen in loser Sch\u00fcttung mit Schokoladen\u00fcberzug. Diese k\u00f6stlichen, mit dunkler Schokolade \u00fcberzogenen Sonnenblumenkerne in loser Sch\u00fcttung befriedigen das Streben der Verbraucher nach k\u00f6stlichem Geschmack und gesunden Nahrungserg\u00e4nzungsmitteln. Durch die Verf\u00fcgbarkeit im Gro\u00dfhandel, die vielseitigen Verwendungsm\u00f6glichkeiten und die erschwinglichen Preise ist dieses Produkt ideal f\u00fcr verschiedene Einzelhandels- und Gesch\u00e4ftssituationen.<\/p>\n<table width=\"275\">\n<tbody>\n<tr>\n<td width=\"108\">Hersteller<\/td>\n<td width=\"167\">Gl\u00fccksfrucht<\/td>\n<\/tr>\n<tr>\n<td>MODELL NR.<\/td>\n<td>JXG09<\/td>\n<\/tr>\n<tr>\n<td>Typ<\/td>\n<td>Sonnenblumenkerne Schokolade\u00a0<\/td>\n<\/tr>\n<tr>\n<td>Verpackung<\/td>\n<td>Verpackung der Tasche<\/td>\n<\/tr>\n<tr>\n<td>Spezifikation<\/td>\n<td>20pcs*24Beutel<\/td>\n<\/tr>\n<tr>\n<td>Gr\u00f6\u00dfe des Kartons<\/td>\n<td>54*29*29 cm<\/td>\n<\/tr>\n<tr>\n<td>N.W \/SET<\/td>\n<td>15g*20St\u00fcck*24Beutel<\/td>\n<\/tr>\n<tr>\n<td>Farbe<\/td>\n<td>Dunkelheit<\/td>\n<\/tr>\n<tr>\n<td>MOQ<\/td>\n<td>500 Kartons<\/td>\n<\/tr>\n<tr>\n<td>Personalisierung<\/td>\n<td>Verpackung\/LOGO<\/td>\n<\/tr>\n<\/tbody>\n<\/table>\n<p>&nbsp;<\/p>","protected":false},"featured_media":28400,"comment_status":"closed","ping_status":"closed","template":"","meta":[],"product_cat":[72],"product_tag":[],"class_list":{"0":"post-27346","1":"product","2":"type-product","3":"status-publish","4":"has-post-thumbnail","6":"product_cat-wholesale-chocolate-covered-sunflower-seeds","8":"first","9":"instock","10":"shipping-taxable","11":"product-type-simple"},"_links":{"self":[{"href":"https:\/\/jxgchocolate.com\/de\/wp-json\/wp\/v2\/product\/27346","targetHints":{"allow":["GET"]}}],"collection":[{"href":"https:\/\/jxgchocolate.com\/de\/wp-json\/wp\/v2\/product"}],"about":[{"href":"https:\/\/jxgchocolate.com\/de\/wp-json\/wp\/v2\/types\/product"}],"replies":[{"embeddable":true,"href":"https:\/\/jxgchocolate.com\/de\/wp-json\/wp\/v2\/comments?post=27346"}],"version-history":[{"count":0,"href":"https:\/\/jxgchocolate.com\/de\/wp-json\/wp\/v2\/product\/27346\/revisions"}],"wp:featuredmedia":[{"embeddable":true,"href":"https:\/\/jxgchocolate.com\/de\/wp-json\/wp\/v2\/media\/28400"}],"wp:attachment":[{"href":"https:\/\/jxgchocolate.com\/de\/wp-json\/wp\/v2\/media?parent=27346"}],"wp:term":[{"taxonomy":"product_cat","embeddable":true,"href":"https:\/\/jxgchocolate.com\/de\/wp-json\/wp\/v2\/product_cat?post=27346"},{"taxonomy":"product_tag","embeddable":true,"href":"https:\/\/jxgchocolate.com\/de\/wp-json\/wp\/v2\/product_tag?post=27346"}],"curies":[{"name":"wp","href":"https:\/\/api.w.org\/{rel}","templated":true}]}}