{"id":27354,"date":"2024-04-27T07:27:05","date_gmt":"2024-04-27T07:27:05","guid":{"rendered":"https:\/\/jxgchocolate.com\/?post_type=product&#038;p=27354"},"modified":"2024-11-02T08:25:52","modified_gmt":"2024-11-02T08:25:52","slug":"matcha-chocolate-sunflower-seeds-bulk","status":"publish","type":"product","link":"https:\/\/jxgchocolate.com\/de\/produkt\/matcha-chocolate-sunflower-seeds-bulk\/","title":{"rendered":"K\u00f6stliche Matcha-Schokoladen-Sonnenblumenkerne in gro\u00dfen Mengen aus der Fabrik"},"content":{"rendered":"<div class=\"wp-block-columns is-layout-flex wp-container-core-columns-is-layout-9d6595d7 wp-block-columns-is-layout-flex\">\n<div class=\"wp-block-column is-layout-flow wp-block-column-is-layout-flow\">\n<h2 class=\"wp-block-heading\">Premium Matcha Schokolade Sonnenblumenkerne Bulk Eigenschaften:<\/h2>\n\n\n\n<ul class=\"wp-block-list\">\n<li><strong>Einzigartiges Geschmackserlebnis: <\/strong>Die Matcha-Schokoladen-Sonnenblumenkerne in loser Sch\u00fcttung sind lecker und gesund und bieten ein Geschmackserlebnis der anderen Art, das Sie nie vergessen werden.<\/li>\n\n\n\n<li><strong>Hohe Qualit\u00e4t: <\/strong>Wir verwenden hochwertige Rohstoffe, und der Produktionsprozess ist ziemlich streng, um den Geschmack und die Qualit\u00e4t dieser Schokoladen-Sonnenblumenkerne in loser Sch\u00fcttung konstant zu halten.<\/li>\n\n\n\n<li><strong>Gesunde und nahrhafte Zutaten: <\/strong>Matcha ist reich an Antioxidantien und Aminos\u00e4uren, w\u00e4hrend Sonnenblumenkerne reich an Proteinen und Ballaststoffen sowie einer Vielzahl von Vitaminen sind. In Anbetracht dieser Tatsache wird unser Matcha-Schokoladen-Sonnenblumenkerne-Massenprodukt das Verlangen nach leckeren Snacks und gesunden Nahrungserg\u00e4nzungsmitteln stillen.<\/li>\n\n\n\n<li><strong>Whole Sale Supply: <\/strong>Wir bieten eine gro\u00dfe Menge an Verpackungen an, die f\u00fcr Einzelh\u00e4ndler, Superm\u00e4rkte und andere gewerbliche Kunden geeignet sind. Unsere Schokoladen-Sonnenblumenkerne in loser Sch\u00fcttung erf\u00fcllen die Nachfrage im Gro\u00dfeinkauf und unterst\u00fctzen den Gesch\u00e4ftsprozess entsprechend.<\/li>\n<\/ul>\n<\/div>\n\n\n\n<div class=\"wp-block-column is-layout-flow wp-block-column-is-layout-flow\">\n<figure class=\"wp-block-image size-full\"><img fetchpriority=\"high\" decoding=\"async\" width=\"750\" height=\"750\" src=\"https:\/\/jxgchocolate.com\/wp-content\/uploads\/2024\/04\/matcha-chocolate-covered-sunflower-seeds-bulk-2.webp\" alt=\"Matcha-Schokoladen-Sonnenblumenkerne-Packung-2\" class=\"wp-image-27356\" srcset=\"https:\/\/jxgchocolate.com\/wp-content\/uploads\/2024\/04\/matcha-chocolate-covered-sunflower-seeds-bulk-2.webp 750w, https:\/\/jxgchocolate.com\/wp-content\/uploads\/2024\/04\/matcha-chocolate-covered-sunflower-seeds-bulk-2-300x300.webp 300w, https:\/\/jxgchocolate.com\/wp-content\/uploads\/2024\/04\/matcha-chocolate-covered-sunflower-seeds-bulk-2-150x150.webp 150w, https:\/\/jxgchocolate.com\/wp-content\/uploads\/2024\/04\/matcha-chocolate-covered-sunflower-seeds-bulk-2-430x430.webp 430w, https:\/\/jxgchocolate.com\/wp-content\/uploads\/2024\/04\/matcha-chocolate-covered-sunflower-seeds-bulk-2-700x700.webp 700w\" sizes=\"(max-width: 750px) 100vw, 750px\" \/><\/figure>\n<\/div>\n<\/div>","protected":false},"excerpt":{"rendered":"<p>Willkommen zum Kauf von Schokoladen-Sonnenblumenkernen in loser Sch\u00fcttung. Unsere Matcha-Schokoladen-Sonnenblumenkerne in loser Sch\u00fcttung bieten ein einzigartiges Geschmackserlebnis, das unvergesslich ist und von den Kunden sehr begr\u00fc\u00dft wird. Sie eignen sich f\u00fcr Einzelh\u00e4ndler, Superm\u00e4rkte und andere gewerbliche Kunden.<\/p>\n<table width=\"275\">\n<tbody>\n<tr>\n<td width=\"108\">Hersteller<\/td>\n<td width=\"167\">Gl\u00fccksfrucht<\/td>\n<\/tr>\n<tr>\n<td>MODELL NR.<\/td>\n<td>JXG10<\/td>\n<\/tr>\n<tr>\n<td>Typ<\/td>\n<td>Sonnenblumenkerne Schokolade\u00a0<\/td>\n<\/tr>\n<tr>\n<td>Verpackung<\/td>\n<td>Verpackung der Tasche<\/td>\n<\/tr>\n<tr>\n<td>Spezifikation<\/td>\n<td>20pcs*24Beutel<\/td>\n<\/tr>\n<tr>\n<td>Gr\u00f6\u00dfe des Kartons<\/td>\n<td>54*29*29 cm<\/td>\n<\/tr>\n<tr>\n<td>N.W \/SET<\/td>\n<td>15g*20St\u00fcck*24Beutel<\/td>\n<\/tr>\n<tr>\n<td>Farbe<\/td>\n<td>Matcha Gr\u00fcn<\/td>\n<\/tr>\n<tr>\n<td>MOQ<\/td>\n<td>500 Kartons<\/td>\n<\/tr>\n<tr>\n<td>Personalisierung<\/td>\n<td>Verpackung\/LOGO<\/td>\n<\/tr>\n<\/tbody>\n<\/table>","protected":false},"featured_media":28401,"comment_status":"closed","ping_status":"closed","template":"","meta":[],"product_cat":[72],"product_tag":[],"class_list":{"0":"post-27354","1":"product","2":"type-product","3":"status-publish","4":"has-post-thumbnail","6":"product_cat-wholesale-chocolate-covered-sunflower-seeds","8":"first","9":"instock","10":"shipping-taxable","11":"product-type-simple"},"_links":{"self":[{"href":"https:\/\/jxgchocolate.com\/de\/wp-json\/wp\/v2\/product\/27354","targetHints":{"allow":["GET"]}}],"collection":[{"href":"https:\/\/jxgchocolate.com\/de\/wp-json\/wp\/v2\/product"}],"about":[{"href":"https:\/\/jxgchocolate.com\/de\/wp-json\/wp\/v2\/types\/product"}],"replies":[{"embeddable":true,"href":"https:\/\/jxgchocolate.com\/de\/wp-json\/wp\/v2\/comments?post=27354"}],"version-history":[{"count":0,"href":"https:\/\/jxgchocolate.com\/de\/wp-json\/wp\/v2\/product\/27354\/revisions"}],"wp:featuredmedia":[{"embeddable":true,"href":"https:\/\/jxgchocolate.com\/de\/wp-json\/wp\/v2\/media\/28401"}],"wp:attachment":[{"href":"https:\/\/jxgchocolate.com\/de\/wp-json\/wp\/v2\/media?parent=27354"}],"wp:term":[{"taxonomy":"product_cat","embeddable":true,"href":"https:\/\/jxgchocolate.com\/de\/wp-json\/wp\/v2\/product_cat?post=27354"},{"taxonomy":"product_tag","embeddable":true,"href":"https:\/\/jxgchocolate.com\/de\/wp-json\/wp\/v2\/product_tag?post=27354"}],"curies":[{"name":"wp","href":"https:\/\/api.w.org\/{rel}","templated":true}]}}