{"id":27362,"date":"2024-04-27T07:49:00","date_gmt":"2024-04-27T07:49:00","guid":{"rendered":"https:\/\/jxgchocolate.com\/?post_type=product&#038;p=27362"},"modified":"2024-11-09T08:44:44","modified_gmt":"2024-11-09T08:44:44","slug":"bulk-chocolate-covered-peanuts","status":"publish","type":"product","link":"https:\/\/jxgchocolate.com\/de\/produkt\/bulk-chocolate-covered-peanuts\/","title":{"rendered":"Leckere Erdn\u00fcsse mit Schokoladen\u00fcberzug und wei\u00dfer Zuckergusskruste"},"content":{"rendered":"<div class=\"wp-block-columns is-layout-flex wp-container-core-columns-is-layout-9d6595d7 wp-block-columns-is-layout-flex\">\n<div class=\"wp-block-column is-layout-flow wp-block-column-is-layout-flow\">\n<h2 class=\"wp-block-heading\">Premium Bulk Chocolate Covered Peanuts Merkmale:<\/h2>\n\n\n\n<ul class=\"wp-block-list\">\n<li><strong>Einzigartiger wei\u00dfer Zuckerguss: <\/strong>Die ausgew\u00e4hlten Erdn\u00fcsse werden mit reichhaltiger Schokolade \u00fcberzogen und dann mit einer d\u00fcnnen Schicht wei\u00dfer Glasur eingefroren, um einen sch\u00f6nen Kontrast zu schaffen, der unsere Erdn\u00fcsse mit Schokoladen\u00fcberzug noch attraktiver macht. Der zus\u00e4tzliche s\u00fc\u00dfe Geschmack bringt doppelten Genuss, sowohl f\u00fcr die Augen als auch f\u00fcr den Geschmack.<\/li>\n\n\n\n<li><strong>Perfekte Mischung aus feinen Zutaten:<\/strong> Unsere Schokoladen-Erdn\u00fcsse f\u00fcr den Gro\u00dfhandel werden aus hochwertiger Schokolade und frischen Erdn\u00fcssen hergestellt. Die Geschmeidigkeit der Schokolade gleicht das Knacken der Erdn\u00fcsse perfekt aus, w\u00e4hrend ein Hauch der Zuckergussschicht dem Ganzen eine sanfte S\u00fc\u00dfe verleiht. Sie werden die vielschichtige K\u00f6stlichkeit in jedem Bissen sp\u00fcren.<\/li>\n\n\n\n<li><strong>Erf\u00fcllung verschiedener Marktanforderungen: <\/strong>Unsere schokoladen\u00fcberzogenen Erdn\u00fcsse k\u00f6nnen in gro\u00dfen Mengen bestellt werden und eignen sich daher sehr gut f\u00fcr Einzelh\u00e4ndler, Catering- und Geschenkelieferanten. Ob im Supermarkt, als Snack nach dem Essen in der Gastronomie oder sogar als Weihnachtsgeschenk, diese Erdn\u00fcsse mit Schokoladenglasur k\u00f6nnen dem Inventar Attraktivit\u00e4t und zus\u00e4tzlichen Wert verleihen.<\/li>\n\n\n\n<li><strong>Erh\u00f6hung des Mehrwerts f\u00fcr die Marke: <\/strong>Wir k\u00f6nnen verschiedene Verpackungsl\u00f6sungen f\u00fcr Gro\u00dfhandels-Schokoladen-Erdn\u00fcsse anbieten, darunter Gro\u00dfverpackungen, kleine Einzelverpackungen und Geschenkboxen, um den unterschiedlichen Anforderungen verschiedener M\u00e4rkte und der verschiedenen Markenpositionierung gerecht zu werden. Dar\u00fcber hinaus unterst\u00fctzen wir die Gestaltung individueller Verpackungen, um Ihr Produkt auf dem Markt besser erkennbar zu machen.<\/li>\n<\/ul>\n<\/div>\n\n\n\n<div class=\"wp-block-column is-layout-flow wp-block-column-is-layout-flow\">\n<figure class=\"wp-block-image size-full\"><img fetchpriority=\"high\" decoding=\"async\" width=\"1200\" height=\"1200\" src=\"https:\/\/jxgchocolate.com\/wp-content\/uploads\/2024\/04\/bulk-chocolate-covered-peanuts-2.webp\" alt=\"Masse-Schokolade-\u00fcberzogene-Erdn\u00fcsse-2\" class=\"wp-image-27364\" srcset=\"https:\/\/jxgchocolate.com\/wp-content\/uploads\/2024\/04\/bulk-chocolate-covered-peanuts-2.webp 1200w, https:\/\/jxgchocolate.com\/wp-content\/uploads\/2024\/04\/bulk-chocolate-covered-peanuts-2-300x300.webp 300w, https:\/\/jxgchocolate.com\/wp-content\/uploads\/2024\/04\/bulk-chocolate-covered-peanuts-2-150x150.webp 150w, https:\/\/jxgchocolate.com\/wp-content\/uploads\/2024\/04\/bulk-chocolate-covered-peanuts-2-768x768.webp 768w, https:\/\/jxgchocolate.com\/wp-content\/uploads\/2024\/04\/bulk-chocolate-covered-peanuts-2-430x430.webp 430w, https:\/\/jxgchocolate.com\/wp-content\/uploads\/2024\/04\/bulk-chocolate-covered-peanuts-2-700x700.webp 700w\" sizes=\"(max-width: 1200px) 100vw, 1200px\" \/><\/figure>\n<\/div>\n<\/div>","protected":false},"excerpt":{"rendered":"<p>Kaufen Sie Gro\u00dfhandel Schokolade Erdn\u00fcsse aus der Fabrik. Unsere gro\u00dfen schokoladen\u00fcberzogenen Erdn\u00fcsse kombinieren knackige Erdn\u00fcsse, reiche Schokolade und wei\u00dfen Zuckerguss perfekt zu einem einzigartigen s\u00fc\u00dfen Erlebnis. Durch die Unterst\u00fctzung von Gro\u00dfeink\u00e4ufen und kundenspezifischen Verpackungen sind sie ideal f\u00fcr Einzelhandel, Catering und Geschenkm\u00e4rkte.<\/p>\n<table style=\"border-collapse: collapse; width: 275.02pt;\" border=\"0\" width=\"275\" cellspacing=\"0\" cellpadding=\"0\">\n<tbody>\n<tr style=\"height: 17.60pt;\">\n<td class=\"et3\" style=\"height: 17.60pt; width: 108.35pt;\" width=\"108\" height=\"17\">Hersteller<\/td>\n<td class=\"et3\" style=\"width: 167.10pt;\" width=\"167\">Gl\u00fccksfrucht<\/td>\n<\/tr>\n<tr style=\"height: 17.60pt;\">\n<td class=\"et3\" style=\"height: 17.60pt;\" height=\"17\">MODELL NR.<\/td>\n<td class=\"et3\">JXG01<\/td>\n<\/tr>\n<tr style=\"height: 17.60pt;\">\n<td class=\"et3\" style=\"height: 17.60pt;\" height=\"17\">Typ<\/td>\n<td class=\"et3\">Schokoladen-Erdn\u00fcsse<\/td>\n<\/tr>\n<tr style=\"height: 17.60pt;\">\n<td class=\"et3\" style=\"height: 17.60pt;\" height=\"17\">Verpackung<\/td>\n<td class=\"et3\">Verpackung der Box<\/td>\n<\/tr>\n<tr style=\"height: 17.60pt;\">\n<td class=\"et3\" style=\"height: 17.60pt;\" height=\"17\">Spezifikation<\/td>\n<td class=\"et3\">20S\u00e4cke*12Kartons<\/td>\n<\/tr>\n<tr style=\"height: 17.60pt;\">\n<td class=\"et3\" style=\"height: 17.60pt;\" height=\"17\">Gr\u00f6\u00dfe des Kartons<\/td>\n<td class=\"et3\">50*30*32 cm<\/td>\n<\/tr>\n<tr style=\"height: 17.60pt;\">\n<td class=\"et3\" style=\"height: 17.60pt;\" height=\"17\">N.W \/SET<\/td>\n<td class=\"et3\">11g\/St\u00fcck<\/td>\n<\/tr>\n<tr style=\"height: 17.60pt;\">\n<td class=\"et3\" style=\"height: 17.60pt;\" height=\"17\">Farbe<\/td>\n<td class=\"et3\">Multicolor<\/td>\n<\/tr>\n<tr style=\"height: 17.60pt;\">\n<td class=\"et3\" style=\"height: 17.60pt;\" height=\"17\">MOQ<\/td>\n<td class=\"et3\">500 Kartons<\/td>\n<\/tr>\n<tr style=\"height: 17.60pt;\">\n<td class=\"et3\" style=\"height: 17.60pt;\" height=\"17\">Personalisierung<\/td>\n<td class=\"et3\">Verpackung\/LOGO<\/td>\n<\/tr>\n<\/tbody>\n<\/table>","protected":false},"featured_media":28410,"comment_status":"closed","ping_status":"closed","template":"","meta":[],"product_cat":[73],"product_tag":[],"class_list":{"0":"post-27362","1":"product","2":"type-product","3":"status-publish","4":"has-post-thumbnail","6":"product_cat-wholesale-chocolate-covered-peanuts","8":"first","9":"instock","10":"shipping-taxable","11":"product-type-simple"},"_links":{"self":[{"href":"https:\/\/jxgchocolate.com\/de\/wp-json\/wp\/v2\/product\/27362","targetHints":{"allow":["GET"]}}],"collection":[{"href":"https:\/\/jxgchocolate.com\/de\/wp-json\/wp\/v2\/product"}],"about":[{"href":"https:\/\/jxgchocolate.com\/de\/wp-json\/wp\/v2\/types\/product"}],"replies":[{"embeddable":true,"href":"https:\/\/jxgchocolate.com\/de\/wp-json\/wp\/v2\/comments?post=27362"}],"version-history":[{"count":3,"href":"https:\/\/jxgchocolate.com\/de\/wp-json\/wp\/v2\/product\/27362\/revisions"}],"predecessor-version":[{"id":29084,"href":"https:\/\/jxgchocolate.com\/de\/wp-json\/wp\/v2\/product\/27362\/revisions\/29084"}],"wp:featuredmedia":[{"embeddable":true,"href":"https:\/\/jxgchocolate.com\/de\/wp-json\/wp\/v2\/media\/28410"}],"wp:attachment":[{"href":"https:\/\/jxgchocolate.com\/de\/wp-json\/wp\/v2\/media?parent=27362"}],"wp:term":[{"taxonomy":"product_cat","embeddable":true,"href":"https:\/\/jxgchocolate.com\/de\/wp-json\/wp\/v2\/product_cat?post=27362"},{"taxonomy":"product_tag","embeddable":true,"href":"https:\/\/jxgchocolate.com\/de\/wp-json\/wp\/v2\/product_tag?post=27362"}],"curies":[{"name":"wp","href":"https:\/\/api.w.org\/{rel}","templated":true}]}}