{"id":27382,"date":"2024-04-27T08:37:42","date_gmt":"2024-04-27T08:37:42","guid":{"rendered":"https:\/\/jxgchocolate.com\/?post_type=product&#038;p=27382"},"modified":"2025-03-08T02:30:51","modified_gmt":"2025-03-08T02:30:51","slug":"bulk-dark-chocolate-covered-peanuts","status":"publish","type":"product","link":"https:\/\/jxgchocolate.com\/de\/produkt\/bulk-dark-chocolate-covered-peanuts\/","title":{"rendered":"Leckere Erdn\u00fcsse mit dunkler Schokolade \u00fcberzogen zu einem unschlagbaren Preis"},"content":{"rendered":"<div class=\"wp-block-columns is-layout-flex wp-container-core-columns-is-layout-9d6595d7 wp-block-columns-is-layout-flex\">\n<div class=\"wp-block-column is-layout-flow wp-block-column-is-layout-flow\">\n<h2 class=\"wp-block-heading\">Premium Bulk Dark Chocolate Covered Peanuts Merkmale:<\/h2>\n\n\n\n<ul class=\"wp-block-list\">\n<li><strong>Die perfekte Mischung aus Schokolade und Erdn\u00fcssen:<\/strong> Frische und knackige Erdn\u00fcsse sind mit einer hochwertigen dunklen Schokoladensauce \u00fcberzogen. Das reiche Schokoladenaroma harmoniert mit dem nat\u00fcrlichen Aroma der Erdn\u00fcsse. Unsere Erdn\u00fcsse mit Zartbitterschokolade im Gro\u00dfhandel bieten ein reichhaltiges und nicht zu s\u00fc\u00dfes Geschmackserlebnis.<\/li>\n\n\n\n<li><strong>Gesunde Snacks:<\/strong> Zartbitterschokolade hat einen hohen Gehalt an Antioxidantien, und zusammen mit den proteinreichen Erdn\u00fcssen ergibt sich eine der leckersten und ges\u00fcndesten Snack-Alternativen. Unsere Schokoladen-Erdn\u00fcsse in loser Sch\u00fcttung k\u00f6nnen jederzeit und \u00fcberall mitgenommen werden, um den Anforderungen des t\u00e4glichen Snackings gerecht zu werden.<\/li>\n\n\n\n<li><strong>Lieferung in gro\u00dfen Mengen zum Genie\u00dfen bei verschiedenen Anl\u00e4ssen:<\/strong> Unsere mit dunkler Schokolade \u00fcberzogenen Erdn\u00fcsse f\u00fcr den Gro\u00dfhandel eignen sich f\u00fcr Gro\u00dfbestellungen, insbesondere f\u00fcr Einzelh\u00e4ndler, Veranstalter und Geschenkelieferanten. Entweder als Snack im Supermarkt oder f\u00fcr Unternehmen Wohlfahrt oder Geschenke, kann es leicht die Bed\u00fcrfnisse der gro\u00dfen Mengen zu erf\u00fcllen.<\/li>\n\n\n\n<li><strong>Verschiedene Arten von Verpackungen zur Anpassung an die Bed\u00fcrfnisse der Marke und des Marktes:<\/strong> Wir bieten verschiedene Verpackungsformen f\u00fcr lose Schokoladen-Erdn\u00fcsse an. Diese k\u00f6nnen je nach Kundenbedarf flexibel angepasst werden. Sie k\u00f6nnen f\u00fcr Einzelhandelsverpackungen, Massenverk\u00e4ufe oder in kleinen Verpackungen verwendet werden, die Ihre Marke auf dem Markt hervorheben k\u00f6nnen.<\/li>\n<\/ul>\n<\/div>\n\n\n\n<div class=\"wp-block-column is-layout-flow wp-block-column-is-layout-flow\">\n<figure class=\"wp-block-image size-full\"><img fetchpriority=\"high\" decoding=\"async\" width=\"4480\" height=\"4480\" src=\"https:\/\/jxgchocolate.com\/wp-content\/uploads\/2024\/04\/bulk-chocolate-covered-peanuts-wholesale-chocolate-peanuts-3-edited.webp\" alt=\"dunkle schokoladen\u00fcberzogene Erdn\u00fcsse in loser Sch\u00fcttung-Gro\u00dfhandel-Schokoladen-Erdn\u00fcsse\" class=\"wp-image-27389\" srcset=\"https:\/\/jxgchocolate.com\/wp-content\/uploads\/2024\/04\/bulk-chocolate-covered-peanuts-wholesale-chocolate-peanuts-3-edited.webp 4480w, https:\/\/jxgchocolate.com\/wp-content\/uploads\/2024\/04\/bulk-chocolate-covered-peanuts-wholesale-chocolate-peanuts-3-edited-300x300.webp 300w, https:\/\/jxgchocolate.com\/wp-content\/uploads\/2024\/04\/bulk-chocolate-covered-peanuts-wholesale-chocolate-peanuts-3-edited-150x150.webp 150w, https:\/\/jxgchocolate.com\/wp-content\/uploads\/2024\/04\/bulk-chocolate-covered-peanuts-wholesale-chocolate-peanuts-3-edited-768x768.webp 768w, https:\/\/jxgchocolate.com\/wp-content\/uploads\/2024\/04\/bulk-chocolate-covered-peanuts-wholesale-chocolate-peanuts-3-edited-430x430.webp 430w, https:\/\/jxgchocolate.com\/wp-content\/uploads\/2024\/04\/bulk-chocolate-covered-peanuts-wholesale-chocolate-peanuts-3-edited-700x700.webp 700w\" sizes=\"(max-width: 4480px) 100vw, 4480px\" \/><\/figure>\n<\/div>\n<\/div>\n\n\n\n<p><\/p>","protected":false},"excerpt":{"rendered":"<p>Kaufen Sie schokolierte Erdn\u00fcsse aus der Fabrik. Unsere mit dunkler Schokolade \u00fcberzogenen Erdn\u00fcsse verschmelzen perfekt mit dunkler Schokolade und knusprigen Erdn\u00fcssen und bieten eine doppelte Erfahrung von guter Gesundheit und Zufriedenheit. Es unterst\u00fctzt Gro\u00dfhandel Kauf und verschiedene Verpackungen, die f\u00fcr den t\u00e4glichen Verzehr, personalisierte Anpassung in Geschenke und gesch\u00e4ftliche Veranstaltungen sehr geeignet ist.<\/p>\n<table style=\"border-collapse: collapse; width: 275.02pt;\" border=\"0\" width=\"275\" cellspacing=\"0\" cellpadding=\"0\">\n<tbody>\n<tr style=\"height: 17.60pt;\">\n<td class=\"et3\" style=\"height: 17.60pt; width: 108.35pt;\" width=\"108\" height=\"17\">Hersteller<\/td>\n<td class=\"et3\" style=\"width: 167.10pt;\" width=\"167\">Gl\u00fccksfrucht<\/td>\n<\/tr>\n<tr style=\"height: 17.60pt;\">\n<td class=\"et3\" style=\"height: 17.60pt;\" height=\"17\">MODELL NR.<\/td>\n<td class=\"et3\">JXG03<\/td>\n<\/tr>\n<tr style=\"height: 17.60pt;\">\n<td class=\"et3\" style=\"height: 17.60pt;\" height=\"17\">Typ<\/td>\n<td class=\"et3\">Schokoladen-Erdn\u00fcsse<\/td>\n<\/tr>\n<tr style=\"height: 17.60pt;\">\n<td class=\"et3\" style=\"height: 17.60pt;\" height=\"17\">Verpackung<\/td>\n<td class=\"et3\">Verpackung der Box<\/td>\n<\/tr>\n<tr style=\"height: 17.60pt;\">\n<td class=\"et3\" style=\"height: 17.60pt;\" height=\"17\">Spezifikation<\/td>\n<td class=\"et3\">12S\u00e4cke*24Kartons<\/td>\n<\/tr>\n<tr style=\"height: 17.60pt;\">\n<td class=\"et3\" style=\"height: 17.60pt;\" height=\"17\">Gr\u00f6\u00dfe des Kartons<\/td>\n<td class=\"et3\">58,5*33*33 cm<\/td>\n<\/tr>\n<tr style=\"height: 17.60pt;\">\n<td class=\"et3\" style=\"height: 17.60pt;\" height=\"17\">N.W \/SET<\/td>\n<td class=\"et3\">21g*12Beutel*24Kartons<\/td>\n<\/tr>\n<tr style=\"height: 17.60pt;\">\n<td class=\"et3\" style=\"height: 17.60pt;\" height=\"17\">Farbe<\/td>\n<td class=\"et3\">Dunkelheit<\/td>\n<\/tr>\n<tr style=\"height: 17.60pt;\">\n<td class=\"et3\" style=\"height: 17.60pt;\" height=\"17\">MOQ<\/td>\n<td class=\"et3\">500 Kartons<\/td>\n<\/tr>\n<tr style=\"height: 17.60pt;\">\n<td class=\"et3\" style=\"height: 17.60pt;\" height=\"17\">Personalisierung<\/td>\n<td class=\"et3\">Verpackung\/LOGO<\/td>\n<\/tr>\n<\/tbody>\n<\/table>","protected":false},"featured_media":28381,"comment_status":"closed","ping_status":"closed","template":"","meta":[],"product_cat":[73],"product_tag":[],"class_list":{"0":"post-27382","1":"product","2":"type-product","3":"status-publish","4":"has-post-thumbnail","6":"product_cat-wholesale-chocolate-covered-peanuts","8":"first","9":"instock","10":"shipping-taxable","11":"product-type-simple"},"_links":{"self":[{"href":"https:\/\/jxgchocolate.com\/de\/wp-json\/wp\/v2\/product\/27382","targetHints":{"allow":["GET"]}}],"collection":[{"href":"https:\/\/jxgchocolate.com\/de\/wp-json\/wp\/v2\/product"}],"about":[{"href":"https:\/\/jxgchocolate.com\/de\/wp-json\/wp\/v2\/types\/product"}],"replies":[{"embeddable":true,"href":"https:\/\/jxgchocolate.com\/de\/wp-json\/wp\/v2\/comments?post=27382"}],"version-history":[{"count":4,"href":"https:\/\/jxgchocolate.com\/de\/wp-json\/wp\/v2\/product\/27382\/revisions"}],"predecessor-version":[{"id":29587,"href":"https:\/\/jxgchocolate.com\/de\/wp-json\/wp\/v2\/product\/27382\/revisions\/29587"}],"wp:featuredmedia":[{"embeddable":true,"href":"https:\/\/jxgchocolate.com\/de\/wp-json\/wp\/v2\/media\/28381"}],"wp:attachment":[{"href":"https:\/\/jxgchocolate.com\/de\/wp-json\/wp\/v2\/media?parent=27382"}],"wp:term":[{"taxonomy":"product_cat","embeddable":true,"href":"https:\/\/jxgchocolate.com\/de\/wp-json\/wp\/v2\/product_cat?post=27382"},{"taxonomy":"product_tag","embeddable":true,"href":"https:\/\/jxgchocolate.com\/de\/wp-json\/wp\/v2\/product_tag?post=27382"}],"curies":[{"name":"wp","href":"https:\/\/api.w.org\/{rel}","templated":true}]}}