{"id":27410,"date":"2024-04-27T09:21:48","date_gmt":"2024-04-27T09:21:48","guid":{"rendered":"https:\/\/jxgchocolate.com\/?post_type=product&#038;p=27410"},"modified":"2024-06-28T03:17:26","modified_gmt":"2024-06-28T03:17:26","slug":"chocolate-crunchy-balls-wholesale","status":"publish","type":"product","link":"https:\/\/jxgchocolate.com\/de\/produkt\/chocolate-crunchy-balls-wholesale\/","title":{"rendered":"Leckere Mylikes Schokoladen-Knusperkugeln Gro\u00dfhandel"},"content":{"rendered":"<div class=\"wp-block-columns is-layout-flex wp-container-core-columns-is-layout-9d6595d7 wp-block-columns-is-layout-flex\">\n<div class=\"wp-block-column is-vertically-aligned-center is-layout-flow wp-block-column-is-layout-flow\">\n<h3 class=\"wp-block-heading\">Premium-Schokoladen-Knusperkugeln Gro\u00dfhandel Merkmale:<\/h3>\n\n\n\n<ol class=\"wp-block-list\">\n<li>Unwiderstehlicher Geschmack: Unsere Mylikes Schokoladen-Knusperkugeln f\u00fcr den Gro\u00dfhandel haben einen k\u00f6stlich befriedigenden Geschmack, der die S\u00fc\u00dfe der Schokolade mit einem herrlichen Knuspern kombiniert und einen Genuss bietet, den jeder lieben wird.<\/li>\n\n\n\n<li>Knusprige Textur: Genie\u00dfen Sie das befriedigende Knuspern bei jedem Bissen, denn unsere Knusperkugeln im Gro\u00dfhandel sind perfekt verarbeitet, um ein angenehmes Knabbererlebnis zu bieten.<\/li>\n\n\n\n<li>Hochwertige Zutaten: Unsere Mylikes Schoko-Knusperkugeln werden mit hochwertigen Zutaten hergestellt und mit Sorgfalt verarbeitet, um ein gleichbleibend leckeres und hochwertiges Knabbererlebnis zu gew\u00e4hrleisten.<\/li>\n\n\n\n<li>Gro\u00dfpackungen f\u00fcr mehr Komfort: Unsere Verpackungsoptionen f\u00fcr den Gro\u00dfhandel machen es Einzelh\u00e4ndlern, Veranstaltungsplanern und Unternehmen leicht, sich mit diesen beliebten Leckereien einzudecken und die Anforderungen ihrer Kunden oder G\u00e4ste zu erf\u00fcllen.<\/li>\n<\/ol>\n<\/div>\n\n\n\n<div class=\"wp-block-column is-layout-flow wp-block-column-is-layout-flow\">\n<figure class=\"wp-block-image size-full\"><img fetchpriority=\"high\" decoding=\"async\" width=\"750\" height=\"750\" src=\"https:\/\/jxgchocolate.com\/wp-content\/uploads\/2024\/04\/mylikes-chocolate-crunchy-balls-wholesale-3.webp\" alt=\"mylikes-Schokoladen-Knusperkugeln-Gro\u00dfhandel-1\" class=\"wp-image-27415\" srcset=\"https:\/\/jxgchocolate.com\/wp-content\/uploads\/2024\/04\/mylikes-chocolate-crunchy-balls-wholesale-3.webp 750w, https:\/\/jxgchocolate.com\/wp-content\/uploads\/2024\/04\/mylikes-chocolate-crunchy-balls-wholesale-3-300x300.webp 300w, https:\/\/jxgchocolate.com\/wp-content\/uploads\/2024\/04\/mylikes-chocolate-crunchy-balls-wholesale-3-150x150.webp 150w, https:\/\/jxgchocolate.com\/wp-content\/uploads\/2024\/04\/mylikes-chocolate-crunchy-balls-wholesale-3-430x430.webp 430w, https:\/\/jxgchocolate.com\/wp-content\/uploads\/2024\/04\/mylikes-chocolate-crunchy-balls-wholesale-3-700x700.webp 700w\" sizes=\"(max-width: 750px) 100vw, 750px\" \/><\/figure>\n<\/div>\n<\/div>","protected":false},"excerpt":{"rendered":"<p>Unser Produkt Tasty Mylikes Chocolate Crunchy Balls Wholesale bietet eine unwiderstehliche Kombination aus k\u00f6stlichem Geschmack und befriedigendem Knuspern, was sie zu einer beliebten Wahl f\u00fcr Einzelh\u00e4ndler und Unternehmen macht. Mit ihren vielseitigen Verwendungsm\u00f6glichkeiten und der praktischen Gro\u00dfverpackung sind sie die perfekte Snack-Option f\u00fcr jede Gelegenheit.<\/p>\n<table style=\"border-collapse: collapse; width: 275.02pt;\" border=\"0\" width=\"275\" cellspacing=\"0\" cellpadding=\"0\">\n<tbody>\n<tr style=\"height: 17.60pt;\">\n<td class=\"et3\" style=\"height: 17.60pt; width: 108.35pt;\" width=\"108\" height=\"17\">Hersteller<\/td>\n<td class=\"et3\" style=\"width: 167.10pt;\" width=\"167\">Gl\u00fccksfrucht<\/td>\n<\/tr>\n<tr style=\"height: 17.60pt;\">\n<td class=\"et3\" style=\"height: 17.60pt;\" height=\"17\">MODELL NR.<\/td>\n<td class=\"et3\">JXG13<\/td>\n<\/tr>\n<tr style=\"height: 17.60pt;\">\n<td class=\"et3\" style=\"height: 17.60pt;\" height=\"17\">Typ<\/td>\n<td class=\"et3\">Knusprige Schokoladenkugeln<\/td>\n<\/tr>\n<tr style=\"height: 17.60pt;\">\n<td class=\"et3\" style=\"height: 17.60pt;\" height=\"17\">Verpackung<\/td>\n<td class=\"et3\">Verpackung der Box<\/td>\n<\/tr>\n<tr style=\"height: 17.60pt;\">\n<td class=\"et3\" style=\"height: 17.60pt;\" height=\"17\">Spezifikation<\/td>\n<td class=\"et3\">12S\u00e4cke*24Kartons<\/td>\n<\/tr>\n<tr style=\"height: 17.60pt;\">\n<td class=\"et3\" style=\"height: 17.60pt;\" height=\"17\">Gr\u00f6\u00dfe des Kartons<\/td>\n<td class=\"et3\">58,5*33*33 cm<\/td>\n<\/tr>\n<tr style=\"height: 17.60pt;\">\n<td class=\"et3\" style=\"height: 17.60pt;\" height=\"17\">N.W \/SET<\/td>\n<td class=\"et3\">21g*12Beutel*24Kartons<\/td>\n<\/tr>\n<tr style=\"height: 17.60pt;\">\n<td class=\"et3\" style=\"height: 17.60pt;\" height=\"17\">Farbe<\/td>\n<td class=\"et3\">Multicolor<\/td>\n<\/tr>\n<tr style=\"height: 17.60pt;\">\n<td class=\"et3\" style=\"height: 17.60pt;\" height=\"17\">MOQ<\/td>\n<td class=\"et3\">500 Kartons<\/td>\n<\/tr>\n<tr style=\"height: 17.60pt;\">\n<td class=\"et3\" style=\"height: 17.60pt;\" height=\"17\">Personalisierung<\/td>\n<td class=\"et3\">Verpackung\/LOGO<\/td>\n<\/tr>\n<\/tbody>\n<\/table>","protected":false},"featured_media":28418,"comment_status":"closed","ping_status":"closed","template":"","meta":[],"product_cat":[74],"product_tag":[],"class_list":{"0":"post-27410","1":"product","2":"type-product","3":"status-publish","4":"has-post-thumbnail","6":"product_cat-wholesale-crunchy-chocolate-balls","8":"first","9":"instock","10":"shipping-taxable","11":"product-type-simple"},"_links":{"self":[{"href":"https:\/\/jxgchocolate.com\/de\/wp-json\/wp\/v2\/product\/27410","targetHints":{"allow":["GET"]}}],"collection":[{"href":"https:\/\/jxgchocolate.com\/de\/wp-json\/wp\/v2\/product"}],"about":[{"href":"https:\/\/jxgchocolate.com\/de\/wp-json\/wp\/v2\/types\/product"}],"replies":[{"embeddable":true,"href":"https:\/\/jxgchocolate.com\/de\/wp-json\/wp\/v2\/comments?post=27410"}],"version-history":[{"count":0,"href":"https:\/\/jxgchocolate.com\/de\/wp-json\/wp\/v2\/product\/27410\/revisions"}],"wp:featuredmedia":[{"embeddable":true,"href":"https:\/\/jxgchocolate.com\/de\/wp-json\/wp\/v2\/media\/28418"}],"wp:attachment":[{"href":"https:\/\/jxgchocolate.com\/de\/wp-json\/wp\/v2\/media?parent=27410"}],"wp:term":[{"taxonomy":"product_cat","embeddable":true,"href":"https:\/\/jxgchocolate.com\/de\/wp-json\/wp\/v2\/product_cat?post=27410"},{"taxonomy":"product_tag","embeddable":true,"href":"https:\/\/jxgchocolate.com\/de\/wp-json\/wp\/v2\/product_tag?post=27410"}],"curies":[{"name":"wp","href":"https:\/\/api.w.org\/{rel}","templated":true}]}}