{"id":27411,"date":"2024-04-27T09:21:50","date_gmt":"2024-04-27T09:21:50","guid":{"rendered":"https:\/\/jxgchocolate.com\/?post_type=product&#038;p=27411"},"modified":"2024-11-11T02:16:51","modified_gmt":"2024-11-11T02:16:51","slug":"crispy-chocolate-balls-wholesale","status":"publish","type":"product","link":"https:\/\/jxgchocolate.com\/de\/produkt\/crispy-chocolate-balls-wholesale\/","title":{"rendered":"K\u00f6stliche knusprige Schokoladenkugeln Gro\u00dfhandel, Schokoladenmalzkugeln Bulk"},"content":{"rendered":"<div class=\"wp-block-columns is-layout-flex wp-container-core-columns-is-layout-9d6595d7 wp-block-columns-is-layout-flex\">\n<div class=\"wp-block-column is-vertically-aligned-center is-layout-flow wp-block-column-is-layout-flow\">\n<h3 class=\"wp-block-heading\">Premium Crispy Chocolate Balls Gro\u00dfhandel Merkmale:<\/h3>\n\n\n\n<ol class=\"wp-block-list\">\n<li><strong>Unwiderstehlicher Geschmack:<\/strong> Unsere knusprigen Schokoladenkugeln im Gro\u00dfhandel stehen f\u00fcr einen k\u00f6stlichen Geschmack, der einfach den Reichtum an Schokolade mit dem befriedigenden Knuspern kombiniert, was einen sehr angenehmen Snack ergibt.<\/li>\n\n\n\n<li><strong>Knusprige Textur: <\/strong>Genie\u00dfen Sie die Knusprigkeit in jedem Bissen mit unseren Schokoladenmalzkugeln in loser Sch\u00fcttung, die so zubereitet sind, dass jedes einzelne Gramm knusprig genug ist, um jeden vollen Mund zu erfreuen. Knusprigkeit, die den Genuss jedes Bisses erh\u00f6ht.<\/li>\n\n\n\n<li><strong>Perfekt f\u00fcr den Wiederverkauf:<\/strong> Unsere knusprigen Schokoladenkugeln in Gro\u00dfhandelspackungen sind sicherlich ideal f\u00fcr Einzelhandelsgesch\u00e4fte, Eventveranstalter und Unternehmen, die ihren Kunden oder G\u00e4sten etwas Besonderes als Teil einer hochwertigen Snack-Option anbieten m\u00f6chten.<\/li>\n\n\n\n<li><strong>Gleichbleibende Qualit\u00e4t: <\/strong>Unsere Schokoladenmalzkugeln in loser Sch\u00fcttung werden mit hochwertigen Zutaten und einem Herstellungsverfahren zubereitet, das den h\u00f6chsten Standards entspricht, um einen gleichbleibenden Geschmack bei jedem Kauf zu gew\u00e4hrleisten und ein angenehmes Knabbererlebnis zu bieten.<\/li>\n<\/ol>\n<\/div>\n\n\n\n<div class=\"wp-block-column is-layout-flow wp-block-column-is-layout-flow\">\n<figure class=\"wp-block-image size-full\"><img fetchpriority=\"high\" decoding=\"async\" width=\"750\" height=\"750\" src=\"https:\/\/jxgchocolate.com\/wp-content\/uploads\/2024\/04\/mylikes-crispy-chocolate-balls-wholesale-3.webp\" alt=\"mylikes-knusprige-Schokoladenkugeln-Gro\u00dfhandel-1\" class=\"wp-image-27421\" srcset=\"https:\/\/jxgchocolate.com\/wp-content\/uploads\/2024\/04\/mylikes-crispy-chocolate-balls-wholesale-3.webp 750w, https:\/\/jxgchocolate.com\/wp-content\/uploads\/2024\/04\/mylikes-crispy-chocolate-balls-wholesale-3-300x300.webp 300w, https:\/\/jxgchocolate.com\/wp-content\/uploads\/2024\/04\/mylikes-crispy-chocolate-balls-wholesale-3-150x150.webp 150w, https:\/\/jxgchocolate.com\/wp-content\/uploads\/2024\/04\/mylikes-crispy-chocolate-balls-wholesale-3-430x430.webp 430w, https:\/\/jxgchocolate.com\/wp-content\/uploads\/2024\/04\/mylikes-crispy-chocolate-balls-wholesale-3-700x700.webp 700w\" sizes=\"(max-width: 750px) 100vw, 750px\" \/><\/figure>\n<\/div>\n<\/div>","protected":false},"excerpt":{"rendered":"<p>Willkommen zu kaufen Schokolade Malz B\u00e4lle bulk. Wir bieten knusprige Schokoladenkugeln Gro\u00dfhandel mit benutzerdefinierten Snack-Paket-Service, wird jedes Paket eine reizvolle Kombination aus unwiderstehlichen Geschmack und befriedigend Knirschen sein. Sie sind genau das, was jedes Unternehmen braucht, wenn es darum geht, den Kunden einen Premium-Snack anzubieten.<\/p>\n<table style=\"border-collapse: collapse; width: 275.02pt;\" border=\"0\" width=\"275\" cellspacing=\"0\" cellpadding=\"0\">\n<tbody>\n<tr style=\"height: 17.60pt;\">\n<td class=\"et3\" style=\"height: 17.60pt; width: 108.35pt;\" width=\"108\" height=\"17\">Hersteller<\/td>\n<td class=\"et3\" style=\"width: 167.10pt;\" width=\"167\">Gl\u00fccksfrucht<\/td>\n<\/tr>\n<tr style=\"height: 17.60pt;\">\n<td class=\"et3\" style=\"height: 17.60pt;\" height=\"17\">MODELL NR.<\/td>\n<td class=\"et3\">JXG14<\/td>\n<\/tr>\n<tr style=\"height: 17.60pt;\">\n<td class=\"et3\" style=\"height: 17.60pt;\" height=\"17\">Typ<\/td>\n<td class=\"et3\">Knusprige Schokoladenkugeln<\/td>\n<\/tr>\n<tr style=\"height: 17.60pt;\">\n<td class=\"et3\" style=\"height: 17.60pt;\" height=\"17\">Verpackung<\/td>\n<td class=\"et3\">Verpackung der Box<\/td>\n<\/tr>\n<tr style=\"height: 17.60pt;\">\n<td class=\"et3\" style=\"height: 17.60pt;\" height=\"17\">Spezifikation<\/td>\n<td class=\"et3\">30S\u00e4cke*20Kartons<\/td>\n<\/tr>\n<tr style=\"height: 17.60pt;\">\n<td class=\"et3\" style=\"height: 17.60pt;\" height=\"17\">Gr\u00f6\u00dfe des Kartons<\/td>\n<td class=\"et3\">49*40,5*40,5 cm<\/td>\n<\/tr>\n<tr style=\"height: 17.60pt;\">\n<td class=\"et3\" style=\"height: 17.60pt;\" height=\"17\">N.W \/SET<\/td>\n<td class=\"et3\">12g*30Beutel*20Kartons<\/td>\n<\/tr>\n<tr style=\"height: 17.60pt;\">\n<td class=\"et3\" style=\"height: 17.60pt;\" height=\"17\">Farbe<\/td>\n<td class=\"et3\">Dunkelheit<\/td>\n<\/tr>\n<tr style=\"height: 17.60pt;\">\n<td class=\"et3\" style=\"height: 17.60pt;\" height=\"17\">MOQ<\/td>\n<td class=\"et3\">500 Kartons<\/td>\n<\/tr>\n<tr style=\"height: 17.60pt;\">\n<td class=\"et3\" style=\"height: 17.60pt;\" height=\"17\">Personalisierung<\/td>\n<td class=\"et3\">Verpackung\/LOGO<\/td>\n<\/tr>\n<\/tbody>\n<\/table>","protected":false},"featured_media":28420,"comment_status":"closed","ping_status":"closed","template":"","meta":[],"product_cat":[74],"product_tag":[],"class_list":{"0":"post-27411","1":"product","2":"type-product","3":"status-publish","4":"has-post-thumbnail","6":"product_cat-wholesale-crunchy-chocolate-balls","8":"first","9":"instock","10":"shipping-taxable","11":"product-type-simple"},"_links":{"self":[{"href":"https:\/\/jxgchocolate.com\/de\/wp-json\/wp\/v2\/product\/27411","targetHints":{"allow":["GET"]}}],"collection":[{"href":"https:\/\/jxgchocolate.com\/de\/wp-json\/wp\/v2\/product"}],"about":[{"href":"https:\/\/jxgchocolate.com\/de\/wp-json\/wp\/v2\/types\/product"}],"replies":[{"embeddable":true,"href":"https:\/\/jxgchocolate.com\/de\/wp-json\/wp\/v2\/comments?post=27411"}],"version-history":[{"count":0,"href":"https:\/\/jxgchocolate.com\/de\/wp-json\/wp\/v2\/product\/27411\/revisions"}],"wp:featuredmedia":[{"embeddable":true,"href":"https:\/\/jxgchocolate.com\/de\/wp-json\/wp\/v2\/media\/28420"}],"wp:attachment":[{"href":"https:\/\/jxgchocolate.com\/de\/wp-json\/wp\/v2\/media?parent=27411"}],"wp:term":[{"taxonomy":"product_cat","embeddable":true,"href":"https:\/\/jxgchocolate.com\/de\/wp-json\/wp\/v2\/product_cat?post=27411"},{"taxonomy":"product_tag","embeddable":true,"href":"https:\/\/jxgchocolate.com\/de\/wp-json\/wp\/v2\/product_tag?post=27411"}],"curies":[{"name":"wp","href":"https:\/\/api.w.org\/{rel}","templated":true}]}}