{"id":27412,"date":"2024-04-27T09:21:55","date_gmt":"2024-04-27T09:21:55","guid":{"rendered":"https:\/\/jxgchocolate.com\/?post_type=product&#038;p=27412"},"modified":"2024-11-11T02:04:42","modified_gmt":"2024-11-11T02:04:42","slug":"wholesale-chocolate-crunchy-balls","status":"publish","type":"product","link":"https:\/\/jxgchocolate.com\/de\/produkt\/wholesale-chocolate-crunchy-balls\/","title":{"rendered":"Gro\u00dfhandel Schokolade knusprige Kugeln, Bulk-Schokolade Kugeln WIth Barreled Paket"},"content":{"rendered":"<div class=\"wp-block-columns is-layout-flex wp-container-core-columns-is-layout-9d6595d7 wp-block-columns-is-layout-flex\">\n<div class=\"wp-block-column is-vertically-aligned-center is-layout-flow wp-block-column-is-layout-flow\">\n<h3 class=\"wp-block-heading\">Premium-Gro\u00dfhandel Schokolade knusprige Kugeln Merkmale:<\/h3>\n\n\n\n<ol class=\"wp-block-list\">\n<li><strong>Ikonische Geschmacksrichtung: <\/strong>Der Geschmack unserer Gro\u00dfhandels-Schokoladen-Knusperkugeln ist unwiderstehlich, von der Malzschokolade bis hin zu ihrer Attraktivit\u00e4t f\u00fcr eine breite Altersgruppe.<\/li>\n\n\n\n<li><strong>Knusprige Mitte:<\/strong> Jeder knusprige Kern aus Malzhonigwaben in jeder unserer gro\u00dfen Schokoladenkugeln erzeugt einen anderen Biss, um jedem Bissen eine zus\u00e4tzliche Dimension der Textur zu verleihen.<\/li>\n\n\n\n<li><strong>Praktische Fassverpackung: <\/strong>Verpackt in einer praktischen Fass-Verpackung sind unsere Gro\u00dfhandels-Schokoladen-Knusperkugeln das, was der Einzelh\u00e4ndler, der Veranstaltungsplaner und der Gesch\u00e4ftsmann an ansprechenden und dennoch praktischen Pr\u00e4sentationsm\u00f6glichkeiten braucht.<\/li>\n\n\n\n<li><strong>Vielseitige Verwendung:<\/strong> Ob als eigenst\u00e4ndiger Snack, als Bestandteil von Desserts oder als Topping f\u00fcr Eis und Cupcakes - unsere Schokoladenkugeln in loser Sch\u00fcttung lassen sich vielseitig f\u00fcr unterschiedliche Anwendungen in der Lebensmittelindustrie einsetzen.<\/li>\n<\/ol>\n<\/div>\n\n\n\n<div class=\"wp-block-column is-layout-flow wp-block-column-is-layout-flow\">\n<figure class=\"wp-block-image size-full\"><img fetchpriority=\"high\" decoding=\"async\" width=\"750\" height=\"750\" src=\"https:\/\/jxgchocolate.com\/wp-content\/uploads\/2024\/04\/wholesale-maltesers-chocolate-2.webp\" alt=\"Gro\u00dfhandel-Schokoladen-Knusperkugeln\" class=\"wp-image-27428\" srcset=\"https:\/\/jxgchocolate.com\/wp-content\/uploads\/2024\/04\/wholesale-maltesers-chocolate-2.webp 750w, https:\/\/jxgchocolate.com\/wp-content\/uploads\/2024\/04\/wholesale-maltesers-chocolate-2-300x300.webp 300w, https:\/\/jxgchocolate.com\/wp-content\/uploads\/2024\/04\/wholesale-maltesers-chocolate-2-150x150.webp 150w, https:\/\/jxgchocolate.com\/wp-content\/uploads\/2024\/04\/wholesale-maltesers-chocolate-2-430x430.webp 430w, https:\/\/jxgchocolate.com\/wp-content\/uploads\/2024\/04\/wholesale-maltesers-chocolate-2-700x700.webp 700w\" sizes=\"(max-width: 750px) 100vw, 750px\" \/><\/figure>\n<\/div>\n<\/div>\n\n\n\n<p><\/p>","protected":false},"excerpt":{"rendered":"<p>Willkommen beim Kauf von Schokoladenkugeln in gro\u00dfen Mengen. Unsere Gro\u00dfhandel Schokolade knackig Kugeln mit Variationen in der Verpackung in F\u00e4ssern verschmelzen k\u00f6stlichen Geschmack mit der Bequemlichkeit der Kauf in loser Sch\u00fcttung, so dass sie perfekt f\u00fcr jeden Einzelh\u00e4ndler oder Unternehmen, die sie zu verkaufen. Sie haben diesen gro\u00dfartigen, unverwechselbaren Crunch und k\u00f6nnen auf viele Arten verwendet werden.<\/p>\n<table style=\"border-collapse: collapse; width: 275.02pt;\" border=\"0\" width=\"275\" cellspacing=\"0\" cellpadding=\"0\">\n<tbody>\n<tr style=\"height: 17.60pt;\">\n<td class=\"et3\" style=\"height: 17.60pt; width: 108.35pt;\" width=\"108\" height=\"17\">Hersteller<\/td>\n<td class=\"et3\" style=\"width: 167.10pt;\" width=\"167\">Gl\u00fccksfrucht<\/td>\n<\/tr>\n<tr style=\"height: 17.60pt;\">\n<td class=\"et3\" style=\"height: 17.60pt;\" height=\"17\">MODELL NR.<\/td>\n<td class=\"et3\">JXG15<\/td>\n<\/tr>\n<tr style=\"height: 17.60pt;\">\n<td class=\"et3\" style=\"height: 17.60pt;\" height=\"17\">Typ<\/td>\n<td class=\"et3\">Knusprige Schokoladenkugeln<\/td>\n<\/tr>\n<tr style=\"height: 17.60pt;\">\n<td class=\"et3\" style=\"height: 17.60pt;\" height=\"17\">Verpackung<\/td>\n<td class=\"et3\">Verpackung von F\u00e4ssern<\/td>\n<\/tr>\n<tr style=\"height: 17.60pt;\">\n<td class=\"et3\" style=\"height: 17.60pt;\" height=\"17\">Spezifikation<\/td>\n<td class=\"et3\">12Fass<\/td>\n<\/tr>\n<tr style=\"height: 17.60pt;\">\n<td class=\"et3\" style=\"height: 17.60pt;\" height=\"17\">Gr\u00f6\u00dfe des Kartons<\/td>\n<td class=\"et3\">40,5*27,5*28,5 cm<\/td>\n<\/tr>\n<tr style=\"height: 17.60pt;\">\n<td class=\"et3\" style=\"height: 17.60pt;\" height=\"17\">N.W \/SET<\/td>\n<td class=\"et3\">168g*12Fass<\/td>\n<\/tr>\n<tr style=\"height: 17.60pt;\">\n<td class=\"et3\" style=\"height: 17.60pt;\" height=\"17\">Farbe<\/td>\n<td class=\"et3\">Dunkelheit<\/td>\n<\/tr>\n<tr style=\"height: 17.60pt;\">\n<td class=\"et3\" style=\"height: 17.60pt;\" height=\"17\">MOQ<\/td>\n<td class=\"et3\">500 Kartons<\/td>\n<\/tr>\n<tr style=\"height: 17.60pt;\">\n<td class=\"et3\" style=\"height: 17.60pt;\" height=\"17\">Personalisierung<\/td>\n<td class=\"et3\">Verpackung\/LOGO<\/td>\n<\/tr>\n<\/tbody>\n<\/table>","protected":false},"featured_media":27427,"comment_status":"closed","ping_status":"closed","template":"","meta":[],"product_cat":[74],"product_tag":[],"class_list":{"0":"post-27412","1":"product","2":"type-product","3":"status-publish","4":"has-post-thumbnail","6":"product_cat-wholesale-crunchy-chocolate-balls","8":"first","9":"instock","10":"shipping-taxable","11":"product-type-simple"},"_links":{"self":[{"href":"https:\/\/jxgchocolate.com\/de\/wp-json\/wp\/v2\/product\/27412","targetHints":{"allow":["GET"]}}],"collection":[{"href":"https:\/\/jxgchocolate.com\/de\/wp-json\/wp\/v2\/product"}],"about":[{"href":"https:\/\/jxgchocolate.com\/de\/wp-json\/wp\/v2\/types\/product"}],"replies":[{"embeddable":true,"href":"https:\/\/jxgchocolate.com\/de\/wp-json\/wp\/v2\/comments?post=27412"}],"version-history":[{"count":3,"href":"https:\/\/jxgchocolate.com\/de\/wp-json\/wp\/v2\/product\/27412\/revisions"}],"predecessor-version":[{"id":29087,"href":"https:\/\/jxgchocolate.com\/de\/wp-json\/wp\/v2\/product\/27412\/revisions\/29087"}],"wp:featuredmedia":[{"embeddable":true,"href":"https:\/\/jxgchocolate.com\/de\/wp-json\/wp\/v2\/media\/27427"}],"wp:attachment":[{"href":"https:\/\/jxgchocolate.com\/de\/wp-json\/wp\/v2\/media?parent=27412"}],"wp:term":[{"taxonomy":"product_cat","embeddable":true,"href":"https:\/\/jxgchocolate.com\/de\/wp-json\/wp\/v2\/product_cat?post=27412"},{"taxonomy":"product_tag","embeddable":true,"href":"https:\/\/jxgchocolate.com\/de\/wp-json\/wp\/v2\/product_tag?post=27412"}],"curies":[{"name":"wp","href":"https:\/\/api.w.org\/{rel}","templated":true}]}}