{"id":27435,"date":"2024-04-27T09:50:20","date_gmt":"2024-04-27T09:50:20","guid":{"rendered":"https:\/\/jxgchocolate.com\/?post_type=product&#038;p=27435"},"modified":"2024-11-11T03:58:45","modified_gmt":"2024-11-11T03:58:45","slug":"wholesale-popping-candy-chocolate","status":"publish","type":"product","link":"https:\/\/jxgchocolate.com\/de\/produkt\/wholesale-popping-candy-chocolate\/","title":{"rendered":"Gro\u00dfhandel Popping Candy Schokolade mit Cola-Geschmack"},"content":{"rendered":"<div class=\"wp-block-columns is-layout-flex wp-container-core-columns-is-layout-9d6595d7 wp-block-columns-is-layout-flex\">\n<div class=\"wp-block-column is-vertically-aligned-center is-layout-flow wp-block-column-is-layout-flow\">\n<h3 class=\"wp-block-heading\">Premium-Gro\u00dfhandel Popping Candy Chocolate Eigenschaften:<\/h3>\n\n\n\n<ol class=\"wp-block-list\">\n<li><strong>S\u00fc\u00dfe Schokolade und erfrischende Cola:<\/strong> Genie\u00dfen Sie die Geschmacksverschmelzung in unserem Gro\u00dfhandel knallt candy Schokolade mit einem Cola-Geschmack, dass jeder Bissen k\u00f6stlich machen wird.<\/li>\n\n\n\n<li><strong>Pop und Crackle Sensation:<\/strong> Bringen Sie den Spa\u00df und die Aufregung des Knallbonbons zum Vorschein, das im Mund knistert und knallt, und f\u00fcgen Sie unserer gro\u00dfen Knallbonbon-Schokolade eine ganz neue Ebene des Genusses hinzu.<\/li>\n\n\n\n<li><strong>Vielseitige Snack-Option: <\/strong>Unsere Knallbonbons eignen sich zum Naschen f\u00fcr unterwegs oder zum Teilen mit Freunden und sind als Snack oder bei Themenpartys und Veranstaltungen auf vielf\u00e4ltige Weise einsetzbar.<\/li>\n\n\n\n<li><strong>Beliebt und trendig: <\/strong>Unsere Knallbonbons in gro\u00dfen Mengen in der Geschmacksrichtung Schoko-Cola sind eine beliebte und trendige Leckerei, die von Kindern und Erwachsenen gleicherma\u00dfen geliebt wird. Das macht sie zu einem Muss f\u00fcr Einzelh\u00e4ndler, Veranstalter und Unternehmen, die ihren Kunden einzigartige und aufregende Snack-Optionen anbieten m\u00f6chten.<\/li>\n<\/ol>\n<\/div>\n\n\n\n<div class=\"wp-block-column is-layout-flow wp-block-column-is-layout-flow\">\n<figure class=\"wp-block-image size-full\"><img fetchpriority=\"high\" decoding=\"async\" width=\"750\" height=\"750\" src=\"https:\/\/jxgchocolate.com\/wp-content\/uploads\/2024\/04\/wholesale-popping-candy-chocolate-3.webp\" alt=\"Gro\u00dfhandel-Knallbonbons-Schokolade-3\" class=\"wp-image-27438\" srcset=\"https:\/\/jxgchocolate.com\/wp-content\/uploads\/2024\/04\/wholesale-popping-candy-chocolate-3.webp 750w, https:\/\/jxgchocolate.com\/wp-content\/uploads\/2024\/04\/wholesale-popping-candy-chocolate-3-300x300.webp 300w, https:\/\/jxgchocolate.com\/wp-content\/uploads\/2024\/04\/wholesale-popping-candy-chocolate-3-150x150.webp 150w, https:\/\/jxgchocolate.com\/wp-content\/uploads\/2024\/04\/wholesale-popping-candy-chocolate-3-430x430.webp 430w, https:\/\/jxgchocolate.com\/wp-content\/uploads\/2024\/04\/wholesale-popping-candy-chocolate-3-700x700.webp 700w\" sizes=\"(max-width: 750px) 100vw, 750px\" \/><\/figure>\n<\/div>\n<\/div>","protected":false},"excerpt":{"rendered":"<p>Unsere Knallbonbons mit Cola-Geschmack, die knallen und knistern, bieten eine gro\u00dfartige Geschmacksverschmelzung, die ein absoluter Kundenliebling sein wird. Aufgrund der F\u00e4higkeit zur Mehrfachverwendung und der g\u00fcnstigen Akzeptanz ist sie perfekt f\u00fcr Unternehmen, die ein unvergessliches Knabbererlebnis verkaufen wollen.<\/p>\n<table style=\"border-collapse: collapse; width: 275.02pt;\" border=\"0\" width=\"275\" cellspacing=\"0\" cellpadding=\"0\">\n<tbody>\n<tr style=\"height: 17.60pt;\">\n<td class=\"et3\" style=\"height: 17.60pt; width: 108.35pt;\" width=\"108\" height=\"17\">Hersteller<\/td>\n<td class=\"et3\" style=\"width: 167.10pt;\" width=\"167\">Gl\u00fccksfrucht<\/td>\n<\/tr>\n<tr style=\"height: 17.60pt;\">\n<td class=\"et3\" style=\"height: 17.60pt;\" height=\"17\">MODELL NR.<\/td>\n<td class=\"et3\">JXG17<\/td>\n<\/tr>\n<tr style=\"height: 17.60pt;\">\n<td class=\"et3\" style=\"height: 17.60pt;\" height=\"17\">Typ<\/td>\n<td class=\"et3\">Knallbonbon-Schokolade<\/td>\n<\/tr>\n<tr style=\"height: 17.60pt;\">\n<td class=\"et3\" style=\"height: 17.60pt;\" height=\"17\">Verpackung<\/td>\n<td class=\"et3\">Box-Verpackung<\/td>\n<\/tr>\n<tr style=\"height: 17.60pt;\">\n<td class=\"et3\" style=\"height: 17.60pt;\" height=\"17\">Spezifikation<\/td>\n<td class=\"et3\">20S\u00e4cke*12Kartons<\/td>\n<\/tr>\n<tr style=\"height: 17.60pt;\">\n<td class=\"et3\" style=\"height: 17.60pt;\" height=\"17\">Gr\u00f6\u00dfe des Kartons<\/td>\n<td class=\"et3\">61,5*27*17,5 cm<\/td>\n<\/tr>\n<tr style=\"height: 17.60pt;\">\n<td class=\"et3\" style=\"height: 17.60pt;\" height=\"17\">N.W \/SET<\/td>\n<td class=\"et3\">12g*20Beutel*12Kartons<\/td>\n<\/tr>\n<tr style=\"height: 17.60pt;\">\n<td class=\"et3\" style=\"height: 17.60pt;\" height=\"17\">Farbe<\/td>\n<td class=\"et3\">Rot<\/td>\n<\/tr>\n<tr style=\"height: 17.60pt;\">\n<td class=\"et3\" style=\"height: 17.60pt;\" height=\"17\">MOQ<\/td>\n<td class=\"et3\">500 Kartons<\/td>\n<\/tr>\n<tr style=\"height: 17.60pt;\">\n<td class=\"et3\" style=\"height: 17.60pt;\" height=\"17\">Personalisierung<\/td>\n<td class=\"et3\">Verpackung\/LOGO<\/td>\n<\/tr>\n<\/tbody>\n<\/table>","protected":false},"featured_media":27437,"comment_status":"closed","ping_status":"closed","template":"","meta":[],"product_cat":[76],"product_tag":[],"class_list":{"0":"post-27435","1":"product","2":"type-product","3":"status-publish","4":"has-post-thumbnail","6":"product_cat-wholesale-popping-candy-chocolate","8":"first","9":"instock","10":"shipping-taxable","11":"product-type-simple"},"_links":{"self":[{"href":"https:\/\/jxgchocolate.com\/de\/wp-json\/wp\/v2\/product\/27435","targetHints":{"allow":["GET"]}}],"collection":[{"href":"https:\/\/jxgchocolate.com\/de\/wp-json\/wp\/v2\/product"}],"about":[{"href":"https:\/\/jxgchocolate.com\/de\/wp-json\/wp\/v2\/types\/product"}],"replies":[{"embeddable":true,"href":"https:\/\/jxgchocolate.com\/de\/wp-json\/wp\/v2\/comments?post=27435"}],"version-history":[{"count":2,"href":"https:\/\/jxgchocolate.com\/de\/wp-json\/wp\/v2\/product\/27435\/revisions"}],"predecessor-version":[{"id":29119,"href":"https:\/\/jxgchocolate.com\/de\/wp-json\/wp\/v2\/product\/27435\/revisions\/29119"}],"wp:featuredmedia":[{"embeddable":true,"href":"https:\/\/jxgchocolate.com\/de\/wp-json\/wp\/v2\/media\/27437"}],"wp:attachment":[{"href":"https:\/\/jxgchocolate.com\/de\/wp-json\/wp\/v2\/media?parent=27435"}],"wp:term":[{"taxonomy":"product_cat","embeddable":true,"href":"https:\/\/jxgchocolate.com\/de\/wp-json\/wp\/v2\/product_cat?post=27435"},{"taxonomy":"product_tag","embeddable":true,"href":"https:\/\/jxgchocolate.com\/de\/wp-json\/wp\/v2\/product_tag?post=27435"}],"curies":[{"name":"wp","href":"https:\/\/api.w.org\/{rel}","templated":true}]}}