{"id":27441,"date":"2024-04-27T10:02:50","date_gmt":"2024-04-27T10:02:50","guid":{"rendered":"https:\/\/jxgchocolate.com\/?post_type=product&#038;p=27441"},"modified":"2025-03-08T02:43:48","modified_gmt":"2025-03-08T02:43:48","slug":"wholesale-chocolate-popping-candy","status":"publish","type":"product","link":"https:\/\/jxgchocolate.com\/de\/produkt\/wholesale-chocolate-popping-candy\/","title":{"rendered":"Leckere Gro\u00dfhandel Schokolade Popping Candy in benutzerdefinierten Paket"},"content":{"rendered":"<div class=\"wp-block-columns is-layout-flex wp-container-core-columns-is-layout-9d6595d7 wp-block-columns-is-layout-flex\">\n<div class=\"wp-block-column is-vertically-aligned-center is-layout-flow wp-block-column-is-layout-flow\">\n<h3 class=\"wp-block-heading\">Premium-Gro\u00dfhandel Schokolade Popping Candy Features:<\/h3>\n\n\n\n<ul class=\"wp-block-list\">\n<li><strong>Unwiderstehliche Geschmackskombination:<\/strong>Genie\u00dfen Sie den Reichtum und die Cremigkeit von Schokolade zusammen mit dem aufregenden Knallen von Bonbons. Das k\u00f6stliche Gef\u00fchl, dass Gro\u00dfhandel Schokolade knallt S\u00fc\u00dfigkeiten bietet ist sicher, dass die Kunden in Scharen zur\u00fcck zu bringen.<\/li>\n\n\n\n<li><strong>Lustige und aufregende Textur:<\/strong> Beschaffenheit: Mit jedem Knistern und Ploppen im Mund bringen unsere Popcorn-Schokoladenbonbons den Spa\u00df des Knallbonbons in den Mund und verleihen der schokoladigen K\u00f6stlichkeit eine zus\u00e4tzliche Ebene der Aufregung.<\/li>\n\n\n\n<li><strong>Gro\u00dfverpackung f\u00fcr mehr Komfort: <\/strong>Unsere Gro\u00dfhandels-Schokoladenbonbons werden in praktischen Gro\u00dfverpackungen geliefert, die sich f\u00fcr Einzelh\u00e4ndler, Veranstaltungsplaner und Unternehmen eignen, die gro\u00dfe Mengen dieser beliebten Leckerei ben\u00f6tigen, um der Kundennachfrage gerecht zu werden.<\/li>\n\n\n\n<li><strong>Beliebte Snacks nach Wahl: <\/strong>Gro\u00dfe Mengen von Schokoladenbonbons sind bei Menschen aller Altersgruppen ein beliebter Snack nach dem Essen. F\u00fcr jedes Unternehmen ist es ein wichtiger Artikel, der den Kunden zur Verf\u00fcgung steht, wenn sie eine einzigartige und aufregende Snack-Auswahl ben\u00f6tigen.<\/li>\n<\/ul>\n<\/div>\n\n\n\n<div class=\"wp-block-column is-layout-flow wp-block-column-is-layout-flow\">\n<figure class=\"wp-block-image size-full\"><img fetchpriority=\"high\" decoding=\"async\" width=\"568\" height=\"568\" src=\"https:\/\/jxgchocolate.com\/wp-content\/uploads\/2024\/04\/29c3788d0b874d25daa266923e2d6649.png\" alt=\"Gro\u00dfhandel-Schokolade-Knallbonbons-4\" class=\"wp-image-27446\" srcset=\"https:\/\/jxgchocolate.com\/wp-content\/uploads\/2024\/04\/29c3788d0b874d25daa266923e2d6649.png 568w, https:\/\/jxgchocolate.com\/wp-content\/uploads\/2024\/04\/29c3788d0b874d25daa266923e2d6649-300x300.png 300w, https:\/\/jxgchocolate.com\/wp-content\/uploads\/2024\/04\/29c3788d0b874d25daa266923e2d6649-150x150.png 150w, https:\/\/jxgchocolate.com\/wp-content\/uploads\/2024\/04\/29c3788d0b874d25daa266923e2d6649-430x430.png 430w\" sizes=\"(max-width: 568px) 100vw, 568px\" \/><\/figure>\n<\/div>\n<\/div>","protected":false},"excerpt":{"rendered":"<p>Willkommen zum Kauf <span class=\"___SText_anxqe-kmt_\" data-ui-name=\"Link.Text\">Knallbonbons in Schokolade. <\/span>Unsere k\u00f6stliche Gro\u00dfhandel Schokolade knallt S\u00fc\u00dfigkeiten kommt mit einer unwiderstehlichen Geschmackskombination mit Spa\u00df knallt Empfindungen, die sicherlich reizvoll sind. Aufgrund seiner hoch genutzten Natur von Menschen in einer Menge von M\u00f6glichkeiten, wird es eine ideale Wahl f\u00fcr jene Unternehmen, die unvergessliche Naschen f\u00fcr ihre Kunden geben wollen.<\/p>\n<table style=\"border-collapse: collapse; width: 275.02pt;\" border=\"0\" width=\"275\" cellspacing=\"0\" cellpadding=\"0\">\n<tbody>\n<tr style=\"height: 17.60pt;\">\n<td class=\"et3\" style=\"height: 17.60pt; width: 108.35pt;\" width=\"108\" height=\"17\">Hersteller<\/td>\n<td class=\"et3\" style=\"width: 167.10pt;\" width=\"167\">Gl\u00fccksfrucht<\/td>\n<\/tr>\n<tr style=\"height: 17.60pt;\">\n<td class=\"et3\" style=\"height: 17.60pt;\" height=\"17\">MODELL NR.<\/td>\n<td class=\"et3\">JXG18<\/td>\n<\/tr>\n<tr style=\"height: 17.60pt;\">\n<td class=\"et3\" style=\"height: 17.60pt;\" height=\"17\">Typ<\/td>\n<td class=\"et3\">Knallbonbon-Schokolade<\/td>\n<\/tr>\n<tr style=\"height: 17.60pt;\">\n<td class=\"et3\" style=\"height: 17.60pt;\" height=\"17\">Verpackung<\/td>\n<td class=\"et3\">Box-Verpackung<\/td>\n<\/tr>\n<tr style=\"height: 17.60pt;\">\n<td class=\"et3\" style=\"height: 17.60pt;\" height=\"17\">Spezifikation<\/td>\n<td class=\"et3\">20S\u00e4cke*12Kartons<\/td>\n<\/tr>\n<tr style=\"height: 17.60pt;\">\n<td class=\"et3\" style=\"height: 17.60pt;\" height=\"17\">Gr\u00f6\u00dfe des Kartons<\/td>\n<td class=\"et3\">61,5*27*17,5 cm<\/td>\n<\/tr>\n<tr style=\"height: 17.60pt;\">\n<td class=\"et3\" style=\"height: 17.60pt;\" height=\"17\">N.W \/SET<\/td>\n<td class=\"et3\">12g*20Beutel*12Kartons<\/td>\n<\/tr>\n<tr style=\"height: 17.60pt;\">\n<td class=\"et3\" style=\"height: 17.60pt;\" height=\"17\">Farbe<\/td>\n<td class=\"et3\">Dunkelheit<\/td>\n<\/tr>\n<tr style=\"height: 17.60pt;\">\n<td class=\"et3\" style=\"height: 17.60pt;\" height=\"17\">MOQ<\/td>\n<td class=\"et3\">500 Kartons<\/td>\n<\/tr>\n<tr style=\"height: 17.60pt;\">\n<td class=\"et3\" style=\"height: 17.60pt;\" height=\"17\">Personalisierung<\/td>\n<td class=\"et3\">Verpackung\/LOGO<\/td>\n<\/tr>\n<\/tbody>\n<\/table>","protected":false},"featured_media":27443,"comment_status":"closed","ping_status":"closed","template":"","meta":[],"product_cat":[76],"product_tag":[],"class_list":{"0":"post-27441","1":"product","2":"type-product","3":"status-publish","4":"has-post-thumbnail","6":"product_cat-wholesale-popping-candy-chocolate","8":"first","9":"instock","10":"shipping-taxable","11":"product-type-simple"},"_links":{"self":[{"href":"https:\/\/jxgchocolate.com\/de\/wp-json\/wp\/v2\/product\/27441","targetHints":{"allow":["GET"]}}],"collection":[{"href":"https:\/\/jxgchocolate.com\/de\/wp-json\/wp\/v2\/product"}],"about":[{"href":"https:\/\/jxgchocolate.com\/de\/wp-json\/wp\/v2\/types\/product"}],"replies":[{"embeddable":true,"href":"https:\/\/jxgchocolate.com\/de\/wp-json\/wp\/v2\/comments?post=27441"}],"version-history":[{"count":0,"href":"https:\/\/jxgchocolate.com\/de\/wp-json\/wp\/v2\/product\/27441\/revisions"}],"wp:featuredmedia":[{"embeddable":true,"href":"https:\/\/jxgchocolate.com\/de\/wp-json\/wp\/v2\/media\/27443"}],"wp:attachment":[{"href":"https:\/\/jxgchocolate.com\/de\/wp-json\/wp\/v2\/media?parent=27441"}],"wp:term":[{"taxonomy":"product_cat","embeddable":true,"href":"https:\/\/jxgchocolate.com\/de\/wp-json\/wp\/v2\/product_cat?post=27441"},{"taxonomy":"product_tag","embeddable":true,"href":"https:\/\/jxgchocolate.com\/de\/wp-json\/wp\/v2\/product_tag?post=27441"}],"curies":[{"name":"wp","href":"https:\/\/api.w.org\/{rel}","templated":true}]}}