{"id":27449,"date":"2024-04-27T10:12:12","date_gmt":"2024-04-27T10:12:12","guid":{"rendered":"https:\/\/jxgchocolate.com\/?post_type=product&#038;p=27449"},"modified":"2025-03-08T06:15:10","modified_gmt":"2025-03-08T06:15:10","slug":"wholesale-gummy-chocolate-candy","status":"publish","type":"product","link":"https:\/\/jxgchocolate.com\/de\/produkt\/wholesale-gummy-chocolate-candy\/","title":{"rendered":"Gro\u00dfhandel Gummy Choco, benutzerdefinierte Geschmacksrichtung Schokolade Gummies"},"content":{"rendered":"<div class=\"wp-block-columns is-layout-flex wp-container-core-columns-is-layout-9d6595d7 wp-block-columns-is-layout-flex\">\n<div class=\"wp-block-column is-vertically-aligned-center is-layout-flow wp-block-column-is-layout-flow\">\n<h3 class=\"wp-block-heading\">Premium Gro\u00dfhandel Gummy Choco Eigenschaften:<\/h3>\n\n\n\n<ul class=\"wp-block-list\">\n<li><strong>Aufregende Geschmacksvielfalt:<\/strong> Einer der besten Gr\u00fcnde, warum unsere Gro\u00dfhandels-Gummi-Schokolade S\u00fc\u00dfigkeiten ist so schwer zu widerstehen bezieht sich auf die unz\u00e4hlige Reihe von k\u00f6stlich fruchtigen Geschmacksrichtungen, die etwas f\u00fcr jeden Geschmack haben.<\/li>\n\n\n\n<li><strong>K\u00e4sig und schokoladig: <\/strong>Genie\u00dfen Sie die Mischung aus z\u00e4hen Gummibonbons und zarter Schokoladenh\u00fclle in jedem St\u00fcck unserer schokoladen\u00fcberzogenen Gummibonbons, die gro\u00dfartige Textur und Geschmack in einem Bissen vereinen.<\/li>\n\n\n\n<li><strong>Beliebt und kinderfreundlich: <\/strong>Unsere Gro\u00dfhandelsgummi-Schokoladenbonbons geh\u00f6ren zu den beliebtesten Leckereien von Kindern und Erwachsenen. Es ist daher ein \"must-have\" Snack f\u00fcr Partys, Feiern und Snacking Zwecke betrachtet.<\/li>\n\n\n\n<li><strong>Perfekt f\u00fcr den Wiederverkauf: <\/strong>Dieses gro\u00dfe schokoladen\u00fcberzogene Gummib\u00e4rchen ist in einem leicht zu handhabenden Beutel verpackt, der sich ideal f\u00fcr den Weiterverkauf oder das Teilen eignet. Sie bieten Einzelh\u00e4ndlern, Partyveranstaltern und Unternehmen, die ihren Kunden oder G\u00e4sten eine Auswahl an k\u00f6stlichen Leckereien anbieten m\u00f6chten, einen gro\u00dfen Mehrwert.<\/li>\n<\/ul>\n<\/div>\n\n\n\n<div class=\"wp-block-column is-layout-flow wp-block-column-is-layout-flow\">\n<figure class=\"wp-block-image size-full\"><img fetchpriority=\"high\" decoding=\"async\" width=\"750\" height=\"750\" src=\"https:\/\/jxgchocolate.com\/wp-content\/uploads\/2024\/04\/gummy-choco-wholesale-gummy-chocolate-candies-1.webp\" alt=\"gummi-schokolade-gro\u00dfhandel-gummi-schokolade-bonbons-1\" class=\"wp-image-27450\" srcset=\"https:\/\/jxgchocolate.com\/wp-content\/uploads\/2024\/04\/gummy-choco-wholesale-gummy-chocolate-candies-1.webp 750w, https:\/\/jxgchocolate.com\/wp-content\/uploads\/2024\/04\/gummy-choco-wholesale-gummy-chocolate-candies-1-300x300.webp 300w, https:\/\/jxgchocolate.com\/wp-content\/uploads\/2024\/04\/gummy-choco-wholesale-gummy-chocolate-candies-1-150x150.webp 150w, https:\/\/jxgchocolate.com\/wp-content\/uploads\/2024\/04\/gummy-choco-wholesale-gummy-chocolate-candies-1-430x430.webp 430w, https:\/\/jxgchocolate.com\/wp-content\/uploads\/2024\/04\/gummy-choco-wholesale-gummy-chocolate-candies-1-700x700.webp 700w\" sizes=\"(max-width: 750px) 100vw, 750px\" \/><\/figure>\n<\/div>\n<\/div>","protected":false},"excerpt":{"rendered":"<p>Willkommen in der Bulk-Schokolade bedeckt gummi kaufen. Unser Gro\u00dfhandel Gummib\u00e4rchen Schokolade S\u00fc\u00dfigkeiten verf\u00fcgen \u00fcber eine gro\u00dfe Auswahl an Geschmacksrichtungen, die sicherlich auf alle Arten von Geschmack ansprechen wird. Aufgrund der Leichtigkeit, Vielseitigkeit und Popularit\u00e4t, die diesen Snack zu definieren, wird es ideal f\u00fcr Unternehmen, die ihre Kunden oder G\u00e4ste eine wirklich k\u00f6stliche und ansprechende Snacking Erfahrung geben wollen.<\/p>\n<table style=\"border-collapse: collapse; width: 275.02pt;\" border=\"0\" width=\"275\" cellspacing=\"0\" cellpadding=\"0\">\n<tbody>\n<tr style=\"height: 17.60pt;\">\n<td class=\"et3\" style=\"height: 17.60pt; width: 108.35pt;\" width=\"108\" height=\"17\">Hersteller<\/td>\n<td class=\"et3\" style=\"width: 167.10pt;\" width=\"167\">Gl\u00fccksfrucht<\/td>\n<\/tr>\n<tr style=\"height: 17.60pt;\">\n<td class=\"et3\" style=\"height: 17.60pt;\" height=\"17\">MODELL NR.<\/td>\n<td class=\"et3\">JXG16<\/td>\n<\/tr>\n<tr style=\"height: 17.60pt;\">\n<td class=\"et3\" style=\"height: 17.60pt;\" height=\"17\">Typ<\/td>\n<td class=\"et3\">Gummibonbons mit Schokolade<\/td>\n<\/tr>\n<tr style=\"height: 17.60pt;\">\n<td class=\"et3\" style=\"height: 17.60pt;\" height=\"17\">Verpackung<\/td>\n<td class=\"et3\">Box-Verpackung<\/td>\n<\/tr>\n<tr style=\"height: 17.60pt;\">\n<td class=\"et3\" style=\"height: 17.60pt;\" height=\"17\">Spezifikation<\/td>\n<td class=\"et3\">20S\u00e4cke*12Kartons<\/td>\n<\/tr>\n<tr style=\"height: 17.60pt;\">\n<td class=\"et3\" style=\"height: 17.60pt;\" height=\"17\">Gr\u00f6\u00dfe des Kartons<\/td>\n<td class=\"et3\">45,5*33*37,5 cm<\/td>\n<\/tr>\n<tr style=\"height: 17.60pt;\">\n<td class=\"et3\" style=\"height: 17.60pt;\" height=\"17\">N.W \/SET<\/td>\n<td class=\"et3\">14g\uff087pcs\uff0920bags*12boxes<\/td>\n<\/tr>\n<tr style=\"height: 17.60pt;\">\n<td class=\"et3\" style=\"height: 17.60pt;\" height=\"17\">Farbe<\/td>\n<td class=\"et3\">Dunkelheit<\/td>\n<\/tr>\n<tr style=\"height: 17.60pt;\">\n<td class=\"et3\" style=\"height: 17.60pt;\" height=\"17\">MOQ<\/td>\n<td class=\"et3\">500 Kartons<\/td>\n<\/tr>\n<tr style=\"height: 17.60pt;\">\n<td class=\"et3\" style=\"height: 17.60pt;\" height=\"17\">Personalisierung<\/td>\n<td class=\"et3\">Verpackung\/LOGO<\/td>\n<\/tr>\n<\/tbody>\n<\/table>","protected":false},"featured_media":27455,"comment_status":"closed","ping_status":"closed","template":"","meta":[],"product_cat":[75],"product_tag":[],"class_list":{"0":"post-27449","1":"product","2":"type-product","3":"status-publish","4":"has-post-thumbnail","6":"product_cat-wholesale-gummy-chocolate","8":"first","9":"instock","10":"shipping-taxable","11":"product-type-simple"},"_links":{"self":[{"href":"https:\/\/jxgchocolate.com\/de\/wp-json\/wp\/v2\/product\/27449","targetHints":{"allow":["GET"]}}],"collection":[{"href":"https:\/\/jxgchocolate.com\/de\/wp-json\/wp\/v2\/product"}],"about":[{"href":"https:\/\/jxgchocolate.com\/de\/wp-json\/wp\/v2\/types\/product"}],"replies":[{"embeddable":true,"href":"https:\/\/jxgchocolate.com\/de\/wp-json\/wp\/v2\/comments?post=27449"}],"version-history":[{"count":0,"href":"https:\/\/jxgchocolate.com\/de\/wp-json\/wp\/v2\/product\/27449\/revisions"}],"wp:featuredmedia":[{"embeddable":true,"href":"https:\/\/jxgchocolate.com\/de\/wp-json\/wp\/v2\/media\/27455"}],"wp:attachment":[{"href":"https:\/\/jxgchocolate.com\/de\/wp-json\/wp\/v2\/media?parent=27449"}],"wp:term":[{"taxonomy":"product_cat","embeddable":true,"href":"https:\/\/jxgchocolate.com\/de\/wp-json\/wp\/v2\/product_cat?post=27449"},{"taxonomy":"product_tag","embeddable":true,"href":"https:\/\/jxgchocolate.com\/de\/wp-json\/wp\/v2\/product_tag?post=27449"}],"curies":[{"name":"wp","href":"https:\/\/api.w.org\/{rel}","templated":true}]}}