{"id":27459,"date":"2024-04-27T10:22:42","date_gmt":"2024-04-27T10:22:42","guid":{"rendered":"https:\/\/jxgchocolate.com\/?post_type=product&#038;p=27459"},"modified":"2024-11-11T06:44:24","modified_gmt":"2024-11-11T06:44:24","slug":"wholesale-chili-peanuts-with-tangerine-peel","status":"publish","type":"product","link":"https:\/\/jxgchocolate.com\/de\/produkt\/wholesale-chili-peanuts-with-tangerine-peel\/","title":{"rendered":"Gro\u00dfhandel Chili-Erdn\u00fcsse mit Mandarinenschalen"},"content":{"rendered":"<div class=\"wp-block-columns is-layout-flex wp-container-core-columns-is-layout-9d6595d7 wp-block-columns-is-layout-flex\">\n<div class=\"wp-block-column is-vertically-aligned-center is-layout-flow wp-block-column-is-layout-flow\">\n<h3 class=\"wp-block-heading\">Premium-Gro\u00dfhandel Chili-Erdn\u00fcsse Merkmale:<\/h3>\n\n\n\n<ol class=\"wp-block-list\">\n<li><strong>Einzigartige Kombination von Geschmacksrichtungen: <\/strong>Unsere Gro\u00dfhandels-Chili-Erdn\u00fcsse mit Mandarinenschale haben etwas, das von anderen auf dem Markt nicht erreicht wird: Die brennende Sch\u00e4rfe der Chilis verbindet sich mit der zitrusartigen Sch\u00e4rfe der Mandarinenschale und schafft so eine unvergleichliche sensorische \u00dcberlastung im Vergleich zu anderen herk\u00f6mmlichen Snacks.<\/li>\n\n\n\n<li><strong>Scharf und w\u00fcrzig: <\/strong>Die Ausgewogenheit zwischen der Sch\u00e4rfe des Chilis und dem einzigartigen Geschmack der Mandarinenschale sorgt daf\u00fcr, dass die w\u00fcrzigen Erdn\u00fcsse ein Gef\u00fchl im Mund hervorrufen, das vor Geschmack nur so strotzt und bis in den Nachgeschmack hinein anh\u00e4lt.<\/li>\n\n\n\n<li><strong>Hochwertige Inhaltsstoffe:<\/strong> Unsere Chili-Erdn\u00fcsse werden aus hochwertigen Erdn\u00fcssen und Mandarinenschalen hergestellt. Sie werden sorgf\u00e4ltig verarbeitet, um den Geschmack und die Frische zu gew\u00e4hrleisten, damit unsere Kunden mit jedem Bissen zufrieden sind.<\/li>\n\n\n\n<li><strong>Ideal f\u00fcr den Wiederverkauf:<\/strong> Die praktische Gro\u00dfverpackung unserer w\u00fcrzigen Erdn\u00fcsse mit Mandarinenschale eignet sich ideal f\u00fcr den Wiederverkauf in Einzelhandelsgesch\u00e4ften, Fachgesch\u00e4ften und Online-Shops.<\/li>\n<\/ol>\n<\/div>\n\n\n\n<div class=\"wp-block-column is-layout-flow wp-block-column-is-layout-flow\">\n<figure class=\"wp-block-image size-full\"><img fetchpriority=\"high\" decoding=\"async\" width=\"750\" height=\"750\" src=\"https:\/\/jxgchocolate.com\/wp-content\/uploads\/2024\/06\/wholesale-snacks-wholesale-cracker-peanuts_\u526f\u672c.webp\" alt=\"Snack-Hersteller-Gro\u00dfhandel-Cracker-Erdn\u00fcsse-Gro\u00dfhandel-Snacks-Gro\u00dfhandel-Chili-Erdn\u00fcsse-mit-Mandarinen-Schale\" class=\"wp-image-28382\" srcset=\"https:\/\/jxgchocolate.com\/wp-content\/uploads\/2024\/06\/wholesale-snacks-wholesale-cracker-peanuts_\u526f\u672c.webp 750w, https:\/\/jxgchocolate.com\/wp-content\/uploads\/2024\/06\/wholesale-snacks-wholesale-cracker-peanuts_\u526f\u672c-300x300.webp 300w, https:\/\/jxgchocolate.com\/wp-content\/uploads\/2024\/06\/wholesale-snacks-wholesale-cracker-peanuts_\u526f\u672c-150x150.webp 150w, https:\/\/jxgchocolate.com\/wp-content\/uploads\/2024\/06\/wholesale-snacks-wholesale-cracker-peanuts_\u526f\u672c-430x430.webp 430w, https:\/\/jxgchocolate.com\/wp-content\/uploads\/2024\/06\/wholesale-snacks-wholesale-cracker-peanuts_\u526f\u672c-700x700.webp 700w\" sizes=\"(max-width: 750px) 100vw, 750px\" \/><\/figure>\n<\/div>\n<\/div>","protected":false},"excerpt":{"rendered":"<p>Willkommen zum Kauf von w\u00fcrzigen Erdn\u00fcssen in gro\u00dfen Mengen. Unsere Gro\u00dfhandel Chili Erdn\u00fcsse mit Mandarine Schale sind eine solche einzigartige und geschmackvolle Snacking Option, in der die Sch\u00e4rfe von Chili mit dem sauren Geschmack der Mandarine Schale kombiniert wird. Da das Produkt mit hochwertigen Zutaten zubereitet wird, vielseitig ist und ein unverwechselbares Geschmacksprofil besitzt, sollte es zu einem Verkaufsschlager unter den Kunden werden, die eine mutige und unvergessliche Option suchen, um ihre Snackbed\u00fcrfnisse zu befriedigen.<\/p>\n<table style=\"border-collapse: collapse; width: 275.02pt;\" border=\"0\" width=\"275\" cellspacing=\"0\" cellpadding=\"0\">\n<tbody>\n<tr style=\"height: 17.60pt;\">\n<td class=\"et3\" style=\"height: 17.60pt; width: 108.35pt;\" width=\"108\" height=\"17\">Hersteller<\/td>\n<td class=\"et3\" style=\"width: 167.10pt;\" width=\"167\">Gl\u00fccksfrucht<\/td>\n<\/tr>\n<tr style=\"height: 17.60pt;\">\n<td class=\"et3\" style=\"height: 17.60pt;\" height=\"17\">MODELL NR.<\/td>\n<td class=\"et3\">JXG19<\/td>\n<\/tr>\n<tr style=\"height: 17.60pt;\">\n<td class=\"et3\" style=\"height: 17.60pt;\" height=\"17\">Typ<\/td>\n<td class=\"et3\">Ger\u00f6stete Erdn\u00fcsse<\/td>\n<\/tr>\n<tr style=\"height: 17.60pt;\">\n<td class=\"et3\" style=\"height: 17.60pt;\" height=\"17\">Verpackung<\/td>\n<td class=\"et3\">Box-Verpackung<\/td>\n<\/tr>\n<tr style=\"height: 17.60pt;\">\n<td class=\"et3\" style=\"height: 17.60pt;\" height=\"17\">Spezifikation<\/td>\n<td class=\"et3\">20S\u00e4cke*12Kartons<\/td>\n<\/tr>\n<tr style=\"height: 17.60pt;\">\n<td class=\"et3\" style=\"height: 17.60pt;\" height=\"17\">Gr\u00f6\u00dfe des Kartons<\/td>\n<td class=\"et3\">46*36,5*35 cm<\/td>\n<\/tr>\n<tr style=\"height: 17.60pt;\">\n<td class=\"et3\" style=\"height: 17.60pt;\" height=\"17\">N.W \/SET<\/td>\n<td class=\"et3\">28g*20Beutel*12Kartons<\/td>\n<\/tr>\n<tr style=\"height: 17.60pt;\">\n<td class=\"et3\" style=\"height: 17.60pt;\" height=\"17\">Farbe<\/td>\n<td class=\"et3\">\/<\/td>\n<\/tr>\n<tr style=\"height: 17.60pt;\">\n<td class=\"et3\" style=\"height: 17.60pt;\" height=\"17\">MOQ<\/td>\n<td class=\"et3\">500 Kartons<\/td>\n<\/tr>\n<tr style=\"height: 17.60pt;\">\n<td class=\"et3\" style=\"height: 17.60pt;\" height=\"17\">Personalisierung<\/td>\n<td class=\"et3\">Verpackung\/LOGO<\/td>\n<\/tr>\n<\/tbody>\n<\/table>","protected":false},"featured_media":28423,"comment_status":"closed","ping_status":"closed","template":"","meta":[],"product_cat":[77],"product_tag":[],"class_list":{"0":"post-27459","1":"product","2":"type-product","3":"status-publish","4":"has-post-thumbnail","6":"product_cat-wholesale-roasted-peanuts","8":"first","9":"instock","10":"shipping-taxable","11":"product-type-simple"},"_links":{"self":[{"href":"https:\/\/jxgchocolate.com\/de\/wp-json\/wp\/v2\/product\/27459","targetHints":{"allow":["GET"]}}],"collection":[{"href":"https:\/\/jxgchocolate.com\/de\/wp-json\/wp\/v2\/product"}],"about":[{"href":"https:\/\/jxgchocolate.com\/de\/wp-json\/wp\/v2\/types\/product"}],"replies":[{"embeddable":true,"href":"https:\/\/jxgchocolate.com\/de\/wp-json\/wp\/v2\/comments?post=27459"}],"version-history":[{"count":0,"href":"https:\/\/jxgchocolate.com\/de\/wp-json\/wp\/v2\/product\/27459\/revisions"}],"wp:featuredmedia":[{"embeddable":true,"href":"https:\/\/jxgchocolate.com\/de\/wp-json\/wp\/v2\/media\/28423"}],"wp:attachment":[{"href":"https:\/\/jxgchocolate.com\/de\/wp-json\/wp\/v2\/media?parent=27459"}],"wp:term":[{"taxonomy":"product_cat","embeddable":true,"href":"https:\/\/jxgchocolate.com\/de\/wp-json\/wp\/v2\/product_cat?post=27459"},{"taxonomy":"product_tag","embeddable":true,"href":"https:\/\/jxgchocolate.com\/de\/wp-json\/wp\/v2\/product_tag?post=27459"}],"curies":[{"name":"wp","href":"https:\/\/api.w.org\/{rel}","templated":true}]}}