{"id":28312,"date":"2024-06-21T09:48:20","date_gmt":"2024-06-21T09:48:20","guid":{"rendered":"https:\/\/jxgchocolate.com\/?post_type=product&#038;p=28312"},"modified":"2025-03-08T05:54:55","modified_gmt":"2025-03-08T05:54:55","slug":"chocolate-gummy-candy-wholesale","status":"publish","type":"product","link":"https:\/\/jxgchocolate.com\/de\/produkt\/chocolate-gummy-candy-wholesale\/","title":{"rendered":"Bulk Schokolade Gummibonbons Gro\u00dfhandel, Erdbeere Gummibonbons Choco"},"content":{"rendered":"<div class=\"wp-block-columns is-layout-flex wp-container-core-columns-is-layout-9d6595d7 wp-block-columns-is-layout-flex\">\n<div class=\"wp-block-column is-vertically-aligned-center is-layout-flow wp-block-column-is-layout-flow\">\n<h3 class=\"wp-block-heading\">Premium-Schokolade Gummibonbon Gro\u00dfhandel Merkmale:<\/h3>\n\n\n\n<ul class=\"wp-block-list\">\n<li><strong>Eine einzigartige Kombination:<\/strong> Unsere Schokoladen-Gummibonbons im Gro\u00dfhandel sind eine neue Mischung aus Schokolade und Gummibonbons, die ein unvergleichliches Geschmackserlebnis bieten und die Nachfrage der Verbraucher nach neuartigen Desserts erf\u00fcllen.<\/li>\n\n\n\n<li><strong>Reicher Erdbeergeschmack: <\/strong>Unsere Gummibonbons verwenden nat\u00fcrliches Erdbeeraroma, das das reiche Erdbeerfruchtaroma mit der S\u00fc\u00dfe der Schokolade verbindet.<\/li>\n\n\n\n<li><strong>Hochwertige Zutaten: <\/strong>Die Zutaten zur Herstellung von Schokolade oder Gummibonbons sind von hoher Qualit\u00e4t, so dass mit jedem Bissen unserer Schokolade Gummibonbons Gro\u00dfhandel, geben sie eine Ladung von K\u00f6stlichkeit und Gesundheit, um das Herz der Verbraucher zu gewinnen.<\/li>\n\n\n\n<li><strong>Gro\u00dfhandelsservice zur Anpassung: <\/strong>Unsere Massengummi-Schokoladenbonbons unterst\u00fctzen die kundenspezifische Produktion und verschiedene Verpackungsoptionen entsprechend den verschiedenen M\u00e4rkten und Kundenbed\u00fcrfnissen, um H\u00e4ndlern zu helfen, ihren Umsatz zu steigern.<\/li>\n<\/ul>\n<\/div>\n\n\n\n<div class=\"wp-block-column is-layout-flow wp-block-column-is-layout-flow\">\n<figure class=\"wp-block-image size-full\"><img fetchpriority=\"high\" decoding=\"async\" width=\"750\" height=\"750\" src=\"https:\/\/jxgchocolate.com\/wp-content\/uploads\/2024\/04\/wholesale-snacks-wholesale-gummy-choco-wholesale-gummy-chocolate-candies.webp\" alt=\"Gro\u00dfhandel-Snacks-Gro\u00dfhandel-Gummi-Schoko-Gro\u00dfhandel-Gummi-Schokolade-Bonbons-Schokolade-Gummi-Bonbons-Gro\u00dfhandel\" class=\"wp-image-27284\" srcset=\"https:\/\/jxgchocolate.com\/wp-content\/uploads\/2024\/04\/wholesale-snacks-wholesale-gummy-choco-wholesale-gummy-chocolate-candies.webp 750w, https:\/\/jxgchocolate.com\/wp-content\/uploads\/2024\/04\/wholesale-snacks-wholesale-gummy-choco-wholesale-gummy-chocolate-candies-300x300.webp 300w, https:\/\/jxgchocolate.com\/wp-content\/uploads\/2024\/04\/wholesale-snacks-wholesale-gummy-choco-wholesale-gummy-chocolate-candies-150x150.webp 150w, https:\/\/jxgchocolate.com\/wp-content\/uploads\/2024\/04\/wholesale-snacks-wholesale-gummy-choco-wholesale-gummy-chocolate-candies-430x430.webp 430w, https:\/\/jxgchocolate.com\/wp-content\/uploads\/2024\/04\/wholesale-snacks-wholesale-gummy-choco-wholesale-gummy-chocolate-candies-700x700.webp 700w\" sizes=\"(max-width: 750px) 100vw, 750px\" \/><\/figure>\n<\/div>\n<\/div>\n\n\n\n<p><\/p>","protected":false},"excerpt":{"rendered":"<p>Willkommen bei Bulk-Gummi-Schokolade zu kaufen. Unsere leckere Schokolade Gummibonbons Gro\u00dfhandel kombiniert Extrakte reichen Erdbeergeschmack Gummi mit glatten Schokolade, w\u00e4hlt hochwertige Rohstoffe, und erm\u00f6glicht gro\u00df angelegte ma\u00dfgeschneiderte und diversifizierte Verpackung.<\/p>\n<table style=\"border-collapse: collapse; width: 275.02pt;\" border=\"0\" width=\"275\" cellspacing=\"0\" cellpadding=\"0\">\n<tbody>\n<tr style=\"height: 17.60pt;\">\n<td class=\"et3\" style=\"height: 17.60pt; width: 108.35pt;\" width=\"108\" height=\"17\">Hersteller<\/td>\n<td class=\"et3\" style=\"width: 167.10pt;\" width=\"167\">Gl\u00fccksfrucht<\/td>\n<\/tr>\n<tr style=\"height: 17.60pt;\">\n<td class=\"et3\" style=\"height: 17.60pt;\" height=\"17\">MODELL NR.<\/td>\n<td class=\"et3\">JXG16-1<\/td>\n<\/tr>\n<tr style=\"height: 17.60pt;\">\n<td class=\"et3\" style=\"height: 17.60pt;\" height=\"17\">Typ<\/td>\n<td class=\"et3\">Gummibonbons mit Schokolade<\/td>\n<\/tr>\n<tr style=\"height: 17.60pt;\">\n<td class=\"et3\" style=\"height: 17.60pt;\" height=\"17\">Verpackung<\/td>\n<td class=\"et3\">Box-Verpackung<\/td>\n<\/tr>\n<tr style=\"height: 17.60pt;\">\n<td class=\"et3\" style=\"height: 17.60pt;\" height=\"17\">Spezifikation<\/td>\n<td class=\"et3\">20S\u00e4cke*12Kartons<\/td>\n<\/tr>\n<tr style=\"height: 17.60pt;\">\n<td class=\"et3\" style=\"height: 17.60pt;\" height=\"17\">Gr\u00f6\u00dfe des Kartons<\/td>\n<td class=\"et3\">45,5*33*37,5 cm<\/td>\n<\/tr>\n<tr style=\"height: 17.60pt;\">\n<td class=\"et3\" style=\"height: 17.60pt;\" height=\"17\">N.W \/SET<\/td>\n<td class=\"et3\">14g\uff087pcs\uff0920bags*12boxes<\/td>\n<\/tr>\n<tr style=\"height: 17.60pt;\">\n<td class=\"et3\" style=\"height: 17.60pt;\" height=\"17\">Farbe<\/td>\n<td class=\"et3\">Dunkelheit<\/td>\n<\/tr>\n<tr style=\"height: 17.60pt;\">\n<td class=\"et3\" style=\"height: 17.60pt;\" height=\"17\">MOQ<\/td>\n<td class=\"et3\">500 Kartons<\/td>\n<\/tr>\n<tr style=\"height: 17.60pt;\">\n<td class=\"et3\" style=\"height: 17.60pt;\" height=\"17\">Personalisierung<\/td>\n<td class=\"et3\">Verpackung\/LOGO<\/td>\n<\/tr>\n<\/tbody>\n<\/table>","protected":false},"featured_media":27451,"comment_status":"closed","ping_status":"closed","template":"","meta":[],"product_cat":[75],"product_tag":[],"class_list":{"0":"post-28312","1":"product","2":"type-product","3":"status-publish","4":"has-post-thumbnail","6":"product_cat-wholesale-gummy-chocolate","8":"first","9":"instock","10":"shipping-taxable","11":"product-type-simple"},"_links":{"self":[{"href":"https:\/\/jxgchocolate.com\/de\/wp-json\/wp\/v2\/product\/28312","targetHints":{"allow":["GET"]}}],"collection":[{"href":"https:\/\/jxgchocolate.com\/de\/wp-json\/wp\/v2\/product"}],"about":[{"href":"https:\/\/jxgchocolate.com\/de\/wp-json\/wp\/v2\/types\/product"}],"replies":[{"embeddable":true,"href":"https:\/\/jxgchocolate.com\/de\/wp-json\/wp\/v2\/comments?post=28312"}],"version-history":[{"count":6,"href":"https:\/\/jxgchocolate.com\/de\/wp-json\/wp\/v2\/product\/28312\/revisions"}],"predecessor-version":[{"id":29619,"href":"https:\/\/jxgchocolate.com\/de\/wp-json\/wp\/v2\/product\/28312\/revisions\/29619"}],"wp:featuredmedia":[{"embeddable":true,"href":"https:\/\/jxgchocolate.com\/de\/wp-json\/wp\/v2\/media\/27451"}],"wp:attachment":[{"href":"https:\/\/jxgchocolate.com\/de\/wp-json\/wp\/v2\/media?parent=28312"}],"wp:term":[{"taxonomy":"product_cat","embeddable":true,"href":"https:\/\/jxgchocolate.com\/de\/wp-json\/wp\/v2\/product_cat?post=28312"},{"taxonomy":"product_tag","embeddable":true,"href":"https:\/\/jxgchocolate.com\/de\/wp-json\/wp\/v2\/product_tag?post=28312"}],"curies":[{"name":"wp","href":"https:\/\/api.w.org\/{rel}","templated":true}]}}