{"id":28321,"date":"2024-06-21T10:04:27","date_gmt":"2024-06-21T10:04:27","guid":{"rendered":"https:\/\/jxgchocolate.com\/?post_type=product&#038;p=28321"},"modified":"2024-06-22T00:58:15","modified_gmt":"2024-06-22T00:58:15","slug":"wholesale-chocolate-gummy-candy","status":"publish","type":"product","link":"https:\/\/jxgchocolate.com\/de\/produkt\/wholesale-chocolate-gummy-candy\/","title":{"rendered":"Gro\u00dfhandel Schokolade Gummibonbons mit gr\u00fcnem Traubengeschmack"},"content":{"rendered":"<div class=\"wp-block-columns is-layout-flex wp-container-core-columns-is-layout-9d6595d7 wp-block-columns-is-layout-flex\">\n<div class=\"wp-block-column is-vertically-aligned-center is-layout-flow wp-block-column-is-layout-flow\">\n<h3 class=\"wp-block-heading\">Premium-Gro\u00dfhandel Schokolade Gummibonbons Eigenschaften:<\/h3>\n\n\n\n<ol class=\"wp-block-list\">\n<li>Einzigartige Geschmackskombination: Die raffinierte Kombination aus Schokolade und gr\u00fcnem Traubenbonbon sorgt f\u00fcr einen einzigartigen Geschmack von Frische und S\u00fc\u00dfe, der die Aufmerksamkeit der Verbraucher weckt.<\/li>\n\n\n\n<li>Nat\u00fcrliches gr\u00fcnes Traubenaroma: Unser Gro\u00dfhandels-Schokoladengummibonbon verwendet nat\u00fcrliches gr\u00fcnes Traubenaroma, es verstr\u00f6mt ein erfrischendes und angenehmes Fruchtaroma, das sich perfekt mit dem s\u00fc\u00dfen Geschmack der Schokolade verbindet.<\/li>\n\n\n\n<li>Hochwertige und gesunde Zutaten: Mit hochwertigen Schokolade und weiche S\u00fc\u00dfigkeiten Zutaten, um sicherzustellen, dass jeder Bissen unserer Gro\u00dfhandel Schokolade Gummibonbons ist gesund und lecker, und ist sehr beliebt bei den Verbrauchern.<\/li>\n\n\n\n<li>Flexible Gro\u00dfhandelsanpassung: Bieten Sie umfangreiche Anpassungen und verschiedene Verpackungsoptionen f\u00fcr Schokoladengummibonbons in loser Sch\u00fcttung an, um unterschiedliche Marktbed\u00fcrfnisse zu erf\u00fcllen und H\u00e4ndlern zu helfen, ihren Umsatz schnell zu steigern.<\/li>\n<\/ol>\n<\/div>\n\n\n\n<div class=\"wp-block-column is-layout-flow wp-block-column-is-layout-flow\">\n<figure class=\"wp-block-image size-full\"><img fetchpriority=\"high\" decoding=\"async\" width=\"750\" height=\"750\" src=\"https:\/\/jxgchocolate.com\/wp-content\/uploads\/2024\/04\/wholesale-snacks-wholesale-gummy-choco-wholesale-gummy-chocolate-candies.webp\" alt=\"Gro\u00dfhandel-Snacks-Gro\u00dfhandel-Gummi-Schoko-Gro\u00dfhandel-Schokolade-Gummibonbon-Gro\u00dfhandel\" class=\"wp-image-27284\" srcset=\"https:\/\/jxgchocolate.com\/wp-content\/uploads\/2024\/04\/wholesale-snacks-wholesale-gummy-choco-wholesale-gummy-chocolate-candies.webp 750w, https:\/\/jxgchocolate.com\/wp-content\/uploads\/2024\/04\/wholesale-snacks-wholesale-gummy-choco-wholesale-gummy-chocolate-candies-300x300.webp 300w, https:\/\/jxgchocolate.com\/wp-content\/uploads\/2024\/04\/wholesale-snacks-wholesale-gummy-choco-wholesale-gummy-chocolate-candies-150x150.webp 150w, https:\/\/jxgchocolate.com\/wp-content\/uploads\/2024\/04\/wholesale-snacks-wholesale-gummy-choco-wholesale-gummy-chocolate-candies-430x430.webp 430w, https:\/\/jxgchocolate.com\/wp-content\/uploads\/2024\/04\/wholesale-snacks-wholesale-gummy-choco-wholesale-gummy-chocolate-candies-700x700.webp 700w\" sizes=\"(max-width: 750px) 100vw, 750px\" \/><\/figure>\n<\/div>\n<\/div>","protected":false},"excerpt":{"rendered":"<p>Unser Gro\u00dfhandels-Schokoladengummibonbon mit gr\u00fcnem Traubengeschmack, eine einzigartige Kombination aus Schokolade und gr\u00fcnem Traubengummibonbon, hat ein nat\u00fcrliches und erfrischendes Fruchtaroma. Es verwendet hochwertige und gesunde Rohstoffe, unterst\u00fctzt flexible Gro\u00dfhandel Anpassung und hilft H\u00e4ndlern Umsatzsteigerung.<\/p>\n<table style=\"border-collapse: collapse; width: 275.02pt;\" border=\"0\" width=\"275\" cellspacing=\"0\" cellpadding=\"0\">\n<tbody>\n<tr style=\"height: 17.60pt;\">\n<td class=\"et3\" style=\"height: 17.60pt; width: 108.35pt;\" width=\"108\" height=\"17\">Hersteller<\/td>\n<td class=\"et3\" style=\"width: 167.10pt;\" width=\"167\">Gl\u00fccksfrucht<\/td>\n<\/tr>\n<tr style=\"height: 17.60pt;\">\n<td class=\"et3\" style=\"height: 17.60pt;\" height=\"17\">MODELL NR.<\/td>\n<td class=\"et3\">JXG16-2<\/td>\n<\/tr>\n<tr style=\"height: 17.60pt;\">\n<td class=\"et3\" style=\"height: 17.60pt;\" height=\"17\">Typ<\/td>\n<td class=\"et3\">Gummibonbons mit Schokolade<\/td>\n<\/tr>\n<tr style=\"height: 17.60pt;\">\n<td class=\"et3\" style=\"height: 17.60pt;\" height=\"17\">Verpackung<\/td>\n<td class=\"et3\">Box-Verpackung<\/td>\n<\/tr>\n<tr style=\"height: 17.60pt;\">\n<td class=\"et3\" style=\"height: 17.60pt;\" height=\"17\">Spezifikation<\/td>\n<td class=\"et3\">20S\u00e4cke*12Kartons<\/td>\n<\/tr>\n<tr style=\"height: 17.60pt;\">\n<td class=\"et3\" style=\"height: 17.60pt;\" height=\"17\">Gr\u00f6\u00dfe des Kartons<\/td>\n<td class=\"et3\">45,5*33*37,5 cm<\/td>\n<\/tr>\n<tr style=\"height: 17.60pt;\">\n<td class=\"et3\" style=\"height: 17.60pt;\" height=\"17\">N.W \/SET<\/td>\n<td class=\"et3\">14g\uff087pcs\uff0920bags*12boxes<\/td>\n<\/tr>\n<tr style=\"height: 17.60pt;\">\n<td class=\"et3\" style=\"height: 17.60pt;\" height=\"17\">Farbe<\/td>\n<td class=\"et3\">Dunkelheit<\/td>\n<\/tr>\n<tr style=\"height: 17.60pt;\">\n<td class=\"et3\" style=\"height: 17.60pt;\" height=\"17\">MOQ<\/td>\n<td class=\"et3\">500 Kartons<\/td>\n<\/tr>\n<tr style=\"height: 17.60pt;\">\n<td class=\"et3\" style=\"height: 17.60pt;\" height=\"17\">Personalisierung<\/td>\n<td class=\"et3\">Verpackung\/LOGO<\/td>\n<\/tr>\n<\/tbody>\n<\/table>","protected":false},"featured_media":27450,"comment_status":"closed","ping_status":"closed","template":"","meta":[],"product_cat":[75],"product_tag":[],"class_list":{"0":"post-28321","1":"product","2":"type-product","3":"status-publish","4":"has-post-thumbnail","6":"product_cat-wholesale-gummy-chocolate","8":"first","9":"instock","10":"shipping-taxable","11":"product-type-simple"},"_links":{"self":[{"href":"https:\/\/jxgchocolate.com\/de\/wp-json\/wp\/v2\/product\/28321","targetHints":{"allow":["GET"]}}],"collection":[{"href":"https:\/\/jxgchocolate.com\/de\/wp-json\/wp\/v2\/product"}],"about":[{"href":"https:\/\/jxgchocolate.com\/de\/wp-json\/wp\/v2\/types\/product"}],"replies":[{"embeddable":true,"href":"https:\/\/jxgchocolate.com\/de\/wp-json\/wp\/v2\/comments?post=28321"}],"version-history":[{"count":2,"href":"https:\/\/jxgchocolate.com\/de\/wp-json\/wp\/v2\/product\/28321\/revisions"}],"predecessor-version":[{"id":28323,"href":"https:\/\/jxgchocolate.com\/de\/wp-json\/wp\/v2\/product\/28321\/revisions\/28323"}],"wp:featuredmedia":[{"embeddable":true,"href":"https:\/\/jxgchocolate.com\/de\/wp-json\/wp\/v2\/media\/27450"}],"wp:attachment":[{"href":"https:\/\/jxgchocolate.com\/de\/wp-json\/wp\/v2\/media?parent=28321"}],"wp:term":[{"taxonomy":"product_cat","embeddable":true,"href":"https:\/\/jxgchocolate.com\/de\/wp-json\/wp\/v2\/product_cat?post=28321"},{"taxonomy":"product_tag","embeddable":true,"href":"https:\/\/jxgchocolate.com\/de\/wp-json\/wp\/v2\/product_tag?post=28321"}],"curies":[{"name":"wp","href":"https:\/\/api.w.org\/{rel}","templated":true}]}}