{"id":28331,"date":"2024-06-22T01:08:06","date_gmt":"2024-06-22T01:08:06","guid":{"rendered":"https:\/\/jxgchocolate.com\/?post_type=product&#038;p=28331"},"modified":"2024-11-11T06:36:44","modified_gmt":"2024-11-11T06:36:44","slug":"salty-bulk-roasted-peanuts","status":"publish","type":"product","link":"https:\/\/jxgchocolate.com\/de\/produkt\/salty-bulk-roasted-peanuts\/","title":{"rendered":"Salzige ger\u00f6stete Erdn\u00fcsse in loser Sch\u00fcttung mit anpassbarer Verpackung"},"content":{"rendered":"<div class=\"wp-block-columns is-layout-flex wp-container-core-columns-is-layout-9d6595d7 wp-block-columns-is-layout-flex\">\n<div class=\"wp-block-column is-vertically-aligned-center is-layout-flow wp-block-column-is-layout-flow\">\n<h3 class=\"wp-block-heading\">Premium Bulk Roasted Peanuts Merkmale:<\/h3>\n\n\n\n<ol class=\"wp-block-list\">\n<li><strong>Reicher Geschmack: <\/strong>Der pikante Geschmack unserer ger\u00f6steten Erdn\u00fcsse in loser Sch\u00fcttung, die fachm\u00e4nnisch ger\u00f6stet und leicht gesalzen werden, bietet einen herzhaften Snack, der den Hei\u00dfhunger stillt.<\/li>\n\n\n\n<li><strong>Hochwertige Erdn\u00fcsse:<\/strong> Unsere ger\u00f6steten Erdn\u00fcsse werden von erstklassigen Erdnusslieferanten bezogen, wodurch sichergestellt wird, dass unsere ger\u00f6steten Erdn\u00fcsse im Gro\u00dfhandel bei jedem Biss frisch, knackig und geschmacklich hervorragend sind.<\/li>\n\n\n\n<li><strong>Gesundheitliche Vorteile: <\/strong>Unsere ger\u00f6steten Erdn\u00fcsse in loser Sch\u00fcttung sind Kraftpakete, die eine perfekte Menge an Eiwei\u00df, Ballaststoffen und anderen essentiellen N\u00e4hrstoffen enthalten, weshalb sie tats\u00e4chlich zu den gesunden und nahrhaften Snackoptionen geh\u00f6ren.<\/li>\n\n\n\n<li><strong>Anpassbare Verpackung: <\/strong>Lucky Fruit bietet ger\u00f6stete Erdn\u00fcsse im Gro\u00dfhandel an, begleitet von verschiedenen Verpackungsl\u00f6sungen, um das Produkt an Ihre Marke und die Marktanforderungen anzupassen, die Ihr Gesch\u00e4ft attraktiver machen.<\/li>\n<\/ol>\n<\/div>\n\n\n\n<div class=\"wp-block-column is-layout-flow wp-block-column-is-layout-flow\">\n<figure class=\"wp-block-image size-full\"><img fetchpriority=\"high\" decoding=\"async\" width=\"750\" height=\"750\" src=\"https:\/\/jxgchocolate.com\/wp-content\/uploads\/2024\/06\/bulk-roasted-peanuts-wholesale-roasted-peanuts-in-bulk-4.webp\" alt=\"ger\u00f6stete-Erdn\u00fcsse-im-Gro\u00dfhandel-ger\u00f6stete-Erdn\u00fcsse-im-Beh\u00e4lter-4\" class=\"wp-image-28335\" srcset=\"https:\/\/jxgchocolate.com\/wp-content\/uploads\/2024\/06\/bulk-roasted-peanuts-wholesale-roasted-peanuts-in-bulk-4.webp 750w, https:\/\/jxgchocolate.com\/wp-content\/uploads\/2024\/06\/bulk-roasted-peanuts-wholesale-roasted-peanuts-in-bulk-4-300x300.webp 300w, https:\/\/jxgchocolate.com\/wp-content\/uploads\/2024\/06\/bulk-roasted-peanuts-wholesale-roasted-peanuts-in-bulk-4-150x150.webp 150w, https:\/\/jxgchocolate.com\/wp-content\/uploads\/2024\/06\/bulk-roasted-peanuts-wholesale-roasted-peanuts-in-bulk-4-430x430.webp 430w, https:\/\/jxgchocolate.com\/wp-content\/uploads\/2024\/06\/bulk-roasted-peanuts-wholesale-roasted-peanuts-in-bulk-4-700x700.webp 700w\" sizes=\"(max-width: 750px) 100vw, 750px\" \/><\/figure>\n<\/div>\n<\/div>","protected":false},"excerpt":{"rendered":"<p>Willkommen zum Kauf von ger\u00f6steten Erdn\u00fcssen im Gro\u00dfhandel. Unsere salzigen ger\u00f6steten Erdn\u00fcsse bieten einen vollen, w\u00fcrzigen Geschmack mit hochwertigen und frischen Erdn\u00fcssen. Sie enthalten viele Proteine und andere lebenswichtige N\u00e4hrstoffe und sind daher ein sehr gesunder Snack. Da die Verpackung auf Anfrage erfolgt, k\u00f6nnen Sie sie an die Anforderungen Ihrer Marke und Ihres Zielmarktes anpassen, was einen gro\u00dfen Mehrwert f\u00fcr Ihr Unternehmen bedeutet.<\/p>\n<table style=\"border-collapse: collapse; width: 275.02pt;\" border=\"0\" width=\"275\" cellspacing=\"0\" cellpadding=\"0\">\n<tbody>\n<tr style=\"height: 17.60pt;\">\n<td class=\"et3\" style=\"height: 17.60pt; width: 108.35pt;\" width=\"108\" height=\"17\">Hersteller<\/td>\n<td class=\"et3\" style=\"width: 167.10pt;\" width=\"167\">Gl\u00fccksfrucht<\/td>\n<\/tr>\n<tr style=\"height: 17.60pt;\">\n<td class=\"et3\" style=\"height: 17.60pt;\" height=\"17\">MODELL NR.<\/td>\n<td class=\"et3\">JXG20<\/td>\n<\/tr>\n<tr style=\"height: 17.60pt;\">\n<td class=\"et3\" style=\"height: 17.60pt;\" height=\"17\">Typ<\/td>\n<td class=\"et3\">Ger\u00f6stete Erdn\u00fcsse<\/td>\n<\/tr>\n<tr style=\"height: 17.60pt;\">\n<td class=\"et3\" style=\"height: 17.60pt;\" height=\"17\">Verpackung<\/td>\n<td class=\"et3\">Box-Verpackung<\/td>\n<\/tr>\n<tr style=\"height: 17.60pt;\">\n<td class=\"et3\" style=\"height: 17.60pt;\" height=\"17\">Spezifikation<\/td>\n<td class=\"et3\">20pcs*24Beutel<\/td>\n<\/tr>\n<tr style=\"height: 17.60pt;\">\n<td class=\"et3\" style=\"height: 17.60pt;\" height=\"17\">Gr\u00f6\u00dfe des Kartons<\/td>\n<td class=\"et3\">\n<p class=\"p1\">58*37*36cm<\/p>\n<\/td>\n<\/tr>\n<tr style=\"height: 17.60pt;\">\n<td class=\"et3\" style=\"height: 17.60pt;\" height=\"17\">N.W \/SET<\/td>\n<td class=\"et3\">\n<p class=\"p1\">16g*20St\u00fcck*24Beutel<\/p>\n<\/td>\n<\/tr>\n<tr style=\"height: 17.60pt;\">\n<td class=\"et3\" style=\"height: 17.60pt;\" height=\"17\">Farbe<\/td>\n<td class=\"et3\">\/<\/td>\n<\/tr>\n<tr style=\"height: 17.60pt;\">\n<td class=\"et3\" style=\"height: 17.60pt;\" height=\"17\">MOQ<\/td>\n<td class=\"et3\">500 Kartons<\/td>\n<\/tr>\n<tr style=\"height: 17.60pt;\">\n<td class=\"et3\" style=\"height: 17.60pt;\" height=\"17\">Personalisierung<\/td>\n<td class=\"et3\">Verpackung\/LOGO<\/td>\n<\/tr>\n<\/tbody>\n<\/table>","protected":false},"featured_media":28426,"comment_status":"closed","ping_status":"closed","template":"","meta":[],"product_cat":[77],"product_tag":[],"class_list":{"0":"post-28331","1":"product","2":"type-product","3":"status-publish","4":"has-post-thumbnail","6":"product_cat-wholesale-roasted-peanuts","8":"first","9":"instock","10":"shipping-taxable","11":"product-type-simple"},"_links":{"self":[{"href":"https:\/\/jxgchocolate.com\/de\/wp-json\/wp\/v2\/product\/28331","targetHints":{"allow":["GET"]}}],"collection":[{"href":"https:\/\/jxgchocolate.com\/de\/wp-json\/wp\/v2\/product"}],"about":[{"href":"https:\/\/jxgchocolate.com\/de\/wp-json\/wp\/v2\/types\/product"}],"replies":[{"embeddable":true,"href":"https:\/\/jxgchocolate.com\/de\/wp-json\/wp\/v2\/comments?post=28331"}],"version-history":[{"count":0,"href":"https:\/\/jxgchocolate.com\/de\/wp-json\/wp\/v2\/product\/28331\/revisions"}],"wp:featuredmedia":[{"embeddable":true,"href":"https:\/\/jxgchocolate.com\/de\/wp-json\/wp\/v2\/media\/28426"}],"wp:attachment":[{"href":"https:\/\/jxgchocolate.com\/de\/wp-json\/wp\/v2\/media?parent=28331"}],"wp:term":[{"taxonomy":"product_cat","embeddable":true,"href":"https:\/\/jxgchocolate.com\/de\/wp-json\/wp\/v2\/product_cat?post=28331"},{"taxonomy":"product_tag","embeddable":true,"href":"https:\/\/jxgchocolate.com\/de\/wp-json\/wp\/v2\/product_tag?post=28331"}],"curies":[{"name":"wp","href":"https:\/\/api.w.org\/{rel}","templated":true}]}}