{"id":28341,"date":"2024-06-22T01:32:53","date_gmt":"2024-06-22T01:32:53","guid":{"rendered":"https:\/\/jxgchocolate.com\/?post_type=product&#038;p=28341"},"modified":"2025-03-08T05:31:46","modified_gmt":"2025-03-08T05:31:46","slug":"chocolate-popping-candy-in-bulk","status":"publish","type":"product","link":"https:\/\/jxgchocolate.com\/de\/produkt\/chocolate-popping-candy-in-bulk\/","title":{"rendered":"Innovative Schoko-Knallbonbons als Gro\u00dfpackung in individueller Verpackung"},"content":{"rendered":"<div class=\"wp-block-columns is-layout-flex wp-container-core-columns-is-layout-9d6595d7 wp-block-columns-is-layout-flex\">\n<div class=\"wp-block-column is-vertically-aligned-center is-layout-flow wp-block-column-is-layout-flow\">\n<h3 class=\"wp-block-heading\">Premium-Schokoladen-Knallbonbons in gro\u00dfen Mengen Merkmale:<\/h3>\n\n\n\n<ul class=\"wp-block-list\">\n<li><strong>Einzigartiger Geschmack: <\/strong>Unsere Gro\u00dfhandel Schokolade knallt S\u00fc\u00dfigkeiten in loser Sch\u00fcttung kombiniert reichen Schokoladengeschmack und knallt Sensation der S\u00fc\u00dfigkeit zu einem spannenden und faddish Snacking Erfahrung zu produzieren.<\/li>\n\n\n\n<li><strong>Hochwertige Inhaltsstoffe: <\/strong>Unsere gro\u00dfe Knallbonbon-Schokolade wird aus der besten Qualit\u00e4tsschokolade und erstklassigen Knallbonbons hergestellt, um mit jedem Bissen ein k\u00f6stliches und befriedigendes Erlebnis zu bieten.<\/li>\n\n\n\n<li><strong>Universelle Anziehungskraft: <\/strong>Diese Gro\u00dfhandels-Schokoladenbonbons in loser Sch\u00fcttung eignen sich perfekt f\u00fcr Partys, aber auch f\u00fcr den allt\u00e4glichen Verzehr, und sie sprechen sowohl Kinder als auch Erwachsene an.<\/li>\n\n\n\n<li><strong>Adaptive Bulk Choices: <\/strong>Dank der individuell gestaltbaren Gro\u00dfverpackungen kann unsere Knallbonbon-Schokolade an Ihre unterschiedlichen Marken- und Marktanforderungen angepasst werden, wodurch die Produktpalette Ihres Unternehmens aufgewertet wird.<\/li>\n<\/ul>\n<\/div>\n\n\n\n<div class=\"wp-block-column is-layout-flow wp-block-column-is-layout-flow\">\n<figure class=\"wp-block-image size-full\"><img fetchpriority=\"high\" decoding=\"async\" width=\"568\" height=\"568\" src=\"https:\/\/jxgchocolate.com\/wp-content\/uploads\/2024\/04\/29c3788d0b874d25daa266923e2d6649.png\" alt=\"Gro\u00dfhandel-Schokoladen-Knallbonbons in Massenware\" class=\"wp-image-27446\" srcset=\"https:\/\/jxgchocolate.com\/wp-content\/uploads\/2024\/04\/29c3788d0b874d25daa266923e2d6649.png 568w, https:\/\/jxgchocolate.com\/wp-content\/uploads\/2024\/04\/29c3788d0b874d25daa266923e2d6649-300x300.png 300w, https:\/\/jxgchocolate.com\/wp-content\/uploads\/2024\/04\/29c3788d0b874d25daa266923e2d6649-150x150.png 150w, https:\/\/jxgchocolate.com\/wp-content\/uploads\/2024\/04\/29c3788d0b874d25daa266923e2d6649-430x430.png 430w\" sizes=\"(max-width: 568px) 100vw, 568px\" \/><\/figure>\n<\/div>\n<\/div>\n\n\n\n<p><\/p>","protected":false},"excerpt":{"rendered":"<p>Willkommen in der Bulk-Knallbonbons Schokolade kaufen. Unsere Gro\u00dfhandel Schokolade knallt S\u00fc\u00dfigkeiten in loser Sch\u00fcttung ist eine exklusive Kombination aus Schokolade Freude und knallt S\u00fc\u00dfigkeiten Aufregung. Hergestellt mit erstklassigen Zutaten, ist es eine gl\u00fcckliche und angenehme Snacking Erfahrung. F\u00fcr jede Gelegenheit, mit Gro\u00dfpackungsgr\u00f6\u00dfen, um Ihre gesch\u00e4ftlichen Anforderungen zu erf\u00fcllen.<\/p>\n<table style=\"border-collapse: collapse; width: 275.02pt;\" border=\"0\" width=\"275\" cellspacing=\"0\" cellpadding=\"0\">\n<tbody>\n<tr style=\"height: 17.60pt;\">\n<td class=\"et3\" style=\"height: 17.60pt; width: 108.35pt;\" width=\"108\" height=\"17\">Hersteller<\/td>\n<td class=\"et3\" style=\"width: 167.10pt;\" width=\"167\">Gl\u00fccksfrucht<\/td>\n<\/tr>\n<tr style=\"height: 17.60pt;\">\n<td class=\"et3\" style=\"height: 17.60pt;\" height=\"17\">MODELL NR.<\/td>\n<td class=\"et3\">JXG21<\/td>\n<\/tr>\n<tr style=\"height: 17.60pt;\">\n<td class=\"et3\" style=\"height: 17.60pt;\" height=\"17\">Typ<\/td>\n<td class=\"et3\">Knallbonbon-Schokolade<\/td>\n<\/tr>\n<tr style=\"height: 17.60pt;\">\n<td class=\"et3\" style=\"height: 17.60pt;\" height=\"17\">Verpackung<\/td>\n<td class=\"et3\">Box-Verpackung<\/td>\n<\/tr>\n<tr style=\"height: 17.60pt;\">\n<td class=\"et3\" style=\"height: 17.60pt;\" height=\"17\">Spezifikation<\/td>\n<td class=\"et3\">20S\u00e4cke*12Kartons<\/td>\n<\/tr>\n<tr style=\"height: 17.60pt;\">\n<td class=\"et3\" style=\"height: 17.60pt;\" height=\"17\">Gr\u00f6\u00dfe des Kartons<\/td>\n<td class=\"et3\">47*32. 5*20. 5cm<\/td>\n<\/tr>\n<tr style=\"height: 17.60pt;\">\n<td class=\"et3\" style=\"height: 17.60pt;\" height=\"17\">N.W \/SET<\/td>\n<td class=\"et3\">30g*15Beutel*6Kartons<\/td>\n<\/tr>\n<tr style=\"height: 17.60pt;\">\n<td class=\"et3\" style=\"height: 17.60pt;\" height=\"17\">Farbe<\/td>\n<td class=\"et3\">Dunkelheit<\/td>\n<\/tr>\n<tr style=\"height: 17.60pt;\">\n<td class=\"et3\" style=\"height: 17.60pt;\" height=\"17\">MOQ<\/td>\n<td class=\"et3\">500 Kartons<\/td>\n<\/tr>\n<tr style=\"height: 17.60pt;\">\n<td class=\"et3\" style=\"height: 17.60pt;\" height=\"17\">Personalisierung<\/td>\n<td class=\"et3\">Verpackung\/LOGO<\/td>\n<\/tr>\n<\/tbody>\n<\/table>","protected":false},"featured_media":28425,"comment_status":"closed","ping_status":"closed","template":"","meta":[],"product_cat":[76],"product_tag":[],"class_list":{"0":"post-28341","1":"product","2":"type-product","3":"status-publish","4":"has-post-thumbnail","6":"product_cat-wholesale-popping-candy-chocolate","8":"first","9":"instock","10":"shipping-taxable","11":"product-type-simple"},"_links":{"self":[{"href":"https:\/\/jxgchocolate.com\/de\/wp-json\/wp\/v2\/product\/28341","targetHints":{"allow":["GET"]}}],"collection":[{"href":"https:\/\/jxgchocolate.com\/de\/wp-json\/wp\/v2\/product"}],"about":[{"href":"https:\/\/jxgchocolate.com\/de\/wp-json\/wp\/v2\/types\/product"}],"replies":[{"embeddable":true,"href":"https:\/\/jxgchocolate.com\/de\/wp-json\/wp\/v2\/comments?post=28341"}],"version-history":[{"count":4,"href":"https:\/\/jxgchocolate.com\/de\/wp-json\/wp\/v2\/product\/28341\/revisions"}],"predecessor-version":[{"id":29611,"href":"https:\/\/jxgchocolate.com\/de\/wp-json\/wp\/v2\/product\/28341\/revisions\/29611"}],"wp:featuredmedia":[{"embeddable":true,"href":"https:\/\/jxgchocolate.com\/de\/wp-json\/wp\/v2\/media\/28425"}],"wp:attachment":[{"href":"https:\/\/jxgchocolate.com\/de\/wp-json\/wp\/v2\/media?parent=28341"}],"wp:term":[{"taxonomy":"product_cat","embeddable":true,"href":"https:\/\/jxgchocolate.com\/de\/wp-json\/wp\/v2\/product_cat?post=28341"},{"taxonomy":"product_tag","embeddable":true,"href":"https:\/\/jxgchocolate.com\/de\/wp-json\/wp\/v2\/product_tag?post=28341"}],"curies":[{"name":"wp","href":"https:\/\/api.w.org\/{rel}","templated":true}]}}