{"id":28350,"date":"2024-06-22T02:02:36","date_gmt":"2024-06-22T02:02:36","guid":{"rendered":"https:\/\/jxgchocolate.com\/?post_type=product&#038;p=28350"},"modified":"2024-11-02T08:32:34","modified_gmt":"2024-11-02T08:32:34","slug":"milk-chocolate-sunflower-seeds-bulk","status":"publish","type":"product","link":"https:\/\/jxgchocolate.com\/de\/produkt\/milk-chocolate-sunflower-seeds-bulk\/","title":{"rendered":"Sonnenblumenkerne mit Vollmilchschokolade in Gro\u00dfpackungen mit individueller Verpackung"},"content":{"rendered":"<div class=\"wp-block-columns is-layout-flex wp-container-core-columns-is-layout-9d6595d7 wp-block-columns-is-layout-flex\">\n<div class=\"wp-block-column is-layout-flow wp-block-column-is-layout-flow\">\n<h2 class=\"wp-block-heading\">Premium-Milchschokolade Sonnenblumenkerne Bulk Eigenschaften:<\/h2>\n\n\n\n<ul class=\"wp-block-list\">\n<li><strong>Mischen und mischen: <\/strong>Die Frische der cremigen Milchschokolade, kombiniert mit dem Knuspern der ger\u00f6steten Sonnenblumenkerne, macht diese Milchschokolade mit Sonnenblumenkernen zu einem wahren Gaumenschmaus.<\/li>\n\n\n\n<li><strong>Feinste Zutaten:<\/strong> Unsere schokoladen\u00fcberzogenen Sonnenblumenkerne enthalten feinere Milchschokolade und Sonnenblumenkerne von h\u00f6chster Qualit\u00e4t.<\/li>\n\n\n\n<li><strong>Gesunder Snack: <\/strong>Mit einer gesunden Zufuhr von Proteinen, Ballaststoffen und gesunden Fetten aus Sonnenblumenkernen ist diese Milchschokolade mit Sonnenblumenkernen wirklich eine gesunde Snacking-Option.<\/li>\n\n\n\n<li><strong>Bulk-Verpackung verf\u00fcgbar: <\/strong>Zus\u00e4tzlich zu den Gro\u00dfverpackungen k\u00f6nnen wir unsere schokoladen\u00fcberzogenen Sonnenblumenkerne auf Ihre Marke und Ihre Marktbed\u00fcrfnisse zuschneiden, um Ihrem Gesch\u00e4ft mehr Attraktivit\u00e4t zu verleihen.<\/li>\n<\/ul>\n<\/div>\n\n\n\n<div class=\"wp-block-column is-layout-flow wp-block-column-is-layout-flow\">\n<figure class=\"wp-block-image size-full\"><img fetchpriority=\"high\" decoding=\"async\" width=\"4480\" height=\"4649\" src=\"https:\/\/jxgchocolate.com\/wp-content\/uploads\/2024\/06\/milk-chocolate-sunflower-seeds-bulk-1.webp\" alt=\"Milch-Schokolade-Sonnenblumenkerne-Sch\u00fcttgut-1\" class=\"wp-image-28351\" srcset=\"https:\/\/jxgchocolate.com\/wp-content\/uploads\/2024\/06\/milk-chocolate-sunflower-seeds-bulk-1.webp 4480w, https:\/\/jxgchocolate.com\/wp-content\/uploads\/2024\/06\/milk-chocolate-sunflower-seeds-bulk-1-289x300.webp 289w, https:\/\/jxgchocolate.com\/wp-content\/uploads\/2024\/06\/milk-chocolate-sunflower-seeds-bulk-1-768x797.webp 768w, https:\/\/jxgchocolate.com\/wp-content\/uploads\/2024\/06\/milk-chocolate-sunflower-seeds-bulk-1-430x446.webp 430w, https:\/\/jxgchocolate.com\/wp-content\/uploads\/2024\/06\/milk-chocolate-sunflower-seeds-bulk-1-700x726.webp 700w, https:\/\/jxgchocolate.com\/wp-content\/uploads\/2024\/06\/milk-chocolate-sunflower-seeds-bulk-1-150x156.webp 150w\" sizes=\"(max-width: 4480px) 100vw, 4480px\" \/><\/figure>\n<\/div>\n<\/div>","protected":false},"excerpt":{"rendered":"<p>Kaufen Sie Sonnenblumenkerne mit Milchschokolade in gro\u00dfen Mengen, ein Snack, der s\u00fcchtig macht. Jedes dieser Produkte enth\u00e4lt hochwertige Zutaten, nahrhafte Grundstoffe und gesunde Leckereien. Die Verpackungen k\u00f6nnen je nach Marke und Marktanforderungen angepasst werden.<\/p>\n<table width=\"275\">\n<tbody>\n<tr>\n<td width=\"108\">Hersteller<\/td>\n<td width=\"167\">Gl\u00fccksfrucht<\/td>\n<\/tr>\n<tr>\n<td>MODELL NR.<\/td>\n<td>JXG22<\/td>\n<\/tr>\n<tr>\n<td>Typ<\/td>\n<td>Sonnenblumenkerne Schokolade\u00a0<\/td>\n<\/tr>\n<tr>\n<td>Verpackung<\/td>\n<td>Verpackung der Tasche<\/td>\n<\/tr>\n<tr>\n<td>Spezifikation<\/td>\n<td>24 S\u00e4cke<\/td>\n<\/tr>\n<tr>\n<td>Gr\u00f6\u00dfe des Kartons<\/td>\n<td>44*29*27,5 cm<\/td>\n<\/tr>\n<tr>\n<td>N.W \/SET<\/td>\n<td>158g*24Beutel<\/td>\n<\/tr>\n<tr>\n<td>Farbe<\/td>\n<td>Wei\u00df<\/td>\n<\/tr>\n<tr>\n<td>MOQ<\/td>\n<td>500 Kartons<\/td>\n<\/tr>\n<tr>\n<td>Personalisierung<\/td>\n<td>Verpackung\/LOGO<\/td>\n<\/tr>\n<\/tbody>\n<\/table>","protected":false},"featured_media":28429,"comment_status":"closed","ping_status":"closed","template":"","meta":[],"product_cat":[72],"product_tag":[],"class_list":{"0":"post-28350","1":"product","2":"type-product","3":"status-publish","4":"has-post-thumbnail","6":"product_cat-wholesale-chocolate-covered-sunflower-seeds","8":"first","9":"instock","10":"shipping-taxable","11":"product-type-simple"},"_links":{"self":[{"href":"https:\/\/jxgchocolate.com\/de\/wp-json\/wp\/v2\/product\/28350","targetHints":{"allow":["GET"]}}],"collection":[{"href":"https:\/\/jxgchocolate.com\/de\/wp-json\/wp\/v2\/product"}],"about":[{"href":"https:\/\/jxgchocolate.com\/de\/wp-json\/wp\/v2\/types\/product"}],"replies":[{"embeddable":true,"href":"https:\/\/jxgchocolate.com\/de\/wp-json\/wp\/v2\/comments?post=28350"}],"version-history":[{"count":0,"href":"https:\/\/jxgchocolate.com\/de\/wp-json\/wp\/v2\/product\/28350\/revisions"}],"wp:featuredmedia":[{"embeddable":true,"href":"https:\/\/jxgchocolate.com\/de\/wp-json\/wp\/v2\/media\/28429"}],"wp:attachment":[{"href":"https:\/\/jxgchocolate.com\/de\/wp-json\/wp\/v2\/media?parent=28350"}],"wp:term":[{"taxonomy":"product_cat","embeddable":true,"href":"https:\/\/jxgchocolate.com\/de\/wp-json\/wp\/v2\/product_cat?post=28350"},{"taxonomy":"product_tag","embeddable":true,"href":"https:\/\/jxgchocolate.com\/de\/wp-json\/wp\/v2\/product_tag?post=28350"}],"curies":[{"name":"wp","href":"https:\/\/api.w.org\/{rel}","templated":true}]}}