{"id":28357,"date":"2024-06-22T02:12:32","date_gmt":"2024-06-22T02:12:32","guid":{"rendered":"https:\/\/jxgchocolate.com\/?post_type=product&#038;p=28357"},"modified":"2024-11-02T08:42:19","modified_gmt":"2024-11-02T08:42:19","slug":"dark-chocolate-sunflower-seeds-bulk","status":"publish","type":"product","link":"https:\/\/jxgchocolate.com\/de\/produkt\/dark-chocolate-sunflower-seeds-bulk\/","title":{"rendered":"Zartbitterschokolade Sonnenblumenkerne als Bulkware mit kundenspezifischer Verpackung"},"content":{"rendered":"<div class=\"wp-block-columns is-layout-flex wp-container-core-columns-is-layout-9d6595d7 wp-block-columns-is-layout-flex\">\n<div class=\"wp-block-column is-layout-flow wp-block-column-is-layout-flow\">\n<h2 class=\"wp-block-heading\">Premium Dark Chocolate Sonnenblumenkerne Bulk Eigenschaften:<\/h2>\n\n\n\n<ul class=\"wp-block-list\">\n<li><strong>Reicher Geschmack: <\/strong>Die Kombination aus sanftem Zartbitterschokoladengeschmack und der knusprigen Textur der ger\u00f6steten Sonnenblumenkerne - was soll man dazu sagen? Wahrhaft raffinierte und k\u00f6stliche Leckerbissen sind diese Sonnenblumenkerne mit dunkler Schokolade in loser Sch\u00fcttung.<\/li>\n\n\n\n<li><strong>Hochwertige Zutaten: <\/strong>Unsere schokoladen\u00fcberzogenen Sonnenblumenkerne sind eine Kombination aus feinster Zartbitterschokolade und erstklassigen Sonnenblumenkernen, die jeden Bissen so k\u00f6stlich und von h\u00f6chster Qualit\u00e4t machen.<\/li>\n\n\n\n<li><strong>Gesunde Snacking-Option:<\/strong> Mit all den wichtigen N\u00e4hrstoffen wie Eiwei\u00df, Ballaststoffen und Antioxidantien aus unseren Sonnenblumenkernen mit dunkler Schokolade ist es wirklich ein gesunder Genuss.<\/li>\n\n\n\n<li><strong>Anpassbares Paket: <\/strong>Wir liefern Sonnenblumenkerne mit Schokoladen\u00fcberzug in gro\u00dfen Mengen und bieten flexible Verpackungsm\u00f6glichkeiten. Es wird sehr einfach sein, Ihre in Schokolade getauchten Sonnenblumenkerne auf Ihre Marke und Ihren aktuellen Markt zuzuschneiden, um die Promotion zu erleichtern und die Zug\u00e4nglichkeit Ihres Produkts zu erh\u00f6hen.<\/li>\n<\/ul>\n<\/div>\n\n\n\n<div class=\"wp-block-column is-layout-flow wp-block-column-is-layout-flow\">\n<figure class=\"wp-block-image size-full\"><img fetchpriority=\"high\" decoding=\"async\" width=\"4480\" height=\"4480\" src=\"https:\/\/jxgchocolate.com\/wp-content\/uploads\/2024\/06\/dark-chocolate-sunflower-seeds-bulk-4.webp\" alt=\"Zartbitter-Schokolade-Sonnenblumenkerne-Gro\u00dfpackung-4\" class=\"wp-image-28361\" srcset=\"https:\/\/jxgchocolate.com\/wp-content\/uploads\/2024\/06\/dark-chocolate-sunflower-seeds-bulk-4.webp 4480w, https:\/\/jxgchocolate.com\/wp-content\/uploads\/2024\/06\/dark-chocolate-sunflower-seeds-bulk-4-300x300.webp 300w, https:\/\/jxgchocolate.com\/wp-content\/uploads\/2024\/06\/dark-chocolate-sunflower-seeds-bulk-4-150x150.webp 150w, https:\/\/jxgchocolate.com\/wp-content\/uploads\/2024\/06\/dark-chocolate-sunflower-seeds-bulk-4-768x768.webp 768w, https:\/\/jxgchocolate.com\/wp-content\/uploads\/2024\/06\/dark-chocolate-sunflower-seeds-bulk-4-430x430.webp 430w, https:\/\/jxgchocolate.com\/wp-content\/uploads\/2024\/06\/dark-chocolate-sunflower-seeds-bulk-4-700x700.webp 700w\" sizes=\"(max-width: 4480px) 100vw, 4480px\" \/><\/figure>\n<\/div>\n<\/div>","protected":false},"excerpt":{"rendered":"<p>Willkommen zum Kauf von Schokoladensnacks von Lucky Fruit. Unsere Sonnenblumenkerne mit Zartbitterschokolade vereinen den reichhaltigen und milden Geschmack von Zartbitterschokolade mit der knusprigen Textur von ger\u00f6steten Sonnenblumenkernen. Sie werden mit einer feinen Auswahl an Zutaten zubereitet, um einen gesunden Snack mit vielen wichtigen N\u00e4hrstoffen zu bieten. Sie k\u00f6nnen das Paket nach Ihren Bed\u00fcrfnissen zusammenstellen.<\/p>\n<table width=\"275\">\n<tbody>\n<tr>\n<td width=\"108\">Hersteller<\/td>\n<td width=\"167\">Gl\u00fccksfrucht<\/td>\n<\/tr>\n<tr>\n<td>MODELL NR.<\/td>\n<td>JXG23<\/td>\n<\/tr>\n<tr>\n<td>Typ<\/td>\n<td>Sonnenblumenkerne Schokolade\u00a0<\/td>\n<\/tr>\n<tr>\n<td>Verpackung<\/td>\n<td>Verpackung der Tasche<\/td>\n<\/tr>\n<tr>\n<td>Spezifikation<\/td>\n<td>24 S\u00e4cke<\/td>\n<\/tr>\n<tr>\n<td>Gr\u00f6\u00dfe des Kartons<\/td>\n<td>44*29*27,5 cm<\/td>\n<\/tr>\n<tr>\n<td>N.W \/SET<\/td>\n<td>158g*24Beutel<\/td>\n<\/tr>\n<tr>\n<td>Farbe<\/td>\n<td>Dunkelheit<\/td>\n<\/tr>\n<tr>\n<td>MOQ<\/td>\n<td>500 Kartons<\/td>\n<\/tr>\n<tr>\n<td>Personalisierung<\/td>\n<td>Verpackung\/LOGO<\/td>\n<\/tr>\n<\/tbody>\n<\/table>","protected":false},"featured_media":28430,"comment_status":"closed","ping_status":"closed","template":"","meta":[],"product_cat":[72],"product_tag":[],"class_list":{"0":"post-28357","1":"product","2":"type-product","3":"status-publish","4":"has-post-thumbnail","6":"product_cat-wholesale-chocolate-covered-sunflower-seeds","8":"first","9":"instock","10":"shipping-taxable","11":"product-type-simple"},"_links":{"self":[{"href":"https:\/\/jxgchocolate.com\/de\/wp-json\/wp\/v2\/product\/28357","targetHints":{"allow":["GET"]}}],"collection":[{"href":"https:\/\/jxgchocolate.com\/de\/wp-json\/wp\/v2\/product"}],"about":[{"href":"https:\/\/jxgchocolate.com\/de\/wp-json\/wp\/v2\/types\/product"}],"replies":[{"embeddable":true,"href":"https:\/\/jxgchocolate.com\/de\/wp-json\/wp\/v2\/comments?post=28357"}],"version-history":[{"count":0,"href":"https:\/\/jxgchocolate.com\/de\/wp-json\/wp\/v2\/product\/28357\/revisions"}],"wp:featuredmedia":[{"embeddable":true,"href":"https:\/\/jxgchocolate.com\/de\/wp-json\/wp\/v2\/media\/28430"}],"wp:attachment":[{"href":"https:\/\/jxgchocolate.com\/de\/wp-json\/wp\/v2\/media?parent=28357"}],"wp:term":[{"taxonomy":"product_cat","embeddable":true,"href":"https:\/\/jxgchocolate.com\/de\/wp-json\/wp\/v2\/product_cat?post=28357"},{"taxonomy":"product_tag","embeddable":true,"href":"https:\/\/jxgchocolate.com\/de\/wp-json\/wp\/v2\/product_tag?post=28357"}],"curies":[{"name":"wp","href":"https:\/\/api.w.org\/{rel}","templated":true}]}}