{"id":28365,"date":"2024-06-22T02:25:03","date_gmt":"2024-06-22T02:25:03","guid":{"rendered":"https:\/\/jxgchocolate.com\/?post_type=product&#038;p=28365"},"modified":"2025-03-08T05:45:57","modified_gmt":"2025-03-08T05:45:57","slug":"bulk-milk-chocolate-covered-peanuts","status":"publish","type":"product","link":"https:\/\/jxgchocolate.com\/de\/produkt\/bulk-milk-chocolate-covered-peanuts\/","title":{"rendered":"Gro\u00dfpackung Erdn\u00fcsse mit Vollmilchschokolade \u00fcberzogen in Einzelverpackung"},"content":{"rendered":"<div class=\"wp-block-columns is-layout-flex wp-container-core-columns-is-layout-9d6595d7 wp-block-columns-is-layout-flex\">\n<div class=\"wp-block-column is-layout-flow wp-block-column-is-layout-flow\">\n<h2 class=\"wp-block-heading\">Premium Bulk Milk Chocolate Covered Peanuts Merkmale:<\/h2>\n\n\n\n<ul class=\"wp-block-list\">\n<li><strong>Reichhaltiger und reicher Geschmack: <\/strong>Unsere mit Vollmilchschokolade \u00fcberzogenen Erdn\u00fcsse sind mit einer Schicht aus zarter Vollmilchschokolade \u00fcberzogen. Es bringt einen doppelten Geschmack - die milde S\u00fc\u00dfe der Schokolade und den knackigen Geschmack der Erdn\u00fcsse, die sich perfekt im Mund vermischen.<\/li>\n\n\n\n<li><strong>W\u00e4hlen Sie hochwertige Zutaten: <\/strong>Wir w\u00e4hlen die feinsten, ganz frischen Erdn\u00fcsse von hoher Qualit\u00e4t aus und schmelzen sie dann in zarter, hochwertiger Milchschokolade, um die Frische zu perfektionieren, die n\u00f6tig ist, um jede einzelne, in Schokolade getauchte Erdnuss mit Knackigkeit und reichem Schokoladengeschmack auszustatten.<\/li>\n\n\n\n<li><strong>Flexible kundenspezifische Verpackung: <\/strong>F\u00fcr lose Erdn\u00fcsse mit Milchschokolade haben wir eine Reihe von ma\u00dfgeschneiderten Verpackungen, wie z. B. Geschenkschachteln, individuelle Kleinverpackungen und Gro\u00dfverpackungen, die den unterschiedlichen Bed\u00fcrfnissen von Marken und Kunden gerecht werden. Ob f\u00fcr Einzelhandelsverpackungen oder Geschenkanpassungen f\u00fcr besondere Anl\u00e4sse, Sie k\u00f6nnen eine einzigartige Verpackungsart entwerfen, die auf Ihrer Markenpositionierung und Ihren Marktanforderungen basiert.<\/li>\n\n\n\n<li><strong>Lieferung in gro\u00dfen Mengen, geeignet f\u00fcr eine Vielzahl gewerblicher Anwendungen: <\/strong>Unsere doppelt getauchten Erdn\u00fcsse mit Schokoladen\u00fcberzug eignen sich f\u00fcr den Einkauf in gro\u00dfen Mengen. Egal, ob Sie ein Supermarkt, ein Geschenkeladen oder ein Lebensmitteleinzelh\u00e4ndler sind, unsere Produkte erm\u00f6glichen Ihnen eine stabile Versorgung und einen effizienten Service, der die Beschaffung in gro\u00dfem Ma\u00dfstab zufriedenstellt.<\/li>\n<\/ul>\n<\/div>\n\n\n\n<div class=\"wp-block-column is-layout-flow wp-block-column-is-layout-flow\">\n<figure class=\"wp-block-image size-full\"><img fetchpriority=\"high\" decoding=\"async\" width=\"3873\" height=\"3873\" src=\"https:\/\/jxgchocolate.com\/wp-content\/uploads\/2024\/06\/bulk-milk-chocolate-covered-peanuts-2.webp\" alt=\"Sch\u00fcttgut-Milch-Schokolade-\u00fcberzogene-Erdn\u00fcsse-2\" class=\"wp-image-28367\" srcset=\"https:\/\/jxgchocolate.com\/wp-content\/uploads\/2024\/06\/bulk-milk-chocolate-covered-peanuts-2.webp 3873w, https:\/\/jxgchocolate.com\/wp-content\/uploads\/2024\/06\/bulk-milk-chocolate-covered-peanuts-2-300x300.webp 300w, https:\/\/jxgchocolate.com\/wp-content\/uploads\/2024\/06\/bulk-milk-chocolate-covered-peanuts-2-150x150.webp 150w, https:\/\/jxgchocolate.com\/wp-content\/uploads\/2024\/06\/bulk-milk-chocolate-covered-peanuts-2-768x768.webp 768w, https:\/\/jxgchocolate.com\/wp-content\/uploads\/2024\/06\/bulk-milk-chocolate-covered-peanuts-2-430x430.webp 430w, https:\/\/jxgchocolate.com\/wp-content\/uploads\/2024\/06\/bulk-milk-chocolate-covered-peanuts-2-700x700.webp 700w\" sizes=\"(max-width: 3873px) 100vw, 3873px\" \/><\/figure>\n<\/div>\n<\/div>\n\n\n\n<p><\/p>","protected":false},"excerpt":{"rendered":"<p>Kaufen Sie lose Erdn\u00fcsse mit Schokolade. Unsere mit Vollmilchschokolade \u00fcberzogenen Erdn\u00fcsse sind eine perfekte Mischung aus knusprigen Erdn\u00fcssen und zarter Vollmilchschokolade, die Ihnen den ultimativen k\u00f6stlichen Doppelgenuss beschert. Die Beschaffung im Gro\u00dfhandel wird unterst\u00fctzt, und die Verpackung kann flexibel angepasst werden. Sie eignet sich f\u00fcr den Einzelhandel, f\u00fcr Geschenke und f\u00fcr den Einkauf in Unternehmen und hilft Ihnen, bei verschiedenen gesch\u00e4ftlichen Anl\u00e4ssen aufzufallen.<\/p>\n<table width=\"275\">\n<tbody>\n<tr>\n<td width=\"108\">Hersteller<\/td>\n<td width=\"167\">Gl\u00fccksfrucht<\/td>\n<\/tr>\n<tr>\n<td>MODELL NR.<\/td>\n<td>JXG24<\/td>\n<\/tr>\n<tr>\n<td>Typ<\/td>\n<td>Schokoladen-Erdn\u00fcsse<\/td>\n<\/tr>\n<tr>\n<td>Verpackung<\/td>\n<td>Verpackung der Tasche<\/td>\n<\/tr>\n<tr>\n<td>Spezifikation<\/td>\n<td>24 S\u00e4cke<\/td>\n<\/tr>\n<tr>\n<td>Gr\u00f6\u00dfe des Kartons<\/td>\n<td>44*29*27,5 cm<\/td>\n<\/tr>\n<tr>\n<td>N.W \/SET<\/td>\n<td>158g*24Beutel<\/td>\n<\/tr>\n<tr>\n<td>Farbe<\/td>\n<td>Wei\u00df<\/td>\n<\/tr>\n<tr>\n<td>MOQ<\/td>\n<td>500 Kartons<\/td>\n<\/tr>\n<tr>\n<td>Personalisierung<\/td>\n<td>Verpackung\/LOGO<\/td>\n<\/tr>\n<\/tbody>\n<\/table>","protected":false},"featured_media":28428,"comment_status":"closed","ping_status":"closed","template":"","meta":[],"product_cat":[73],"product_tag":[],"class_list":{"0":"post-28365","1":"product","2":"type-product","3":"status-publish","4":"has-post-thumbnail","6":"product_cat-wholesale-chocolate-covered-peanuts","8":"first","9":"instock","10":"shipping-taxable","11":"product-type-simple"},"_links":{"self":[{"href":"https:\/\/jxgchocolate.com\/de\/wp-json\/wp\/v2\/product\/28365","targetHints":{"allow":["GET"]}}],"collection":[{"href":"https:\/\/jxgchocolate.com\/de\/wp-json\/wp\/v2\/product"}],"about":[{"href":"https:\/\/jxgchocolate.com\/de\/wp-json\/wp\/v2\/types\/product"}],"replies":[{"embeddable":true,"href":"https:\/\/jxgchocolate.com\/de\/wp-json\/wp\/v2\/comments?post=28365"}],"version-history":[{"count":5,"href":"https:\/\/jxgchocolate.com\/de\/wp-json\/wp\/v2\/product\/28365\/revisions"}],"predecessor-version":[{"id":29616,"href":"https:\/\/jxgchocolate.com\/de\/wp-json\/wp\/v2\/product\/28365\/revisions\/29616"}],"wp:featuredmedia":[{"embeddable":true,"href":"https:\/\/jxgchocolate.com\/de\/wp-json\/wp\/v2\/media\/28428"}],"wp:attachment":[{"href":"https:\/\/jxgchocolate.com\/de\/wp-json\/wp\/v2\/media?parent=28365"}],"wp:term":[{"taxonomy":"product_cat","embeddable":true,"href":"https:\/\/jxgchocolate.com\/de\/wp-json\/wp\/v2\/product_cat?post=28365"},{"taxonomy":"product_tag","embeddable":true,"href":"https:\/\/jxgchocolate.com\/de\/wp-json\/wp\/v2\/product_tag?post=28365"}],"curies":[{"name":"wp","href":"https:\/\/api.w.org\/{rel}","templated":true}]}}