{"id":28373,"date":"2024-06-22T02:33:36","date_gmt":"2024-06-22T02:33:36","guid":{"rendered":"https:\/\/jxgchocolate.com\/?post_type=product&#038;p=28373"},"modified":"2024-11-09T08:05:27","modified_gmt":"2024-11-09T08:05:27","slug":"wholesale-dark-chocolate-coated-peanuts","status":"publish","type":"product","link":"https:\/\/jxgchocolate.com\/de\/produkt\/wholesale-dark-chocolate-coated-peanuts\/","title":{"rendered":"Gro\u00dfhandel mit dunkler Schokolade \u00fcberzogene Erdn\u00fcsse mit kundenspezifischer Verpackung"},"content":{"rendered":"<div class=\"wp-block-columns is-layout-flex wp-container-core-columns-is-layout-9d6595d7 wp-block-columns-is-layout-flex\">\n<div class=\"wp-block-column is-layout-flow wp-block-column-is-layout-flow\">\n<h2 class=\"wp-block-heading\">Premium Gro\u00dfhandel dunkle Schokolade \u00fcberzogen Erdn\u00fcsse Merkmale:<\/h2>\n\n\n\n<ul class=\"wp-block-list\">\n<li><strong>Komplexe Geschmacksmischung:<\/strong> Von der Reichhaltigkeit des Geschmacks in unserem Gro\u00dfhandel dunkle Schokolade, um die Knusprigkeit der ger\u00f6steten Erdn\u00fcsse, diese k\u00f6stlichen Gro\u00dfhandel dunkle Schokolade \u00fcberzogen Erdn\u00fcsse schaffen die meisten k\u00f6stlichen Momente Naschen.<\/li>\n\n\n\n<li><strong>Hochwertige Zutaten:<\/strong> Diese schokoladen\u00fcberzogenen Erdn\u00fcsse werden aus hochwertiger Zartbitterschokolade und Premium-Erdn\u00fcssen hergestellt, die die Konsistenz jedes einzelnen St\u00fccks aufrechterhalten und den Verbrauchern einen hervorragenden Geschmack bieten.<\/li>\n\n\n\n<li><strong>Gesundes Naschen:<\/strong> Unter den ges\u00fcnderen Optionen von Snacks, unsere Gro\u00dfhandel dunkle Schokolade umh\u00fcllt Erdn\u00fcsse macht sie gut von den Verbrauchern beliebt, weil es eine Beschichtung von dunkler Schokolade mit Eiwei\u00df, Ballaststoffen und Antioxidantien angereichert enth\u00e4lt.<\/li>\n\n\n\n<li><strong>Sch\u00fcttgut und flexible Verpackungen: <\/strong>Unsere schokoladen\u00fcberzogenen Erdn\u00fcsse in loser Sch\u00fcttung bieten flexible, kundenspezifische Verpackungsoptionen, die Marken dabei helfen, ihre Marke auf vielf\u00e4ltige Weise zu vermarkten, um die vielen Bed\u00fcrfnisse des Marktes zu erf\u00fcllen.<\/li>\n<\/ul>\n<\/div>\n\n\n\n<div class=\"wp-block-column is-layout-flow wp-block-column-is-layout-flow\">\n<figure class=\"wp-block-image size-full\"><img fetchpriority=\"high\" decoding=\"async\" width=\"4480\" height=\"4480\" src=\"https:\/\/jxgchocolate.com\/wp-content\/uploads\/2024\/06\/wholesale-dark-chocolate-coated-peanuts-2.webp\" alt=\"Gro\u00dfhandel-Dunkelschokolade-\u00fcberzogene-Erdn\u00fcsse-2\" class=\"wp-image-28375\" srcset=\"https:\/\/jxgchocolate.com\/wp-content\/uploads\/2024\/06\/wholesale-dark-chocolate-coated-peanuts-2.webp 4480w, https:\/\/jxgchocolate.com\/wp-content\/uploads\/2024\/06\/wholesale-dark-chocolate-coated-peanuts-2-300x300.webp 300w, https:\/\/jxgchocolate.com\/wp-content\/uploads\/2024\/06\/wholesale-dark-chocolate-coated-peanuts-2-150x150.webp 150w, https:\/\/jxgchocolate.com\/wp-content\/uploads\/2024\/06\/wholesale-dark-chocolate-coated-peanuts-2-768x768.webp 768w, https:\/\/jxgchocolate.com\/wp-content\/uploads\/2024\/06\/wholesale-dark-chocolate-coated-peanuts-2-430x430.webp 430w, https:\/\/jxgchocolate.com\/wp-content\/uploads\/2024\/06\/wholesale-dark-chocolate-coated-peanuts-2-700x700.webp 700w\" sizes=\"(max-width: 4480px) 100vw, 4480px\" \/><\/figure>\n<\/div>\n<\/div>\n\n\n\n<p><\/p>","protected":false},"excerpt":{"rendered":"<p>Kaufen Sie Erdn\u00fcsse mit Schokoladen\u00fcberzug in gro\u00dfen Mengen. Unsere mit Zartbitterschokolade \u00fcberzogenen Erdn\u00fcsse mischen die beste Zartbitterschokolade mit knackigen ger\u00f6steten Erdn\u00fcssen zu einem raffinierten und dennoch k\u00f6stlichen Snack. Die Produkte werden aus hochwertigen Zutaten hergestellt und sind nahrhaft, gesund und lecker. Wir k\u00f6nnen alle Arten von kundenspezifischen Verpackungen anbieten, die Ihren Anforderungen an Branding und Marketing entsprechen.<\/p>\n<table width=\"275\">\n<tbody>\n<tr>\n<td width=\"108\">Hersteller<\/td>\n<td width=\"167\">Gl\u00fccksfrucht<\/td>\n<\/tr>\n<tr>\n<td>MODELL NR.<\/td>\n<td>JXG25<\/td>\n<\/tr>\n<tr>\n<td>Typ<\/td>\n<td>Schokoladen-Erdn\u00fcsse<\/td>\n<\/tr>\n<tr>\n<td>Verpackung<\/td>\n<td>Verpackung der Tasche<\/td>\n<\/tr>\n<tr>\n<td>Spezifikation<\/td>\n<td>24 S\u00e4cke<\/td>\n<\/tr>\n<tr>\n<td>Gr\u00f6\u00dfe des Kartons<\/td>\n<td>44*29*27,5 cm<\/td>\n<\/tr>\n<tr>\n<td>N.W \/SET<\/td>\n<td>158g*24Beutel<\/td>\n<\/tr>\n<tr>\n<td>Farbe<\/td>\n<td>Dunkelheit<\/td>\n<\/tr>\n<tr>\n<td>MOQ<\/td>\n<td>500 Kartons<\/td>\n<\/tr>\n<tr>\n<td>Personalisierung<\/td>\n<td>Verpackung\/LOGO<\/td>\n<\/tr>\n<\/tbody>\n<\/table>","protected":false},"featured_media":28427,"comment_status":"closed","ping_status":"closed","template":"","meta":[],"product_cat":[73],"product_tag":[],"class_list":{"0":"post-28373","1":"product","2":"type-product","3":"status-publish","4":"has-post-thumbnail","6":"product_cat-wholesale-chocolate-covered-peanuts","8":"first","9":"instock","10":"shipping-taxable","11":"product-type-simple"},"_links":{"self":[{"href":"https:\/\/jxgchocolate.com\/de\/wp-json\/wp\/v2\/product\/28373","targetHints":{"allow":["GET"]}}],"collection":[{"href":"https:\/\/jxgchocolate.com\/de\/wp-json\/wp\/v2\/product"}],"about":[{"href":"https:\/\/jxgchocolate.com\/de\/wp-json\/wp\/v2\/types\/product"}],"replies":[{"embeddable":true,"href":"https:\/\/jxgchocolate.com\/de\/wp-json\/wp\/v2\/comments?post=28373"}],"version-history":[{"count":0,"href":"https:\/\/jxgchocolate.com\/de\/wp-json\/wp\/v2\/product\/28373\/revisions"}],"wp:featuredmedia":[{"embeddable":true,"href":"https:\/\/jxgchocolate.com\/de\/wp-json\/wp\/v2\/media\/28427"}],"wp:attachment":[{"href":"https:\/\/jxgchocolate.com\/de\/wp-json\/wp\/v2\/media?parent=28373"}],"wp:term":[{"taxonomy":"product_cat","embeddable":true,"href":"https:\/\/jxgchocolate.com\/de\/wp-json\/wp\/v2\/product_cat?post=28373"},{"taxonomy":"product_tag","embeddable":true,"href":"https:\/\/jxgchocolate.com\/de\/wp-json\/wp\/v2\/product_tag?post=28373"}],"curies":[{"name":"wp","href":"https:\/\/api.w.org\/{rel}","templated":true}]}}