{"id":28432,"date":"2024-06-29T07:19:36","date_gmt":"2024-06-29T07:19:36","guid":{"rendered":"https:\/\/jxgchocolate.com\/?post_type=product&#038;p=28432"},"modified":"2024-11-02T08:54:54","modified_gmt":"2024-11-02T08:54:54","slug":"bulk-chocolate-covered-sunflower-seeds","status":"publish","type":"product","link":"https:\/\/jxgchocolate.com\/de\/produkt\/bulk-chocolate-covered-sunflower-seeds\/","title":{"rendered":"Lose Sonnenblumenkerne mit Schokoladen\u00fcberzug in mehreren Farben"},"content":{"rendered":"<div class=\"wp-block-columns is-layout-flex wp-container-core-columns-is-layout-9d6595d7 wp-block-columns-is-layout-flex\">\n<div class=\"wp-block-column is-layout-flow wp-block-column-is-layout-flow\">\n<h2 class=\"wp-block-heading\">Premium Bulk Sonnenblumenkerne mit Schokoladen\u00fcberzug Merkmale:<\/h2>\n\n\n\n<ul class=\"wp-block-list\">\n<li><strong>Bunte Vielfalt: <\/strong>Unsere schokoladen\u00fcberzogenen Sonnenblumenkerne sind mit verschiedenen schillernden, mehrfarbigen \u00dcberz\u00fcgen versehen, die das Auge erfreuen.<\/li>\n\n\n\n<li><strong>Schmeckt gut und ist gesund:<\/strong> Unsere Schokoladen-Sonnenblumenkerne f\u00fcr den Gro\u00dfhandel vereinen knackige Sonnenblumenkerne und zarte Schokolade - eine gro\u00dfartige Kombination aus Geschmack und Gesundheit.<\/li>\n\n\n\n<li><strong>Perfekter Genuss:<\/strong> Von Partys und Hochzeiten bis hin zu Firmenveranstaltungen - diese farbenfrohen Leckerbissen aus schokoladen\u00fcberzogenen Sonnenblumenkernen bringen Spa\u00df und Festlichkeit in jede Art von Zusammenkunft.<\/li>\n\n\n\n<li><strong>Individuelles Snack-Paket:<\/strong> Dies ist ein Gro\u00dfhandelspaket Schokoladen-Sonnenblumenkerne, die Sie voll auf Lager zu halten, nie ausgehen, sei es High-Volume-Unternehmen, Caterer, Veranstaltungen, oder Gro\u00dfhandel.<\/li>\n<\/ul>\n<\/div>\n\n\n\n<div class=\"wp-block-column is-layout-flow wp-block-column-is-layout-flow\">\n<figure class=\"wp-block-image size-full\"><img fetchpriority=\"high\" decoding=\"async\" width=\"1696\" height=\"1696\" src=\"https:\/\/jxgchocolate.com\/wp-content\/uploads\/2024\/06\/bulk-chocolate-covered-sunflower-seeds-3.webp\" alt=\"Sonnenblumenkerne mit Schokoladen\u00fcberzug-3\" class=\"wp-image-28435\" srcset=\"https:\/\/jxgchocolate.com\/wp-content\/uploads\/2024\/06\/bulk-chocolate-covered-sunflower-seeds-3.webp 1696w, https:\/\/jxgchocolate.com\/wp-content\/uploads\/2024\/06\/bulk-chocolate-covered-sunflower-seeds-3-300x300.webp 300w, https:\/\/jxgchocolate.com\/wp-content\/uploads\/2024\/06\/bulk-chocolate-covered-sunflower-seeds-3-150x150.webp 150w, https:\/\/jxgchocolate.com\/wp-content\/uploads\/2024\/06\/bulk-chocolate-covered-sunflower-seeds-3-768x768.webp 768w, https:\/\/jxgchocolate.com\/wp-content\/uploads\/2024\/06\/bulk-chocolate-covered-sunflower-seeds-3-430x430.webp 430w, https:\/\/jxgchocolate.com\/wp-content\/uploads\/2024\/06\/bulk-chocolate-covered-sunflower-seeds-3-700x700.webp 700w\" sizes=\"(max-width: 1696px) 100vw, 1696px\" \/><\/figure>\n<\/div>\n<\/div>\n\n\n\n<p><\/p>","protected":false},"excerpt":{"rendered":"<p>Kaufen Sie Gro\u00dfhandel Schokolade Sonnenblumenkerne aus der Fabrik. Ges\u00fc\u00dft mit dem Reichtum und der Geschmeidigkeit von Schokolade, f\u00fcgen unsere schokoladen\u00fcberzogenen Sonnenblumenkerne eine knusprige Textur aufgrund von ger\u00f6steten Sonnenblumenkernen hinzu. Sie werden aus hochwertigen Zutaten hergestellt und sind gesunde Snacks mit vielen wichtigen N\u00e4hrstoffen.<\/p>\n<table width=\"275\">\n<tbody>\n<tr>\n<td width=\"108\">Hersteller<\/td>\n<td width=\"167\">Gl\u00fccksfrucht<\/td>\n<\/tr>\n<tr>\n<td>MODELL NR.<\/td>\n<td>JXG26<\/td>\n<\/tr>\n<tr>\n<td>Typ<\/td>\n<td>Sonnenblumenkerne Schokolade\u00a0<\/td>\n<\/tr>\n<tr>\n<td>Verpackung<\/td>\n<td>Verpackung der Tasche<\/td>\n<\/tr>\n<tr>\n<td>Spezifikation<\/td>\n<td>20S\u00e4cke*12Kartons<\/td>\n<\/tr>\n<tr>\n<td>Gr\u00f6\u00dfe des Kartons<\/td>\n<td>55*23*36cm<\/td>\n<\/tr>\n<tr>\n<td>N.W \/SET<\/td>\n<td>28g*20Beutel*12Kartons<\/td>\n<\/tr>\n<tr>\n<td>Farbe<\/td>\n<td>Mehrere Farben<\/td>\n<\/tr>\n<tr>\n<td>MOQ<\/td>\n<td>500 Kartons<\/td>\n<\/tr>\n<tr>\n<td>Personalisierung<\/td>\n<td>Verpackung\/LOGO<\/td>\n<\/tr>\n<\/tbody>\n<\/table>","protected":false},"featured_media":28433,"comment_status":"closed","ping_status":"closed","template":"","meta":[],"product_cat":[72],"product_tag":[],"class_list":{"0":"post-28432","1":"product","2":"type-product","3":"status-publish","4":"has-post-thumbnail","6":"product_cat-wholesale-chocolate-covered-sunflower-seeds","8":"first","9":"instock","10":"shipping-taxable","11":"product-type-simple"},"_links":{"self":[{"href":"https:\/\/jxgchocolate.com\/de\/wp-json\/wp\/v2\/product\/28432","targetHints":{"allow":["GET"]}}],"collection":[{"href":"https:\/\/jxgchocolate.com\/de\/wp-json\/wp\/v2\/product"}],"about":[{"href":"https:\/\/jxgchocolate.com\/de\/wp-json\/wp\/v2\/types\/product"}],"replies":[{"embeddable":true,"href":"https:\/\/jxgchocolate.com\/de\/wp-json\/wp\/v2\/comments?post=28432"}],"version-history":[{"count":5,"href":"https:\/\/jxgchocolate.com\/de\/wp-json\/wp\/v2\/product\/28432\/revisions"}],"predecessor-version":[{"id":29018,"href":"https:\/\/jxgchocolate.com\/de\/wp-json\/wp\/v2\/product\/28432\/revisions\/29018"}],"wp:featuredmedia":[{"embeddable":true,"href":"https:\/\/jxgchocolate.com\/de\/wp-json\/wp\/v2\/media\/28433"}],"wp:attachment":[{"href":"https:\/\/jxgchocolate.com\/de\/wp-json\/wp\/v2\/media?parent=28432"}],"wp:term":[{"taxonomy":"product_cat","embeddable":true,"href":"https:\/\/jxgchocolate.com\/de\/wp-json\/wp\/v2\/product_cat?post=28432"},{"taxonomy":"product_tag","embeddable":true,"href":"https:\/\/jxgchocolate.com\/de\/wp-json\/wp\/v2\/product_tag?post=28432"}],"curies":[{"name":"wp","href":"https:\/\/api.w.org\/{rel}","templated":true}]}}