{"id":28443,"date":"2024-06-29T07:47:26","date_gmt":"2024-06-29T07:47:26","guid":{"rendered":"https:\/\/jxgchocolate.com\/?post_type=product&#038;p=28443"},"modified":"2024-11-11T02:57:16","modified_gmt":"2024-11-11T02:57:16","slug":"chocolate-gummy-wholesale","status":"publish","type":"product","link":"https:\/\/jxgchocolate.com\/de\/produkt\/chocolate-gummy-wholesale\/","title":{"rendered":"Pfirsich Geschmack Schokolade Gummib\u00e4rchen Gro\u00dfhandel mit Barrel Verpackung"},"content":{"rendered":"<div class=\"wp-block-columns is-layout-flex wp-container-core-columns-is-layout-9d6595d7 wp-block-columns-is-layout-flex\">\n<div class=\"wp-block-column is-vertically-aligned-center is-layout-flow wp-block-column-is-layout-flow\">\n<h3 class=\"wp-block-heading\">Premium-Schokoladen-Gummi-Gro\u00dfhandel Merkmale:<\/h3>\n\n\n\n<ol class=\"wp-block-list\">\n<li><strong>Einzigartige Geschmackskombination: <\/strong>Befriedigen Sie die Versuchung mit der unvermeidlichen Kombination aus saftigem Pfirsichgeschmack und reicher Schokolade. Dieser Schokoladengummi-Gro\u00dfhandel bietet etwas, was kein anderes Gummi auf dem Markt kann.<\/li>\n\n\n\n<li><strong>Ansprechende Fassverpackung: <\/strong>Alle unsere Gummischokoladenkugeln im Gro\u00dfhandel werden in einer praktischen und ansprechenden Fassverpackung geliefert, die sich leicht aufbewahren l\u00e4sst und in jeder Einzelhandelsumgebung gut zur Geltung kommt.<\/li>\n\n\n\n<li><strong>Optionen f\u00fcr den Gro\u00dfhandel: <\/strong>Unser Schokoladengummi-Gro\u00dfhandel ist ideal f\u00fcr Unternehmen und sorgt daf\u00fcr, dass Sie sich angesichts der hohen Nachfrage nach diesen S\u00fc\u00dfigkeiten zu einem g\u00fcnstigen Preis eindecken k\u00f6nnen.<\/li>\n\n\n\n<li><strong>Perfekt f\u00fcr alle Anl\u00e4sse:<\/strong> Perfekt f\u00fcr Party Gef\u00e4lligkeiten, Geschenke, oder eine einfache Leckerei zu erhellen jedermanns Tag, diese Pfirsich-Geschmack gummy Schokolade Kugeln Gro\u00dfhandel wird perfekt f\u00fcr jeden Anlass.<\/li>\n<\/ol>\n<\/div>\n\n\n\n<div class=\"wp-block-column is-layout-flow wp-block-column-is-layout-flow\">\n<figure class=\"wp-block-image size-full\"><img fetchpriority=\"high\" decoding=\"async\" width=\"1500\" height=\"1500\" src=\"https:\/\/jxgchocolate.com\/wp-content\/uploads\/2024\/06\/1.webp\" alt=\"pfirsich-geschmack-schokolade-gummi-grosshandel-mit-fass-verpackung\" class=\"wp-image-28444\" srcset=\"https:\/\/jxgchocolate.com\/wp-content\/uploads\/2024\/06\/1.webp 1500w, https:\/\/jxgchocolate.com\/wp-content\/uploads\/2024\/06\/1-300x300.webp 300w, https:\/\/jxgchocolate.com\/wp-content\/uploads\/2024\/06\/1-150x150.webp 150w, https:\/\/jxgchocolate.com\/wp-content\/uploads\/2024\/06\/1-768x768.webp 768w, https:\/\/jxgchocolate.com\/wp-content\/uploads\/2024\/06\/1-430x430.webp 430w, https:\/\/jxgchocolate.com\/wp-content\/uploads\/2024\/06\/1-700x700.webp 700w\" sizes=\"(max-width: 1500px) 100vw, 1500px\" \/><\/figure>\n<\/div>\n<\/div>","protected":false},"excerpt":{"rendered":"<p>Willkommen zum Kauf gummi Schokolade Kugeln Gro\u00dfhandel. Unsere Pfirsichgeschmack Schokolade gummi Gro\u00dfhandel kombiniert saftigen Pfirsich mit reicher Schokolade in auff\u00e4lligen Fass Verpackung. Ideal f\u00fcr den Gro\u00dfhandel, bieten sie einen einzigartigen Leckerbissen perfekt f\u00fcr den Einzelhandel Display, Party favors, und Geschenke.<\/p>\n<table style=\"border-collapse: collapse; width: 275.02pt;\" border=\"0\" width=\"275\" cellspacing=\"0\" cellpadding=\"0\">\n<tbody>\n<tr style=\"height: 17.60pt;\">\n<td class=\"et3\" style=\"height: 17.60pt; width: 108.35pt;\" width=\"108\" height=\"17\">Hersteller<\/td>\n<td class=\"et3\" style=\"width: 167.10pt;\" width=\"167\">Gl\u00fccksfrucht<\/td>\n<\/tr>\n<tr style=\"height: 17.60pt;\">\n<td class=\"et3\" style=\"height: 17.60pt;\" height=\"17\">MODELL NR.<\/td>\n<td class=\"et3\">JXG27<\/td>\n<\/tr>\n<tr style=\"height: 17.60pt;\">\n<td class=\"et3\" style=\"height: 17.60pt;\" height=\"17\">Typ<\/td>\n<td class=\"et3\">Gummibonbons mit Schokolade<\/td>\n<\/tr>\n<tr style=\"height: 17.60pt;\">\n<td class=\"et3\" style=\"height: 17.60pt;\" height=\"17\">Verpackung<\/td>\n<td class=\"et3\">F\u00e4sser verpacken<\/td>\n<\/tr>\n<tr style=\"height: 17.60pt;\">\n<td class=\"et3\" style=\"height: 17.60pt;\" height=\"17\">Spezifikation<\/td>\n<td class=\"et3\">24 Flaschen<\/td>\n<\/tr>\n<tr style=\"height: 17.60pt;\">\n<td class=\"et3\" style=\"height: 17.60pt;\" height=\"17\">Gr\u00f6\u00dfe des Kartons<\/td>\n<td class=\"et3\">43*32.5*35.5cm<\/td>\n<\/tr>\n<tr style=\"height: 17.60pt;\">\n<td class=\"et3\" style=\"height: 17.60pt;\" height=\"17\">N.W \/SET<\/td>\n<td class=\"et3\">180g<\/td>\n<\/tr>\n<tr style=\"height: 17.60pt;\">\n<td class=\"et3\" style=\"height: 17.60pt;\" height=\"17\">Farbe<\/td>\n<td class=\"et3\">Dunkelheit<\/td>\n<\/tr>\n<tr style=\"height: 17.60pt;\">\n<td class=\"et3\" style=\"height: 17.60pt;\" height=\"17\">MOQ<\/td>\n<td class=\"et3\">500 Kartons<\/td>\n<\/tr>\n<tr style=\"height: 17.60pt;\">\n<td class=\"et3\" style=\"height: 17.60pt;\" height=\"17\">Personalisierung<\/td>\n<td class=\"et3\">Verpackung\/LOGO<\/td>\n<\/tr>\n<\/tbody>\n<\/table>","protected":false},"featured_media":28454,"comment_status":"closed","ping_status":"closed","template":"","meta":[],"product_cat":[75],"product_tag":[],"class_list":{"0":"post-28443","1":"product","2":"type-product","3":"status-publish","4":"has-post-thumbnail","6":"product_cat-wholesale-gummy-chocolate","8":"first","9":"instock","10":"shipping-taxable","11":"product-type-simple"},"_links":{"self":[{"href":"https:\/\/jxgchocolate.com\/de\/wp-json\/wp\/v2\/product\/28443","targetHints":{"allow":["GET"]}}],"collection":[{"href":"https:\/\/jxgchocolate.com\/de\/wp-json\/wp\/v2\/product"}],"about":[{"href":"https:\/\/jxgchocolate.com\/de\/wp-json\/wp\/v2\/types\/product"}],"replies":[{"embeddable":true,"href":"https:\/\/jxgchocolate.com\/de\/wp-json\/wp\/v2\/comments?post=28443"}],"version-history":[{"count":0,"href":"https:\/\/jxgchocolate.com\/de\/wp-json\/wp\/v2\/product\/28443\/revisions"}],"wp:featuredmedia":[{"embeddable":true,"href":"https:\/\/jxgchocolate.com\/de\/wp-json\/wp\/v2\/media\/28454"}],"wp:attachment":[{"href":"https:\/\/jxgchocolate.com\/de\/wp-json\/wp\/v2\/media?parent=28443"}],"wp:term":[{"taxonomy":"product_cat","embeddable":true,"href":"https:\/\/jxgchocolate.com\/de\/wp-json\/wp\/v2\/product_cat?post=28443"},{"taxonomy":"product_tag","embeddable":true,"href":"https:\/\/jxgchocolate.com\/de\/wp-json\/wp\/v2\/product_tag?post=28443"}],"curies":[{"name":"wp","href":"https:\/\/api.w.org\/{rel}","templated":true}]}}