{"id":28461,"date":"2024-06-29T08:08:41","date_gmt":"2024-06-29T08:08:41","guid":{"rendered":"https:\/\/jxgchocolate.com\/?post_type=product&#038;p=28461"},"modified":"2024-11-11T02:50:38","modified_gmt":"2024-11-11T02:50:38","slug":"chocolate-gummies-wholesale","status":"publish","type":"product","link":"https:\/\/jxgchocolate.com\/de\/produkt\/chocolate-gummies-wholesale\/","title":{"rendered":"Mango-Geschmack Schokolade Gummies Gro\u00dfhandel mit Flasche Paket"},"content":{"rendered":"<div class=\"wp-block-columns is-layout-flex wp-container-core-columns-is-layout-9d6595d7 wp-block-columns-is-layout-flex\">\n<div class=\"wp-block-column is-vertically-aligned-center is-layout-flow wp-block-column-is-layout-flow\">\n<h3 class=\"wp-block-heading\">Premium-Schokolade Gummies Gro\u00dfhandel Merkmale:<\/h3>\n\n\n\n<ol class=\"wp-block-list\">\n<li><strong>Einzigartige Geschmackskombination: <\/strong>Saftiger Mangogeschmack kombiniert mit reichhaltiger Schokolade, unsere Auswahl an Schokoladengummis im Gro\u00dfhandel sorgt f\u00fcr einen unvergleichlichen Gummibonbon.<\/li>\n\n\n\n<li><strong>Auff\u00e4llige Fassverpackung:<\/strong> Unsere Schokoladengummis mit Mangogeschmack werden in einer praktischen und auff\u00e4lligen Flaschenverpackung geliefert, so dass sie leicht zu lagern und \u00fcberall im Einzelhandel auszustellen sind.<\/li>\n\n\n\n<li><strong>Optionen f\u00fcr den Gro\u00dfhandel: <\/strong>Kaufen Sie diese Gummischokoladen im Gro\u00dfhandel f\u00fcr den Weiterverkauf an interessierte Personen, und die individuellen Verpackungsoptionen stellen sicher, dass Sie gen\u00fcgend Vorr\u00e4te anlegen k\u00f6nnen, um die hohe Kundennachfrage zu einem erschwinglichen Preis zu befriedigen.<\/li>\n\n\n\n<li><strong>Perfekt f\u00fcr alle Anl\u00e4sse: <\/strong>Diese Schokoladengummis mit Mangogeschmack eignen sich hervorragend f\u00fcr Partys, als Mitbringsel, Geschenke oder auch f\u00fcr den t\u00e4glichen Verzehr.<\/li>\n<\/ol>\n<\/div>\n\n\n\n<div class=\"wp-block-column is-layout-flow wp-block-column-is-layout-flow\">\n<figure class=\"wp-block-image size-full\"><img fetchpriority=\"high\" decoding=\"async\" width=\"1500\" height=\"1500\" src=\"https:\/\/jxgchocolate.com\/wp-content\/uploads\/2024\/06\/7.webp\" alt=\"Mango-Geschmack-Schokoladen-Gummis-Gro\u00dfhandel-mit-Flaschen-Packung\" class=\"wp-image-28450\" srcset=\"https:\/\/jxgchocolate.com\/wp-content\/uploads\/2024\/06\/7.webp 1500w, https:\/\/jxgchocolate.com\/wp-content\/uploads\/2024\/06\/7-300x300.webp 300w, https:\/\/jxgchocolate.com\/wp-content\/uploads\/2024\/06\/7-150x150.webp 150w, https:\/\/jxgchocolate.com\/wp-content\/uploads\/2024\/06\/7-768x768.webp 768w, https:\/\/jxgchocolate.com\/wp-content\/uploads\/2024\/06\/7-430x430.webp 430w, https:\/\/jxgchocolate.com\/wp-content\/uploads\/2024\/06\/7-700x700.webp 700w\" sizes=\"(max-width: 1500px) 100vw, 1500px\" \/><\/figure>\n<\/div>\n<\/div>","protected":false},"excerpt":{"rendered":"<p>Willkommen zum Kauf gummi Schokolade Gro\u00dfhandel. Unsere Mango-Geschmack Schokolade Gummis Gro\u00dfhandel kombinieren saftige Mango mit reicher Schokolade in auff\u00e4lligen Flasche Verpackung. Ideal f\u00fcr den Wiederverkauf, bieten sie einen einzigartigen Leckerbissen perfekt f\u00fcr den Einzelhandel Display, Partei beg\u00fcnstigt, und Geschenke.<\/p>\n<table style=\"border-collapse: collapse; width: 275.02pt;\" border=\"0\" width=\"275\" cellspacing=\"0\" cellpadding=\"0\">\n<tbody>\n<tr style=\"height: 17.60pt;\">\n<td class=\"et3\" style=\"height: 17.60pt; width: 108.35pt;\" width=\"108\" height=\"17\">Hersteller<\/td>\n<td class=\"et3\" style=\"width: 167.10pt;\" width=\"167\">Gl\u00fccksfrucht<\/td>\n<\/tr>\n<tr style=\"height: 17.60pt;\">\n<td class=\"et3\" style=\"height: 17.60pt;\" height=\"17\">MODELL NR.<\/td>\n<td class=\"et3\">JXG28<\/td>\n<\/tr>\n<tr style=\"height: 17.60pt;\">\n<td class=\"et3\" style=\"height: 17.60pt;\" height=\"17\">Typ<\/td>\n<td class=\"et3\">Gummibonbons mit Schokolade<\/td>\n<\/tr>\n<tr style=\"height: 17.60pt;\">\n<td class=\"et3\" style=\"height: 17.60pt;\" height=\"17\">Verpackung<\/td>\n<td class=\"et3\">F\u00e4sser verpacken<\/td>\n<\/tr>\n<tr style=\"height: 17.60pt;\">\n<td class=\"et3\" style=\"height: 17.60pt;\" height=\"17\">Spezifikation<\/td>\n<td class=\"et3\">24 Flaschen<\/td>\n<\/tr>\n<tr style=\"height: 17.60pt;\">\n<td class=\"et3\" style=\"height: 17.60pt;\" height=\"17\">Gr\u00f6\u00dfe des Kartons<\/td>\n<td class=\"et3\">43*32.5*35.5cm<\/td>\n<\/tr>\n<tr style=\"height: 17.60pt;\">\n<td class=\"et3\" style=\"height: 17.60pt;\" height=\"17\">N.W \/SET<\/td>\n<td class=\"et3\">180g<\/td>\n<\/tr>\n<tr style=\"height: 17.60pt;\">\n<td class=\"et3\" style=\"height: 17.60pt;\" height=\"17\">Farbe<\/td>\n<td class=\"et3\">Dunkelheit<\/td>\n<\/tr>\n<tr style=\"height: 17.60pt;\">\n<td class=\"et3\" style=\"height: 17.60pt;\" height=\"17\">MOQ<\/td>\n<td class=\"et3\">500 Kartons<\/td>\n<\/tr>\n<tr style=\"height: 17.60pt;\">\n<td class=\"et3\" style=\"height: 17.60pt;\" height=\"17\">Personalisierung<\/td>\n<td class=\"et3\">Verpackung\/LOGO<\/td>\n<\/tr>\n<\/tbody>\n<\/table>","protected":false},"featured_media":28452,"comment_status":"closed","ping_status":"closed","template":"","meta":[],"product_cat":[75],"product_tag":[],"class_list":{"0":"post-28461","1":"product","2":"type-product","3":"status-publish","4":"has-post-thumbnail","6":"product_cat-wholesale-gummy-chocolate","8":"first","9":"instock","10":"shipping-taxable","11":"product-type-simple"},"_links":{"self":[{"href":"https:\/\/jxgchocolate.com\/de\/wp-json\/wp\/v2\/product\/28461","targetHints":{"allow":["GET"]}}],"collection":[{"href":"https:\/\/jxgchocolate.com\/de\/wp-json\/wp\/v2\/product"}],"about":[{"href":"https:\/\/jxgchocolate.com\/de\/wp-json\/wp\/v2\/types\/product"}],"replies":[{"embeddable":true,"href":"https:\/\/jxgchocolate.com\/de\/wp-json\/wp\/v2\/comments?post=28461"}],"version-history":[{"count":0,"href":"https:\/\/jxgchocolate.com\/de\/wp-json\/wp\/v2\/product\/28461\/revisions"}],"wp:featuredmedia":[{"embeddable":true,"href":"https:\/\/jxgchocolate.com\/de\/wp-json\/wp\/v2\/media\/28452"}],"wp:attachment":[{"href":"https:\/\/jxgchocolate.com\/de\/wp-json\/wp\/v2\/media?parent=28461"}],"wp:term":[{"taxonomy":"product_cat","embeddable":true,"href":"https:\/\/jxgchocolate.com\/de\/wp-json\/wp\/v2\/product_cat?post=28461"},{"taxonomy":"product_tag","embeddable":true,"href":"https:\/\/jxgchocolate.com\/de\/wp-json\/wp\/v2\/product_tag?post=28461"}],"curies":[{"name":"wp","href":"https:\/\/api.w.org\/{rel}","templated":true}]}}