{"id":28464,"date":"2024-06-29T08:17:25","date_gmt":"2024-06-29T08:17:25","guid":{"rendered":"https:\/\/jxgchocolate.com\/?post_type=product&#038;p=28464"},"modified":"2024-11-11T02:46:02","modified_gmt":"2024-11-11T02:46:02","slug":"wholesale-gummy-chocolate-candy-2","status":"publish","type":"product","link":"https:\/\/jxgchocolate.com\/de\/produkt\/wholesale-gummy-chocolate-candy-2\/","title":{"rendered":"Erdbeere Gro\u00dfhandel Gummischokolade S\u00fc\u00dfigkeiten mit Bulk-Preis"},"content":{"rendered":"<div class=\"wp-block-columns is-layout-flex wp-container-core-columns-is-layout-9d6595d7 wp-block-columns-is-layout-flex\">\n<div class=\"wp-block-column is-vertically-aligned-center is-layout-flow wp-block-column-is-layout-flow\">\n<h3 class=\"wp-block-heading\">Premium-Gro\u00dfhandel Gummib\u00e4rchen Schokolade Bonbons Eigenschaften:<\/h3>\n\n\n\n<ol class=\"wp-block-list\">\n<li><strong>Geschmackskombination:<\/strong> Dieser Gro\u00dfhandel gummi choco candy funktioniert nahtlos in eine s\u00fc\u00dfe Kombination von Erdbeergeschmack mit Schokolade, die Schaffung einer besonders fantastischen Geschmack.<\/li>\n\n\n\n<li><strong>Gro\u00dfhandel mit gro\u00dfen St\u00fcckzahlen: <\/strong>Diese Gro\u00dfhandelsgummi-Schokolade ist in gro\u00dfen Mengen verpackt und zu einem Gro\u00dfhandelspreis f\u00fcr jede Art von Unternehmen oder Gro\u00dfveranstaltungen erh\u00e4ltlich, die diesen Artikel in gro\u00dfen Mengen ben\u00f6tigen.<\/li>\n\n\n\n<li><strong>Hochwertige Zutaten:<\/strong> Unser Gro\u00dfhandel gummi Schokolade S\u00fc\u00dfigkeiten verwendet ausgezeichnete Zutaten f\u00fcr Qualit\u00e4t und Geschmack f\u00fcr jeden gummi candy.<\/li>\n\n\n\n<li><strong>Vielseitig einsetzbar: <\/strong>Es gibt eine Vielzahl von Verwendungszwecken, wie z. B. Verkaufsdisplays, Partygeschenke und allt\u00e4gliche Leckereien, so dass unsere Gummischokolade im Gro\u00dfhandel die Anforderungen unz\u00e4hliger Gelegenheiten erf\u00fcllen kann.<\/li>\n<\/ol>\n<\/div>\n\n\n\n<div class=\"wp-block-column is-layout-flow wp-block-column-is-layout-flow\">\n<figure class=\"wp-block-image size-full\"><img fetchpriority=\"high\" decoding=\"async\" width=\"1500\" height=\"1500\" src=\"https:\/\/jxgchocolate.com\/wp-content\/uploads\/2024\/06\/6.webp\" alt=\"Erdbeer-Gro\u00dfhandel-Gummi-Schokolade-Bonbons-mit-Gro\u00dfhandelspreis\" class=\"wp-image-28449\" srcset=\"https:\/\/jxgchocolate.com\/wp-content\/uploads\/2024\/06\/6.webp 1500w, https:\/\/jxgchocolate.com\/wp-content\/uploads\/2024\/06\/6-300x300.webp 300w, https:\/\/jxgchocolate.com\/wp-content\/uploads\/2024\/06\/6-150x150.webp 150w, https:\/\/jxgchocolate.com\/wp-content\/uploads\/2024\/06\/6-768x768.webp 768w, https:\/\/jxgchocolate.com\/wp-content\/uploads\/2024\/06\/6-430x430.webp 430w, https:\/\/jxgchocolate.com\/wp-content\/uploads\/2024\/06\/6-700x700.webp 700w\" sizes=\"(max-width: 1500px) 100vw, 1500px\" \/><\/figure>\n<\/div>\n<\/div>","protected":false},"excerpt":{"rendered":"<p>Willkommen zum Kauf gummi choco Gro\u00dfhandel. Hochwertige Rohstoffe von Erdbeergeschmack Gro\u00dfhandel Gummischokolade S\u00fc\u00dfigkeiten, und einzigartigen Geschmack sind von den Verbrauchern bevorzugt. Preislich konkurrenzf\u00e4hig, vielseitig, praktisch und geeignet f\u00fcr den Einzelhandel und eine Vielzahl von Aktivit\u00e4ten.<\/p>\n<table style=\"border-collapse: collapse; width: 275.02pt;\" border=\"0\" width=\"275\" cellspacing=\"0\" cellpadding=\"0\">\n<tbody>\n<tr style=\"height: 17.60pt;\">\n<td class=\"et3\" style=\"height: 17.60pt; width: 108.35pt;\" width=\"108\" height=\"17\">Hersteller<\/td>\n<td class=\"et3\" style=\"width: 167.10pt;\" width=\"167\">Gl\u00fccksfrucht<\/td>\n<\/tr>\n<tr style=\"height: 17.60pt;\">\n<td class=\"et3\" style=\"height: 17.60pt;\" height=\"17\">MODELL NR.<\/td>\n<td class=\"et3\">JXG29<\/td>\n<\/tr>\n<tr style=\"height: 17.60pt;\">\n<td class=\"et3\" style=\"height: 17.60pt;\" height=\"17\">Typ<\/td>\n<td class=\"et3\">Gummibonbons mit Schokolade<\/td>\n<\/tr>\n<tr style=\"height: 17.60pt;\">\n<td class=\"et3\" style=\"height: 17.60pt;\" height=\"17\">Verpackung<\/td>\n<td class=\"et3\">F\u00e4sser verpacken<\/td>\n<\/tr>\n<tr style=\"height: 17.60pt;\">\n<td class=\"et3\" style=\"height: 17.60pt;\" height=\"17\">Spezifikation<\/td>\n<td class=\"et3\">24 Flaschen<\/td>\n<\/tr>\n<tr style=\"height: 17.60pt;\">\n<td class=\"et3\" style=\"height: 17.60pt;\" height=\"17\">Gr\u00f6\u00dfe des Kartons<\/td>\n<td class=\"et3\">43*32.5*35.5cm<\/td>\n<\/tr>\n<tr style=\"height: 17.60pt;\">\n<td class=\"et3\" style=\"height: 17.60pt;\" height=\"17\">N.W \/SET<\/td>\n<td class=\"et3\">180g<\/td>\n<\/tr>\n<tr style=\"height: 17.60pt;\">\n<td class=\"et3\" style=\"height: 17.60pt;\" height=\"17\">Farbe<\/td>\n<td class=\"et3\">Dunkelheit<\/td>\n<\/tr>\n<tr style=\"height: 17.60pt;\">\n<td class=\"et3\" style=\"height: 17.60pt;\" height=\"17\">MOQ<\/td>\n<td class=\"et3\">500 Kartons<\/td>\n<\/tr>\n<tr style=\"height: 17.60pt;\">\n<td class=\"et3\" style=\"height: 17.60pt;\" height=\"17\">Personalisierung<\/td>\n<td class=\"et3\">Verpackung\/LOGO<\/td>\n<\/tr>\n<\/tbody>\n<\/table>","protected":false},"featured_media":28458,"comment_status":"closed","ping_status":"closed","template":"","meta":[],"product_cat":[75],"product_tag":[],"class_list":{"0":"post-28464","1":"product","2":"type-product","3":"status-publish","4":"has-post-thumbnail","6":"product_cat-wholesale-gummy-chocolate","8":"first","9":"instock","10":"shipping-taxable","11":"product-type-simple"},"_links":{"self":[{"href":"https:\/\/jxgchocolate.com\/de\/wp-json\/wp\/v2\/product\/28464","targetHints":{"allow":["GET"]}}],"collection":[{"href":"https:\/\/jxgchocolate.com\/de\/wp-json\/wp\/v2\/product"}],"about":[{"href":"https:\/\/jxgchocolate.com\/de\/wp-json\/wp\/v2\/types\/product"}],"replies":[{"embeddable":true,"href":"https:\/\/jxgchocolate.com\/de\/wp-json\/wp\/v2\/comments?post=28464"}],"version-history":[{"count":0,"href":"https:\/\/jxgchocolate.com\/de\/wp-json\/wp\/v2\/product\/28464\/revisions"}],"wp:featuredmedia":[{"embeddable":true,"href":"https:\/\/jxgchocolate.com\/de\/wp-json\/wp\/v2\/media\/28458"}],"wp:attachment":[{"href":"https:\/\/jxgchocolate.com\/de\/wp-json\/wp\/v2\/media?parent=28464"}],"wp:term":[{"taxonomy":"product_cat","embeddable":true,"href":"https:\/\/jxgchocolate.com\/de\/wp-json\/wp\/v2\/product_cat?post=28464"},{"taxonomy":"product_tag","embeddable":true,"href":"https:\/\/jxgchocolate.com\/de\/wp-json\/wp\/v2\/product_tag?post=28464"}],"curies":[{"name":"wp","href":"https:\/\/api.w.org\/{rel}","templated":true}]}}