{"id":28467,"date":"2024-06-29T08:29:42","date_gmt":"2024-06-29T08:29:42","guid":{"rendered":"https:\/\/jxgchocolate.com\/?post_type=product&#038;p=28467"},"modified":"2024-11-11T02:39:37","modified_gmt":"2024-11-11T02:39:37","slug":"chocolate-gummy-candy-in-bulk","status":"publish","type":"product","link":"https:\/\/jxgchocolate.com\/de\/produkt\/chocolate-gummy-candy-in-bulk\/","title":{"rendered":"Weintraube aromatisierte Schokolade Gummibonbons in Bulk mit Fabrikpreis"},"content":{"rendered":"<div class=\"wp-block-columns is-layout-flex wp-container-core-columns-is-layout-9d6595d7 wp-block-columns-is-layout-flex\">\n<div class=\"wp-block-column is-vertically-aligned-center is-layout-flow wp-block-column-is-layout-flow\">\n<h3 class=\"wp-block-heading\">Premium-Schokolade Gummibonbons in Bulk Eigenschaften:<\/h3>\n\n\n\n<ol class=\"wp-block-list\">\n<li><strong>Einzigartiger Traubengeschmack:<\/strong> Dieses Schokoladengummibonbon in loser Sch\u00fcttung ist die perfekte Kombination aus Traubengeschmack und Schokolade und bringt einen einzigartigen und reichhaltigen Geschmacksgenuss.<\/li>\n\n\n\n<li><strong>Hochwertige Formel: <\/strong>Durch die Verwendung ausgew\u00e4hlter, hochwertiger Rohstoffe gew\u00e4hrleisten wir die hohe Qualit\u00e4t und K\u00f6stlichkeit jedes einzelnen Schoko-Gummis.<\/li>\n\n\n\n<li><strong>Mehrzweckverpackung: <\/strong>Unsere Schokoladen-Gummibonbons in loser Sch\u00fcttung haben eine Gro\u00dfraumverpackung, die sich f\u00fcr den Einzelhandel, f\u00fcr Partygeschenke und f\u00fcr den t\u00e4glichen Genuss eignet, um eine Vielzahl von Bed\u00fcrfnissen zu erf\u00fcllen.<\/li>\n\n\n\n<li><strong>Fabrikdirektversorgungspreis: <\/strong>Gro\u00dfeink\u00e4ufe gummy choco bulk und genie\u00dfen Sie Fabrik direkte Lieferung Preise, hohe Kosten Leistung, und bieten H\u00e4ndlern mit Wettbewerbsvorteilen.<\/li>\n<\/ol>\n<\/div>\n\n\n\n<div class=\"wp-block-column is-layout-flow wp-block-column-is-layout-flow\">\n<figure class=\"wp-block-image size-full\"><img fetchpriority=\"high\" decoding=\"async\" width=\"1500\" height=\"1500\" src=\"https:\/\/jxgchocolate.com\/wp-content\/uploads\/2024\/06\/8.webp\" alt=\"Trauben-Schokoladen-Gummi-Bonbons-im-Gro\u00dfgebinde-mit-Faktor-Preis\" class=\"wp-image-28451\" srcset=\"https:\/\/jxgchocolate.com\/wp-content\/uploads\/2024\/06\/8.webp 1500w, https:\/\/jxgchocolate.com\/wp-content\/uploads\/2024\/06\/8-300x300.webp 300w, https:\/\/jxgchocolate.com\/wp-content\/uploads\/2024\/06\/8-150x150.webp 150w, https:\/\/jxgchocolate.com\/wp-content\/uploads\/2024\/06\/8-768x768.webp 768w, https:\/\/jxgchocolate.com\/wp-content\/uploads\/2024\/06\/8-430x430.webp 430w, https:\/\/jxgchocolate.com\/wp-content\/uploads\/2024\/06\/8-700x700.webp 700w\" sizes=\"(max-width: 1500px) 100vw, 1500px\" \/><\/figure>\n<\/div>\n<\/div>","protected":false},"excerpt":{"rendered":"<p>Willkommen bei gummy choco bulk. Unsere Gummibonbons mit Traubengeschmack in gro\u00dfen Mengen bieten einen unvergleichlichen, reichhaltigen Geschmack mit der Frische der Trauben und dem Reichtum der Schokolade, der den Verbrauchern ein ultimatives Geschmackserlebnis beschert. Wir bieten H\u00e4ndlern \u00e4u\u00dferst wettbewerbsf\u00e4hige Gro\u00dfhandelsoptionen, um kosteng\u00fcnstige Vorteile zu gew\u00e4hrleisten.<\/p>\n<table style=\"border-collapse: collapse; width: 275.02pt;\" border=\"0\" width=\"275\" cellspacing=\"0\" cellpadding=\"0\">\n<tbody>\n<tr style=\"height: 17.60pt;\">\n<td class=\"et3\" style=\"height: 17.60pt; width: 108.35pt;\" width=\"108\" height=\"17\">Hersteller<\/td>\n<td class=\"et3\" style=\"width: 167.10pt;\" width=\"167\">Gl\u00fccksfrucht<\/td>\n<\/tr>\n<tr style=\"height: 17.60pt;\">\n<td class=\"et3\" style=\"height: 17.60pt;\" height=\"17\">MODELL NR.<\/td>\n<td class=\"et3\">JXG30<\/td>\n<\/tr>\n<tr style=\"height: 17.60pt;\">\n<td class=\"et3\" style=\"height: 17.60pt;\" height=\"17\">Typ<\/td>\n<td class=\"et3\">Gummibonbons mit Schokolade<\/td>\n<\/tr>\n<tr style=\"height: 17.60pt;\">\n<td class=\"et3\" style=\"height: 17.60pt;\" height=\"17\">Verpackung<\/td>\n<td class=\"et3\">F\u00e4sser verpacken<\/td>\n<\/tr>\n<tr style=\"height: 17.60pt;\">\n<td class=\"et3\" style=\"height: 17.60pt;\" height=\"17\">Spezifikation<\/td>\n<td class=\"et3\">24 Flaschen<\/td>\n<\/tr>\n<tr style=\"height: 17.60pt;\">\n<td class=\"et3\" style=\"height: 17.60pt;\" height=\"17\">Gr\u00f6\u00dfe des Kartons<\/td>\n<td class=\"et3\">43*32.5*35.5cm<\/td>\n<\/tr>\n<tr style=\"height: 17.60pt;\">\n<td class=\"et3\" style=\"height: 17.60pt;\" height=\"17\">N.W \/SET<\/td>\n<td class=\"et3\">180g<\/td>\n<\/tr>\n<tr style=\"height: 17.60pt;\">\n<td class=\"et3\" style=\"height: 17.60pt;\" height=\"17\">Farbe<\/td>\n<td class=\"et3\">Dunkelheit<\/td>\n<\/tr>\n<tr style=\"height: 17.60pt;\">\n<td class=\"et3\" style=\"height: 17.60pt;\" height=\"17\">MOQ<\/td>\n<td class=\"et3\">500 Kartons<\/td>\n<\/tr>\n<tr style=\"height: 17.60pt;\">\n<td class=\"et3\" style=\"height: 17.60pt;\" height=\"17\">Personalisierung<\/td>\n<td class=\"et3\">Verpackung\/LOGO<\/td>\n<\/tr>\n<\/tbody>\n<\/table>","protected":false},"featured_media":28453,"comment_status":"closed","ping_status":"closed","template":"","meta":[],"product_cat":[75],"product_tag":[],"class_list":{"0":"post-28467","1":"product","2":"type-product","3":"status-publish","4":"has-post-thumbnail","6":"product_cat-wholesale-gummy-chocolate","8":"first","9":"instock","10":"shipping-taxable","11":"product-type-simple"},"_links":{"self":[{"href":"https:\/\/jxgchocolate.com\/de\/wp-json\/wp\/v2\/product\/28467","targetHints":{"allow":["GET"]}}],"collection":[{"href":"https:\/\/jxgchocolate.com\/de\/wp-json\/wp\/v2\/product"}],"about":[{"href":"https:\/\/jxgchocolate.com\/de\/wp-json\/wp\/v2\/types\/product"}],"replies":[{"embeddable":true,"href":"https:\/\/jxgchocolate.com\/de\/wp-json\/wp\/v2\/comments?post=28467"}],"version-history":[{"count":0,"href":"https:\/\/jxgchocolate.com\/de\/wp-json\/wp\/v2\/product\/28467\/revisions"}],"wp:featuredmedia":[{"embeddable":true,"href":"https:\/\/jxgchocolate.com\/de\/wp-json\/wp\/v2\/media\/28453"}],"wp:attachment":[{"href":"https:\/\/jxgchocolate.com\/de\/wp-json\/wp\/v2\/media?parent=28467"}],"wp:term":[{"taxonomy":"product_cat","embeddable":true,"href":"https:\/\/jxgchocolate.com\/de\/wp-json\/wp\/v2\/product_cat?post=28467"},{"taxonomy":"product_tag","embeddable":true,"href":"https:\/\/jxgchocolate.com\/de\/wp-json\/wp\/v2\/product_tag?post=28467"}],"curies":[{"name":"wp","href":"https:\/\/api.w.org\/{rel}","templated":true}]}}