{"id":28470,"date":"2024-06-29T08:40:14","date_gmt":"2024-06-29T08:40:14","guid":{"rendered":"https:\/\/jxgchocolate.com\/?post_type=product&#038;p=28470"},"modified":"2024-11-11T02:34:24","modified_gmt":"2024-11-11T02:34:24","slug":"wholesale-choco-gummies","status":"publish","type":"product","link":"https:\/\/jxgchocolate.com\/de\/produkt\/wholesale-choco-gummies\/","title":{"rendered":"Obst Gro\u00dfhandel Choco Gummies, Schokolade-Covered Gummy Bulk"},"content":{"rendered":"<div class=\"wp-block-columns is-layout-flex wp-container-core-columns-is-layout-9d6595d7 wp-block-columns-is-layout-flex\">\n<div class=\"wp-block-column is-vertically-aligned-center is-layout-flow wp-block-column-is-layout-flow\">\n<h3 class=\"wp-block-heading\">Premium Gro\u00dfhandel Choco Gummies Eigenschaften:<\/h3>\n\n\n\n<ol class=\"wp-block-list\">\n<li><strong>Vielfalt der Geschmacksrichtungen: <\/strong>Unsere Gro\u00dfhandels-Schokogummis gibt es in den vier Fruchtgeschmacksrichtungen Traube, gr\u00fcne Traube, Erdbeere und Pfirsich, um den Geschmack verschiedener Verbraucher zu treffen.<\/li>\n\n\n\n<li><strong>Hochwertige Rohstoffe:<\/strong> Jedes unserer schokoladen\u00fcberzogenen Gummibonbons wird aus sorgf\u00e4ltig ausgew\u00e4hlten, hochwertigen Rohstoffen hergestellt, so dass Sie sicher sein k\u00f6nnen, dass jedes Bonbon von feiner Qualit\u00e4t ist und den besten Geschmack hat.<\/li>\n\n\n\n<li><strong>Mehrfache Verpackung: <\/strong>Unsere Gro\u00dfhandels-Schokogummis k\u00f6nnen mit verschiedenen Verpackungskapazit\u00e4ten, einschlie\u00dflich Beuteln, F\u00e4ssern und Flaschen, angepasst werden, um verschiedene Bed\u00fcrfnisse des Einzelhandels zu erf\u00fcllen.<\/li>\n\n\n\n<li><strong>Hohe Kostenwirksamkeit: <\/strong>Direkte Versorgung durch die Fabrik, wettbewerbsf\u00e4higere Gro\u00dfhandelspreise, unsere Bulk-Gummis mit Schokoladen\u00fcberzug bieten H\u00e4ndlern kosteng\u00fcnstige Beschaffungsm\u00f6glichkeiten.<\/li>\n<\/ol>\n<\/div>\n\n\n\n<div class=\"wp-block-column is-layout-flow wp-block-column-is-layout-flow\">\n<figure class=\"wp-block-image size-full\"><img fetchpriority=\"high\" decoding=\"async\" width=\"1500\" height=\"1500\" src=\"https:\/\/jxgchocolate.com\/wp-content\/uploads\/2024\/06\/12.webp\" alt=\"fabrik-direkt-gro\u00dfhandel-schoko-gummis-in-4-frucht-geschmacksrichtungen\" class=\"wp-image-28455\" srcset=\"https:\/\/jxgchocolate.com\/wp-content\/uploads\/2024\/06\/12.webp 1500w, https:\/\/jxgchocolate.com\/wp-content\/uploads\/2024\/06\/12-300x300.webp 300w, https:\/\/jxgchocolate.com\/wp-content\/uploads\/2024\/06\/12-150x150.webp 150w, https:\/\/jxgchocolate.com\/wp-content\/uploads\/2024\/06\/12-768x768.webp 768w, https:\/\/jxgchocolate.com\/wp-content\/uploads\/2024\/06\/12-430x430.webp 430w, https:\/\/jxgchocolate.com\/wp-content\/uploads\/2024\/06\/12-700x700.webp 700w\" sizes=\"(max-width: 1500px) 100vw, 1500px\" \/><\/figure>\n<\/div>\n<\/div>","protected":false},"excerpt":{"rendered":"<p>Willkommen in der Bulk-Schokolade-\u00fcberzogenen gummi kaufen. Unsere Fabrik direkte Gro\u00dfhandel choco Gummis sind in vier Fruchtgeschmacksrichtungen, ausgew\u00e4hlte hochwertige Rohstoffe, k\u00f6nnen ma\u00dfgeschneiderte Verpackungsdesign, kosteng\u00fcnstig sein, und erf\u00fcllen verschiedene Bed\u00fcrfnisse des Einzelhandels.<\/p>\n<table style=\"border-collapse: collapse; width: 275.02pt;\" border=\"0\" width=\"275\" cellspacing=\"0\" cellpadding=\"0\">\n<tbody>\n<tr style=\"height: 17.60pt;\">\n<td class=\"et3\" style=\"height: 17.60pt; width: 108.35pt;\" width=\"108\" height=\"17\">Hersteller<\/td>\n<td class=\"et3\" style=\"width: 167.10pt;\" width=\"167\">Gl\u00fccksfrucht<\/td>\n<\/tr>\n<tr style=\"height: 17.60pt;\">\n<td class=\"et3\" style=\"height: 17.60pt;\" height=\"17\">MODELL NR.<\/td>\n<td class=\"et3\">JXG31<\/td>\n<\/tr>\n<tr style=\"height: 17.60pt;\">\n<td class=\"et3\" style=\"height: 17.60pt;\" height=\"17\">Typ<\/td>\n<td class=\"et3\">Gummibonbons mit Schokolade<\/td>\n<\/tr>\n<tr style=\"height: 17.60pt;\">\n<td class=\"et3\" style=\"height: 17.60pt;\" height=\"17\">Verpackung<\/td>\n<td class=\"et3\">F\u00e4sser verpacken<\/td>\n<\/tr>\n<tr style=\"height: 17.60pt;\">\n<td class=\"et3\" style=\"height: 17.60pt;\" height=\"17\">Spezifikation<\/td>\n<td class=\"et3\">24 Flaschen<\/td>\n<\/tr>\n<tr style=\"height: 17.60pt;\">\n<td class=\"et3\" style=\"height: 17.60pt;\" height=\"17\">Gr\u00f6\u00dfe des Kartons<\/td>\n<td class=\"et3\">43*32.5*35.5cm<\/td>\n<\/tr>\n<tr style=\"height: 17.60pt;\">\n<td class=\"et3\" style=\"height: 17.60pt;\" height=\"17\">N.W \/SET<\/td>\n<td class=\"et3\">180g<\/td>\n<\/tr>\n<tr style=\"height: 17.60pt;\">\n<td class=\"et3\" style=\"height: 17.60pt;\" height=\"17\">Farbe<\/td>\n<td class=\"et3\">Dunkelheit<\/td>\n<\/tr>\n<tr style=\"height: 17.60pt;\">\n<td class=\"et3\" style=\"height: 17.60pt;\" height=\"17\">MOQ<\/td>\n<td class=\"et3\">500 Kartons<\/td>\n<\/tr>\n<tr style=\"height: 17.60pt;\">\n<td class=\"et3\" style=\"height: 17.60pt;\" height=\"17\">Personalisierung<\/td>\n<td class=\"et3\">Verpackung\/LOGO<\/td>\n<\/tr>\n<\/tbody>\n<\/table>","protected":false},"featured_media":28457,"comment_status":"closed","ping_status":"closed","template":"","meta":[],"product_cat":[75],"product_tag":[],"class_list":{"0":"post-28470","1":"product","2":"type-product","3":"status-publish","4":"has-post-thumbnail","6":"product_cat-wholesale-gummy-chocolate","8":"first","9":"instock","10":"shipping-taxable","11":"product-type-simple"},"_links":{"self":[{"href":"https:\/\/jxgchocolate.com\/de\/wp-json\/wp\/v2\/product\/28470","targetHints":{"allow":["GET"]}}],"collection":[{"href":"https:\/\/jxgchocolate.com\/de\/wp-json\/wp\/v2\/product"}],"about":[{"href":"https:\/\/jxgchocolate.com\/de\/wp-json\/wp\/v2\/types\/product"}],"replies":[{"embeddable":true,"href":"https:\/\/jxgchocolate.com\/de\/wp-json\/wp\/v2\/comments?post=28470"}],"version-history":[{"count":0,"href":"https:\/\/jxgchocolate.com\/de\/wp-json\/wp\/v2\/product\/28470\/revisions"}],"wp:featuredmedia":[{"embeddable":true,"href":"https:\/\/jxgchocolate.com\/de\/wp-json\/wp\/v2\/media\/28457"}],"wp:attachment":[{"href":"https:\/\/jxgchocolate.com\/de\/wp-json\/wp\/v2\/media?parent=28470"}],"wp:term":[{"taxonomy":"product_cat","embeddable":true,"href":"https:\/\/jxgchocolate.com\/de\/wp-json\/wp\/v2\/product_cat?post=28470"},{"taxonomy":"product_tag","embeddable":true,"href":"https:\/\/jxgchocolate.com\/de\/wp-json\/wp\/v2\/product_tag?post=28470"}],"curies":[{"name":"wp","href":"https:\/\/api.w.org\/{rel}","templated":true}]}}