{"id":28618,"date":"2024-08-31T03:24:56","date_gmt":"2024-08-31T03:24:56","guid":{"rendered":"https:\/\/jxgchocolate.com\/?post_type=product&#038;p=28618"},"modified":"2024-11-02T08:58:45","modified_gmt":"2024-11-02T08:58:45","slug":"chocolate-coated-sunflower-seeds-bulk","status":"publish","type":"product","link":"https:\/\/jxgchocolate.com\/de\/produkt\/chocolate-coated-sunflower-seeds-bulk\/","title":{"rendered":"Sonnenblumenkerne mit Schokoladen\u00fcberzug und Meersalzgeschmack Bulk"},"content":{"rendered":"<div class=\"wp-block-columns is-layout-flex wp-container-core-columns-is-layout-9d6595d7 wp-block-columns-is-layout-flex\">\n<div class=\"wp-block-column is-layout-flow wp-block-column-is-layout-flow\">\n<h2 class=\"wp-block-heading\">Premium-Schokolade \u00fcberzogene Sonnenblumenkerne Bulk Eigenschaften:<\/h2>\n\n\n\n<ul class=\"wp-block-list\">\n<li><strong>Einzigartiger Meersalzgeschmack: <\/strong>Unsere mit Meersalz aromatisierten Sonnenblumenkerne mit Schokoladen\u00fcberzug sind eine perfekte Kombination aus leicht s\u00fc\u00df und salzig, die ein reichhaltiges Geschmackserlebnis bietet und somit eine innovative Wahl f\u00fcr Snackliebhaber darstellt.<\/li>\n\n\n\n<li><strong>Hochwertige Zutat: <\/strong>Diese Gro\u00dfhandels-Schokoladen-Sonnenblumenkerne werden aus hochwertigen Sonnenblumenkernen ausgew\u00e4hlt, die mit seidiger Schokolade und nat\u00fcrlichem Meersalz kombiniert werden. Jedes St\u00fcck Sonnenblumenkerne wird streng gepr\u00fcft und sorgf\u00e4ltig hergestellt, um die doppelte Garantie f\u00fcr Geschmack und Qualit\u00e4t zu gew\u00e4hrleisten.<\/li>\n\n\n\n<li><strong>N\u00e4hrwert und Gesundheitswert: <\/strong>Sonnenblumenkerne sind reich an Vitamin E, Eiwei\u00df und gesunden Fetten, Schokolade liefert Antioxidantien, gew\u00fcrzt mit Meersalz. Unsere mit Schokolade \u00fcberzogenen Sonnenblumenkerne sind nicht nur lecker, sondern haben auch einen sehr gesunden N\u00e4hrwert.<\/li>\n\n\n\n<li><strong>Gro\u00dfhandelspreis: <\/strong>Wir sind Gro\u00dfh\u00e4ndler f\u00fcr Schokoladen-Sonnenblumenkerne mit Gro\u00dfeinkaufsoptionen f\u00fcr Einzelh\u00e4ndler, Caterer und Gro\u00dfveranstaltungen und garantieren die beste Qualit\u00e4t von Meersalz-Schokoladen-Sonnenblumenkernen zu einem Gro\u00dfhandelspreis f\u00fcr viele Gesch\u00e4ftsanforderungen.<\/li>\n<\/ul>\n<\/div>\n\n\n\n<div class=\"wp-block-column is-layout-flow wp-block-column-is-layout-flow\">\n<figure class=\"wp-block-image size-full\"><img fetchpriority=\"high\" decoding=\"async\" width=\"750\" height=\"750\" src=\"https:\/\/jxgchocolate.com\/wp-content\/uploads\/2024\/08\/Sea-Salt-Flavored-Chocolate-Coated-Sunflower-Seeds-Bulk-5.webp\" alt=\"Sonnenblumenkerne mit Schokoladen\u00fcberzug und Meersalzgeschmack Bulk-5\" class=\"wp-image-28673\" srcset=\"https:\/\/jxgchocolate.com\/wp-content\/uploads\/2024\/08\/Sea-Salt-Flavored-Chocolate-Coated-Sunflower-Seeds-Bulk-5.webp 750w, https:\/\/jxgchocolate.com\/wp-content\/uploads\/2024\/08\/Sea-Salt-Flavored-Chocolate-Coated-Sunflower-Seeds-Bulk-5-300x300.webp 300w, https:\/\/jxgchocolate.com\/wp-content\/uploads\/2024\/08\/Sea-Salt-Flavored-Chocolate-Coated-Sunflower-Seeds-Bulk-5-150x150.webp 150w, https:\/\/jxgchocolate.com\/wp-content\/uploads\/2024\/08\/Sea-Salt-Flavored-Chocolate-Coated-Sunflower-Seeds-Bulk-5-12x12.webp 12w, https:\/\/jxgchocolate.com\/wp-content\/uploads\/2024\/08\/Sea-Salt-Flavored-Chocolate-Coated-Sunflower-Seeds-Bulk-5-430x430.webp 430w, https:\/\/jxgchocolate.com\/wp-content\/uploads\/2024\/08\/Sea-Salt-Flavored-Chocolate-Coated-Sunflower-Seeds-Bulk-5-700x700.webp 700w\" sizes=\"(max-width: 750px) 100vw, 750px\" \/><\/figure>\n<\/div>\n<\/div>\n\n\n\n<p><\/p>","protected":false},"excerpt":{"rendered":"<p>Kaufen Gro\u00dfhandel Schokolade Sonnenblumenkerne aus der Fabrik. Unsere Sonnenblumenkerne mit Meersalzgeschmack und Schokoladen\u00fcberzug sind eine perfekte Mischung aus s\u00fc\u00dfer, seidiger Schokolade und salzigem Meersalzaroma. W\u00e4hlen Sie qualitativ hochwertige Zutaten mit Garantien f\u00fcr Ern\u00e4hrung und K\u00f6stlichkeit f\u00fcr jeden Sonnenblumenkern.<\/p>\n<table width=\"275\">\n<tbody>\n<tr>\n<td width=\"108\">Hersteller<\/td>\n<td width=\"167\">Gl\u00fccksfrucht<\/td>\n<\/tr>\n<tr>\n<td>MODELL NR.<\/td>\n<td>JXG37<\/td>\n<\/tr>\n<tr>\n<td>Typ<\/td>\n<td>Sonnenblumenkerne Schokolade\u00a0<\/td>\n<\/tr>\n<tr>\n<td>Verpackung<\/td>\n<td>Verpackung der Tasche<\/td>\n<\/tr>\n<tr>\n<td>Spezifikation<\/td>\n<td>30 Taschen<\/td>\n<\/tr>\n<tr>\n<td>Gr\u00f6\u00dfe des Kartons<\/td>\n<td>15*4*22cm<\/td>\n<\/tr>\n<tr>\n<td>N.W \/SET<\/td>\n<td>58g*30Beutel<\/td>\n<\/tr>\n<tr>\n<td>Farbe<\/td>\n<td>Als Bild<\/td>\n<\/tr>\n<tr>\n<td>MOQ<\/td>\n<td>500 Kartons<\/td>\n<\/tr>\n<tr>\n<td>Personalisierung<\/td>\n<td>Verpackung\/LOGO<\/td>\n<\/tr>\n<\/tbody>\n<\/table>","protected":false},"featured_media":28671,"comment_status":"closed","ping_status":"closed","template":"","meta":[],"product_cat":[72],"product_tag":[],"class_list":{"0":"post-28618","1":"product","2":"type-product","3":"status-publish","4":"has-post-thumbnail","6":"product_cat-wholesale-chocolate-covered-sunflower-seeds","8":"first","9":"instock","10":"shipping-taxable","11":"product-type-simple"},"_links":{"self":[{"href":"https:\/\/jxgchocolate.com\/de\/wp-json\/wp\/v2\/product\/28618","targetHints":{"allow":["GET"]}}],"collection":[{"href":"https:\/\/jxgchocolate.com\/de\/wp-json\/wp\/v2\/product"}],"about":[{"href":"https:\/\/jxgchocolate.com\/de\/wp-json\/wp\/v2\/types\/product"}],"replies":[{"embeddable":true,"href":"https:\/\/jxgchocolate.com\/de\/wp-json\/wp\/v2\/comments?post=28618"}],"version-history":[{"count":0,"href":"https:\/\/jxgchocolate.com\/de\/wp-json\/wp\/v2\/product\/28618\/revisions"}],"wp:featuredmedia":[{"embeddable":true,"href":"https:\/\/jxgchocolate.com\/de\/wp-json\/wp\/v2\/media\/28671"}],"wp:attachment":[{"href":"https:\/\/jxgchocolate.com\/de\/wp-json\/wp\/v2\/media?parent=28618"}],"wp:term":[{"taxonomy":"product_cat","embeddable":true,"href":"https:\/\/jxgchocolate.com\/de\/wp-json\/wp\/v2\/product_cat?post=28618"},{"taxonomy":"product_tag","embeddable":true,"href":"https:\/\/jxgchocolate.com\/de\/wp-json\/wp\/v2\/product_tag?post=28618"}],"curies":[{"name":"wp","href":"https:\/\/api.w.org\/{rel}","templated":true}]}}