{"id":28619,"date":"2024-08-31T03:51:34","date_gmt":"2024-08-31T03:51:34","guid":{"rendered":"https:\/\/jxgchocolate.com\/?post_type=product&#038;p=28619"},"modified":"2024-11-02T09:04:26","modified_gmt":"2024-11-02T09:04:26","slug":"multicolor-chocolate-sunflower-seeds-bulk","status":"publish","type":"product","link":"https:\/\/jxgchocolate.com\/de\/produkt\/multicolor-chocolate-sunflower-seeds-bulk\/","title":{"rendered":"Multi Color Schokolade Sonnenblumenkerne Bulk, Gro\u00dfhandel Snacks"},"content":{"rendered":"<div class=\"wp-block-columns is-layout-flex wp-container-core-columns-is-layout-9d6595d7 wp-block-columns-is-layout-flex\">\n<div class=\"wp-block-column is-layout-flow wp-block-column-is-layout-flow\">\n<h2 class=\"wp-block-heading\">Premium-Schokoladen-Sonnenblumenkerne Bulk Eigenschaften:<\/h2>\n\n\n\n<ul class=\"wp-block-list\">\n<li><strong>Buntes Aussehen: <\/strong>Jeder unserer Schokoladen-Sonnenblumenkerne ist mit farbigem Zucker umh\u00fcllt, was ihn sehr ansprechend aussehen l\u00e4sst. Sie k\u00f6nnen verschiedene Anl\u00e4sse dekorieren oder versch\u00f6nern und eine festliche Atmosph\u00e4re schaffen.<\/li>\n\n\n\n<li><strong>Lecker: <\/strong>W\u00e4hlen Sie hochwertige Sonnenblumenkerne mit seidiger Schokolade auf der Au\u00dfenseite, und der Geschmack ist reich. Jeder Bissen unserer Schokolade Sonnenblumenkerne Gro\u00dfhandel bringt reichen Schokoladengeschmack und knusprigen Sonnenblumenkernen Geschmack.<\/li>\n\n\n\n<li><strong>Gesunde Naschereien:<\/strong> Unsere Schokoladen-Sonnenblumenkerne in loser Sch\u00fcttung sind reich an N\u00e4hrstoffen wie Vitamin E, Proteinen und gesunden Fetten, die sie zu einer leckeren und dennoch gesunden Snack-Option f\u00fcr den t\u00e4glichen Verzehr machen.<\/li>\n\n\n\n<li><strong>Gro\u00dfabnehmer-Rabatt: <\/strong>Einzelh\u00e4ndler, Partyplaner und Firmenkunden k\u00f6nnen gro\u00dfe Mengen unserer Schokoladen-Sonnenblumenkerne im Gro\u00dfhandel zu einem g\u00fcnstigeren Preis kaufen, um alle Arten von Bed\u00fcrfnissen zu erf\u00fcllen.<\/li>\n<\/ul>\n<\/div>\n\n\n\n<div class=\"wp-block-column is-layout-flow wp-block-column-is-layout-flow\">\n<figure class=\"wp-block-image size-full\"><img fetchpriority=\"high\" decoding=\"async\" width=\"770\" height=\"581\" src=\"https:\/\/jxgchocolate.com\/wp-content\/uploads\/2024\/08\/Multi-Color-Chocolate-Sunflower-Seeds-Bulk-Wholesale-Snacks-1.webp\" alt=\"Multi Color Schokolade Sonnenblumenkerne Bulk, Gro\u00dfhandel Snacks-1\" class=\"wp-image-28620\" srcset=\"https:\/\/jxgchocolate.com\/wp-content\/uploads\/2024\/08\/Multi-Color-Chocolate-Sunflower-Seeds-Bulk-Wholesale-Snacks-1.webp 770w, https:\/\/jxgchocolate.com\/wp-content\/uploads\/2024\/08\/Multi-Color-Chocolate-Sunflower-Seeds-Bulk-Wholesale-Snacks-1-398x300.webp 398w, https:\/\/jxgchocolate.com\/wp-content\/uploads\/2024\/08\/Multi-Color-Chocolate-Sunflower-Seeds-Bulk-Wholesale-Snacks-1-768x579.webp 768w, https:\/\/jxgchocolate.com\/wp-content\/uploads\/2024\/08\/Multi-Color-Chocolate-Sunflower-Seeds-Bulk-Wholesale-Snacks-1-16x12.webp 16w, https:\/\/jxgchocolate.com\/wp-content\/uploads\/2024\/08\/Multi-Color-Chocolate-Sunflower-Seeds-Bulk-Wholesale-Snacks-1-430x324.webp 430w, https:\/\/jxgchocolate.com\/wp-content\/uploads\/2024\/08\/Multi-Color-Chocolate-Sunflower-Seeds-Bulk-Wholesale-Snacks-1-700x528.webp 700w, https:\/\/jxgchocolate.com\/wp-content\/uploads\/2024\/08\/Multi-Color-Chocolate-Sunflower-Seeds-Bulk-Wholesale-Snacks-1-150x113.webp 150w\" sizes=\"(max-width: 770px) 100vw, 770px\" \/><\/figure>\n<\/div>\n<\/div>","protected":false},"excerpt":{"rendered":"<p>Kaufen Schokolade Sonnenblumenkerne Gro\u00dfhandel aus der Fabrik. Unsere Schokolade Sonnenblumenkerne Bulk ist lecker und gesund, zusammen mit hellen Farben, um sie fit f\u00fcr verschiedene Anl\u00e4sse zu halten. Jeder Sonnenblumenkern wird mit seidiger Schokolade reich an Aromen und N\u00e4hrwert beschichtet werden.<\/p>\n<table width=\"275\">\n<tbody>\n<tr>\n<td width=\"108\">Hersteller<\/td>\n<td width=\"167\">Gl\u00fccksfrucht<\/td>\n<\/tr>\n<tr>\n<td>MODELL NR.<\/td>\n<td>JXG32<\/td>\n<\/tr>\n<tr>\n<td>Typ<\/td>\n<td>Sonnenblumenkerne Schokolade\u00a0<\/td>\n<\/tr>\n<tr>\n<td>Verpackung<\/td>\n<td>Box-Verpackung<\/td>\n<\/tr>\n<tr>\n<td>Spezifikation<\/td>\n<td>24 Schachteln<\/td>\n<\/tr>\n<tr>\n<td>Gr\u00f6\u00dfe des Kartons<\/td>\n<td>16*13*9cm<\/td>\n<\/tr>\n<tr>\n<td>N.W \/SET<\/td>\n<td>24Kartons*14g*30St\u00fcck<\/td>\n<\/tr>\n<tr>\n<td>Farbe<\/td>\n<td>Als Bild<\/td>\n<\/tr>\n<tr>\n<td>MOQ<\/td>\n<td>500 Kartons<\/td>\n<\/tr>\n<tr>\n<td>Personalisierung<\/td>\n<td>Verpackung\/LOGO<\/td>\n<\/tr>\n<\/tbody>\n<\/table>","protected":false},"featured_media":28622,"comment_status":"closed","ping_status":"closed","template":"","meta":[],"product_cat":[72],"product_tag":[],"class_list":{"0":"post-28619","1":"product","2":"type-product","3":"status-publish","4":"has-post-thumbnail","6":"product_cat-wholesale-chocolate-covered-sunflower-seeds","8":"first","9":"instock","10":"shipping-taxable","11":"product-type-simple"},"_links":{"self":[{"href":"https:\/\/jxgchocolate.com\/de\/wp-json\/wp\/v2\/product\/28619","targetHints":{"allow":["GET"]}}],"collection":[{"href":"https:\/\/jxgchocolate.com\/de\/wp-json\/wp\/v2\/product"}],"about":[{"href":"https:\/\/jxgchocolate.com\/de\/wp-json\/wp\/v2\/types\/product"}],"replies":[{"embeddable":true,"href":"https:\/\/jxgchocolate.com\/de\/wp-json\/wp\/v2\/comments?post=28619"}],"version-history":[{"count":0,"href":"https:\/\/jxgchocolate.com\/de\/wp-json\/wp\/v2\/product\/28619\/revisions"}],"wp:featuredmedia":[{"embeddable":true,"href":"https:\/\/jxgchocolate.com\/de\/wp-json\/wp\/v2\/media\/28622"}],"wp:attachment":[{"href":"https:\/\/jxgchocolate.com\/de\/wp-json\/wp\/v2\/media?parent=28619"}],"wp:term":[{"taxonomy":"product_cat","embeddable":true,"href":"https:\/\/jxgchocolate.com\/de\/wp-json\/wp\/v2\/product_cat?post=28619"},{"taxonomy":"product_tag","embeddable":true,"href":"https:\/\/jxgchocolate.com\/de\/wp-json\/wp\/v2\/product_tag?post=28619"}],"curies":[{"name":"wp","href":"https:\/\/api.w.org\/{rel}","templated":true}]}}