{"id":28628,"date":"2024-08-31T05:31:05","date_gmt":"2024-08-31T05:31:05","guid":{"rendered":"https:\/\/jxgchocolate.com\/?post_type=product&#038;p=28628"},"modified":"2024-11-02T09:12:38","modified_gmt":"2024-11-02T09:12:38","slug":"bulk-chocolate-sunflower-seeds","status":"publish","type":"product","link":"https:\/\/jxgchocolate.com\/de\/produkt\/bulk-chocolate-sunflower-seeds\/","title":{"rendered":"Bulk Schokolade Sonnenblumenkerne, Gro\u00dfhandel Schokolade Snacks"},"content":{"rendered":"<div class=\"wp-block-columns is-layout-flex wp-container-core-columns-is-layout-9d6595d7 wp-block-columns-is-layout-flex\">\n<div class=\"wp-block-column is-layout-flow wp-block-column-is-layout-flow\">\n<h2 class=\"wp-block-heading\">Premium Bulk Schokolade Sonnenblumenkerne Merkmale:<\/h2>\n\n\n\n<ul class=\"wp-block-list\">\n<li><strong>Reicher Geschmack:<\/strong> Hochwertige Sonnenblumenkerne in loser Sch\u00fcttung werden aus hochwertigen Sonnenblumenkernen hergestellt, die in seidiger Schokolade eingebettet sind und einen reichhaltigen Doppelgeschmack bieten. Die S\u00fc\u00dfe der Schokolade und die Knackigkeit der Sonnenblumenkerne sind perfekt kombiniert und bieten den Verbrauchern einen einzigartigen und k\u00f6stlichen Genuss.<\/li>\n\n\n\n<li><strong>Gesunde Naschereien:<\/strong> Durch die Kombination von Schokoladengenuss und Nusswert weisen unsere mit Schokolade \u00fcberzogenen Sonnenblumenkerne eine hohe Konzentration an Vitamin E, Magnesium, Ballaststoffen und gesunden Fetten auf. Es ist eine k\u00f6stliche und dennoch gesunde Snack-Wahl f\u00fcr Kunden auf der Suche nach Ern\u00e4hrung und Geschmack.<\/li>\n\n\n\n<li><strong>Vielf\u00e4ltiges Paket f\u00fcr verschiedene Szenarien: <\/strong>F\u00fcr Schokoladen-Sonnenblumenkerne in loser Sch\u00fcttung bieten wir eine Reihe von Verpackungsspezifikationen an, die sich f\u00fcr pers\u00f6nliche Snacks, Partys oder Festtagsgeschenke eignen. Sie lassen sich leicht in Restaurants, Caf\u00e9s, Kinos und an anderen Orten verkaufen und erf\u00fcllen verschiedene Marktanforderungen.<\/li>\n\n\n\n<li><strong>Benutzerdefinierter Geschmack: <\/strong>Unsere schokoladen\u00fcberzogenen Sonnenblumenkerne in loser Sch\u00fcttung erm\u00f6glichen verschiedene Schokoladengeschmacksrichtungen je nach Bedarf, einschlie\u00dflich Zartbitterschokolade, Milchschokolade usw., sowie die Aromatisierung von Sonnenblumenkernen in verschiedenen Geschmacksrichtungen, um den individuellen Bed\u00fcrfnissen von Marken und Kunden gerecht zu werden und die Unterscheidbarkeit der Marke zu erh\u00f6hen.<\/li>\n\n\n\n<li><strong>Langfristige Frische: <\/strong>Um die Haltbarkeit dieser losen Schokoladen-Sonnenblumenkerne zu verl\u00e4ngern, wurde eine moderne, versiegelte Verpackung verwendet. Die Knusprigkeit der Sonnenblumenkerne und das reiche Aroma der Schokolade bleiben erhalten. Dieses Produkt eignet sich f\u00fcr den Gro\u00dfhandel und ist leicht zu lagern und zu transportieren.<\/li>\n<\/ul>\n<\/div>\n\n\n\n<div class=\"wp-block-column is-layout-flow wp-block-column-is-layout-flow\">\n<figure class=\"wp-block-image size-full\"><img fetchpriority=\"high\" decoding=\"async\" width=\"770\" height=\"683\" src=\"https:\/\/jxgchocolate.com\/wp-content\/uploads\/2024\/08\/Bulk-Chocolate-Sunflower-Seeds-Wholesale-Chocolate-Snacks-2.webp\" alt=\"Bulk-Schokolade Sonnenblumenkerne, Gro\u00dfhandel Schokolade Snacks-2\" class=\"wp-image-28630\" srcset=\"https:\/\/jxgchocolate.com\/wp-content\/uploads\/2024\/08\/Bulk-Chocolate-Sunflower-Seeds-Wholesale-Chocolate-Snacks-2.webp 770w, https:\/\/jxgchocolate.com\/wp-content\/uploads\/2024\/08\/Bulk-Chocolate-Sunflower-Seeds-Wholesale-Chocolate-Snacks-2-338x300.webp 338w, https:\/\/jxgchocolate.com\/wp-content\/uploads\/2024\/08\/Bulk-Chocolate-Sunflower-Seeds-Wholesale-Chocolate-Snacks-2-768x681.webp 768w, https:\/\/jxgchocolate.com\/wp-content\/uploads\/2024\/08\/Bulk-Chocolate-Sunflower-Seeds-Wholesale-Chocolate-Snacks-2-14x12.webp 14w, https:\/\/jxgchocolate.com\/wp-content\/uploads\/2024\/08\/Bulk-Chocolate-Sunflower-Seeds-Wholesale-Chocolate-Snacks-2-430x381.webp 430w, https:\/\/jxgchocolate.com\/wp-content\/uploads\/2024\/08\/Bulk-Chocolate-Sunflower-Seeds-Wholesale-Chocolate-Snacks-2-700x621.webp 700w, https:\/\/jxgchocolate.com\/wp-content\/uploads\/2024\/08\/Bulk-Chocolate-Sunflower-Seeds-Wholesale-Chocolate-Snacks-2-150x133.webp 150w\" sizes=\"(max-width: 770px) 100vw, 770px\" \/><\/figure>\n<\/div>\n<\/div>","protected":false},"excerpt":{"rendered":"<p>Kaufen Sie Schokoladen-Sonnenblumenkerne aus der Fabrik. Unsere Bulk-Schokolade Sonnenblumenkerne Gro\u00dfhandel ist knusprig und s\u00fc\u00df, eine ideale Wahl f\u00fcr Snacks, die gesund und lecker sind. Es bietet eine Vielzahl von Verpackungsspezifikationen, und kundenspezifische Geschmacksrichtungen werden unterst\u00fctzt. Das Produkt ist das meistverkaufte in vielen Einzelhandelsgesch\u00e4ften.<\/p>\n<table width=\"275\">\n<tbody>\n<tr>\n<td width=\"108\">Hersteller<\/td>\n<td width=\"167\">Gl\u00fccksfrucht<\/td>\n<\/tr>\n<tr>\n<td>MODELL NR.<\/td>\n<td>JXG33<\/td>\n<\/tr>\n<tr>\n<td>Typ<\/td>\n<td>Sonnenblumenkerne Schokolade\u00a0<\/td>\n<\/tr>\n<tr>\n<td>Verpackung<\/td>\n<td>Verpackung der Tasche<\/td>\n<\/tr>\n<tr>\n<td>Spezifikation<\/td>\n<td>50 S\u00e4cke<\/td>\n<\/tr>\n<tr>\n<td>Gr\u00f6\u00dfe des Kartons<\/td>\n<td>14*5*18cm<\/td>\n<\/tr>\n<tr>\n<td>N.W \/SET<\/td>\n<td>60g*50Beutel<\/td>\n<\/tr>\n<tr>\n<td>Farbe<\/td>\n<td>Als Bild<\/td>\n<\/tr>\n<tr>\n<td>MOQ<\/td>\n<td>500 Kartons<\/td>\n<\/tr>\n<tr>\n<td>Personalisierung<\/td>\n<td>Verpackung\/LOGO<\/td>\n<\/tr>\n<\/tbody>\n<\/table>","protected":false},"featured_media":28629,"comment_status":"closed","ping_status":"closed","template":"","meta":[],"product_cat":[72],"product_tag":[],"class_list":{"0":"post-28628","1":"product","2":"type-product","3":"status-publish","4":"has-post-thumbnail","6":"product_cat-wholesale-chocolate-covered-sunflower-seeds","8":"first","9":"instock","10":"shipping-taxable","11":"product-type-simple"},"_links":{"self":[{"href":"https:\/\/jxgchocolate.com\/de\/wp-json\/wp\/v2\/product\/28628","targetHints":{"allow":["GET"]}}],"collection":[{"href":"https:\/\/jxgchocolate.com\/de\/wp-json\/wp\/v2\/product"}],"about":[{"href":"https:\/\/jxgchocolate.com\/de\/wp-json\/wp\/v2\/types\/product"}],"replies":[{"embeddable":true,"href":"https:\/\/jxgchocolate.com\/de\/wp-json\/wp\/v2\/comments?post=28628"}],"version-history":[{"count":0,"href":"https:\/\/jxgchocolate.com\/de\/wp-json\/wp\/v2\/product\/28628\/revisions"}],"wp:featuredmedia":[{"embeddable":true,"href":"https:\/\/jxgchocolate.com\/de\/wp-json\/wp\/v2\/media\/28629"}],"wp:attachment":[{"href":"https:\/\/jxgchocolate.com\/de\/wp-json\/wp\/v2\/media?parent=28628"}],"wp:term":[{"taxonomy":"product_cat","embeddable":true,"href":"https:\/\/jxgchocolate.com\/de\/wp-json\/wp\/v2\/product_cat?post=28628"},{"taxonomy":"product_tag","embeddable":true,"href":"https:\/\/jxgchocolate.com\/de\/wp-json\/wp\/v2\/product_tag?post=28628"}],"curies":[{"name":"wp","href":"https:\/\/api.w.org\/{rel}","templated":true}]}}