{"id":28633,"date":"2024-08-31T05:42:34","date_gmt":"2024-08-31T05:42:34","guid":{"rendered":"https:\/\/jxgchocolate.com\/?post_type=product&#038;p=28633"},"modified":"2024-08-31T06:43:46","modified_gmt":"2024-08-31T06:43:46","slug":"wholesale-chocolate-sunflower-seeds","status":"publish","type":"product","link":"https:\/\/jxgchocolate.com\/de\/produkt\/wholesale-chocolate-sunflower-seeds\/","title":{"rendered":"Factory Supply Gro\u00dfhandel Schokolade Sonnenblumenkerne in Bulk"},"content":{"rendered":"<div class=\"wp-block-columns is-layout-flex wp-container-core-columns-is-layout-9d6595d7 wp-block-columns-is-layout-flex\">\n<div class=\"wp-block-column is-layout-flow wp-block-column-is-layout-flow\">\n<h2 class=\"wp-block-heading\">Premium-Gro\u00dfhandel Schokolade Sonnenblumenkerne Merkmale:<\/h2>\n\n\n\n<ol class=\"wp-block-list\">\n<li><strong>Direkte Lieferung ab Werk:<\/strong> Kaufen Sie Schokoladen-Sonnenblumenkerne im Gro\u00dfhandel vom Hersteller, um eine stabile und zuverl\u00e4ssige Produktqualit\u00e4t zu gew\u00e4hrleisten und gleichzeitig die Zwischenkosten zu senken und den Kunden kosteng\u00fcnstige Schokoladen-Sonnenblumenkerne zu bieten.<\/li>\n\n\n\n<li><strong>Hochwertige Rohstoffe: <\/strong>F\u00fcr unsere schokoladen\u00fcberzogenen Sonnenblumenkerne werden hochwertige Sonnenblumenkerne und hochwertige Schokolade ausgew\u00e4hlt, um sicherzustellen, dass jeder Sonnenblumenkern den besten Geschmack und ein reichhaltiges Schokoladenaroma hat.<\/li>\n\n\n\n<li><strong>Lieferung in gro\u00dfen Mengen: <\/strong>Unsere Gro\u00dfhandels-Schokoladen-Sonnenblumenkerne unterst\u00fctzen die Beschaffung in gro\u00dfen Mengen, um verschiedene Gesch\u00e4ftsanforderungen zu erf\u00fcllen. Ob Einzelh\u00e4ndler, Gro\u00dfh\u00e4ndler oder Catering-Dienstleister, sie k\u00f6nnen den ben\u00f6tigten Bestand leicht beschaffen.<\/li>\n\n\n\n<li><strong>Breite Anwendung: <\/strong>Unsere schokoladen\u00fcberzogenen Sonnenblumenkerne eignen sich f\u00fcr den Snack-Einzelhandel, f\u00fcr Party-Veranstaltungen und f\u00fcr die Dekoration von Desserts in der Gastronomie. Sie sind eine ideale Wahl f\u00fcr die Snack- und Catering-Industrie.<\/li>\n<\/ol>\n<\/div>\n\n\n\n<div class=\"wp-block-column is-layout-flow wp-block-column-is-layout-flow\">\n<figure class=\"wp-block-image size-full\"><img fetchpriority=\"high\" decoding=\"async\" width=\"750\" height=\"750\" src=\"https:\/\/jxgchocolate.com\/wp-content\/uploads\/2024\/08\/Factory-Supply-Wholesale-Chocolate-Sunflower-Seeds-in-Bulk-5.webp\" alt=\"Factory Supply Gro\u00dfhandel Schokolade Sonnenblumenkerne in Bulk-5\" class=\"wp-image-28652\" srcset=\"https:\/\/jxgchocolate.com\/wp-content\/uploads\/2024\/08\/Factory-Supply-Wholesale-Chocolate-Sunflower-Seeds-in-Bulk-5.webp 750w, https:\/\/jxgchocolate.com\/wp-content\/uploads\/2024\/08\/Factory-Supply-Wholesale-Chocolate-Sunflower-Seeds-in-Bulk-5-300x300.webp 300w, https:\/\/jxgchocolate.com\/wp-content\/uploads\/2024\/08\/Factory-Supply-Wholesale-Chocolate-Sunflower-Seeds-in-Bulk-5-150x150.webp 150w, https:\/\/jxgchocolate.com\/wp-content\/uploads\/2024\/08\/Factory-Supply-Wholesale-Chocolate-Sunflower-Seeds-in-Bulk-5-12x12.webp 12w, https:\/\/jxgchocolate.com\/wp-content\/uploads\/2024\/08\/Factory-Supply-Wholesale-Chocolate-Sunflower-Seeds-in-Bulk-5-430x430.webp 430w, https:\/\/jxgchocolate.com\/wp-content\/uploads\/2024\/08\/Factory-Supply-Wholesale-Chocolate-Sunflower-Seeds-in-Bulk-5-700x700.webp 700w\" sizes=\"(max-width: 750px) 100vw, 750px\" \/><\/figure>\n<\/div>\n<\/div>","protected":false},"excerpt":{"rendered":"<p>Kaufen Sie im Gro\u00dfhandel Schokoladen-Sonnenblumenkerne vom Hersteller, mit einem reichen Schokoladenaroma und knackigem Geschmack. Der Gro\u00dfhandel bietet Einzelh\u00e4ndlern und Catering-Dienstleistern zuverl\u00e4ssige, qualitativ hochwertige Optionen f\u00fcr verschiedene Gesch\u00e4ftsanforderungen.<\/p>\n<table width=\"275\">\n<tbody>\n<tr>\n<td width=\"108\">Hersteller<\/td>\n<td width=\"167\">Gl\u00fccksfrucht<\/td>\n<\/tr>\n<tr>\n<td>MODELL NR.<\/td>\n<td>JXG34<\/td>\n<\/tr>\n<tr>\n<td>Typ<\/td>\n<td>Sonnenblumenkerne Schokolade\u00a0<\/td>\n<\/tr>\n<tr>\n<td>Verpackung<\/td>\n<td>Verpackung der Tasche<\/td>\n<\/tr>\n<tr>\n<td>Spezifikation<\/td>\n<td>12 Taschen<\/td>\n<\/tr>\n<tr>\n<td>Gr\u00f6\u00dfe des Kartons<\/td>\n<td>18*7*25cm<\/td>\n<\/tr>\n<tr>\n<td>N.W \/SET<\/td>\n<td>1KG*12 Beutel<\/td>\n<\/tr>\n<tr>\n<td>Farbe<\/td>\n<td>Als Bild<\/td>\n<\/tr>\n<tr>\n<td>MOQ<\/td>\n<td>500 Kartons<\/td>\n<\/tr>\n<tr>\n<td>Personalisierung<\/td>\n<td>Verpackung\/LOGO<\/td>\n<\/tr>\n<\/tbody>\n<\/table>","protected":false},"featured_media":28649,"comment_status":"closed","ping_status":"closed","template":"","meta":[],"product_cat":[72],"product_tag":[],"class_list":{"0":"post-28633","1":"product","2":"type-product","3":"status-publish","4":"has-post-thumbnail","6":"product_cat-wholesale-chocolate-covered-sunflower-seeds","8":"first","9":"instock","10":"shipping-taxable","11":"product-type-simple"},"_links":{"self":[{"href":"https:\/\/jxgchocolate.com\/de\/wp-json\/wp\/v2\/product\/28633","targetHints":{"allow":["GET"]}}],"collection":[{"href":"https:\/\/jxgchocolate.com\/de\/wp-json\/wp\/v2\/product"}],"about":[{"href":"https:\/\/jxgchocolate.com\/de\/wp-json\/wp\/v2\/types\/product"}],"replies":[{"embeddable":true,"href":"https:\/\/jxgchocolate.com\/de\/wp-json\/wp\/v2\/comments?post=28633"}],"version-history":[{"count":0,"href":"https:\/\/jxgchocolate.com\/de\/wp-json\/wp\/v2\/product\/28633\/revisions"}],"wp:featuredmedia":[{"embeddable":true,"href":"https:\/\/jxgchocolate.com\/de\/wp-json\/wp\/v2\/media\/28649"}],"wp:attachment":[{"href":"https:\/\/jxgchocolate.com\/de\/wp-json\/wp\/v2\/media?parent=28633"}],"wp:term":[{"taxonomy":"product_cat","embeddable":true,"href":"https:\/\/jxgchocolate.com\/de\/wp-json\/wp\/v2\/product_cat?post=28633"},{"taxonomy":"product_tag","embeddable":true,"href":"https:\/\/jxgchocolate.com\/de\/wp-json\/wp\/v2\/product_tag?post=28633"}],"curies":[{"name":"wp","href":"https:\/\/api.w.org\/{rel}","templated":true}]}}