{"id":28641,"date":"2024-08-31T05:54:03","date_gmt":"2024-08-31T05:54:03","guid":{"rendered":"https:\/\/jxgchocolate.com\/?post_type=product&#038;p=28641"},"modified":"2025-03-08T03:43:18","modified_gmt":"2025-03-08T03:43:18","slug":"chocolate-sunflower-seeds-in-bulk","status":"publish","type":"product","link":"https:\/\/jxgchocolate.com\/de\/produkt\/chocolate-sunflower-seeds-in-bulk\/","title":{"rendered":"Kaufen Schokolade Sonnenblumenkerne in Bulk zu g\u00fcnstigen Preisen"},"content":{"rendered":"<div class=\"wp-block-columns is-layout-flex wp-container-core-columns-is-layout-9d6595d7 wp-block-columns-is-layout-flex\">\n<div class=\"wp-block-column is-layout-flow wp-block-column-is-layout-flow\">\n<h2 class=\"wp-block-heading\">Premium-Schokoladen-Sonnenblumenkerne in loser Sch\u00fcttung Merkmale:<\/h2>\n\n\n\n<ul class=\"wp-block-list\">\n<li><strong>Reichhaltiger Geschmack: <\/strong>Unsere Schokoladen-Sonnenblumenkerne in loser Sch\u00fcttung sind mit hochwertiger Zartbitterschokolade umh\u00fcllt, die f\u00fcr ein reichhaltiges Schokoladenaroma und einen vollmundigen Geschmack sorgt - perfekt f\u00fcr alle, die den besten Geschmack w\u00fcnschen.<\/li>\n\n\n\n<li><strong>Gesunde Snack-Auswahl: <\/strong>Dunkle Schokolade enth\u00e4lt Antioxidantien, und Sonnenblumenkerne enthalten Vitamin E und gute Fette. Unsere Gro\u00dfhandelsschokoladen-Sonnenblumenkerne sind nicht nur lecker, sondern auch eine gesunde Snackwahl.<\/li>\n\n\n\n<li><strong>Vielseitiger Snack: <\/strong>Diese Schokoladen-Sonnenblumenkerne in loser Sch\u00fcttung k\u00f6nnen als Snack direkt aus der T\u00fcte verzehrt oder als Topping f\u00fcr Desserts wie Kuchen, Kekse und Eiscreme verwendet werden. Sie sind eine k\u00f6stliche Wahl f\u00fcr jede Gelegenheit.<\/li>\n\n\n\n<li><strong>Angebot f\u00fcr den Gro\u00dfhandel: <\/strong>Unsere mit Schokolade \u00fcberzogenen Sonnenblumenkerne eignen sich am besten f\u00fcr Gro\u00dfh\u00e4ndler, Restaurants und Massenveranstaltungen, um sicherzustellen, dass Sie Zugang zu Qualit\u00e4tsprodukten zu Gro\u00dfhandelspreisen haben.<\/li>\n<\/ul>\n<\/div>\n\n\n\n<div class=\"wp-block-column is-layout-flow wp-block-column-is-layout-flow\">\n<figure class=\"wp-block-image size-full\"><img fetchpriority=\"high\" decoding=\"async\" width=\"750\" height=\"750\" src=\"https:\/\/jxgchocolate.com\/wp-content\/uploads\/2024\/08\/Dark-Chocolate-Sunflower-Seeds-in-Bulk-Wholesale-Snacks-6.webp\" alt=\"Dunkle Schokolade Sonnenblumenkerne in Bulk, Gro\u00dfhandel Snacks-6\" class=\"wp-image-28647\" srcset=\"https:\/\/jxgchocolate.com\/wp-content\/uploads\/2024\/08\/Dark-Chocolate-Sunflower-Seeds-in-Bulk-Wholesale-Snacks-6.webp 750w, https:\/\/jxgchocolate.com\/wp-content\/uploads\/2024\/08\/Dark-Chocolate-Sunflower-Seeds-in-Bulk-Wholesale-Snacks-6-300x300.webp 300w, https:\/\/jxgchocolate.com\/wp-content\/uploads\/2024\/08\/Dark-Chocolate-Sunflower-Seeds-in-Bulk-Wholesale-Snacks-6-150x150.webp 150w, https:\/\/jxgchocolate.com\/wp-content\/uploads\/2024\/08\/Dark-Chocolate-Sunflower-Seeds-in-Bulk-Wholesale-Snacks-6-12x12.webp 12w, https:\/\/jxgchocolate.com\/wp-content\/uploads\/2024\/08\/Dark-Chocolate-Sunflower-Seeds-in-Bulk-Wholesale-Snacks-6-430x430.webp 430w, https:\/\/jxgchocolate.com\/wp-content\/uploads\/2024\/08\/Dark-Chocolate-Sunflower-Seeds-in-Bulk-Wholesale-Snacks-6-700x700.webp 700w\" sizes=\"(max-width: 750px) 100vw, 750px\" \/><\/figure>\n<\/div>\n<\/div>\n\n\n\n<p><\/p>","protected":false},"excerpt":{"rendered":"<p>Willkommen im Gro\u00dfhandel mit Schokolade \u00fcberzogene Sonnenblumenkerne zu bestellen. Unsere Schokoladen-Sonnenblumenkerne in loser Sch\u00fcttung sind mit reiner Zartbitterschokolade \u00fcberzogen, mit tiefem Geschmack und dichter Ern\u00e4hrung. Es ist von Bedeutung, ob als gesunde Lebensmittel oder Dekoration Desserts dienen.<\/p>\n<table width=\"275\">\n<tbody>\n<tr>\n<td width=\"108\">Hersteller<\/td>\n<td width=\"167\">Gl\u00fccksfrucht<\/td>\n<\/tr>\n<tr>\n<td>MODELL NR.<\/td>\n<td>JXG35<\/td>\n<\/tr>\n<tr>\n<td>Typ<\/td>\n<td>Sonnenblumenkerne Schokolade\u00a0<\/td>\n<\/tr>\n<tr>\n<td>Verpackung<\/td>\n<td>Verpackung der Tasche<\/td>\n<\/tr>\n<tr>\n<td>Spezifikation<\/td>\n<td>2 Beutel<\/td>\n<\/tr>\n<tr>\n<td>Gr\u00f6\u00dfe des Kartons<\/td>\n<td>20*31*18cm<\/td>\n<\/tr>\n<tr>\n<td>N.W \/SET<\/td>\n<td>25g*100St\u00fcck*2Beutel<\/td>\n<\/tr>\n<tr>\n<td>Farbe<\/td>\n<td>Als Bild<\/td>\n<\/tr>\n<tr>\n<td>MOQ<\/td>\n<td>500 Kartons<\/td>\n<\/tr>\n<tr>\n<td>Personalisierung<\/td>\n<td>Verpackung\/LOGO<\/td>\n<\/tr>\n<\/tbody>\n<\/table>","protected":false},"featured_media":28642,"comment_status":"closed","ping_status":"closed","template":"","meta":[],"product_cat":[72],"product_tag":[],"class_list":{"0":"post-28641","1":"product","2":"type-product","3":"status-publish","4":"has-post-thumbnail","6":"product_cat-wholesale-chocolate-covered-sunflower-seeds","8":"first","9":"instock","10":"shipping-taxable","11":"product-type-simple"},"_links":{"self":[{"href":"https:\/\/jxgchocolate.com\/de\/wp-json\/wp\/v2\/product\/28641","targetHints":{"allow":["GET"]}}],"collection":[{"href":"https:\/\/jxgchocolate.com\/de\/wp-json\/wp\/v2\/product"}],"about":[{"href":"https:\/\/jxgchocolate.com\/de\/wp-json\/wp\/v2\/types\/product"}],"replies":[{"embeddable":true,"href":"https:\/\/jxgchocolate.com\/de\/wp-json\/wp\/v2\/comments?post=28641"}],"version-history":[{"count":5,"href":"https:\/\/jxgchocolate.com\/de\/wp-json\/wp\/v2\/product\/28641\/revisions"}],"predecessor-version":[{"id":29602,"href":"https:\/\/jxgchocolate.com\/de\/wp-json\/wp\/v2\/product\/28641\/revisions\/29602"}],"wp:featuredmedia":[{"embeddable":true,"href":"https:\/\/jxgchocolate.com\/de\/wp-json\/wp\/v2\/media\/28642"}],"wp:attachment":[{"href":"https:\/\/jxgchocolate.com\/de\/wp-json\/wp\/v2\/media?parent=28641"}],"wp:term":[{"taxonomy":"product_cat","embeddable":true,"href":"https:\/\/jxgchocolate.com\/de\/wp-json\/wp\/v2\/product_cat?post=28641"},{"taxonomy":"product_tag","embeddable":true,"href":"https:\/\/jxgchocolate.com\/de\/wp-json\/wp\/v2\/product_tag?post=28641"}],"curies":[{"name":"wp","href":"https:\/\/api.w.org\/{rel}","templated":true}]}}