{"id":28657,"date":"2024-08-31T06:22:40","date_gmt":"2024-08-31T06:22:40","guid":{"rendered":"https:\/\/jxgchocolate.com\/?post_type=product&#038;p=28657"},"modified":"2024-11-02T09:23:42","modified_gmt":"2024-11-02T09:23:42","slug":"chocolate-sunflower-seeds-wholesale","status":"publish","type":"product","link":"https:\/\/jxgchocolate.com\/de\/produkt\/chocolate-sunflower-seeds-wholesale\/","title":{"rendered":"Bag Pack Schokolade Sonnenblumenkerne Gro\u00dfhandel, Bulk-Schokolade Snacks"},"content":{"rendered":"<div class=\"wp-block-columns is-layout-flex wp-container-core-columns-is-layout-9d6595d7 wp-block-columns-is-layout-flex\">\n<div class=\"wp-block-column is-layout-flow wp-block-column-is-layout-flow\">\n<h2 class=\"wp-block-heading\">Premium-Schokolade Sonnenblumenkerne Gro\u00dfhandel Merkmale:<\/h2>\n\n\n\n<ul class=\"wp-block-list\">\n<li><strong>Praktisches Verpackungsdesign: <\/strong>Unsere Schokoladen-Sonnenblumenkerne im Gro\u00dfhandel sind in Beuteln verpackt, die bequem mitzunehmen und zu lagern sind. Es ist geeignet f\u00fcr den t\u00e4glichen Snacks, Reisen, oder einfach nur essen auf dem Weg zur Arbeit; es wird die Nachfrage der Verbraucher jederzeit und \u00fcberall zu erf\u00fcllen.<\/li>\n\n\n\n<li><strong>Hochwertige Auswahl der Zutaten: <\/strong>Bei der Herstellung von Gro\u00dfhandels-Schokoladen-Sonnenblumenkernen wird die Mischung von hochwertigen Sonnenblumenkernen mit hochwertiger Schokolade ber\u00fccksichtigt. Daher tr\u00e4gt jeder einzelne schokoladen\u00fcberzogene Sonnenblumenkerne bulk einen starken Geschmack von Schokolade mit knusprigen Geschmack, damit eine hohe Qualit\u00e4t in den Genuss des Geschmacks.<\/li>\n\n\n\n<li><strong>Vollwertige und gesunde Wahl: <\/strong>Sonnenblumenkerne sind reich an Vitamin E, Eiwei\u00df und gesunden Fetten, w\u00e4hrend die Schokolade reich an Antioxidantien ist. Unsere Schokoladen-Sonnenblumenkerne, die in Perfektion und K\u00f6stlichkeit zusammengesetzt sind, stellen f\u00fcr den Verbraucher eine viel ges\u00fcndere Wahl des Snacks dar.<\/li>\n\n\n\n<li><strong>Gro\u00dfhandel Versorgung Vorteil: <\/strong>Wir liefern schokoladen\u00fcberzogene Sonnenblumenkerne in gro\u00dfen Mengen f\u00fcr Gro\u00dfh\u00e4ndler, Supermarkt-Einzelh\u00e4ndler und gro\u00dfe Event-Veranstalter. Je mehr Bestellungen Sie bei uns aufgeben, desto g\u00fcnstiger ist der Preis, und wir k\u00f6nnen eine langfristige Versorgung garantieren.<\/li>\n<\/ul>\n<\/div>\n\n\n\n<div class=\"wp-block-column is-layout-flow wp-block-column-is-layout-flow\">\n<figure class=\"wp-block-image size-full\"><img fetchpriority=\"high\" decoding=\"async\" width=\"3648\" height=\"3648\" src=\"https:\/\/jxgchocolate.com\/wp-content\/uploads\/2024\/08\/Bag-Pack-Chocolate-Sunflower-Seeds-Wholesale-Bulk-Snacks-2.webp\" alt=\"Bag Pack Schokolade Sonnenblumenkerne Gro\u00dfhandel, Bulk Snacks-2\" class=\"wp-image-28659\" srcset=\"https:\/\/jxgchocolate.com\/wp-content\/uploads\/2024\/08\/Bag-Pack-Chocolate-Sunflower-Seeds-Wholesale-Bulk-Snacks-2.webp 3648w, https:\/\/jxgchocolate.com\/wp-content\/uploads\/2024\/08\/Bag-Pack-Chocolate-Sunflower-Seeds-Wholesale-Bulk-Snacks-2-300x300.webp 300w, https:\/\/jxgchocolate.com\/wp-content\/uploads\/2024\/08\/Bag-Pack-Chocolate-Sunflower-Seeds-Wholesale-Bulk-Snacks-2-150x150.webp 150w, https:\/\/jxgchocolate.com\/wp-content\/uploads\/2024\/08\/Bag-Pack-Chocolate-Sunflower-Seeds-Wholesale-Bulk-Snacks-2-768x768.webp 768w, https:\/\/jxgchocolate.com\/wp-content\/uploads\/2024\/08\/Bag-Pack-Chocolate-Sunflower-Seeds-Wholesale-Bulk-Snacks-2-12x12.webp 12w, https:\/\/jxgchocolate.com\/wp-content\/uploads\/2024\/08\/Bag-Pack-Chocolate-Sunflower-Seeds-Wholesale-Bulk-Snacks-2-430x430.webp 430w, https:\/\/jxgchocolate.com\/wp-content\/uploads\/2024\/08\/Bag-Pack-Chocolate-Sunflower-Seeds-Wholesale-Bulk-Snacks-2-700x700.webp 700w\" sizes=\"(max-width: 3648px) 100vw, 3648px\" \/><\/figure>\n<\/div>\n<\/div>\n\n\n\n<p><\/p>","protected":false},"excerpt":{"rendered":"<p>Kaufen Sie schokoladen\u00fcberzogene Sonnenblumenkerne in gro\u00dfen Mengen von der Fabrik. Diese Schokolade Sonnenblumenkerne Gro\u00dfhandel haben eine sehr praktische Tasche Design, leicht zu tragen und f\u00fcr den t\u00e4glichen Snacks oder Reisen ausgestattet. Mit der Auswahl von hochwertigen Zutaten, k\u00f6nnen sie sicherstellen, jedes St\u00fcck hat reiche Schokolade Geschmack und N\u00e4hrwert.<\/p>\n<table width=\"275\">\n<tbody>\n<tr>\n<td width=\"108\">Hersteller<\/td>\n<td width=\"167\">Gl\u00fccksfrucht<\/td>\n<\/tr>\n<tr>\n<td>MODELL NR.<\/td>\n<td>JXG36<\/td>\n<\/tr>\n<tr>\n<td>Typ<\/td>\n<td>Sonnenblumenkerne Schokolade\u00a0<\/td>\n<\/tr>\n<tr>\n<td>Verpackung<\/td>\n<td>Verpackung der Tasche<\/td>\n<\/tr>\n<tr>\n<td>Spezifikation<\/td>\n<td>24 Schachteln<\/td>\n<\/tr>\n<tr>\n<td>Gr\u00f6\u00dfe des Kartons<\/td>\n<td>15*13*9cm<\/td>\n<\/tr>\n<tr>\n<td>N.W \/SET<\/td>\n<td>14g*30St\u00fcck*24Kartons<\/td>\n<\/tr>\n<tr>\n<td>Farbe<\/td>\n<td>Als Bild<\/td>\n<\/tr>\n<tr>\n<td>MOQ<\/td>\n<td>500 Kartons<\/td>\n<\/tr>\n<tr>\n<td>Personalisierung<\/td>\n<td>Verpackung\/LOGO<\/td>\n<\/tr>\n<\/tbody>\n<\/table>","protected":false},"featured_media":28661,"comment_status":"closed","ping_status":"closed","template":"","meta":[],"product_cat":[72],"product_tag":[],"class_list":{"0":"post-28657","1":"product","2":"type-product","3":"status-publish","4":"has-post-thumbnail","6":"product_cat-wholesale-chocolate-covered-sunflower-seeds","8":"first","9":"instock","10":"shipping-taxable","11":"product-type-simple"},"_links":{"self":[{"href":"https:\/\/jxgchocolate.com\/de\/wp-json\/wp\/v2\/product\/28657","targetHints":{"allow":["GET"]}}],"collection":[{"href":"https:\/\/jxgchocolate.com\/de\/wp-json\/wp\/v2\/product"}],"about":[{"href":"https:\/\/jxgchocolate.com\/de\/wp-json\/wp\/v2\/types\/product"}],"replies":[{"embeddable":true,"href":"https:\/\/jxgchocolate.com\/de\/wp-json\/wp\/v2\/comments?post=28657"}],"version-history":[{"count":0,"href":"https:\/\/jxgchocolate.com\/de\/wp-json\/wp\/v2\/product\/28657\/revisions"}],"wp:featuredmedia":[{"embeddable":true,"href":"https:\/\/jxgchocolate.com\/de\/wp-json\/wp\/v2\/media\/28661"}],"wp:attachment":[{"href":"https:\/\/jxgchocolate.com\/de\/wp-json\/wp\/v2\/media?parent=28657"}],"wp:term":[{"taxonomy":"product_cat","embeddable":true,"href":"https:\/\/jxgchocolate.com\/de\/wp-json\/wp\/v2\/product_cat?post=28657"},{"taxonomy":"product_tag","embeddable":true,"href":"https:\/\/jxgchocolate.com\/de\/wp-json\/wp\/v2\/product_tag?post=28657"}],"curies":[{"name":"wp","href":"https:\/\/api.w.org\/{rel}","templated":true}]}}