{"id":28684,"date":"2024-09-02T01:47:43","date_gmt":"2024-09-02T01:47:43","guid":{"rendered":"https:\/\/jxgchocolate.com\/?post_type=product&#038;p=28684"},"modified":"2025-03-08T06:11:09","modified_gmt":"2025-03-08T06:11:09","slug":"chocolate-peanuts-wholesale","status":"publish","type":"product","link":"https:\/\/jxgchocolate.com\/de\/produkt\/chocolate-peanuts-wholesale\/","title":{"rendered":"Klare Packung Schokolade Erdn\u00fcsse Gro\u00dfhandel, Bulk-Schokolade Kugeln"},"content":{"rendered":"<div class=\"wp-block-columns is-layout-flex wp-container-core-columns-is-layout-9d6595d7 wp-block-columns-is-layout-flex\">\n<div class=\"wp-block-column is-layout-flow wp-block-column-is-layout-flow\">\n<h2 class=\"wp-block-heading\">Premium-Schokoladen-Erdn\u00fcsse Gro\u00dfhandel Merkmale:<\/h2>\n\n\n\n<ul class=\"wp-block-list\">\n<li><strong>Leicht zu tragen: <\/strong>Unsere Schokolade Erdn\u00fcsse Gro\u00dfhandel sind von unabh\u00e4ngigen Tasche Design, klein in der Gr\u00f6\u00dfe und leicht im Gewicht, geeignet f\u00fcr den Verbrauch jederzeit und \u00fcberall. Ob es Arbeit, Reisen, Ruhe nach dem Training, oder als gesunder Snack f\u00fcr Kinder, es ist so bequem zu nehmen.<\/li>\n\n\n\n<li><strong>K\u00f6stlich und nahrhaft: <\/strong>Unsere losen schokoladen\u00fcberzogenen Erdn\u00fcsse werden aus erstklassigen Erdn\u00fcssen ausgew\u00e4hlt, und ihre \u00e4u\u00dfere Schicht ist reich an zarter Schokolade. Jeder Bissen knuspert genau richtig und ist s\u00fc\u00df. Reiche Schokolade Geschmack mischt sich mit knackigen Erdnuss Geschmack und neckt die Geschmacksknospen, eine gute Dosis von Protein und Energie zu ern\u00e4hren.<\/li>\n\n\n\n<li><strong>Vielseitig einsetzbare Snacks: <\/strong>Unsere Schokoladen-Erdn\u00fcsse im Gro\u00dfhandel k\u00f6nnen bei verschiedenen Partys, Veranstaltungen im Freien und anderen Zusammenk\u00fcnften verwendet werden, um die Energien der Menschen um sie herum zu steigern und ihrem Verlangen nach S\u00fc\u00dfigkeiten mehr Anklang zu verleihen. Es kann auch als Zutaten f\u00fcr gebackene Snackartikel verwendet werden, um Aroma und Geschmack hinzuzuf\u00fcgen.<\/li>\n\n\n\n<li><strong>Vorteile f\u00fcr den Gro\u00dfhandel: <\/strong>Lucky Fruit bietet Einzel- und Gro\u00dfh\u00e4ndlern schokoladen\u00fcberzogene Erdn\u00fcsse in loser Sch\u00fcttung zu angemessenen Kosten an, um deren Nachfrage zu befriedigen. Die Verwendung von hochwertiger Schokolade und Erdn\u00fcssen kann f\u00fcr den Verbraucher ein befriedigendes Erlebnis darstellen.<\/li>\n<\/ul>\n<\/div>\n\n\n\n<div class=\"wp-block-column is-layout-flow wp-block-column-is-layout-flow\">\n<figure class=\"wp-block-image size-full\"><img fetchpriority=\"high\" decoding=\"async\" width=\"750\" height=\"750\" src=\"https:\/\/jxgchocolate.com\/wp-content\/uploads\/2024\/09\/Bag-Pack-Chocolate-Peanuts-Wholesale-Bulk-Chocolate-Snacks-5.webp\" alt=\"Tasche Pack Schokolade Erdn\u00fcsse Gro\u00dfhandel, Bulk-Schokolade Snacks-5\" class=\"wp-image-28691\" srcset=\"https:\/\/jxgchocolate.com\/wp-content\/uploads\/2024\/09\/Bag-Pack-Chocolate-Peanuts-Wholesale-Bulk-Chocolate-Snacks-5.webp 750w, https:\/\/jxgchocolate.com\/wp-content\/uploads\/2024\/09\/Bag-Pack-Chocolate-Peanuts-Wholesale-Bulk-Chocolate-Snacks-5-300x300.webp 300w, https:\/\/jxgchocolate.com\/wp-content\/uploads\/2024\/09\/Bag-Pack-Chocolate-Peanuts-Wholesale-Bulk-Chocolate-Snacks-5-150x150.webp 150w, https:\/\/jxgchocolate.com\/wp-content\/uploads\/2024\/09\/Bag-Pack-Chocolate-Peanuts-Wholesale-Bulk-Chocolate-Snacks-5-12x12.webp 12w, https:\/\/jxgchocolate.com\/wp-content\/uploads\/2024\/09\/Bag-Pack-Chocolate-Peanuts-Wholesale-Bulk-Chocolate-Snacks-5-430x430.webp 430w, https:\/\/jxgchocolate.com\/wp-content\/uploads\/2024\/09\/Bag-Pack-Chocolate-Peanuts-Wholesale-Bulk-Chocolate-Snacks-5-700x700.webp 700w\" sizes=\"(max-width: 750px) 100vw, 750px\" \/><\/figure>\n<\/div>\n<\/div>","protected":false},"excerpt":{"rendered":"<p>Willkommen zu kaufen bulk Schokolade \u00fcberzogen Erdn\u00fcsse. Unsere klare Packung Schokolade Erdn\u00fcsse Gro\u00dfhandel sind bequem zu essen, lecker, nahrhaft, und kann zu jeder Zeit und an jedem Ort verzehrt werden. Ob bei der Arbeit, auf Reisen, beim Spielen oder einfach als Party-Snack, dieser Snack ist perfekt f\u00fcr verschiedene Gelegenheiten.<\/p>\n<table style=\"border-collapse: collapse; width: 275.02pt;\" border=\"0\" width=\"275\" cellspacing=\"0\" cellpadding=\"0\">\n<tbody>\n<tr style=\"height: 17.60pt;\">\n<td class=\"et3\" style=\"height: 17.60pt; width: 108.35pt;\" width=\"108\" height=\"17\">Hersteller<\/td>\n<td class=\"et3\" style=\"width: 167.10pt;\" width=\"167\">Gl\u00fccksfrucht<\/td>\n<\/tr>\n<tr style=\"height: 17.60pt;\">\n<td class=\"et3\" style=\"height: 17.60pt;\" height=\"17\">MODELL NR.<\/td>\n<td class=\"et3\">JXG38<\/td>\n<\/tr>\n<tr style=\"height: 17.60pt;\">\n<td class=\"et3\" style=\"height: 17.60pt;\" height=\"17\">Typ<\/td>\n<td class=\"et3\">Schokoladen-Erdn\u00fcsse<\/td>\n<\/tr>\n<tr style=\"height: 17.60pt;\">\n<td class=\"et3\" style=\"height: 17.60pt;\" height=\"17\">Verpackung<\/td>\n<td class=\"et3\">Verpackung der Tasche<\/td>\n<\/tr>\n<tr style=\"height: 17.60pt;\">\n<td class=\"et3\" style=\"height: 17.60pt;\" height=\"17\">Spezifikation<\/td>\n<td class=\"et3\">2 Beutel<\/td>\n<\/tr>\n<tr style=\"height: 17.60pt;\">\n<td class=\"et3\" style=\"height: 17.60pt;\" height=\"17\">Gr\u00f6\u00dfe des Kartons<\/td>\n<td class=\"et3\">19*3*18 cm<\/td>\n<\/tr>\n<tr style=\"height: 17.60pt;\">\n<td class=\"et3\" style=\"height: 17.60pt;\" height=\"17\">N.W \/SET<\/td>\n<td class=\"et3\">25g*100St\u00fcck*2Beutel<\/td>\n<\/tr>\n<tr style=\"height: 17.60pt;\">\n<td class=\"et3\" style=\"height: 17.60pt;\" height=\"17\">Farbe<\/td>\n<td class=\"et3\">Als Bild<\/td>\n<\/tr>\n<tr style=\"height: 17.60pt;\">\n<td class=\"et3\" style=\"height: 17.60pt;\" height=\"17\">MOQ<\/td>\n<td class=\"et3\">500 Kartons<\/td>\n<\/tr>\n<tr style=\"height: 17.60pt;\">\n<td class=\"et3\" style=\"height: 17.60pt;\" height=\"17\">Personalisierung<\/td>\n<td class=\"et3\">Verpackung\/LOGO<\/td>\n<\/tr>\n<\/tbody>\n<\/table>","protected":false},"featured_media":28687,"comment_status":"closed","ping_status":"closed","template":"","meta":[],"product_cat":[73],"product_tag":[],"class_list":{"0":"post-28684","1":"product","2":"type-product","3":"status-publish","4":"has-post-thumbnail","6":"product_cat-wholesale-chocolate-covered-peanuts","8":"first","9":"instock","10":"shipping-taxable","11":"product-type-simple"},"_links":{"self":[{"href":"https:\/\/jxgchocolate.com\/de\/wp-json\/wp\/v2\/product\/28684","targetHints":{"allow":["GET"]}}],"collection":[{"href":"https:\/\/jxgchocolate.com\/de\/wp-json\/wp\/v2\/product"}],"about":[{"href":"https:\/\/jxgchocolate.com\/de\/wp-json\/wp\/v2\/types\/product"}],"replies":[{"embeddable":true,"href":"https:\/\/jxgchocolate.com\/de\/wp-json\/wp\/v2\/comments?post=28684"}],"version-history":[{"count":8,"href":"https:\/\/jxgchocolate.com\/de\/wp-json\/wp\/v2\/product\/28684\/revisions"}],"predecessor-version":[{"id":29627,"href":"https:\/\/jxgchocolate.com\/de\/wp-json\/wp\/v2\/product\/28684\/revisions\/29627"}],"wp:featuredmedia":[{"embeddable":true,"href":"https:\/\/jxgchocolate.com\/de\/wp-json\/wp\/v2\/media\/28687"}],"wp:attachment":[{"href":"https:\/\/jxgchocolate.com\/de\/wp-json\/wp\/v2\/media?parent=28684"}],"wp:term":[{"taxonomy":"product_cat","embeddable":true,"href":"https:\/\/jxgchocolate.com\/de\/wp-json\/wp\/v2\/product_cat?post=28684"},{"taxonomy":"product_tag","embeddable":true,"href":"https:\/\/jxgchocolate.com\/de\/wp-json\/wp\/v2\/product_tag?post=28684"}],"curies":[{"name":"wp","href":"https:\/\/api.w.org\/{rel}","templated":true}]}}