{"id":28694,"date":"2024-09-02T03:01:56","date_gmt":"2024-09-02T03:01:56","guid":{"rendered":"https:\/\/jxgchocolate.com\/?post_type=product&#038;p=28694"},"modified":"2025-03-08T03:03:10","modified_gmt":"2025-03-08T03:03:10","slug":"bulk-chocolate-coated-peanuts","status":"publish","type":"product","link":"https:\/\/jxgchocolate.com\/de\/produkt\/bulk-chocolate-coated-peanuts\/","title":{"rendered":"Fabrik Versorgung Bulk Schokolade beschichtet Erdn\u00fcsse zu g\u00fcnstigen Preisen"},"content":{"rendered":"<div class=\"wp-block-columns is-layout-flex wp-container-core-columns-is-layout-9d6595d7 wp-block-columns-is-layout-flex\">\n<div class=\"wp-block-column is-layout-flow wp-block-column-is-layout-flow\">\n<h2 class=\"wp-block-heading\">Premium Bulk Chocolate Coated Peanuts Merkmale:<\/h2>\n\n\n\n<ul class=\"wp-block-list\">\n<li><strong>Lieferung in gro\u00dfen Mengen: <\/strong>Unsere schokoladen\u00fcberzogenen Erdn\u00fcsse in gro\u00dfen Mengen eignen sich f\u00fcr alle Arten von Bed\u00fcrfnissen, vom Gro\u00dfhandel bis zur Gastronomie. Vom Firmeneinkauf bis hin zu Gro\u00dfveranstaltungen k\u00f6nnen wir eine stetige Versorgung garantieren.<\/li>\n\n\n\n<li><strong>Hochwertiger Schokoladen\u00fcberzug: <\/strong>Jede unserer schokoladen\u00fcberzogenen Erdn\u00fcsse wird sorgf\u00e4ltig ausgew\u00e4hlt und mit der besten Schokolade \u00fcberzogen, so dass jeder Bissen mit tiefem Schokoladengeschmack beladen ist. Der weiche Geschmack der Schokolade passt gut zur Knackigkeit der Erdn\u00fcsse.<\/li>\n\n\n\n<li><strong>Vollst\u00e4ndige Anpassung: <\/strong>Wir unterst\u00fctzen die individuelle Anpassung von Erdn\u00fcssen in loser Sch\u00fcttung mit Schokoladen\u00fcberzug an die Kundenbed\u00fcrfnisse, vom Verpackungsdesign \u00fcber die Schokoladensorte bis hin zum Geschmack, ob es sich um ein Geschenk zu einem bestimmten Anlass oder um ein individuelles Produkt zur Markenaktivierung handelt.<\/li>\n\n\n\n<li><strong>Gesund und lecker:<\/strong> Unsere schokoladen\u00fcberzogenen Erdn\u00fcsse sind nicht nur lecker, sondern auch gesund und reich an Proteinen und speziellen N\u00e4hrstoffen, die in Erdn\u00fcssen enthalten sind. Der Zucker- und Fettgehalt unserer schokoladen\u00fcberzogenen Erdn\u00fcsse wird reguliert, damit sie ein gesunder Snack sind, der den Gaumen erfreut und die Gesundheit f\u00f6rdert.<\/li>\n<\/ul>\n<\/div>\n\n\n\n<div class=\"wp-block-column is-layout-flow wp-block-column-is-layout-flow\">\n<figure class=\"wp-block-image size-full\"><img fetchpriority=\"high\" decoding=\"async\" width=\"750\" height=\"750\" src=\"https:\/\/jxgchocolate.com\/wp-content\/uploads\/2024\/09\/Factory-Supply-Bulk-Chocolate-Coated-Peanuts-Custom-Snack-2.webp\" alt=\"Factory Supply Bulk Schokolade \u00fcberzogene Erdn\u00fcsse, benutzerdefinierte Snack-2\" class=\"wp-image-28696\" srcset=\"https:\/\/jxgchocolate.com\/wp-content\/uploads\/2024\/09\/Factory-Supply-Bulk-Chocolate-Coated-Peanuts-Custom-Snack-2.webp 750w, https:\/\/jxgchocolate.com\/wp-content\/uploads\/2024\/09\/Factory-Supply-Bulk-Chocolate-Coated-Peanuts-Custom-Snack-2-300x300.webp 300w, https:\/\/jxgchocolate.com\/wp-content\/uploads\/2024\/09\/Factory-Supply-Bulk-Chocolate-Coated-Peanuts-Custom-Snack-2-150x150.webp 150w, https:\/\/jxgchocolate.com\/wp-content\/uploads\/2024\/09\/Factory-Supply-Bulk-Chocolate-Coated-Peanuts-Custom-Snack-2-12x12.webp 12w, https:\/\/jxgchocolate.com\/wp-content\/uploads\/2024\/09\/Factory-Supply-Bulk-Chocolate-Coated-Peanuts-Custom-Snack-2-430x430.webp 430w, https:\/\/jxgchocolate.com\/wp-content\/uploads\/2024\/09\/Factory-Supply-Bulk-Chocolate-Coated-Peanuts-Custom-Snack-2-700x700.webp 700w\" sizes=\"(max-width: 750px) 100vw, 750px\" \/><\/figure>\n<\/div>\n<\/div>\n\n\n\n<p><\/p>","protected":false},"excerpt":{"rendered":"<p>Willkommen zum Kauf von Schokoladen-Erdn\u00fcssen. Unsere mit Schokolade \u00fcberzogenen Erdn\u00fcsse sind sorgf\u00e4ltig ausgew\u00e4hlte Erdn\u00fcsse, und jeder Bissen ist gef\u00fcllt mit intensivem Aroma und einzigartigem Geschmack. Wir bieten personalisierte Anpassung an die Bed\u00fcrfnisse der verschiedenen Marken.<\/p>\n<table style=\"border-collapse: collapse; width: 275.02pt;\" border=\"0\" width=\"275\" cellspacing=\"0\" cellpadding=\"0\">\n<tbody>\n<tr style=\"height: 17.60pt;\">\n<td class=\"et3\" style=\"height: 17.60pt; width: 108.35pt;\" width=\"108\" height=\"17\">Hersteller<\/td>\n<td class=\"et3\" style=\"width: 167.10pt;\" width=\"167\">Gl\u00fccksfrucht<\/td>\n<\/tr>\n<tr style=\"height: 17.60pt;\">\n<td class=\"et3\" style=\"height: 17.60pt;\" height=\"17\">MODELL NR.<\/td>\n<td class=\"et3\">JXG39<\/td>\n<\/tr>\n<tr style=\"height: 17.60pt;\">\n<td class=\"et3\" style=\"height: 17.60pt;\" height=\"17\">Typ<\/td>\n<td class=\"et3\">Schokoladen-Erdn\u00fcsse<\/td>\n<\/tr>\n<tr style=\"height: 17.60pt;\">\n<td class=\"et3\" style=\"height: 17.60pt;\" height=\"17\">Verpackung<\/td>\n<td class=\"et3\">Verpackung der Tasche<\/td>\n<\/tr>\n<tr style=\"height: 17.60pt;\">\n<td class=\"et3\" style=\"height: 17.60pt;\" height=\"17\">Spezifikation<\/td>\n<td class=\"et3\">30 S\u00e4cke<\/td>\n<\/tr>\n<tr style=\"height: 17.60pt;\">\n<td class=\"et3\" style=\"height: 17.60pt;\" height=\"17\">Gr\u00f6\u00dfe des Kartons<\/td>\n<td class=\"et3\">15*4*22 cm<\/td>\n<\/tr>\n<tr style=\"height: 17.60pt;\">\n<td class=\"et3\" style=\"height: 17.60pt;\" height=\"17\">N.W \/SET<\/td>\n<td class=\"et3\">58g*30Beutel<\/td>\n<\/tr>\n<tr style=\"height: 17.60pt;\">\n<td class=\"et3\" style=\"height: 17.60pt;\" height=\"17\">Farbe<\/td>\n<td class=\"et3\">Als Bild<\/td>\n<\/tr>\n<tr style=\"height: 17.60pt;\">\n<td class=\"et3\" style=\"height: 17.60pt;\" height=\"17\">MOQ<\/td>\n<td class=\"et3\">500 Kartons<\/td>\n<\/tr>\n<tr style=\"height: 17.60pt;\">\n<td class=\"et3\" style=\"height: 17.60pt;\" height=\"17\">Personalisierung<\/td>\n<td class=\"et3\">Verpackung\/LOGO<\/td>\n<\/tr>\n<\/tbody>\n<\/table>","protected":false},"featured_media":28695,"comment_status":"closed","ping_status":"closed","template":"","meta":[],"product_cat":[73],"product_tag":[],"class_list":{"0":"post-28694","1":"product","2":"type-product","3":"status-publish","4":"has-post-thumbnail","6":"product_cat-wholesale-chocolate-covered-peanuts","8":"first","9":"instock","10":"shipping-taxable","11":"product-type-simple"},"_links":{"self":[{"href":"https:\/\/jxgchocolate.com\/de\/wp-json\/wp\/v2\/product\/28694","targetHints":{"allow":["GET"]}}],"collection":[{"href":"https:\/\/jxgchocolate.com\/de\/wp-json\/wp\/v2\/product"}],"about":[{"href":"https:\/\/jxgchocolate.com\/de\/wp-json\/wp\/v2\/types\/product"}],"replies":[{"embeddable":true,"href":"https:\/\/jxgchocolate.com\/de\/wp-json\/wp\/v2\/comments?post=28694"}],"version-history":[{"count":0,"href":"https:\/\/jxgchocolate.com\/de\/wp-json\/wp\/v2\/product\/28694\/revisions"}],"wp:featuredmedia":[{"embeddable":true,"href":"https:\/\/jxgchocolate.com\/de\/wp-json\/wp\/v2\/media\/28695"}],"wp:attachment":[{"href":"https:\/\/jxgchocolate.com\/de\/wp-json\/wp\/v2\/media?parent=28694"}],"wp:term":[{"taxonomy":"product_cat","embeddable":true,"href":"https:\/\/jxgchocolate.com\/de\/wp-json\/wp\/v2\/product_cat?post=28694"},{"taxonomy":"product_tag","embeddable":true,"href":"https:\/\/jxgchocolate.com\/de\/wp-json\/wp\/v2\/product_tag?post=28694"}],"curies":[{"name":"wp","href":"https:\/\/api.w.org\/{rel}","templated":true}]}}