{"id":28705,"date":"2024-09-02T03:42:59","date_gmt":"2024-09-02T03:42:59","guid":{"rendered":"https:\/\/jxgchocolate.com\/?post_type=product&#038;p=28705"},"modified":"2025-03-08T03:31:54","modified_gmt":"2025-03-08T03:31:54","slug":"chocolate-covered-peanuts-bulk","status":"publish","type":"product","link":"https:\/\/jxgchocolate.com\/de\/produkt\/chocolate-covered-peanuts-bulk\/","title":{"rendered":"Schokolade \u00fcberzogene Erdn\u00fcsse Bulk, Gro\u00dfhandel Schokolade Erdn\u00fcsse"},"content":{"rendered":"<div class=\"wp-block-columns is-layout-flex wp-container-core-columns-is-layout-9d6595d7 wp-block-columns-is-layout-flex\">\n<div class=\"wp-block-column is-layout-flow wp-block-column-is-layout-flow\">\n<h2 class=\"wp-block-heading\">Premium-Erdn\u00fcsse mit Schokoladen\u00fcberzug (Bulk) Merkmale:<\/h2>\n\n\n\n<ul class=\"wp-block-list\">\n<li><strong>Doppelter Schokoladen\u00fcberzug:<\/strong> Unsere schokoladen\u00fcberzogenen Erdn\u00fcsse sind in zwei Schichten aus reichhaltiger Schokolade eingewickelt, wodurch eine reichhaltigere und dickere Schokolade mit einem noch besseren Geschmack in jedem Bissen entsteht. Die zweischichtige Textur der Schokolade optimiert das Aroma und den Geschmack jeder Erdnuss.<\/li>\n\n\n\n<li><strong>Hochwertige Zutaten: <\/strong>Unsere Gro\u00dfhandels-Schokoladen-Erdn\u00fcsse werden aus besserer Schokolade und Erdn\u00fcssen besserer Qualit\u00e4t hergestellt, um die hohe Qualit\u00e4t des Produkts zu gew\u00e4hrleisten. Die speziellen Erdn\u00fcsse sind knackig und plump, und die Schokoladen\u00fcberzug ist glatt, so dass jede Schokolade Erdnuss ist perfekt im Geschmack.<\/li>\n\n\n\n<li><strong>Vielseitig einsetzbare Snacks:<\/strong> Diese schokoladen\u00fcberzogenen Erdn\u00fcsse k\u00f6nnen zu verschiedenen Anl\u00e4ssen verwendet werden, z. B. im t\u00e4glichen Leben, auf einer Party, in einer Teepause oder als Festtagsgeschenk. Ob als t\u00e4glicher Snack oder als Geb\u00e4ck, diese doppelte Schokoladen-Erdnuss kann eine besondere und k\u00f6stliche Erfahrung bieten.<\/li>\n\n\n\n<li><strong>Lieferung an den Gro\u00dfhandel: <\/strong>Unsere Schokoladen-Erdn\u00fcsse f\u00fcr den Gro\u00dfhandel sind ideal f\u00fcr Einzelh\u00e4ndler und Distributoren. Kaufen Sie Qualit\u00e4tsschokoladen-Erdn\u00fcsse zu niedrigen Kosten, damit die Kunden ihr Produktangebot wettbewerbsf\u00e4higer und die K\u00e4ufer zufriedener machen k\u00f6nnen.<\/li>\n<\/ul>\n<\/div>\n\n\n\n<div class=\"wp-block-column is-layout-flow wp-block-column-is-layout-flow\">\n<figure class=\"wp-block-image size-full\"><img fetchpriority=\"high\" decoding=\"async\" width=\"750\" height=\"750\" src=\"https:\/\/jxgchocolate.com\/wp-content\/uploads\/2024\/09\/Chocolate-Covered-Peanuts-Bulk-Wholesale-Double-Dipped-Peanuts-6.webp\" alt=\"Schokolade \u00fcberzogene Erdn\u00fcsse Bulk, Gro\u00dfhandel Double-Dipped Peanuts-6\" class=\"wp-image-28714\" srcset=\"https:\/\/jxgchocolate.com\/wp-content\/uploads\/2024\/09\/Chocolate-Covered-Peanuts-Bulk-Wholesale-Double-Dipped-Peanuts-6.webp 750w, https:\/\/jxgchocolate.com\/wp-content\/uploads\/2024\/09\/Chocolate-Covered-Peanuts-Bulk-Wholesale-Double-Dipped-Peanuts-6-300x300.webp 300w, https:\/\/jxgchocolate.com\/wp-content\/uploads\/2024\/09\/Chocolate-Covered-Peanuts-Bulk-Wholesale-Double-Dipped-Peanuts-6-150x150.webp 150w, https:\/\/jxgchocolate.com\/wp-content\/uploads\/2024\/09\/Chocolate-Covered-Peanuts-Bulk-Wholesale-Double-Dipped-Peanuts-6-12x12.webp 12w, https:\/\/jxgchocolate.com\/wp-content\/uploads\/2024\/09\/Chocolate-Covered-Peanuts-Bulk-Wholesale-Double-Dipped-Peanuts-6-430x430.webp 430w, https:\/\/jxgchocolate.com\/wp-content\/uploads\/2024\/09\/Chocolate-Covered-Peanuts-Bulk-Wholesale-Double-Dipped-Peanuts-6-700x700.webp 700w\" sizes=\"(max-width: 750px) 100vw, 750px\" \/><\/figure>\n<\/div>\n<\/div>","protected":false},"excerpt":{"rendered":"<p>Willkommen im Gro\u00dfhandel Schokolade Erdn\u00fcsse zu kaufen. Unsere schokoladen\u00fcberzogenen Erdn\u00fcsse in loser Sch\u00fcttung mit zweischichtiger Zusammensetzung und hochwertigem Material bieten einen intensiveren Schokoladengeschmack und ein knackiges Erdnussgef\u00fchl. Es ist perfekt f\u00fcr jede Gelegenheit und ein wunderbarer Snack und Backen L\u00f6sung.<\/p>\n<table style=\"border-collapse: collapse; width: 275.02pt;\" border=\"0\" width=\"275\" cellspacing=\"0\" cellpadding=\"0\">\n<tbody>\n<tr style=\"height: 17.60pt;\">\n<td class=\"et3\" style=\"height: 17.60pt; width: 108.35pt;\" width=\"108\" height=\"17\">Hersteller<\/td>\n<td class=\"et3\" style=\"width: 167.10pt;\" width=\"167\">Gl\u00fccksfrucht<\/td>\n<\/tr>\n<tr style=\"height: 17.60pt;\">\n<td class=\"et3\" style=\"height: 17.60pt;\" height=\"17\">MODELL NR.<\/td>\n<td class=\"et3\">JXG40<\/td>\n<\/tr>\n<tr style=\"height: 17.60pt;\">\n<td class=\"et3\" style=\"height: 17.60pt;\" height=\"17\">Typ<\/td>\n<td class=\"et3\">Schokoladen-Erdn\u00fcsse<\/td>\n<\/tr>\n<tr style=\"height: 17.60pt;\">\n<td class=\"et3\" style=\"height: 17.60pt;\" height=\"17\">Verpackung<\/td>\n<td class=\"et3\">Verpackung der Tasche<\/td>\n<\/tr>\n<tr style=\"height: 17.60pt;\">\n<td class=\"et3\" style=\"height: 17.60pt;\" height=\"17\">Spezifikation<\/td>\n<td class=\"et3\">24K\u00e4sten<\/td>\n<\/tr>\n<tr style=\"height: 17.60pt;\">\n<td class=\"et3\" style=\"height: 17.60pt;\" height=\"17\">Gr\u00f6\u00dfe des Kartons<\/td>\n<td class=\"et3\">17*10*16cm<\/td>\n<\/tr>\n<tr style=\"height: 17.60pt;\">\n<td class=\"et3\" style=\"height: 17.60pt;\" height=\"17\">N.W \/SET<\/td>\n<td class=\"et3\">16g*30Beutel*24Kartons<\/td>\n<\/tr>\n<tr style=\"height: 17.60pt;\">\n<td class=\"et3\" style=\"height: 17.60pt;\" height=\"17\">Farbe<\/td>\n<td class=\"et3\">Als Bild<\/td>\n<\/tr>\n<tr style=\"height: 17.60pt;\">\n<td class=\"et3\" style=\"height: 17.60pt;\" height=\"17\">MOQ<\/td>\n<td class=\"et3\">500 Kartons<\/td>\n<\/tr>\n<tr style=\"height: 17.60pt;\">\n<td class=\"et3\" style=\"height: 17.60pt;\" height=\"17\">Personalisierung<\/td>\n<td class=\"et3\">Verpackung\/LOGO<\/td>\n<\/tr>\n<\/tbody>\n<\/table>","protected":false},"featured_media":28709,"comment_status":"closed","ping_status":"closed","template":"","meta":[],"product_cat":[73],"product_tag":[],"class_list":{"0":"post-28705","1":"product","2":"type-product","3":"status-publish","4":"has-post-thumbnail","6":"product_cat-wholesale-chocolate-covered-peanuts","8":"first","9":"instock","10":"shipping-taxable","11":"product-type-simple"},"_links":{"self":[{"href":"https:\/\/jxgchocolate.com\/de\/wp-json\/wp\/v2\/product\/28705","targetHints":{"allow":["GET"]}}],"collection":[{"href":"https:\/\/jxgchocolate.com\/de\/wp-json\/wp\/v2\/product"}],"about":[{"href":"https:\/\/jxgchocolate.com\/de\/wp-json\/wp\/v2\/types\/product"}],"replies":[{"embeddable":true,"href":"https:\/\/jxgchocolate.com\/de\/wp-json\/wp\/v2\/comments?post=28705"}],"version-history":[{"count":4,"href":"https:\/\/jxgchocolate.com\/de\/wp-json\/wp\/v2\/product\/28705\/revisions"}],"predecessor-version":[{"id":29599,"href":"https:\/\/jxgchocolate.com\/de\/wp-json\/wp\/v2\/product\/28705\/revisions\/29599"}],"wp:featuredmedia":[{"embeddable":true,"href":"https:\/\/jxgchocolate.com\/de\/wp-json\/wp\/v2\/media\/28709"}],"wp:attachment":[{"href":"https:\/\/jxgchocolate.com\/de\/wp-json\/wp\/v2\/media?parent=28705"}],"wp:term":[{"taxonomy":"product_cat","embeddable":true,"href":"https:\/\/jxgchocolate.com\/de\/wp-json\/wp\/v2\/product_cat?post=28705"},{"taxonomy":"product_tag","embeddable":true,"href":"https:\/\/jxgchocolate.com\/de\/wp-json\/wp\/v2\/product_tag?post=28705"}],"curies":[{"name":"wp","href":"https:\/\/api.w.org\/{rel}","templated":true}]}}