{"id":28706,"date":"2024-09-02T10:03:36","date_gmt":"2024-09-02T03:47:11","guid":{"rendered":"https:\/\/jxgchocolate.com\/?post_type=product&#038;p=28706"},"modified":"2024-09-03T01:21:37","modified_gmt":"2024-09-03T01:21:37","slug":"bulk-chocolate-crispy-balls-with-cookies","status":"publish","type":"product","link":"https:\/\/jxgchocolate.com\/de\/produkt\/bulk-chocolate-crispy-balls-with-cookies\/","title":{"rendered":"Knusprige Schokoladenkugeln in kleinen Br\u00f6tchenformen mit Keksen im Inneren"},"content":{"rendered":"<div class=\"wp-block-columns is-layout-flex wp-container-core-columns-is-layout-9d6595d7 wp-block-columns-is-layout-flex\">\n<div class=\"wp-block-column is-vertically-aligned-center is-layout-flow wp-block-column-is-layout-flow\">\n<h3 class=\"wp-block-heading\"> Premium Bulk Chocolate Crispy Balls Eigenschaften:<\/h3>\n\n\n\n<ol class=\"wp-block-list\">\n<li><strong>Knusprige \u00e4u\u00dfere Schicht aus Schokolade: <\/strong>Unsere kompakten Schokoladen-Knusperkugeln sind mit einer Schicht aus knuspriger Schokolade \u00fcberzogen und bieten so eine knusprige Textur, die es Ihnen erm\u00f6glicht, den reichen Schokoladengeschmack in einem Bissen zu genie\u00dfen.<\/li>\n\n\n\n<li><strong>Kleines abgerundetes Design: <\/strong>Diese knusprigen Schokoladenkugeln aus dem Gro\u00dfhandel sind klein und rund, leicht zu transportieren und zu essen und perfekt f\u00fcr ein Dessert oder einen Snack f\u00fcr unterwegs.<\/li>\n\n\n\n<li><strong>Reichhaltige Kekschips:<\/strong> Das Innere dieser gro\u00dfen Schokoladen-Knusperkugeln ist mit reichhaltigen Keks-Chips gef\u00fcllt, die den Geschmack und das Kauvergn\u00fcgen bereichern.<\/li>\n\n\n\n<li><strong>Perfekter s\u00fc\u00dfer Geschmack:<\/strong> Diese Schokoladen-Knusperkugel kombiniert die S\u00fc\u00dfe von Schokolade mit dem Knuspern von Keksen. Die S\u00fc\u00dfe und der Salzgehalt machen sie zu einem tollen Snack, der sich auch perfekt als Geschenk f\u00fcr Freunde und Familie eignet.<\/li>\n<\/ol>\n<\/div>\n\n\n\n<div class=\"wp-block-column is-layout-flow wp-block-column-is-layout-flow\">\n<figure class=\"wp-block-image size-full\"><img fetchpriority=\"high\" decoding=\"async\" width=\"750\" height=\"750\" src=\"https:\/\/jxgchocolate.com\/wp-content\/uploads\/2024\/09\/Bulk-Chocolate-Crispy-Balls-4.webp\" alt=\"Knusperkugeln aus Schokolade 4\" class=\"wp-image-28728\" srcset=\"https:\/\/jxgchocolate.com\/wp-content\/uploads\/2024\/09\/Bulk-Chocolate-Crispy-Balls-4.webp 750w, https:\/\/jxgchocolate.com\/wp-content\/uploads\/2024\/09\/Bulk-Chocolate-Crispy-Balls-4-300x300.webp 300w, https:\/\/jxgchocolate.com\/wp-content\/uploads\/2024\/09\/Bulk-Chocolate-Crispy-Balls-4-150x150.webp 150w, https:\/\/jxgchocolate.com\/wp-content\/uploads\/2024\/09\/Bulk-Chocolate-Crispy-Balls-4-12x12.webp 12w, https:\/\/jxgchocolate.com\/wp-content\/uploads\/2024\/09\/Bulk-Chocolate-Crispy-Balls-4-430x430.webp 430w, https:\/\/jxgchocolate.com\/wp-content\/uploads\/2024\/09\/Bulk-Chocolate-Crispy-Balls-4-700x700.webp 700w\" sizes=\"(max-width: 750px) 100vw, 750px\" \/><\/figure>\n<\/div>\n<\/div>\n\n\n\n<p><\/p>","protected":false},"excerpt":{"rendered":"<p>Unsere gro\u00dfen Schokoladen-Knusperkugeln haben eine knusprige Au\u00dfenschicht und reichhaltige Kekse im Inneren, die klein und niedlich sind und einen unvergesslich reichen Geschmack haben. Sie eignen sich nicht nur als leckerer Snack, sondern auch als exquisites Mitbringsel.<\/p>\n<table style=\"border-collapse: collapse; width: 275.02pt;\" border=\"0\" width=\"275\" cellspacing=\"0\" cellpadding=\"0\">\n<tbody>\n<tr style=\"height: 17.60pt;\">\n<td class=\"et3\" style=\"height: 17.60pt; width: 108.35pt;\" width=\"108\" height=\"17\">Hersteller<\/td>\n<td class=\"et3\" style=\"width: 167.10pt;\" width=\"167\">Gl\u00fccksfrucht<\/td>\n<\/tr>\n<tr style=\"height: 17.60pt;\">\n<td class=\"et3\" style=\"height: 17.60pt;\" height=\"17\">MODELL NR.<\/td>\n<td class=\"et3\">JXG41<\/td>\n<\/tr>\n<tr style=\"height: 17.60pt;\">\n<td class=\"et3\" style=\"height: 17.60pt;\" height=\"17\">Typ<\/td>\n<td class=\"et3\">Knusprige Schokoladenkugeln<\/td>\n<\/tr>\n<tr style=\"height: 17.60pt;\">\n<td class=\"et3\" style=\"height: 17.60pt;\" height=\"17\">Verpackung<\/td>\n<td class=\"et3\">Verpackung der Tasche<\/td>\n<\/tr>\n<tr style=\"height: 17.60pt;\">\n<td class=\"et3\" style=\"height: 17.60pt;\" height=\"17\">Spezifikation<\/td>\n<td class=\"et3\">2 Beutel<\/td>\n<\/tr>\n<tr style=\"height: 17.60pt;\">\n<td class=\"et3\" style=\"height: 17.60pt;\" height=\"17\">Gr\u00f6\u00dfe des Kartons<\/td>\n<td class=\"et3\">19*31*21cm<\/td>\n<\/tr>\n<tr style=\"height: 17.60pt;\">\n<td class=\"et3\" style=\"height: 17.60pt;\" height=\"17\">N.W \/SET<\/td>\n<td class=\"et3\">25g*100St\u00fcck*2Beutel<\/td>\n<\/tr>\n<tr style=\"height: 17.60pt;\">\n<td class=\"et3\" style=\"height: 17.60pt;\" height=\"17\">Farbe<\/td>\n<td class=\"et3\">Als Bild<\/td>\n<\/tr>\n<tr style=\"height: 17.60pt;\">\n<td class=\"et3\" style=\"height: 17.60pt;\" height=\"17\">MOQ<\/td>\n<td class=\"et3\">500 Kartons<\/td>\n<\/tr>\n<tr style=\"height: 17.60pt;\">\n<td class=\"et3\" style=\"height: 17.60pt;\" height=\"17\">Personalisierung<\/td>\n<td class=\"et3\">Verpackung\/LOGO<\/td>\n<\/tr>\n<\/tbody>\n<\/table>","protected":false},"featured_media":28730,"comment_status":"closed","ping_status":"closed","template":"","meta":[],"product_cat":[74],"product_tag":[],"class_list":{"0":"post-28706","1":"product","2":"type-product","3":"status-publish","4":"has-post-thumbnail","6":"product_cat-wholesale-crunchy-chocolate-balls","8":"first","9":"instock","10":"shipping-taxable","11":"product-type-simple"},"_links":{"self":[{"href":"https:\/\/jxgchocolate.com\/de\/wp-json\/wp\/v2\/product\/28706","targetHints":{"allow":["GET"]}}],"collection":[{"href":"https:\/\/jxgchocolate.com\/de\/wp-json\/wp\/v2\/product"}],"about":[{"href":"https:\/\/jxgchocolate.com\/de\/wp-json\/wp\/v2\/types\/product"}],"replies":[{"embeddable":true,"href":"https:\/\/jxgchocolate.com\/de\/wp-json\/wp\/v2\/comments?post=28706"}],"version-history":[{"count":0,"href":"https:\/\/jxgchocolate.com\/de\/wp-json\/wp\/v2\/product\/28706\/revisions"}],"wp:featuredmedia":[{"embeddable":true,"href":"https:\/\/jxgchocolate.com\/de\/wp-json\/wp\/v2\/media\/28730"}],"wp:attachment":[{"href":"https:\/\/jxgchocolate.com\/de\/wp-json\/wp\/v2\/media?parent=28706"}],"wp:term":[{"taxonomy":"product_cat","embeddable":true,"href":"https:\/\/jxgchocolate.com\/de\/wp-json\/wp\/v2\/product_cat?post=28706"},{"taxonomy":"product_tag","embeddable":true,"href":"https:\/\/jxgchocolate.com\/de\/wp-json\/wp\/v2\/product_tag?post=28706"}],"curies":[{"name":"wp","href":"https:\/\/api.w.org\/{rel}","templated":true}]}}