{"id":28735,"date":"2024-09-02T09:54:40","date_gmt":"2024-09-02T07:35:00","guid":{"rendered":"https:\/\/jxgchocolate.com\/?post_type=product&#038;p=28735"},"modified":"2024-09-03T01:34:30","modified_gmt":"2024-09-03T01:34:30","slug":"white-chocolate-crispy-balls-wholesale","status":"publish","type":"product","link":"https:\/\/jxgchocolate.com\/de\/produkt\/white-chocolate-crispy-balls-wholesale\/","title":{"rendered":"Wei\u00dfe Schokolade knusprige Kugeln Gro\u00dfhandel, Joghurt-Geschmack knusprige Kugeln Bulk"},"content":{"rendered":"<div class=\"wp-block-columns is-layout-flex wp-container-core-columns-is-layout-9d6595d7 wp-block-columns-is-layout-flex\">\n<div class=\"wp-block-column is-vertically-aligned-center is-layout-flow wp-block-column-is-layout-flow\">\n<h3 class=\"wp-block-heading\">Wei\u00dfe Premium-Schokoladen-Knusperkugeln Gro\u00dfhandel Merkmale:<\/h3>\n\n\n\n<ol class=\"wp-block-list\">\n<li><strong>Zarte wei\u00dfe Schokolade, feiner Geschmack:<\/strong> Ausgew\u00e4hlte wei\u00dfe Premium-Schokolade sorgt f\u00fcr ein reichhaltiges wei\u00dfes Schokoladenaroma, das in jedem Bissen zart und weich ist. Dank der einzigartigen Rezeptur schmelzen unsere Gro\u00dfhandels-Schokoladen-Knusperkugeln schnell im Mund und bieten reichhaltige Geschmacksschichten.<\/li>\n\n\n\n<li><strong>Innovativer Geschmack, einzigartiger Genuss:<\/strong> Unsere Knusperkugeln aus wei\u00dfer Schokolade, die im Gro\u00dfhandel mit Joghurtgeschmack verschmolzen sind, erf\u00fcllen nicht nur die Bed\u00fcrfnisse der Verbraucher nach einem neuartigen Erlebnis, sondern ziehen auch mehr neugierige Kunden an.<\/li>\n\n\n\n<li><strong>Exquisite Verpackung, kundenspezifisch, ohne Sorge: <\/strong>Wir bieten professionelle Anpassung Dienstleistungen f\u00fcr unsere Gro\u00dfhandel Schokolade knusprige Kugeln, die nach den Bed\u00fcrfnissen der Kunden exklusive Verpackung angepasst werden k\u00f6nnen.<\/li>\n\n\n\n<li><strong>Gro\u00dfhandel in gro\u00dfen Mengen, viele Rabatte:<\/strong> Bei Gro\u00dfbestellungen f\u00fcr unsere Schokoladen-Knusperkugeln bieten wir \u00e4u\u00dferst wettbewerbsf\u00e4hige Preisnachl\u00e4sse und flexible Kooperationsprogramme. So k\u00f6nnen Sie effizient und kosteneffektiv bestellen.<\/li>\n<\/ol>\n<\/div>\n\n\n\n<div class=\"wp-block-column is-layout-flow wp-block-column-is-layout-flow\">\n<figure class=\"wp-block-image size-full\"><img fetchpriority=\"high\" decoding=\"async\" width=\"750\" height=\"750\" src=\"https:\/\/jxgchocolate.com\/wp-content\/uploads\/2024\/09\/White-Chocolate-Crispy-Balls-Wholesale-1.webp\" alt=\"\" class=\"wp-image-28751\" srcset=\"https:\/\/jxgchocolate.com\/wp-content\/uploads\/2024\/09\/White-Chocolate-Crispy-Balls-Wholesale-1.webp 750w, https:\/\/jxgchocolate.com\/wp-content\/uploads\/2024\/09\/White-Chocolate-Crispy-Balls-Wholesale-1-300x300.webp 300w, https:\/\/jxgchocolate.com\/wp-content\/uploads\/2024\/09\/White-Chocolate-Crispy-Balls-Wholesale-1-150x150.webp 150w, https:\/\/jxgchocolate.com\/wp-content\/uploads\/2024\/09\/White-Chocolate-Crispy-Balls-Wholesale-1-12x12.webp 12w, https:\/\/jxgchocolate.com\/wp-content\/uploads\/2024\/09\/White-Chocolate-Crispy-Balls-Wholesale-1-430x430.webp 430w, https:\/\/jxgchocolate.com\/wp-content\/uploads\/2024\/09\/White-Chocolate-Crispy-Balls-Wholesale-1-700x700.webp 700w\" sizes=\"(max-width: 750px) 100vw, 750px\" \/><\/figure>\n<\/div>\n<\/div>","protected":false},"excerpt":{"rendered":"<p>Unsere Knusperkugeln mit Joghurtgeschmack im Gro\u00dfhandel werden aus feinster wei\u00dfer Schokolade und frischem Joghurt hergestellt, au\u00dfen mit zarter wei\u00dfer Schokolade \u00fcberzogen und innen mit knusprigen Keksen, die einen reichhaltigen und erfrischenden Geschmack bieten. Perfekt zum Naschen oder Verschenken an Freunde und Familie.<\/p>\n<table style=\"border-collapse: collapse; width: 275.02pt;\" border=\"0\" width=\"275\" cellspacing=\"0\" cellpadding=\"0\">\n<tbody>\n<tr style=\"height: 17.60pt;\">\n<td class=\"et3\" style=\"height: 17.60pt; width: 108.35pt;\" width=\"108\" height=\"17\">Hersteller<\/td>\n<td class=\"et3\" style=\"width: 167.10pt;\" width=\"167\">Gl\u00fccksfrucht<\/td>\n<\/tr>\n<tr style=\"height: 17.60pt;\">\n<td class=\"et3\" style=\"height: 17.60pt;\" height=\"17\">MODELL NR.<\/td>\n<td class=\"et3\">JXG43<\/td>\n<\/tr>\n<tr style=\"height: 17.60pt;\">\n<td class=\"et3\" style=\"height: 17.60pt;\" height=\"17\">Typ<\/td>\n<td class=\"et3\">Knusprige Schokoladenkugeln<\/td>\n<\/tr>\n<tr style=\"height: 17.60pt;\">\n<td class=\"et3\" style=\"height: 17.60pt;\" height=\"17\">Verpackung<\/td>\n<td class=\"et3\">Box-Verpackung<\/td>\n<\/tr>\n<tr style=\"height: 17.60pt;\">\n<td class=\"et3\" style=\"height: 17.60pt;\" height=\"17\">Spezifikation<\/td>\n<td class=\"et3\">24 Schachteln<\/td>\n<\/tr>\n<tr style=\"height: 17.60pt;\">\n<td class=\"et3\" style=\"height: 17.60pt;\" height=\"17\">Gr\u00f6\u00dfe des Kartons<\/td>\n<td class=\"et3\">20*17*9 cm<\/td>\n<\/tr>\n<tr style=\"height: 17.60pt;\">\n<td class=\"et3\" style=\"height: 17.60pt;\" height=\"17\">N.W \/SET<\/td>\n<td class=\"et3\">12g*40Beutel*24Kartons<\/td>\n<\/tr>\n<tr style=\"height: 17.60pt;\">\n<td class=\"et3\" style=\"height: 17.60pt;\" height=\"17\">Farbe<\/td>\n<td class=\"et3\">Als Bild<\/td>\n<\/tr>\n<tr style=\"height: 17.60pt;\">\n<td class=\"et3\" style=\"height: 17.60pt;\" height=\"17\">MOQ<\/td>\n<td class=\"et3\">500 Kartons<\/td>\n<\/tr>\n<tr style=\"height: 17.60pt;\">\n<td class=\"et3\" style=\"height: 17.60pt;\" height=\"17\">Personalisierung<\/td>\n<td class=\"et3\">Verpackung\/LOGO<\/td>\n<\/tr>\n<\/tbody>\n<\/table>","protected":false},"featured_media":28754,"comment_status":"closed","ping_status":"closed","template":"","meta":[],"product_cat":[74],"product_tag":[],"class_list":{"0":"post-28735","1":"product","2":"type-product","3":"status-publish","4":"has-post-thumbnail","6":"product_cat-wholesale-crunchy-chocolate-balls","8":"first","9":"instock","10":"shipping-taxable","11":"product-type-simple"},"_links":{"self":[{"href":"https:\/\/jxgchocolate.com\/de\/wp-json\/wp\/v2\/product\/28735","targetHints":{"allow":["GET"]}}],"collection":[{"href":"https:\/\/jxgchocolate.com\/de\/wp-json\/wp\/v2\/product"}],"about":[{"href":"https:\/\/jxgchocolate.com\/de\/wp-json\/wp\/v2\/types\/product"}],"replies":[{"embeddable":true,"href":"https:\/\/jxgchocolate.com\/de\/wp-json\/wp\/v2\/comments?post=28735"}],"version-history":[{"count":0,"href":"https:\/\/jxgchocolate.com\/de\/wp-json\/wp\/v2\/product\/28735\/revisions"}],"wp:featuredmedia":[{"embeddable":true,"href":"https:\/\/jxgchocolate.com\/de\/wp-json\/wp\/v2\/media\/28754"}],"wp:attachment":[{"href":"https:\/\/jxgchocolate.com\/de\/wp-json\/wp\/v2\/media?parent=28735"}],"wp:term":[{"taxonomy":"product_cat","embeddable":true,"href":"https:\/\/jxgchocolate.com\/de\/wp-json\/wp\/v2\/product_cat?post=28735"},{"taxonomy":"product_tag","embeddable":true,"href":"https:\/\/jxgchocolate.com\/de\/wp-json\/wp\/v2\/product_tag?post=28735"}],"curies":[{"name":"wp","href":"https:\/\/api.w.org\/{rel}","templated":true}]}}