{"id":28736,"date":"2024-09-02T09:57:28","date_gmt":"2024-09-02T07:35:13","guid":{"rendered":"https:\/\/jxgchocolate.com\/?post_type=product&#038;p=28736"},"modified":"2024-09-03T01:28:00","modified_gmt":"2024-09-03T01:28:00","slug":"factory-supply-chocolate-crisp-balls","status":"publish","type":"product","link":"https:\/\/jxgchocolate.com\/de\/produkt\/factory-supply-chocolate-crisp-balls\/","title":{"rendered":"Factory Supply Schokolade knusprige Kugeln mit bunten, ma\u00dfgeschneiderte Verpackung"},"content":{"rendered":"<div class=\"wp-block-columns is-layout-flex wp-container-core-columns-is-layout-9d6595d7 wp-block-columns-is-layout-flex\">\n<div class=\"wp-block-column is-vertically-aligned-center is-layout-flow wp-block-column-is-layout-flow\">\n<h3 class=\"wp-block-heading\">Premium Factory Supply Chocolate Crisp Balls Eigenschaften:<\/h3>\n\n\n\n<ol class=\"wp-block-list\">\n<li><strong>Bunte Versuchung: <\/strong>Die Schokoladen-Knusperkugeln von Lucky Fruit werden mit nat\u00fcrlichen Farbstoffen hergestellt, um bunte Farben zu pr\u00e4sentieren, die visuell ansprechend, gesund und sicher sind.<\/li>\n\n\n\n<li><strong>Einzigartige Geschmacksrichtung: <\/strong>Jede unserer losen Schokoladen-Knusperkugeln wird sorgf\u00e4ltig zubereitet und kombiniert eine Vielzahl von Geschmacksrichtungen und Aromen, die Ihnen einen noch nie dagewesenen Genuss bescheren.<\/li>\n\n\n\n<li><strong>Personalisierte Verpackung: <\/strong>Wir bieten ma\u00dfgeschneiderte Verpackungen f\u00fcr unsere Schokoladen-Knusperkugeln an und k\u00f6nnen exklusive Muster oder Texte nach Ihren W\u00fcnschen aufdrucken, egal ob es sich um ein Firmengeschenk oder ein pers\u00f6nliches Geschenk handelt, und k\u00f6nnen einen einzigartigen Geschmack zeigen.<\/li>\n\n\n\n<li><strong>Hochwertige Garantie: <\/strong>Unsere losen Schokoladen-Knusperkugeln halten sich streng an die internationalen Standards f\u00fcr Lebensmittelsicherheit bei der Herstellung, um sicherzustellen, dass die Produkte strengen Qualit\u00e4tstests unterzogen wurden, so dass Sie sicher sein k\u00f6nnen.<\/li>\n<\/ol>\n<\/div>\n\n\n\n<div class=\"wp-block-column is-layout-flow wp-block-column-is-layout-flow\">\n<figure class=\"wp-block-image size-full\"><img fetchpriority=\"high\" decoding=\"async\" width=\"776\" height=\"770\" src=\"https:\/\/jxgchocolate.com\/wp-content\/uploads\/2024\/09\/Supply-Chocolate-Crisp-Balls-5.webp\" alt=\"Fabriklieferung Schokoladen-Knusperkugeln 5\" class=\"wp-image-28743\" srcset=\"https:\/\/jxgchocolate.com\/wp-content\/uploads\/2024\/09\/Supply-Chocolate-Crisp-Balls-5.webp 776w, https:\/\/jxgchocolate.com\/wp-content\/uploads\/2024\/09\/Supply-Chocolate-Crisp-Balls-5-302x300.webp 302w, https:\/\/jxgchocolate.com\/wp-content\/uploads\/2024\/09\/Supply-Chocolate-Crisp-Balls-5-150x149.webp 150w, https:\/\/jxgchocolate.com\/wp-content\/uploads\/2024\/09\/Supply-Chocolate-Crisp-Balls-5-768x762.webp 768w, https:\/\/jxgchocolate.com\/wp-content\/uploads\/2024\/09\/Supply-Chocolate-Crisp-Balls-5-12x12.webp 12w, https:\/\/jxgchocolate.com\/wp-content\/uploads\/2024\/09\/Supply-Chocolate-Crisp-Balls-5-430x427.webp 430w, https:\/\/jxgchocolate.com\/wp-content\/uploads\/2024\/09\/Supply-Chocolate-Crisp-Balls-5-700x695.webp 700w\" sizes=\"(max-width: 776px) 100vw, 776px\" \/><\/figure>\n<\/div>\n<\/div>","protected":false},"excerpt":{"rendered":"<p>Unsere Fabrik liefert Schokoladen-Knusperkugeln, die aus hochwertigen Zutaten ausgew\u00e4hlt werden und in eine bunte Schokoladenh\u00fclle mit Keksen im Inneren geh\u00fcllt sind. Wir bieten auch personalisierte Verpackung Anpassung Dienstleistungen, die ein ideales Werbegeschenk oder Urlaub Geschenk sein kann. Willkommen zur Gro\u00dfbestellung!<\/p>\n<table style=\"border-collapse: collapse; width: 275.02pt;\" border=\"0\" width=\"275\" cellspacing=\"0\" cellpadding=\"0\">\n<tbody>\n<tr style=\"height: 17.60pt;\">\n<td class=\"et3\" style=\"height: 17.60pt; width: 108.35pt;\" width=\"108\" height=\"17\">Hersteller<\/td>\n<td class=\"et3\" style=\"width: 167.10pt;\" width=\"167\">Gl\u00fccksfrucht<\/td>\n<\/tr>\n<tr style=\"height: 17.60pt;\">\n<td class=\"et3\" style=\"height: 17.60pt;\" height=\"17\">MODELL NR.<\/td>\n<td class=\"et3\">JXG42<\/td>\n<\/tr>\n<tr style=\"height: 17.60pt;\">\n<td class=\"et3\" style=\"height: 17.60pt;\" height=\"17\">Typ<\/td>\n<td class=\"et3\">Knusprige Schokoladenkugeln<\/td>\n<\/tr>\n<tr style=\"height: 17.60pt;\">\n<td class=\"et3\" style=\"height: 17.60pt;\" height=\"17\">Verpackung<\/td>\n<td class=\"et3\">Verpackung der Tasche<\/td>\n<\/tr>\n<tr style=\"height: 17.60pt;\">\n<td class=\"et3\" style=\"height: 17.60pt;\" height=\"17\">Spezifikation<\/td>\n<td class=\"et3\">30 Taschen<\/td>\n<\/tr>\n<tr style=\"height: 17.60pt;\">\n<td class=\"et3\" style=\"height: 17.60pt;\" height=\"17\">Gr\u00f6\u00dfe des Kartons<\/td>\n<td class=\"et3\">21*10*28 cm<\/td>\n<\/tr>\n<tr style=\"height: 17.60pt;\">\n<td class=\"et3\" style=\"height: 17.60pt;\" height=\"17\">N.W \/SET<\/td>\n<td class=\"et3\">4g*100St\u00fcck*30Beutel<\/td>\n<\/tr>\n<tr style=\"height: 17.60pt;\">\n<td class=\"et3\" style=\"height: 17.60pt;\" height=\"17\">Farbe<\/td>\n<td class=\"et3\">Als Bild<\/td>\n<\/tr>\n<tr style=\"height: 17.60pt;\">\n<td class=\"et3\" style=\"height: 17.60pt;\" height=\"17\">MOQ<\/td>\n<td class=\"et3\">500 Kartons<\/td>\n<\/tr>\n<tr style=\"height: 17.60pt;\">\n<td class=\"et3\" style=\"height: 17.60pt;\" height=\"17\">Personalisierung<\/td>\n<td class=\"et3\">Verpackung\/LOGO<\/td>\n<\/tr>\n<\/tbody>\n<\/table>","protected":false},"featured_media":28740,"comment_status":"closed","ping_status":"closed","template":"","meta":[],"product_cat":[74],"product_tag":[],"class_list":{"0":"post-28736","1":"product","2":"type-product","3":"status-publish","4":"has-post-thumbnail","6":"product_cat-wholesale-crunchy-chocolate-balls","8":"first","9":"instock","10":"shipping-taxable","11":"product-type-simple"},"_links":{"self":[{"href":"https:\/\/jxgchocolate.com\/de\/wp-json\/wp\/v2\/product\/28736","targetHints":{"allow":["GET"]}}],"collection":[{"href":"https:\/\/jxgchocolate.com\/de\/wp-json\/wp\/v2\/product"}],"about":[{"href":"https:\/\/jxgchocolate.com\/de\/wp-json\/wp\/v2\/types\/product"}],"replies":[{"embeddable":true,"href":"https:\/\/jxgchocolate.com\/de\/wp-json\/wp\/v2\/comments?post=28736"}],"version-history":[{"count":8,"href":"https:\/\/jxgchocolate.com\/de\/wp-json\/wp\/v2\/product\/28736\/revisions"}],"predecessor-version":[{"id":28770,"href":"https:\/\/jxgchocolate.com\/de\/wp-json\/wp\/v2\/product\/28736\/revisions\/28770"}],"wp:featuredmedia":[{"embeddable":true,"href":"https:\/\/jxgchocolate.com\/de\/wp-json\/wp\/v2\/media\/28740"}],"wp:attachment":[{"href":"https:\/\/jxgchocolate.com\/de\/wp-json\/wp\/v2\/media?parent=28736"}],"wp:term":[{"taxonomy":"product_cat","embeddable":true,"href":"https:\/\/jxgchocolate.com\/de\/wp-json\/wp\/v2\/product_cat?post=28736"},{"taxonomy":"product_tag","embeddable":true,"href":"https:\/\/jxgchocolate.com\/de\/wp-json\/wp\/v2\/product_tag?post=28736"}],"curies":[{"name":"wp","href":"https:\/\/api.w.org\/{rel}","templated":true}]}}