{"id":28764,"date":"2024-09-04T06:24:14","date_gmt":"2024-09-03T00:53:08","guid":{"rendered":"https:\/\/jxgchocolate.com\/?post_type=product&#038;p=28764"},"modified":"2024-11-11T06:08:41","modified_gmt":"2024-11-11T06:08:41","slug":"wholesale-roasted-peanuts","status":"publish","type":"product","link":"https:\/\/jxgchocolate.com\/de\/produkt\/wholesale-roasted-peanuts\/","title":{"rendered":"Gro\u00dfhandel ger\u00f6stete Erdn\u00fcsse, Cracker-Erdn\u00fcsse mit kundenspezifischer Verpackung"},"content":{"rendered":"<div class=\"wp-block-columns is-layout-flex wp-container-core-columns-is-layout-9d6595d7 wp-block-columns-is-layout-flex\">\n<div class=\"wp-block-column is-vertically-aligned-center is-layout-flow wp-block-column-is-layout-flow\">\n<h3 class=\"wp-block-heading\">Premium-Gro\u00dfhandel ger\u00f6stete Erdn\u00fcsse Merkmale:<\/h3>\n\n\n\n<ol class=\"wp-block-list\">\n<li><strong>Ausgew\u00e4hlte Qualit\u00e4ts-Erdn\u00fcsse:<\/strong> Unsere ger\u00f6steten Erdn\u00fcsse f\u00fcr den Gro\u00dfhandel werden aus den besten Erdnusszutaten hergestellt, die sorgf\u00e4ltig ausgew\u00e4hlt und ger\u00f6stet werden, um das urspr\u00fcngliche nat\u00fcrliche Aroma und den Geschmack der Erdn\u00fcsse zu bewahren und Ihnen einen k\u00f6stlichen Genuss zu bieten.<\/li>\n\n\n\n<li><strong>Gesund und nahrhaft, fettarm und eiwei\u00dfreich:<\/strong> Diese Gro\u00dfhandels-Cracker-Erdn\u00fcsse sind reich an Proteinen und Vitaminen, was sie zu einer gesunden Snackwahl macht.<\/li>\n\n\n\n<li><strong>Praktische Verpackung:<\/strong> Wir bieten eine Vielzahl von Spezifikationen der Verpackung f\u00fcr den Gro\u00dfhandel ger\u00f6stete Erdn\u00fcsse, leicht zu tragen, ob zu Hause oder im Freien, und kann leicht \u00f6ffnen Sie die Instant-Lebensmittel, um Ihren Hei\u00dfhunger zu lindern.<\/li>\n\n\n\n<li><strong>Personalisierte Anpassung:<\/strong> Bieten ma\u00dfgeschneiderte Verpackungsdienstleistungen f\u00fcr Gro\u00dfhandel ger\u00f6stete Erdn\u00fcsse, die nach Kundenwunsch Verpackungsstil und personalisierte Einstellungen, um besser die Unternehmenskultur widerspiegeln, und erh\u00f6hen die Attraktivit\u00e4t des Unternehmens gestaltet werden kann.<\/li>\n<\/ol>\n<\/div>\n\n\n\n<div class=\"wp-block-column is-layout-flow wp-block-column-is-layout-flow\">\n<figure class=\"wp-block-image size-full\"><img fetchpriority=\"high\" decoding=\"async\" width=\"800\" height=\"800\" src=\"https:\/\/jxgchocolate.com\/wp-content\/uploads\/2024\/09\/Wholesale-Roasted-Peanuts-1.webp\" alt=\"Gro\u00dfhandel ger\u00f6stete Erdn\u00fcsse 1\" class=\"wp-image-28780\" srcset=\"https:\/\/jxgchocolate.com\/wp-content\/uploads\/2024\/09\/Wholesale-Roasted-Peanuts-1.webp 800w, https:\/\/jxgchocolate.com\/wp-content\/uploads\/2024\/09\/Wholesale-Roasted-Peanuts-1-300x300.webp 300w, https:\/\/jxgchocolate.com\/wp-content\/uploads\/2024\/09\/Wholesale-Roasted-Peanuts-1-150x150.webp 150w, https:\/\/jxgchocolate.com\/wp-content\/uploads\/2024\/09\/Wholesale-Roasted-Peanuts-1-768x768.webp 768w, https:\/\/jxgchocolate.com\/wp-content\/uploads\/2024\/09\/Wholesale-Roasted-Peanuts-1-12x12.webp 12w, https:\/\/jxgchocolate.com\/wp-content\/uploads\/2024\/09\/Wholesale-Roasted-Peanuts-1-430x430.webp 430w, https:\/\/jxgchocolate.com\/wp-content\/uploads\/2024\/09\/Wholesale-Roasted-Peanuts-1-700x700.webp 700w\" sizes=\"(max-width: 800px) 100vw, 800px\" \/><\/figure>\n<\/div>\n<\/div>\n\n\n\n<p><\/p>","protected":false},"excerpt":{"rendered":"<p>Willkommen zu kaufen gebratene Erdn\u00fcsse bulk. Unsere Gro\u00dfhandel ger\u00f6stete Erdn\u00fcsse sind von hoher Qualit\u00e4t und unterst\u00fctzen kundenspezifische Verpackung Service. Ausgew\u00e4hlte Premium-Qualit\u00e4t Erdn\u00fcsse sind sorgf\u00e4ltig ger\u00f6stet, um sicherzustellen, dass jeder ist lecker. Dar\u00fcber hinaus k\u00f6nnen personalisierte Verpackungsdesign nach den Bed\u00fcrfnissen der Unternehmen, facettenreich, um die Bed\u00fcrfnisse der Unternehmen zu erf\u00fcllen.<\/p>\n<table style=\"border-collapse: collapse; width: 275.02pt;\" border=\"0\" width=\"275\" cellspacing=\"0\" cellpadding=\"0\">\n<tbody>\n<tr style=\"height: 17.60pt;\">\n<td class=\"et3\" style=\"height: 17.60pt; width: 108.35pt;\" width=\"108\" height=\"17\">Hersteller<\/td>\n<td class=\"et3\" style=\"width: 167.10pt;\" width=\"167\">Gl\u00fccksfrucht<\/td>\n<\/tr>\n<tr style=\"height: 17.60pt;\">\n<td class=\"et3\" style=\"height: 17.60pt;\" height=\"17\">MODELL NR.<\/td>\n<td class=\"et3\">JXG44<\/td>\n<\/tr>\n<tr style=\"height: 17.60pt;\">\n<td class=\"et3\" style=\"height: 17.60pt;\" height=\"17\">Typ<\/td>\n<td class=\"et3\">Ger\u00f6stete Erdn\u00fcsse<\/td>\n<\/tr>\n<tr style=\"height: 17.60pt;\">\n<td class=\"et3\" style=\"height: 17.60pt;\" height=\"17\">Verpackung<\/td>\n<td class=\"et3\">Verpackung der Tasche<\/td>\n<\/tr>\n<tr style=\"height: 17.60pt;\">\n<td class=\"et3\" style=\"height: 17.60pt;\" height=\"17\">Spezifikation<\/td>\n<td class=\"et3\">24 Taschen<\/td>\n<\/tr>\n<tr style=\"height: 17.60pt;\">\n<td class=\"et3\" style=\"height: 17.60pt;\" height=\"17\">Gr\u00f6\u00dfe des Kartons<\/td>\n<td class=\"et3\">20*2*12 cm<\/td>\n<\/tr>\n<tr style=\"height: 17.60pt;\">\n<td class=\"et3\" style=\"height: 17.60pt;\" height=\"17\">N.W \/SET<\/td>\n<td class=\"et3\">20g*20St\u00fcck*24Beutel<\/td>\n<\/tr>\n<tr style=\"height: 17.60pt;\">\n<td class=\"et3\" style=\"height: 17.60pt;\" height=\"17\">Farbe<\/td>\n<td class=\"et3\">Als Bild<\/td>\n<\/tr>\n<tr style=\"height: 17.60pt;\">\n<td class=\"et3\" style=\"height: 17.60pt;\" height=\"17\">MOQ<\/td>\n<td class=\"et3\">500 Kartons<\/td>\n<\/tr>\n<tr style=\"height: 17.60pt;\">\n<td class=\"et3\" style=\"height: 17.60pt;\" height=\"17\">Personalisierung<\/td>\n<td class=\"et3\">Verpackung\/LOGO<\/td>\n<\/tr>\n<\/tbody>\n<\/table>","protected":false},"featured_media":28783,"comment_status":"closed","ping_status":"closed","template":"","meta":[],"product_cat":[77],"product_tag":[],"class_list":{"0":"post-28764","1":"product","2":"type-product","3":"status-publish","4":"has-post-thumbnail","6":"product_cat-wholesale-roasted-peanuts","8":"first","9":"instock","10":"shipping-taxable","11":"product-type-simple"},"_links":{"self":[{"href":"https:\/\/jxgchocolate.com\/de\/wp-json\/wp\/v2\/product\/28764","targetHints":{"allow":["GET"]}}],"collection":[{"href":"https:\/\/jxgchocolate.com\/de\/wp-json\/wp\/v2\/product"}],"about":[{"href":"https:\/\/jxgchocolate.com\/de\/wp-json\/wp\/v2\/types\/product"}],"replies":[{"embeddable":true,"href":"https:\/\/jxgchocolate.com\/de\/wp-json\/wp\/v2\/comments?post=28764"}],"version-history":[{"count":0,"href":"https:\/\/jxgchocolate.com\/de\/wp-json\/wp\/v2\/product\/28764\/revisions"}],"wp:featuredmedia":[{"embeddable":true,"href":"https:\/\/jxgchocolate.com\/de\/wp-json\/wp\/v2\/media\/28783"}],"wp:attachment":[{"href":"https:\/\/jxgchocolate.com\/de\/wp-json\/wp\/v2\/media?parent=28764"}],"wp:term":[{"taxonomy":"product_cat","embeddable":true,"href":"https:\/\/jxgchocolate.com\/de\/wp-json\/wp\/v2\/product_cat?post=28764"},{"taxonomy":"product_tag","embeddable":true,"href":"https:\/\/jxgchocolate.com\/de\/wp-json\/wp\/v2\/product_tag?post=28764"}],"curies":[{"name":"wp","href":"https:\/\/api.w.org\/{rel}","templated":true}]}}