{"id":28786,"date":"2024-09-04T03:24:16","date_gmt":"2024-09-04T01:18:52","guid":{"rendered":"https:\/\/jxgchocolate.com\/?post_type=product&#038;p=28786"},"modified":"2024-09-04T10:29:06","modified_gmt":"2024-09-04T10:29:06","slug":"bulk-sunflower-seeds-chocolate","status":"publish","type":"product","link":"https:\/\/jxgchocolate.com\/de\/produkt\/bulk-sunflower-seeds-chocolate\/","title":{"rendered":"Lose Sonnenblumenkerne Schokolade mit kundenspezifischer Verpackung"},"content":{"rendered":"<div class=\"wp-block-columns is-layout-flex wp-container-core-columns-is-layout-9d6595d7 wp-block-columns-is-layout-flex\">\n<div class=\"wp-block-column is-layout-flow wp-block-column-is-layout-flow\">\n<h2 class=\"wp-block-heading\">Premium Bulk Sonnenblumenkerne Schokolade Merkmale:<\/h2>\n\n\n\n<ol class=\"wp-block-list\">\n<li><strong>Hochwertige Rohstoffe<\/strong>: Sonnenblumenkernschokolade in loser Sch\u00fcttung unter Verwendung feinster Sonnenblumenkerne, von denen jeder einzelne streng gepr\u00fcft wurde, und hochwertiger Schokolade, die sorgf\u00e4ltig gemischt wurde, um jeden mit Schokolade \u00fcberzogenen Sonnenblumenkern knusprig und k\u00f6stlich zu machen; diese einzigartige Kombination erh\u00f6ht das Geschmacksniveau und bringt reichhaltigen Geschmacksgenuss<\/li>\n\n\n\n<li><strong>Doppelte Garantie f\u00fcr Geschmack und Gesundheit<\/strong>: Unsere mit Schokolade \u00fcberzogenen Sonnenblumenkerne sind reich an Vitamin E und anderen N\u00e4hrstoffen und haben einen hohen N\u00e4hrwert. Kombiniert mit Schokolade, beh\u00e4lt es die gesunden Eigenschaften der Sonnenblumenkerne und erh\u00f6ht den Geschmack von Schokolade.<\/li>\n\n\n\n<li><strong>Personalisierte kundenspezifische Verpackungen<\/strong>: Sonnenblumenkerne Schokolade in loser Sch\u00fcttung: Um den Bed\u00fcrfnissen der verschiedenen Kunden gerecht zu werden, bieten wir einen umfassenden Service zur individuellen Gestaltung von Verpackungen. Vom Verpackungsdesign bis zur Farbauswahl k\u00f6nnen Sie die Verpackung an Ihr Markenimage oder -thema anpassen und so ein einzigartiges Element der Firmenpersonalisierung hinzuf\u00fcgen.<\/li>\n\n\n\n<li><strong>Gro\u00dfhandelsrabatte und flexible Zusammenarbeit<\/strong>: Gro\u00dfhandel Schokolade bedeckt Sonnenblumenkerne f\u00fcr Kunden, die in gro\u00dfen Mengen bestellen, bieten wir wettbewerbsf\u00e4hige Preise und flexible Kooperationsprogramme. Genie\u00dfen Sie g\u00fcnstige Preise und einen bequemen Bestellvorgang. Maximieren Sie die Kostensenkung und verbessern Sie die Wettbewerbsf\u00e4higkeit der Produkte auf dem Markt<\/li>\n<\/ol>\n<\/div>\n\n\n\n<div class=\"wp-block-column is-layout-flow wp-block-column-is-layout-flow\">\n<figure class=\"wp-block-image size-full\"><img fetchpriority=\"high\" decoding=\"async\" width=\"750\" height=\"750\" src=\"https:\/\/jxgchocolate.com\/wp-content\/uploads\/2024\/09\/Bulk-Sunflower-Seeds-6.webp\" alt=\"Bulk Sonnenblumenkerne Schokolade mit kundenspezifischer Verpackung-6\" class=\"wp-image-28794\" srcset=\"https:\/\/jxgchocolate.com\/wp-content\/uploads\/2024\/09\/Bulk-Sunflower-Seeds-6.webp 750w, https:\/\/jxgchocolate.com\/wp-content\/uploads\/2024\/09\/Bulk-Sunflower-Seeds-6-300x300.webp 300w, https:\/\/jxgchocolate.com\/wp-content\/uploads\/2024\/09\/Bulk-Sunflower-Seeds-6-150x150.webp 150w, https:\/\/jxgchocolate.com\/wp-content\/uploads\/2024\/09\/Bulk-Sunflower-Seeds-6-12x12.webp 12w, https:\/\/jxgchocolate.com\/wp-content\/uploads\/2024\/09\/Bulk-Sunflower-Seeds-6-430x430.webp 430w, https:\/\/jxgchocolate.com\/wp-content\/uploads\/2024\/09\/Bulk-Sunflower-Seeds-6-700x700.webp 700w\" sizes=\"(max-width: 750px) 100vw, 750px\" \/><\/figure>\n<\/div>\n<\/div>","protected":false},"excerpt":{"rendered":"<p>Unsere losen Sonnenblumenkernpralinen werden aus ausgew\u00e4hlten, hochwertigen Zutaten hergestellt, die das Knacken der Sonnenblumenkerne mit der Reichhaltigkeit der Schokolade zu einem einzigartigen Geschmackserlebnis verbinden. Wir bieten ma\u00dfgeschneiderte Verpackungsdienstleistungen f\u00fcr individuelle Bed\u00fcrfnisse.<\/p>\n<table style=\"border-collapse: collapse; width: 275.02pt;\" border=\"0\" width=\"275\" cellspacing=\"0\" cellpadding=\"0\">\n<tbody>\n<tr style=\"height: 17.60pt;\">\n<td class=\"et3\" style=\"height: 17.60pt; width: 108.35pt;\" width=\"108\" height=\"17\">Hersteller<\/td>\n<td class=\"et3\" style=\"width: 167.10pt;\" width=\"167\">Gl\u00fccksfrucht<\/td>\n<\/tr>\n<tr style=\"height: 17.60pt;\">\n<td class=\"et3\" style=\"height: 17.60pt;\" height=\"17\">MODELL NR.<\/td>\n<td class=\"et3\">JXG45<\/td>\n<\/tr>\n<tr style=\"height: 17.60pt;\">\n<td class=\"et3\" style=\"height: 17.60pt;\" height=\"17\">Typ<\/td>\n<td class=\"et3\">Sonnenblumenkerne Schokolade<\/td>\n<\/tr>\n<tr style=\"height: 17.60pt;\">\n<td class=\"et3\" style=\"height: 17.60pt;\" height=\"17\">Verpackung<\/td>\n<td class=\"et3\">Verpackung der Tasche<\/td>\n<\/tr>\n<tr style=\"height: 17.60pt;\">\n<td class=\"et3\" style=\"height: 17.60pt;\" height=\"17\">Spezifikation<\/td>\n<td class=\"et3\">10 Taschen<\/td>\n<\/tr>\n<tr style=\"height: 17.60pt;\">\n<td class=\"et3\" style=\"height: 17.60pt;\" height=\"17\">Gr\u00f6\u00dfe des Kartons<\/td>\n<td class=\"et3\">24*6*18 cm<\/td>\n<\/tr>\n<tr style=\"height: 17.60pt;\">\n<td class=\"et3\" style=\"height: 17.60pt;\" height=\"17\">N.W \/SET<\/td>\n<td class=\"et3\">1kg*10Beutel<\/td>\n<\/tr>\n<tr style=\"height: 17.60pt;\">\n<td class=\"et3\" style=\"height: 17.60pt;\" height=\"17\">Farbe<\/td>\n<td class=\"et3\">Als Bild<\/td>\n<\/tr>\n<tr style=\"height: 17.60pt;\">\n<td class=\"et3\" style=\"height: 17.60pt;\" height=\"17\">MOQ<\/td>\n<td class=\"et3\">500 Kartons<\/td>\n<\/tr>\n<tr style=\"height: 17.60pt;\">\n<td class=\"et3\" style=\"height: 17.60pt;\" height=\"17\">Personalisierung<\/td>\n<td class=\"et3\">Verpackung\/LOGO<\/td>\n<\/tr>\n<\/tbody>\n<\/table>","protected":false},"featured_media":28792,"comment_status":"closed","ping_status":"closed","template":"","meta":[],"product_cat":[72],"product_tag":[],"class_list":{"0":"post-28786","1":"product","2":"type-product","3":"status-publish","4":"has-post-thumbnail","6":"product_cat-wholesale-chocolate-covered-sunflower-seeds","8":"first","9":"instock","10":"shipping-taxable","11":"product-type-simple"},"_links":{"self":[{"href":"https:\/\/jxgchocolate.com\/de\/wp-json\/wp\/v2\/product\/28786","targetHints":{"allow":["GET"]}}],"collection":[{"href":"https:\/\/jxgchocolate.com\/de\/wp-json\/wp\/v2\/product"}],"about":[{"href":"https:\/\/jxgchocolate.com\/de\/wp-json\/wp\/v2\/types\/product"}],"replies":[{"embeddable":true,"href":"https:\/\/jxgchocolate.com\/de\/wp-json\/wp\/v2\/comments?post=28786"}],"version-history":[{"count":0,"href":"https:\/\/jxgchocolate.com\/de\/wp-json\/wp\/v2\/product\/28786\/revisions"}],"wp:featuredmedia":[{"embeddable":true,"href":"https:\/\/jxgchocolate.com\/de\/wp-json\/wp\/v2\/media\/28792"}],"wp:attachment":[{"href":"https:\/\/jxgchocolate.com\/de\/wp-json\/wp\/v2\/media?parent=28786"}],"wp:term":[{"taxonomy":"product_cat","embeddable":true,"href":"https:\/\/jxgchocolate.com\/de\/wp-json\/wp\/v2\/product_cat?post=28786"},{"taxonomy":"product_tag","embeddable":true,"href":"https:\/\/jxgchocolate.com\/de\/wp-json\/wp\/v2\/product_tag?post=28786"}],"curies":[{"name":"wp","href":"https:\/\/api.w.org\/{rel}","templated":true}]}}