{"id":28797,"date":"2024-09-04T09:31:16","date_gmt":"2024-09-04T03:59:25","guid":{"rendered":"https:\/\/jxgchocolate.com\/?post_type=product&#038;p=28797"},"modified":"2025-03-08T05:20:30","modified_gmt":"2025-03-08T05:20:30","slug":"wholesale-white-chocolate-covered-peanuts","status":"publish","type":"product","link":"https:\/\/jxgchocolate.com\/de\/produkt\/wholesale-white-chocolate-covered-peanuts\/","title":{"rendered":"Gro\u00dfhandel mit wei\u00dfer Schokolade \u00fcberzogene Erdn\u00fcsse mit Plastikbeh\u00e4ltern"},"content":{"rendered":"<div class=\"wp-block-columns is-layout-flex wp-container-core-columns-is-layout-9d6595d7 wp-block-columns-is-layout-flex\">\n<div class=\"wp-block-column is-layout-flow wp-block-column-is-layout-flow\">\n<h2 class=\"wp-block-heading\">Premium-Gro\u00dfhandel wei\u00dfe Schokolade \u00fcberzogene Erdn\u00fcsse Merkmale:<\/h2>\n\n\n\n<ul class=\"wp-block-list\">\n<li><strong>Ausgew\u00e4hlte Zutaten: <\/strong>Unsere mit wei\u00dfer Schokolade \u00fcberzogenen Erdn\u00fcsse f\u00fcr den Gro\u00dfhandel werden mit der besten wei\u00dfen Schokolade und den besten Erdn\u00fcssen hergestellt. Jede Erdnuss wird sorgf\u00e4ltig ausgew\u00e4hlt, um knackig und voll zu sein, w\u00e4hrend der wei\u00dfe Schokoladen\u00fcberzug cremig und reichhaltig ist - eine seltene Kombination, die f\u00fcr Tiefe sorgt und das Geschmackserlebnis bereichert.<\/li>\n\n\n\n<li><strong>Gesund und nahrhaft: <\/strong>Unsere Erdn\u00fcsse mit wei\u00dfer Schokolade f\u00fcr den Gro\u00dfhandel sind reich an Eiwei\u00df, Vitamin E und Mineralien. In Kombination mit wei\u00dfer Schokolade behalten sie nicht nur den N\u00e4hrwert von Erdn\u00fcssen, sondern fangen auch den Geist der Schokolade ein. Die doppelte Gesundheit und Geschmacksgarantie macht diesen Artikel zu einem Favoriten f\u00fcr alle Altersgruppen.<\/li>\n\n\n\n<li><strong>Personalisierte und kundenspezifische Verpackungen: <\/strong>Wir bieten dem Gro\u00dfhandel mit wei\u00dfer Schokolade \u00fcberzogene Erdn\u00fcsse mit ma\u00dfgeschneiderten Verpackungen, die auf die spezifischen Anforderungen unserer Kunden zugeschnitten werden k\u00f6nnen. Sorgen Sie daf\u00fcr, dass jede Portion Ihre eigenen Ideen zum Ausdruck bringt.<\/li>\n\n\n\n<li><strong>Gro\u00dfhandelsrabatte: <\/strong>Unser Gro\u00dfhandel Wei\u00dfe Schokolade Erdn\u00fcsse sind mit wettbewerbsf\u00e4higen Preisen und Anpassung angeboten. Als Einzelh\u00e4ndler, Distributor oder Firmenkunde erhalten Sie Vorzugspreise und einen bequemen Bestellvorgang. Wir helfen Ihnen, die Kosten niedrig zu halten und Ihre Produkte auf dem Markt wettbewerbsf\u00e4higer zu machen.<\/li>\n<\/ul>\n<\/div>\n\n\n\n<div class=\"wp-block-column is-layout-flow wp-block-column-is-layout-flow\">\n<figure class=\"wp-block-image size-full\"><img fetchpriority=\"high\" decoding=\"async\" width=\"750\" height=\"750\" src=\"https:\/\/jxgchocolate.com\/wp-content\/uploads\/2024\/09\/wholesale-white-chocolate-covered-peanuts-4.webp\" alt=\"Gro\u00dfhandel mit wei\u00dfer Schokolade \u00fcberzogene Erdn\u00fcsse 4\" class=\"wp-image-28811\" srcset=\"https:\/\/jxgchocolate.com\/wp-content\/uploads\/2024\/09\/wholesale-white-chocolate-covered-peanuts-4.webp 750w, https:\/\/jxgchocolate.com\/wp-content\/uploads\/2024\/09\/wholesale-white-chocolate-covered-peanuts-4-300x300.webp 300w, https:\/\/jxgchocolate.com\/wp-content\/uploads\/2024\/09\/wholesale-white-chocolate-covered-peanuts-4-150x150.webp 150w, https:\/\/jxgchocolate.com\/wp-content\/uploads\/2024\/09\/wholesale-white-chocolate-covered-peanuts-4-12x12.webp 12w, https:\/\/jxgchocolate.com\/wp-content\/uploads\/2024\/09\/wholesale-white-chocolate-covered-peanuts-4-430x430.webp 430w, https:\/\/jxgchocolate.com\/wp-content\/uploads\/2024\/09\/wholesale-white-chocolate-covered-peanuts-4-700x700.webp 700w\" sizes=\"(max-width: 750px) 100vw, 750px\" \/><\/figure>\n<\/div>\n<\/div>\n\n\n\n<p><\/p>","protected":false},"excerpt":{"rendered":"<p>Willkommen zum Kauf wei\u00dfer Schokolade S\u00fc\u00dfigkeiten. Unsere mit wei\u00dfer Schokolade \u00fcberzogenen Erdn\u00fcsse f\u00fcr den Gro\u00dfhandel werden aus hochwertigen Materialien hergestellt und kombinieren Erdn\u00fcsse mit wei\u00dfer Schokolade f\u00fcr einen seltsamen Geschmack. Und die kundenspezifische Stil macht es eine ideale Auswahl an Snacks Lebensmittel.<\/p>\n<table style=\"border-collapse: collapse; width: 275.02pt;\" border=\"0\" width=\"275\" cellspacing=\"0\" cellpadding=\"0\">\n<tbody>\n<tr style=\"height: 17.60pt;\">\n<td class=\"et3\" style=\"height: 17.60pt; width: 108.35pt;\" width=\"108\" height=\"17\">Hersteller<\/td>\n<td class=\"et3\" style=\"width: 167.10pt;\" width=\"167\">Gl\u00fccksfrucht<\/td>\n<\/tr>\n<tr style=\"height: 17.60pt;\">\n<td class=\"et3\" style=\"height: 17.60pt;\" height=\"17\">MODELL NR.<\/td>\n<td class=\"et3\">JXG46<\/td>\n<\/tr>\n<tr style=\"height: 17.60pt;\">\n<td class=\"et3\" style=\"height: 17.60pt;\" height=\"17\">Typ<\/td>\n<td class=\"et3\">Schokoladen-Erdn\u00fcsse<\/td>\n<\/tr>\n<tr style=\"height: 17.60pt;\">\n<td class=\"et3\" style=\"height: 17.60pt;\" height=\"17\">Verpackung<\/td>\n<td class=\"et3\">Box-Verpackung<\/td>\n<\/tr>\n<tr style=\"height: 17.60pt;\">\n<td class=\"et3\" style=\"height: 17.60pt;\" height=\"17\">Spezifikation<\/td>\n<td class=\"et3\">12 Schachteln<\/td>\n<\/tr>\n<tr style=\"height: 17.60pt;\">\n<td class=\"et3\" style=\"height: 17.60pt;\" height=\"17\">Gr\u00f6\u00dfe des Kartons<\/td>\n<td class=\"et3\">19,5*15*10,5 cm<\/td>\n<\/tr>\n<tr style=\"height: 17.60pt;\">\n<td class=\"et3\" style=\"height: 17.60pt;\" height=\"17\">N.W \/SET<\/td>\n<td class=\"et3\">400g*12 Schachteln<\/td>\n<\/tr>\n<tr style=\"height: 17.60pt;\">\n<td class=\"et3\" style=\"height: 17.60pt;\" height=\"17\">Farbe<\/td>\n<td class=\"et3\">Als Bild<\/td>\n<\/tr>\n<tr style=\"height: 17.60pt;\">\n<td class=\"et3\" style=\"height: 17.60pt;\" height=\"17\">MOQ<\/td>\n<td class=\"et3\">500 Kartons<\/td>\n<\/tr>\n<tr style=\"height: 17.60pt;\">\n<td class=\"et3\" style=\"height: 17.60pt;\" height=\"17\">Personalisierung<\/td>\n<td class=\"et3\">Verpackung\/LOGO<\/td>\n<\/tr>\n<\/tbody>\n<\/table>","protected":false},"featured_media":28808,"comment_status":"closed","ping_status":"closed","template":"","meta":[],"product_cat":[73],"product_tag":[],"class_list":{"0":"post-28797","1":"product","2":"type-product","3":"status-publish","4":"has-post-thumbnail","6":"product_cat-wholesale-chocolate-covered-peanuts","8":"first","9":"instock","10":"shipping-taxable","11":"product-type-simple"},"_links":{"self":[{"href":"https:\/\/jxgchocolate.com\/de\/wp-json\/wp\/v2\/product\/28797","targetHints":{"allow":["GET"]}}],"collection":[{"href":"https:\/\/jxgchocolate.com\/de\/wp-json\/wp\/v2\/product"}],"about":[{"href":"https:\/\/jxgchocolate.com\/de\/wp-json\/wp\/v2\/types\/product"}],"replies":[{"embeddable":true,"href":"https:\/\/jxgchocolate.com\/de\/wp-json\/wp\/v2\/comments?post=28797"}],"version-history":[{"count":12,"href":"https:\/\/jxgchocolate.com\/de\/wp-json\/wp\/v2\/product\/28797\/revisions"}],"predecessor-version":[{"id":29608,"href":"https:\/\/jxgchocolate.com\/de\/wp-json\/wp\/v2\/product\/28797\/revisions\/29608"}],"wp:featuredmedia":[{"embeddable":true,"href":"https:\/\/jxgchocolate.com\/de\/wp-json\/wp\/v2\/media\/28808"}],"wp:attachment":[{"href":"https:\/\/jxgchocolate.com\/de\/wp-json\/wp\/v2\/media?parent=28797"}],"wp:term":[{"taxonomy":"product_cat","embeddable":true,"href":"https:\/\/jxgchocolate.com\/de\/wp-json\/wp\/v2\/product_cat?post=28797"},{"taxonomy":"product_tag","embeddable":true,"href":"https:\/\/jxgchocolate.com\/de\/wp-json\/wp\/v2\/product_tag?post=28797"}],"curies":[{"name":"wp","href":"https:\/\/api.w.org\/{rel}","templated":true}]}}