{"id":28819,"date":"2024-09-06T01:05:13","date_gmt":"2024-09-06T01:05:13","guid":{"rendered":"https:\/\/jxgchocolate.com\/?post_type=product&#038;p=28819"},"modified":"2024-11-09T07:36:49","modified_gmt":"2024-11-09T07:36:49","slug":"supply-dark-chocolate-covered-peanuts","status":"publish","type":"product","link":"https:\/\/jxgchocolate.com\/de\/produkt\/supply-dark-chocolate-covered-peanuts\/","title":{"rendered":"Factory Supply dunkle Schokolade \u00fcberzogene Erdn\u00fcsse mit Tasche Pack"},"content":{"rendered":"<div class=\"wp-block-columns is-layout-flex wp-container-core-columns-is-layout-9d6595d7 wp-block-columns-is-layout-flex\">\n<div class=\"wp-block-column is-layout-flow wp-block-column-is-layout-flow\">\n<h2 class=\"wp-block-heading\">Premium Supply Dark Chocolate Covered Peanuts Merkmale:<\/h2>\n\n\n\n<ul class=\"wp-block-list\">\n<li><strong>Erstes ausgew\u00e4hltes Material:<\/strong> Unsere Fabrik liefert Erdn\u00fcsse mit Zartbitterschokolade in loser Sch\u00fcttung und w\u00e4hlt sorgf\u00e4ltig Erdn\u00fcsse bester Qualit\u00e4t und hochwertige Zartbitterschokolade aus. Der knusprige Erdnusskern ist in reichhaltige Zartbitterschokolade eingewickelt und bietet ein vielschichtiges Geschmackserlebnis.<\/li>\n\n\n\n<li><strong>Ges\u00fcnder und nahrhafter:<\/strong> Dunkle Schokolade enth\u00e4lt viele Antioxidantien, w\u00e4hrend Erdn\u00fcsse eine Quelle f\u00fcr hochwertiges pflanzliches Eiwei\u00df sind. Diese schokoladen\u00fcberzogenen Erdn\u00fcsse vereinen beides in sich, sind gesund und lecker - und die ideale Wahl, um hochwertige Snacks wieder aufzuf\u00fcllen.<\/li>\n\n\n\n<li><strong>Bequemes Einpacken, leicht zu essen: <\/strong>Wir bieten bequeme Verpackungsdesign f\u00fcr unsere Fabrik liefern dunkle Schokolade \u00fcberzogen Erdn\u00fcsse, die leicht zu tragen und zu teilen ist. Ob bei Outdoor-Aktivit\u00e4ten, im B\u00fcro oder in der Freizeit zu Hause, Sie k\u00f6nnen sie einfach genie\u00dfen. Die versiegelte Verpackung kann auch das Essen frisch halten.<\/li>\n\n\n\n<li><strong>Flexible und ma\u00dfgeschneiderte Verpackungen: <\/strong>Wir bieten Verpackungen mit verschiedenen Spezifikationen f\u00fcr dunkle, schokoladen\u00fcberzogene Erdn\u00fcsse in loser Sch\u00fcttung an und bieten auch kundenspezifische Verpackungsdienstleistungen an. Flexible und vielf\u00e4ltige Optionen erlauben Ihnen, je nach Anlass frei zu w\u00e4hlen.<\/li>\n<\/ul>\n<\/div>\n\n\n\n<div class=\"wp-block-column is-layout-flow wp-block-column-is-layout-flow\">\n<figure class=\"wp-block-image size-full\"><img fetchpriority=\"high\" decoding=\"async\" width=\"750\" height=\"750\" src=\"https:\/\/jxgchocolate.com\/wp-content\/uploads\/2024\/09\/Supply-Dark-Chocolate-Covered-Peanuts-6.webp\" alt=\"Vorrat Erdn\u00fcsse mit dunkler Schokolade \u00fcberzogen 6\" class=\"wp-image-28827\" srcset=\"https:\/\/jxgchocolate.com\/wp-content\/uploads\/2024\/09\/Supply-Dark-Chocolate-Covered-Peanuts-6.webp 750w, https:\/\/jxgchocolate.com\/wp-content\/uploads\/2024\/09\/Supply-Dark-Chocolate-Covered-Peanuts-6-300x300.webp 300w, https:\/\/jxgchocolate.com\/wp-content\/uploads\/2024\/09\/Supply-Dark-Chocolate-Covered-Peanuts-6-150x150.webp 150w, https:\/\/jxgchocolate.com\/wp-content\/uploads\/2024\/09\/Supply-Dark-Chocolate-Covered-Peanuts-6-12x12.webp 12w, https:\/\/jxgchocolate.com\/wp-content\/uploads\/2024\/09\/Supply-Dark-Chocolate-Covered-Peanuts-6-430x430.webp 430w, https:\/\/jxgchocolate.com\/wp-content\/uploads\/2024\/09\/Supply-Dark-Chocolate-Covered-Peanuts-6-700x700.webp 700w\" sizes=\"(max-width: 750px) 100vw, 750px\" \/><\/figure>\n<\/div>\n<\/div>","protected":false},"excerpt":{"rendered":"<p>Willkommen zum Kauf von Erdn\u00fcssen mit Schokoladen\u00fcberzug. Wir liefern Erdn\u00fcsse mit Zartbitterschokolade direkt aus unserer Fabrik, die hochwertige Zartbitterschokolade perfekt mit knusprigen Erdn\u00fcssen zu einem einzigartigen und k\u00f6stlichen Erlebnis verbindet. Das Beuteldesign ist bequem und praktisch, h\u00e4lt es frisch, so dass Sie Gesundheit und K\u00f6stlichkeit jederzeit genie\u00dfen k\u00f6nnen.<\/p>\n<table style=\"border-collapse: collapse; width: 275.02pt;\" border=\"0\" width=\"275\" cellspacing=\"0\" cellpadding=\"0\">\n<tbody>\n<tr style=\"height: 17.60pt;\">\n<td class=\"et3\" style=\"height: 17.60pt; width: 108.35pt;\" width=\"108\" height=\"17\">Hersteller<\/td>\n<td class=\"et3\" style=\"width: 167.10pt;\" width=\"167\">Gl\u00fccksfrucht<\/td>\n<\/tr>\n<tr style=\"height: 17.60pt;\">\n<td class=\"et3\" style=\"height: 17.60pt;\" height=\"17\">MODELL NR.<\/td>\n<td class=\"et3\">JXG47<\/td>\n<\/tr>\n<tr style=\"height: 17.60pt;\">\n<td class=\"et3\" style=\"height: 17.60pt;\" height=\"17\">Typ<\/td>\n<td class=\"et3\">Schokoladen-Erdn\u00fcsse<\/td>\n<\/tr>\n<tr style=\"height: 17.60pt;\">\n<td class=\"et3\" style=\"height: 17.60pt;\" height=\"17\">Verpackung<\/td>\n<td class=\"et3\">Verpackung der Tasche<\/td>\n<\/tr>\n<tr style=\"height: 17.60pt;\">\n<td class=\"et3\" style=\"height: 17.60pt;\" height=\"17\">Spezifikation<\/td>\n<td class=\"et3\">15 Taschen<\/td>\n<\/tr>\n<tr style=\"height: 17.60pt;\">\n<td class=\"et3\" style=\"height: 17.60pt;\" height=\"17\">Gr\u00f6\u00dfe des Kartons<\/td>\n<td class=\"et3\">27*8*24cm<\/td>\n<\/tr>\n<tr style=\"height: 17.60pt;\">\n<td class=\"et3\" style=\"height: 17.60pt;\" height=\"17\">N.W \/SET<\/td>\n<td class=\"et3\">6g*100St\u00fcck*15Beutel<\/td>\n<\/tr>\n<tr style=\"height: 17.60pt;\">\n<td class=\"et3\" style=\"height: 17.60pt;\" height=\"17\">Farbe<\/td>\n<td class=\"et3\">Als Bild<\/td>\n<\/tr>\n<tr style=\"height: 17.60pt;\">\n<td class=\"et3\" style=\"height: 17.60pt;\" height=\"17\">MOQ<\/td>\n<td class=\"et3\">500 Kartons<\/td>\n<\/tr>\n<tr style=\"height: 17.60pt;\">\n<td class=\"et3\" style=\"height: 17.60pt;\" height=\"17\">Personalisierung<\/td>\n<td class=\"et3\">Verpackung\/LOGO<\/td>\n<\/tr>\n<\/tbody>\n<\/table>","protected":false},"featured_media":28823,"comment_status":"closed","ping_status":"closed","template":"","meta":[],"product_cat":[73],"product_tag":[],"class_list":{"0":"post-28819","1":"product","2":"type-product","3":"status-publish","4":"has-post-thumbnail","6":"product_cat-wholesale-chocolate-covered-peanuts","8":"first","9":"instock","10":"shipping-taxable","11":"product-type-simple"},"_links":{"self":[{"href":"https:\/\/jxgchocolate.com\/de\/wp-json\/wp\/v2\/product\/28819","targetHints":{"allow":["GET"]}}],"collection":[{"href":"https:\/\/jxgchocolate.com\/de\/wp-json\/wp\/v2\/product"}],"about":[{"href":"https:\/\/jxgchocolate.com\/de\/wp-json\/wp\/v2\/types\/product"}],"replies":[{"embeddable":true,"href":"https:\/\/jxgchocolate.com\/de\/wp-json\/wp\/v2\/comments?post=28819"}],"version-history":[{"count":0,"href":"https:\/\/jxgchocolate.com\/de\/wp-json\/wp\/v2\/product\/28819\/revisions"}],"wp:featuredmedia":[{"embeddable":true,"href":"https:\/\/jxgchocolate.com\/de\/wp-json\/wp\/v2\/media\/28823"}],"wp:attachment":[{"href":"https:\/\/jxgchocolate.com\/de\/wp-json\/wp\/v2\/media?parent=28819"}],"wp:term":[{"taxonomy":"product_cat","embeddable":true,"href":"https:\/\/jxgchocolate.com\/de\/wp-json\/wp\/v2\/product_cat?post=28819"},{"taxonomy":"product_tag","embeddable":true,"href":"https:\/\/jxgchocolate.com\/de\/wp-json\/wp\/v2\/product_tag?post=28819"}],"curies":[{"name":"wp","href":"https:\/\/api.w.org\/{rel}","templated":true}]}}