{"id":28830,"date":"2024-09-06T08:13:44","date_gmt":"2024-09-06T08:13:44","guid":{"rendered":"https:\/\/jxgchocolate.com\/?post_type=product&#038;p=28830"},"modified":"2025-03-08T04:11:29","modified_gmt":"2025-03-08T04:11:29","slug":"crunchy-chocolate-balls-in-bulk","status":"publish","type":"product","link":"https:\/\/jxgchocolate.com\/de\/produkt\/crunchy-chocolate-balls-in-bulk\/","title":{"rendered":"Knusprige Schokoladenkugeln als Massenware, kleine Packung Schokokugeln im Gro\u00dfhandel"},"content":{"rendered":"<div class=\"wp-block-columns is-layout-flex wp-container-core-columns-is-layout-9d6595d7 wp-block-columns-is-layout-flex\">\n<div class=\"wp-block-column is-vertically-aligned-center is-layout-flow wp-block-column-is-layout-flow\">\n<h3 class=\"wp-block-heading\">Premium Crunchy Chocolate Balls In Bulk Eigenschaften:<\/h3>\n\n\n\n<ul class=\"wp-block-list\">\n<li><strong>Ultimativer Geschmack, doppelter Genuss:<\/strong> Jede knusprige Schokoladenkugel in loser Sch\u00fcttung ist ein kulinarischer Erfolg, bei dem sich die reichhaltige \u00e4u\u00dfere Schokolade und die knusprigen Kekse im Inneren erfolgreich zu einem noch nie dagewesenen doppelten Gef\u00fchl verbinden. Diese einzigartige Mischung ist unschlagbar.<\/li>\n\n\n\n<li><strong>Strenge Qualit\u00e4tskontrolle, gesund und sorgenfrei: <\/strong>Unsere Gro\u00dfhandel knusprige Kugeln Schokolade, von Rohstoff-Einkauf zu Produktion und Verarbeitung, jede Verbindung streng folgt Industriestandards und Qualit\u00e4tskontrolle Verfahren. W\u00e4hlen Sie hochwertige Rohstoffe f\u00fcr Schokolade, um sicherzustellen, reich und lecker, ohne Zugabe von giftigen Inhaltsstoffen, um die Gesundheit der Lebensmittel zu gew\u00e4hrleisten, so dass Sie mit Vertrauen essen k\u00f6nnen.<\/li>\n\n\n\n<li><strong>Personalisierte Anpassung: <\/strong>Wir bieten ein komplettes Angebot an individuellen Anpassungsdienstleistungen f\u00fcr knusprige Schokoladenkugeln, die nach Ihren Bed\u00fcrfnissen angepasst werden k\u00f6nnen. Es ist die ideale Wahl f\u00fcr die Marke Kultur Anzeige Ihrer Organisation.<\/li>\n\n\n\n<li><strong>Beschaffung im Gro\u00dfhandel, viele Rabatte: <\/strong>Wir bieten Ihnen einen ausreichenden Lagerbestand und flexible Bestellm\u00f6glichkeiten f\u00fcr knusprige Schokoladenkugeln in loser Sch\u00fcttung, damit Sie einen gro\u00dfen Bedarf m\u00f6glichst wirtschaftlich decken und gleichzeitig von den Kostenvorteilen der Gro\u00dfbeschaffung profitieren k\u00f6nnen.<\/li>\n<\/ul>\n<\/div>\n\n\n\n<div class=\"wp-block-column is-layout-flow wp-block-column-is-layout-flow\">\n<figure class=\"wp-block-image size-full\"><img fetchpriority=\"high\" decoding=\"async\" width=\"640\" height=\"640\" src=\"https:\/\/jxgchocolate.com\/wp-content\/uploads\/2024\/09\/Crunchy-Chocolate-Balls-In-Bulk-6.webp\" alt=\"Knusprige Schokoladenkugeln als Massenware 6\" class=\"wp-image-28838\" srcset=\"https:\/\/jxgchocolate.com\/wp-content\/uploads\/2024\/09\/Crunchy-Chocolate-Balls-In-Bulk-6.webp 640w, https:\/\/jxgchocolate.com\/wp-content\/uploads\/2024\/09\/Crunchy-Chocolate-Balls-In-Bulk-6-300x300.webp 300w, https:\/\/jxgchocolate.com\/wp-content\/uploads\/2024\/09\/Crunchy-Chocolate-Balls-In-Bulk-6-150x150.webp 150w, https:\/\/jxgchocolate.com\/wp-content\/uploads\/2024\/09\/Crunchy-Chocolate-Balls-In-Bulk-6-12x12.webp 12w, https:\/\/jxgchocolate.com\/wp-content\/uploads\/2024\/09\/Crunchy-Chocolate-Balls-In-Bulk-6-430x430.webp 430w\" sizes=\"(max-width: 640px) 100vw, 640px\" \/><\/figure>\n<\/div>\n<\/div>\n\n\n\n<p><\/p>","protected":false},"excerpt":{"rendered":"<p>Willkommen im Gro\u00dfhandel knusprige Kugeln Schokolade zu kaufen. Unsere knusprigen Schokoladenkugeln in loser Sch\u00fcttung werden mit hochwertigen Materialien, knusprigem Kekskern und reichhaltiger Schokolade hergestellt und bieten ein einzigartiges Geschmackserlebnis. Ma\u00dfgeschneiderte Verpackungsdienstleistungen erf\u00fcllen Ihre pers\u00f6nlichen Anforderungen, und Gro\u00dfhandelsrabatte erm\u00f6glichen es Ihnen, mehr Komfort zu genie\u00dfen.<\/p>\n<table style=\"border-collapse: collapse; width: 275.02pt;\" border=\"0\" width=\"275\" cellspacing=\"0\" cellpadding=\"0\">\n<tbody>\n<tr style=\"height: 17.60pt;\">\n<td class=\"et3\" style=\"height: 17.60pt; width: 108.35pt;\" width=\"108\" height=\"17\">Hersteller<\/td>\n<td class=\"et3\" style=\"width: 167.10pt;\" width=\"167\">Gl\u00fccksfrucht<\/td>\n<\/tr>\n<tr style=\"height: 17.60pt;\">\n<td class=\"et3\" style=\"height: 17.60pt;\" height=\"17\">MODELL NR.<\/td>\n<td class=\"et3\">JXG48<\/td>\n<\/tr>\n<tr style=\"height: 17.60pt;\">\n<td class=\"et3\" style=\"height: 17.60pt;\" height=\"17\">Typ<\/td>\n<td class=\"et3\">Knusprige Schokoladenkugeln<\/td>\n<\/tr>\n<tr style=\"height: 17.60pt;\">\n<td class=\"et3\" style=\"height: 17.60pt;\" height=\"17\">Verpackung<\/td>\n<td class=\"et3\">Verpackung der Tasche<\/td>\n<\/tr>\n<tr style=\"height: 17.60pt;\">\n<td class=\"et3\" style=\"height: 17.60pt;\" height=\"17\">Spezifikation<\/td>\n<td class=\"et3\">30 Taschen<\/td>\n<\/tr>\n<tr style=\"height: 17.60pt;\">\n<td class=\"et3\" style=\"height: 17.60pt;\" height=\"17\">Gr\u00f6\u00dfe des Kartons<\/td>\n<td class=\"et3\">31*8*25 cm<\/td>\n<\/tr>\n<tr style=\"height: 17.60pt;\">\n<td class=\"et3\" style=\"height: 17.60pt;\" height=\"17\">N.W \/SET<\/td>\n<td class=\"et3\">3.50g*72St\u00fcck*30Beutel<\/td>\n<\/tr>\n<tr style=\"height: 17.60pt;\">\n<td class=\"et3\" style=\"height: 17.60pt;\" height=\"17\">Farbe<\/td>\n<td class=\"et3\">Als Bild<\/td>\n<\/tr>\n<tr style=\"height: 17.60pt;\">\n<td class=\"et3\" style=\"height: 17.60pt;\" height=\"17\">MOQ<\/td>\n<td class=\"et3\">500 Kartons<\/td>\n<\/tr>\n<tr style=\"height: 17.60pt;\">\n<td class=\"et3\" style=\"height: 17.60pt;\" height=\"17\">Personalisierung<\/td>\n<td class=\"et3\">Verpackung\/LOGO<\/td>\n<\/tr>\n<\/tbody>\n<\/table>","protected":false},"featured_media":28834,"comment_status":"closed","ping_status":"closed","template":"","meta":[],"product_cat":[74],"product_tag":[],"class_list":{"0":"post-28830","1":"product","2":"type-product","3":"status-publish","4":"has-post-thumbnail","6":"product_cat-wholesale-crunchy-chocolate-balls","8":"first","9":"instock","10":"shipping-taxable","11":"product-type-simple"},"_links":{"self":[{"href":"https:\/\/jxgchocolate.com\/de\/wp-json\/wp\/v2\/product\/28830","targetHints":{"allow":["GET"]}}],"collection":[{"href":"https:\/\/jxgchocolate.com\/de\/wp-json\/wp\/v2\/product"}],"about":[{"href":"https:\/\/jxgchocolate.com\/de\/wp-json\/wp\/v2\/types\/product"}],"replies":[{"embeddable":true,"href":"https:\/\/jxgchocolate.com\/de\/wp-json\/wp\/v2\/comments?post=28830"}],"version-history":[{"count":0,"href":"https:\/\/jxgchocolate.com\/de\/wp-json\/wp\/v2\/product\/28830\/revisions"}],"wp:featuredmedia":[{"embeddable":true,"href":"https:\/\/jxgchocolate.com\/de\/wp-json\/wp\/v2\/media\/28834"}],"wp:attachment":[{"href":"https:\/\/jxgchocolate.com\/de\/wp-json\/wp\/v2\/media?parent=28830"}],"wp:term":[{"taxonomy":"product_cat","embeddable":true,"href":"https:\/\/jxgchocolate.com\/de\/wp-json\/wp\/v2\/product_cat?post=28830"},{"taxonomy":"product_tag","embeddable":true,"href":"https:\/\/jxgchocolate.com\/de\/wp-json\/wp\/v2\/product_tag?post=28830"}],"curies":[{"name":"wp","href":"https:\/\/api.w.org\/{rel}","templated":true}]}}