{"id":28845,"date":"2024-09-07T01:19:54","date_gmt":"2024-09-07T01:19:54","guid":{"rendered":"https:\/\/jxgchocolate.com\/?post_type=product&#038;p=28845"},"modified":"2025-03-08T02:53:20","modified_gmt":"2025-03-08T02:53:20","slug":"crunchy-chocolate-balls-wholesale","status":"publish","type":"product","link":"https:\/\/jxgchocolate.com\/de\/produkt\/crunchy-chocolate-balls-wholesale\/","title":{"rendered":"Hei\u00dfe knusprige Schokoladenkugeln Gro\u00dfhandel, Multi-Level-Aromen knusprige Schokokugeln"},"content":{"rendered":"<div class=\"wp-block-columns is-layout-flex wp-container-core-columns-is-layout-9d6595d7 wp-block-columns-is-layout-flex\">\n<div class=\"wp-block-column is-vertically-aligned-center is-layout-flow wp-block-column-is-layout-flow\">\n<h3 class=\"wp-block-heading\">Premium Crunchy Chocolate Balls Gro\u00dfhandel Merkmale:<\/h3>\n\n\n\n<ul class=\"wp-block-list\">\n<li><strong>Einzigartiges, vielschichtiges Geschmackserlebnis: <\/strong>Diese hei\u00df begehrten knusprigen Schokoladenkugeln f\u00fcr den Gro\u00dfhandel werden in einem innovativen Verfahren hergestellt. Die Au\u00dfenseite besteht aus reichhaltiger Schokolade und das Innere aus knusprigen Keksen. Die Mischung dieser einzigartigen Geschmacksrichtung bietet dem Verbraucher ein vielschichtiges Geschmackserlebnis und einen unvergesslichen Snack.<\/li>\n\n\n\n<li><strong>Ausgew\u00e4hlte Materialien zur Gew\u00e4hrleistung der Qualit\u00e4t: <\/strong>Wir halten uns an die Verwendung von hochwertigen Rohstoffen f\u00fcr den Gro\u00dfhandel mit knusprigen Schokokugeln. Durch eine strenge Pr\u00fcfung und Kontrolle der Rohstoffe stellen wir die hohe Qualit\u00e4t der Schokokugeln sicher. Es ist eine positive Reaktion auf gesunde Lebensmittel und ein wichtiger Grund f\u00fcr den hei\u00dfen Verkauf des Produkts.<\/li>\n\n\n\n<li><strong>Ma\u00dfgeschneiderter Verpackungsservice: <\/strong>Um die Bed\u00fcrfnisse der verschiedenen B2B-K\u00e4ufer f\u00fcr knusprige Schokolade Ball Gro\u00dfhandel zu erf\u00fcllen, bieten wir personalisierte Verpackungsdesign, um das Markenimage zu verbessern.<\/li>\n\n\n\n<li><strong>Gro\u00dfhandelsbestellung, Vorzugspreise: <\/strong>Als Hersteller mit reicher Erfahrung im Gro\u00dfhandel mit knusprigen Schokoladenkugeln k\u00f6nnen wir die Produktionskosten effektiv kontrollieren und die Kosteneffizienz maximieren. Dies erm\u00f6glicht es Ihnen, kosteng\u00fcnstige Produkte zu erhalten. Auf dem Markt \u00e4hnlicher Produkte bedeutet die Entscheidung f\u00fcr eine Zusammenarbeit mit uns die Wahl eines stabilen, zuverl\u00e4ssigen und wettbewerbsf\u00e4higen Partners in der Lieferkette.<\/li>\n<\/ul>\n<\/div>\n\n\n\n<div class=\"wp-block-column is-layout-flow wp-block-column-is-layout-flow\">\n<figure class=\"wp-block-image size-full\"><img fetchpriority=\"high\" decoding=\"async\" width=\"640\" height=\"640\" src=\"https:\/\/jxgchocolate.com\/wp-content\/uploads\/2024\/09\/Crunchy-Chocolate-Balls-Wholesale-1.webp\" alt=\"Knusprige Schokoladenkugeln Gro\u00dfhandel 1\" class=\"wp-image-28849\" srcset=\"https:\/\/jxgchocolate.com\/wp-content\/uploads\/2024\/09\/Crunchy-Chocolate-Balls-Wholesale-1.webp 640w, https:\/\/jxgchocolate.com\/wp-content\/uploads\/2024\/09\/Crunchy-Chocolate-Balls-Wholesale-1-300x300.webp 300w, https:\/\/jxgchocolate.com\/wp-content\/uploads\/2024\/09\/Crunchy-Chocolate-Balls-Wholesale-1-150x150.webp 150w, https:\/\/jxgchocolate.com\/wp-content\/uploads\/2024\/09\/Crunchy-Chocolate-Balls-Wholesale-1-12x12.webp 12w, https:\/\/jxgchocolate.com\/wp-content\/uploads\/2024\/09\/Crunchy-Chocolate-Balls-Wholesale-1-430x430.webp 430w\" sizes=\"(max-width: 640px) 100vw, 640px\" \/><\/figure>\n<\/div>\n<\/div>\n\n\n\n<p><\/p>","protected":false},"excerpt":{"rendered":"<p>Willkommen zum Kauf von Bulk knusprige Schokokugeln. Unsere knusprige Schokolade B\u00e4lle Gro\u00dfhandel w\u00e4hlen Sie haben glatte Au\u00dfenseite und knusprigen Innenraum, ihre reichen Geschmack ist unvergesslich. Bieten Sie personalisierte Anpassung Service, Fabrik liefern, und Qualit\u00e4tssicherung.<\/p>\n<table style=\"border-collapse: collapse; width: 275.02pt;\" border=\"0\" width=\"275\" cellspacing=\"0\" cellpadding=\"0\">\n<tbody>\n<tr style=\"height: 17.60pt;\">\n<td class=\"et3\" style=\"height: 17.60pt; width: 108.35pt;\" width=\"108\" height=\"17\">Hersteller<\/td>\n<td class=\"et3\" style=\"width: 167.10pt;\" width=\"167\">Gl\u00fccksfrucht<\/td>\n<\/tr>\n<tr style=\"height: 17.60pt;\">\n<td class=\"et3\" style=\"height: 17.60pt;\" height=\"17\">MODELL NR.<\/td>\n<td class=\"et3\">JXG49<\/td>\n<\/tr>\n<tr style=\"height: 17.60pt;\">\n<td class=\"et3\" style=\"height: 17.60pt;\" height=\"17\">Typ<\/td>\n<td class=\"et3\">Knusprige Schokoladenkugeln<\/td>\n<\/tr>\n<tr style=\"height: 17.60pt;\">\n<td class=\"et3\" style=\"height: 17.60pt;\" height=\"17\">Verpackung<\/td>\n<td class=\"et3\">Box-Verpackung<\/td>\n<\/tr>\n<tr style=\"height: 17.60pt;\">\n<td class=\"et3\" style=\"height: 17.60pt;\" height=\"17\">Spezifikation<\/td>\n<td class=\"et3\">20 Schachteln<\/td>\n<\/tr>\n<tr style=\"height: 17.60pt;\">\n<td class=\"et3\" style=\"height: 17.60pt;\" height=\"17\">Gr\u00f6\u00dfe des Kartons<\/td>\n<td class=\"et3\">16*9*15 cm<\/td>\n<\/tr>\n<tr style=\"height: 17.60pt;\">\n<td class=\"et3\" style=\"height: 17.60pt;\" height=\"17\">N.W \/SET<\/td>\n<td class=\"et3\">15g*30Beutel*20Kartons<\/td>\n<\/tr>\n<tr style=\"height: 17.60pt;\">\n<td class=\"et3\" style=\"height: 17.60pt;\" height=\"17\">Farbe<\/td>\n<td class=\"et3\">Als Bild<\/td>\n<\/tr>\n<tr style=\"height: 17.60pt;\">\n<td class=\"et3\" style=\"height: 17.60pt;\" height=\"17\">MOQ<\/td>\n<td class=\"et3\">500 Kartons<\/td>\n<\/tr>\n<tr style=\"height: 17.60pt;\">\n<td class=\"et3\" style=\"height: 17.60pt;\" height=\"17\">Personalisierung<\/td>\n<td class=\"et3\">Verpackung\/LOGO<\/td>\n<\/tr>\n<\/tbody>\n<\/table>","protected":false},"featured_media":28849,"comment_status":"closed","ping_status":"closed","template":"","meta":[],"product_cat":[74],"product_tag":[],"class_list":{"0":"post-28845","1":"product","2":"type-product","3":"status-publish","4":"has-post-thumbnail","6":"product_cat-wholesale-crunchy-chocolate-balls","8":"first","9":"instock","10":"shipping-taxable","11":"product-type-simple"},"_links":{"self":[{"href":"https:\/\/jxgchocolate.com\/de\/wp-json\/wp\/v2\/product\/28845","targetHints":{"allow":["GET"]}}],"collection":[{"href":"https:\/\/jxgchocolate.com\/de\/wp-json\/wp\/v2\/product"}],"about":[{"href":"https:\/\/jxgchocolate.com\/de\/wp-json\/wp\/v2\/types\/product"}],"replies":[{"embeddable":true,"href":"https:\/\/jxgchocolate.com\/de\/wp-json\/wp\/v2\/comments?post=28845"}],"version-history":[{"count":0,"href":"https:\/\/jxgchocolate.com\/de\/wp-json\/wp\/v2\/product\/28845\/revisions"}],"wp:featuredmedia":[{"embeddable":true,"href":"https:\/\/jxgchocolate.com\/de\/wp-json\/wp\/v2\/media\/28849"}],"wp:attachment":[{"href":"https:\/\/jxgchocolate.com\/de\/wp-json\/wp\/v2\/media?parent=28845"}],"wp:term":[{"taxonomy":"product_cat","embeddable":true,"href":"https:\/\/jxgchocolate.com\/de\/wp-json\/wp\/v2\/product_cat?post=28845"},{"taxonomy":"product_tag","embeddable":true,"href":"https:\/\/jxgchocolate.com\/de\/wp-json\/wp\/v2\/product_tag?post=28845"}],"curies":[{"name":"wp","href":"https:\/\/api.w.org\/{rel}","templated":true}]}}