{"id":28857,"date":"2024-09-07T02:56:39","date_gmt":"2024-09-07T02:20:50","guid":{"rendered":"https:\/\/jxgchocolate.com\/?post_type=product&#038;p=28857"},"modified":"2025-03-08T05:42:01","modified_gmt":"2025-03-08T05:42:01","slug":"tasty-chocolate-covered-peanuts-supply","status":"publish","type":"product","link":"https:\/\/jxgchocolate.com\/de\/produkt\/tasty-chocolate-covered-peanuts-supply\/","title":{"rendered":"Bulk Schokolade \u00fcberzogene Erdn\u00fcsse Versorgung Fabrik-Direkt Preis"},"content":{"rendered":"<div class=\"wp-block-columns is-layout-flex wp-container-core-columns-is-layout-9d6595d7 wp-block-columns-is-layout-flex\">\n<div class=\"wp-block-column is-layout-flow wp-block-column-is-layout-flow\">\n<h2 class=\"wp-block-heading\">Premium-Erdn\u00fcsse mit Schokoladen\u00fcberzug Versorgungsmerkmale:<\/h2>\n\n\n\n<ul class=\"wp-block-list\">\n<li><strong>Die perfekte Kombination aus Schokolade und Erdn\u00fcssen: <\/strong>Unser Angebot an schokoladen\u00fcberzogenen Erdn\u00fcssen in gro\u00dfen Mengen zum Direktpreis kombiniert optimal die feine Harmonie von S\u00fc\u00dfe und Salzigkeit. Als Snack f\u00fcr den Alltag oder als Mitbringsel auf einer Party k\u00f6nnen sie den Verbrauchern ein unvergessliches Geschmackserlebnis bescheren.<\/li>\n\n\n\n<li><strong>Hochwertiges Schachteldesign, individuelle Verpackung: <\/strong>Diese Gro\u00dfhandel dunkle Schokolade Erdn\u00fcsse nehmen exquisite Box-Verpackung, um die Lebensmittel vor Sch\u00e4den zu sch\u00fctzen. Dar\u00fcber hinaus werden personalisierte Verpackungsdienstleistungen angeboten, um die Bed\u00fcrfnisse der Unternehmen in allen Aspekten zu erf\u00fcllen.<\/li>\n\n\n\n<li><strong>Gesunde Lebensmittel, Qualit\u00e4tssicherung: <\/strong>Bei der Herstellung von Erdn\u00fcssen in loser Sch\u00fcttung mit Schokoladen\u00fcberzug zum Direktpreis werden strenge Sicherheitsnormen befolgt, um sicherzustellen, dass jede mit Schokolade umh\u00fcllte Erdnuss gesund und k\u00f6stlich sein kann. Dies ist auch der Schl\u00fcsselfaktor, der dieses Produkt auf dem Markt beliebt macht.<\/li>\n\n\n\n<li><strong>Erschwinglicher Preis und hohe Kosteneffizienz: <\/strong>Unsere Gro\u00dfhandels Erdn\u00fcsse aus dunkler Schokolade k\u00f6nnen die Einkaufskosten Ihres Unternehmens minimieren. Unsere Gro\u00dfhandelspreise haben einen Wettbewerbsvorteil auf dem Markt.<\/li>\n<\/ul>\n<\/div>\n\n\n\n<div class=\"wp-block-column is-layout-flow wp-block-column-is-layout-flow\">\n<figure class=\"wp-block-image size-full\"><img fetchpriority=\"high\" decoding=\"async\" width=\"770\" height=\"697\" src=\"https:\/\/jxgchocolate.com\/wp-content\/uploads\/2024\/09\/Chocolate-Covered-Peanuts-Supply-2.webp\" alt=\"Erdn\u00fcsse mit Schokoladen\u00fcberzug Lieferung 2\" class=\"wp-image-28862\" srcset=\"https:\/\/jxgchocolate.com\/wp-content\/uploads\/2024\/09\/Chocolate-Covered-Peanuts-Supply-2.webp 770w, https:\/\/jxgchocolate.com\/wp-content\/uploads\/2024\/09\/Chocolate-Covered-Peanuts-Supply-2-331x300.webp 331w, https:\/\/jxgchocolate.com\/wp-content\/uploads\/2024\/09\/Chocolate-Covered-Peanuts-Supply-2-768x695.webp 768w, https:\/\/jxgchocolate.com\/wp-content\/uploads\/2024\/09\/Chocolate-Covered-Peanuts-Supply-2-13x12.webp 13w, https:\/\/jxgchocolate.com\/wp-content\/uploads\/2024\/09\/Chocolate-Covered-Peanuts-Supply-2-430x389.webp 430w, https:\/\/jxgchocolate.com\/wp-content\/uploads\/2024\/09\/Chocolate-Covered-Peanuts-Supply-2-700x634.webp 700w, https:\/\/jxgchocolate.com\/wp-content\/uploads\/2024\/09\/Chocolate-Covered-Peanuts-Supply-2-150x136.webp 150w\" sizes=\"(max-width: 770px) 100vw, 770px\" \/><\/figure>\n<\/div>\n<\/div>\n\n\n\n<p><\/p>","protected":false},"excerpt":{"rendered":"<p>Willkommen im Gro\u00dfhandel dunkle Schokolade Erdn\u00fcsse zu kaufen. Unsere leckeren Bulk-Schokolade \u00fcberzogen Erdn\u00fcsse Versorgung aus der Fabrik ist eine perfekte Mischung aus Erdn\u00fcssen und Schokolade, die eine doppelte Geschmackserlebnis. Mit High-End-Box-Design und strenge Qualit\u00e4tskontrolle, ist es die erste Wahl f\u00fcr gesunde und leckere Snacks.<\/p>\n<table style=\"border-collapse: collapse; width: 275.02pt;\" border=\"0\" width=\"275\" cellspacing=\"0\" cellpadding=\"0\">\n<tbody>\n<tr style=\"height: 17.60pt;\">\n<td class=\"et3\" style=\"height: 17.60pt; width: 108.35pt;\" width=\"108\" height=\"17\">Hersteller<\/td>\n<td class=\"et3\" style=\"width: 167.10pt;\" width=\"167\">Gl\u00fccksfrucht<\/td>\n<\/tr>\n<tr style=\"height: 17.60pt;\">\n<td class=\"et3\" style=\"height: 17.60pt;\" height=\"17\">MODELL NR.<\/td>\n<td class=\"et3\">JXG50<\/td>\n<\/tr>\n<tr style=\"height: 17.60pt;\">\n<td class=\"et3\" style=\"height: 17.60pt;\" height=\"17\">Typ<\/td>\n<td class=\"et3\">Schokoladen-Erdn\u00fcsse<\/td>\n<\/tr>\n<tr style=\"height: 17.60pt;\">\n<td class=\"et3\" style=\"height: 17.60pt;\" height=\"17\">Verpackung<\/td>\n<td class=\"et3\">Box-Verpackung<\/td>\n<\/tr>\n<tr style=\"height: 17.60pt;\">\n<td class=\"et3\" style=\"height: 17.60pt;\" height=\"17\">Spezifikation<\/td>\n<td class=\"et3\">12 Schachteln<\/td>\n<\/tr>\n<tr style=\"height: 17.60pt;\">\n<td class=\"et3\" style=\"height: 17.60pt;\" height=\"17\">Gr\u00f6\u00dfe des Kartons<\/td>\n<td class=\"et3\">15*10*18 cm<\/td>\n<\/tr>\n<tr style=\"height: 17.60pt;\">\n<td class=\"et3\" style=\"height: 17.60pt;\" height=\"17\">N.W \/SET<\/td>\n<td class=\"et3\">26g*24St\u00fcck*12Kartons<\/td>\n<\/tr>\n<tr style=\"height: 17.60pt;\">\n<td class=\"et3\" style=\"height: 17.60pt;\" height=\"17\">Farbe<\/td>\n<td class=\"et3\">Als Bild<\/td>\n<\/tr>\n<tr style=\"height: 17.60pt;\">\n<td class=\"et3\" style=\"height: 17.60pt;\" height=\"17\">MOQ<\/td>\n<td class=\"et3\">500 Kartons<\/td>\n<\/tr>\n<tr style=\"height: 17.60pt;\">\n<td class=\"et3\" style=\"height: 17.60pt;\" height=\"17\">Personalisierung<\/td>\n<td class=\"et3\">Verpackung\/LOGO<\/td>\n<\/tr>\n<\/tbody>\n<\/table>","protected":false},"featured_media":28863,"comment_status":"closed","ping_status":"closed","template":"","meta":[],"product_cat":[73],"product_tag":[],"class_list":{"0":"post-28857","1":"product","2":"type-product","3":"status-publish","4":"has-post-thumbnail","6":"product_cat-wholesale-chocolate-covered-peanuts","8":"first","9":"instock","10":"shipping-taxable","11":"product-type-simple"},"_links":{"self":[{"href":"https:\/\/jxgchocolate.com\/de\/wp-json\/wp\/v2\/product\/28857","targetHints":{"allow":["GET"]}}],"collection":[{"href":"https:\/\/jxgchocolate.com\/de\/wp-json\/wp\/v2\/product"}],"about":[{"href":"https:\/\/jxgchocolate.com\/de\/wp-json\/wp\/v2\/types\/product"}],"replies":[{"embeddable":true,"href":"https:\/\/jxgchocolate.com\/de\/wp-json\/wp\/v2\/comments?post=28857"}],"version-history":[{"count":0,"href":"https:\/\/jxgchocolate.com\/de\/wp-json\/wp\/v2\/product\/28857\/revisions"}],"wp:featuredmedia":[{"embeddable":true,"href":"https:\/\/jxgchocolate.com\/de\/wp-json\/wp\/v2\/media\/28863"}],"wp:attachment":[{"href":"https:\/\/jxgchocolate.com\/de\/wp-json\/wp\/v2\/media?parent=28857"}],"wp:term":[{"taxonomy":"product_cat","embeddable":true,"href":"https:\/\/jxgchocolate.com\/de\/wp-json\/wp\/v2\/product_cat?post=28857"},{"taxonomy":"product_tag","embeddable":true,"href":"https:\/\/jxgchocolate.com\/de\/wp-json\/wp\/v2\/product_tag?post=28857"}],"curies":[{"name":"wp","href":"https:\/\/api.w.org\/{rel}","templated":true}]}}